{"id":43154,"date":"2025-02-21T11:17:04","date_gmt":"2025-02-21T10:17:04","guid":{"rendered":"https:\/\/fartiamo.ch\/?page_id=43154"},"modified":"2025-08-25T09:22:29","modified_gmt":"2025-08-25T07:22:29","slug":"inklusive-oeffentliche-verkehrsmittel","status":"publish","type":"page","link":"http:\/\/fartiamo.ch\/de\/inklusive-oeffentliche-verkehrsmittel\/","title":{"rendered":"Inklusive \u00f6ffentliche Verkehrsmittel"},"content":{"rendered":"<div class=\"wpb-content-wrapper\"><p>[vc_row][vc_column][dfd_spacer screen_wide_spacer_size=&#8220;100&#8243; screen_normal_resolution=&#8220;1024&#8243; screen_tablet_resolution=&#8220;800&#8243; screen_mobile_resolution=&#8220;480&#8243; screen_normal_spacer_size=&#8220;80&#8243; screen_tablet_spacer_size=&#8220;60&#8243; screen_mobile_spacer_size=&#8220;40&#8243;][\/vc_column][\/vc_row][vc_row css=&#8220;.vc_custom_1568638996273{padding-right: 25px !important;padding-left: 25px !important;}&#8220;][vc_column width=&#8220;1\/6&#8243; col_shadow=&#8220;box_shadow_enable:disable|shadow_horizontal:0|shadow_vertical:15|shadow_blur:50|shadow_spread:0|box_shadow_color:rgba(0%2C0%2C0%2C0.35)&#8220; col_shadow_hover=&#8220;box_shadow_enable:disable|shadow_horizontal:0|shadow_vertical:15|shadow_blur:50|shadow_spread:0|box_shadow_color:rgba(0%2C0%2C0%2C0.35)&#8220;][\/vc_column][vc_column width=&#8220;2\/3&#8243;][dfd_heading style=&#8220;style_06&#8243; subtitle=&#8220;Sensibilisierungskampagne in Zusammenarbeit mit Inclusione Andicap Ticino&#8220; module_animation=&#8220;transition.grow&#8220; delimiter_settings=&#8220;delimiter_style:solid|delimiter_width:80|delimiter_height:1|delimiter_color:%23000000&#8243; delimiter_margin=&#8220;margin-top:10|margin-bottom:30&#8243; undefined=&#8220;&#8220; title_font_options=&#8220;tag:h1&#8243; subtitle_font_options=&#8220;tag:h3&#8243; title_responsive=&#8220;font_size_desktop:45|line_height_desktop:55|letter_spacing_desktop:0|font_size_tablet:40|line_height_tablet:50|letter_spacing_tablet:0|font_size_mobile:35|line_height_mobile:45|letter_spacing_mobile:0&#8243; heading_margin=&#8220;margin-bottom:30&#8243; subtitle_responsive=&#8220;font_size_desktop:26|line_height_desktop:40|letter_spacing_desktop:0|font_size_tablet:24|line_height_tablet:38|letter_spacing_tablet:0|font_size_mobile:22|line_height_mobile:36|letter_spacing_mobile:0&#8243;]<\/p>\n<h1>F\u00fcr einen integrativeren \u00f6ffentlichen Verkehr<\/h1>\n<p>[\/dfd_heading][dfd_simple_image_gallery dfd_layer_image=&#8220;44058&#8243; items_offset=&#8220;0&#8243; image_width=&#8220;1500&#8243; image_height=&#8220;800&#8243; slides_to_show=&#8220;1&#8243; slides_to_scroll=&#8220;1&#8243; carousel_slideshow_speed=&#8220;3000&#8243; use_dots=&#8220;show&#8220; images_style=&#8220;carousel&#8220; tutorials=&#8220;&#8220;][dfd_spacer screen_wide_spacer_size=&#8220;40&#8243; screen_normal_resolution=&#8220;1024&#8243; screen_tablet_resolution=&#8220;800&#8243; screen_mobile_resolution=&#8220;480&#8243;][vc_column_text css=&#8220;.vc_custom_1740133300005{padding-bottom: 50px !important;}&#8220; item_animation=&#8220;transition.slideUpBigIn&#8220;]<strong>Die FART (Ferrovie Autolinee Regionali Ticinesi) lanciert derzeit in Zusammenarbeit mit dem Verein \u201einclusione andicap ticino\u201c eine neue Sensibilisierungskampagne, die den Respekt und die Aufmerksamkeit gegen\u00fcber Menschen mit eingeschr\u00e4nkter Mobilit\u00e4t, die \u00f6ffentliche Verkehrsmittel benutzen, f\u00f6rdern soll. Das Projekt zielt darauf ab, die Fahrg\u00e4ste durch eine visuelle Sprache f\u00fcr ein korrektes und integratives Verhalten zu sensibilisieren.<\/strong><\/p>\n<p>Inklusion beginnt mit kleinen, allt\u00e4glichen Gesten. Die neue Kampagne, die sich an alle Fahrg\u00e4ste richtet, verwendet anschauliche und wirkungsvolle Bilder, um eine klare Botschaft zu vermitteln: \u00d6ffentliche Verkehrsmittel m\u00fcssen ein einladender Raum f\u00fcr alle sein. Die Karikaturen &#8211; die in verschiedenen Kontexten und \u00fcber verschiedene Kan\u00e4le, sowohl physisch als auch digital, verbreitet werden &#8211; lenken die Aufmerksamkeit auf konkrete Situationen, z. B. wie wichtig es ist, reservierte Pl\u00e4tze f\u00fcr Rollstuhlfahrer freizugeben, Personen mit eingeschr\u00e4nkter Mobilit\u00e4t Vorrang zu geben, ablenkende Blindenhunde zu vermeiden und Menschen mit H\u00f6rbehinderungen zu helfen.[\/vc_column_text][dfd_spacer screen_wide_spacer_size=&#8220;10&#8243; screen_normal_resolution=&#8220;1024&#8243; screen_tablet_resolution=&#8220;800&#8243; screen_mobile_resolution=&#8220;480&#8243;][dfd_button button_text=&#8220;inclusione-andicap-ticino.ch&#8220; main_style=&#8220;style-2&#8243; buttom_link_src=&#8220;url:https%3A%2F%2Fwww.inclusione-andicap-ticino.ch%2F|target:_blank|&#8220; box_shadow=&#8220;box_shadow_enable:disable|shadow_horizontal:0|shadow_vertical:15|shadow_blur:50|shadow_spread:0|box_shadow_color:rgba(0%2C0%2C0%2C0.35)&#8220; hover_box_shadow=&#8220;box_shadow_enable:disable|shadow_horizontal:0|shadow_vertical:15|shadow_blur:50|shadow_spread:0|box_shadow_color:rgba(0%2C0%2C0%2C0.35)&#8220;][dfd_spacer screen_wide_spacer_size=&#8220;30&#8243; screen_normal_resolution=&#8220;1024&#8243; screen_tablet_resolution=&#8220;800&#8243; screen_mobile_resolution=&#8220;480&#8243; screen_normal_spacer_size=&#8220;30&#8243; screen_tablet_spacer_size=&#8220;30&#8243; screen_mobile_spacer_size=&#8220;30&#8243;][\/vc_column][vc_column width=&#8220;1\/6&#8243;][\/vc_column][\/vc_row][vc_row][vc_column][dfd_spacer screen_wide_spacer_size=&#8220;40&#8243; screen_normal_resolution=&#8220;1024&#8243; screen_tablet_resolution=&#8220;800&#8243; screen_mobile_resolution=&#8220;480&#8243;][dfd_tta_tour active_section=&#8220;1&#8243; font_size=&#8220;18&#8243;][vc_tta_section title=&#8220;1. Den Platz r\u00e4umen&#8220; tab_id=&#8220;1740133878957-58dd579e-093e&#8220;][vc_column_text css=&#8220;&#8220;]<\/p>\n<h3 style=\"text-align: center;\">Wenn eine Person im Rollstuhl an Bord kommt, machen Sie den Sitz f\u00fcr sie frei.<\/h3>\n<p>[\/vc_column_text][dfd_spacer screen_wide_spacer_size=&#8220;30&#8243; screen_normal_resolution=&#8220;1024&#8243; screen_tablet_resolution=&#8220;800&#8243; screen_mobile_resolution=&#8220;480&#8243; screen_normal_spacer_size=&#8220;30&#8243; screen_tablet_spacer_size=&#8220;30&#8243; screen_mobile_spacer_size=&#8220;30&#8243;][dfd_single_image image=&#8220;43417&#8243;][dfd_spacer screen_wide_spacer_size=&#8220;30&#8243; screen_normal_resolution=&#8220;1024&#8243; screen_tablet_resolution=&#8220;800&#8243; screen_mobile_resolution=&#8220;480&#8243; screen_normal_spacer_size=&#8220;30&#8243; screen_tablet_spacer_size=&#8220;30&#8243; screen_mobile_spacer_size=&#8220;30&#8243;][vc_column_text css=&#8220;&#8220;]In \u00f6ffentlichen Verkehrsmitteln gibt es ordnungsgem\u00e4\u00df gekennzeichnete Pl\u00e4tze, die f\u00fcr Rollstuhlfahrer bestimmt sind. Aus Gr\u00fcnden des Respekts, aber auch der Sicherheit, ist es gute Praxis, den Sitzplatz f\u00fcr diejenigen freizuhalten, die Anspruch darauf haben.[\/vc_column_text][\/vc_tta_section][vc_tta_section title=&#8220;2. Langsame Mobilit\u00e4t&#8220; tab_id=&#8220;1697705938660-2bd27d96-8d1c&#8220;][vc_column_text css=&#8220;&#8220;]<\/p>\n<h3 style=\"text-align: center;\">Vorrang f\u00fcr Menschen<br \/>\nmit langsamer Mobilit\u00e4t<\/h3>\n<p>[\/vc_column_text][dfd_spacer screen_wide_spacer_size=&#8220;30&#8243; screen_normal_resolution=&#8220;1024&#8243; screen_tablet_resolution=&#8220;800&#8243; screen_mobile_resolution=&#8220;480&#8243; screen_normal_spacer_size=&#8220;30&#8243; screen_tablet_spacer_size=&#8220;30&#8243; screen_mobile_spacer_size=&#8220;30&#8243;][dfd_single_image image=&#8220;43421&#8243;][dfd_spacer screen_wide_spacer_size=&#8220;30&#8243; screen_normal_resolution=&#8220;1024&#8243; screen_tablet_resolution=&#8220;800&#8243; screen_mobile_resolution=&#8220;480&#8243; screen_normal_spacer_size=&#8220;30&#8243; screen_tablet_spacer_size=&#8220;30&#8243; screen_mobile_spacer_size=&#8220;30&#8243;][vc_column_text css=&#8220;&#8220;]\u00c4ltere oder gehbehinderte Menschen brauchen einen Sitzplatz in \u00f6ffentlichen Verkehrsmitteln mehr als alle anderen. F\u00fcr ihre Gesundheit und f\u00fcr die Sicherheit aller haben Menschen mit eingeschr\u00e4nkter Mobilit\u00e4t Vorrang.[\/vc_column_text][\/vc_tta_section][vc_tta_section title=&#8220;3. Blindenhund&#8220; tab_id=&#8220;1740134007370-f6279393-6531&#8243;][vc_column_text css=&#8220;&#8220;]<\/p>\n<h3 style=\"text-align: center;\">Nicht ablenken<br \/>\nden Blindenhund<\/h3>\n<p>[\/vc_column_text][dfd_spacer screen_wide_spacer_size=&#8220;30&#8243; screen_normal_resolution=&#8220;1024&#8243; screen_tablet_resolution=&#8220;800&#8243; screen_mobile_resolution=&#8220;480&#8243; screen_normal_spacer_size=&#8220;30&#8243; screen_tablet_spacer_size=&#8220;30&#8243; screen_mobile_spacer_size=&#8220;30&#8243;][dfd_single_image image=&#8220;43425&#8243;][dfd_spacer screen_wide_spacer_size=&#8220;30&#8243; screen_normal_resolution=&#8220;1024&#8243; screen_tablet_resolution=&#8220;800&#8243; screen_mobile_resolution=&#8220;480&#8243; screen_normal_spacer_size=&#8220;30&#8243; screen_tablet_spacer_size=&#8220;30&#8243; screen_mobile_spacer_size=&#8220;30&#8243;][vc_column_text css=&#8220;&#8220;]Der Blindenhund ist eine grosse Hilfe f\u00fcr Sehbehinderte und Blinde. Wenn er das Geschirr tr\u00e4gt, darf man ihn auf keinen Fall ablenken (durch Rufen oder Streicheln), weil er die Person mit Behinderung auf einem bestimmten Weg begleitet und sich auf diese konzentrieren muss.[\/vc_column_text][\/vc_tta_section][vc_tta_section title=&#8220;4. Helfen&#8220; tab_id=&#8220;1740134159658-5dec7874-4d51&#8243;][vc_column_text css=&#8220;&#8220;]<\/p>\n<h3 style=\"text-align: center;\">Kommunizieren und anbieten<br \/>\nIhre Hilfe<\/h3>\n<p>[\/vc_column_text][dfd_spacer screen_wide_spacer_size=&#8220;30&#8243; screen_normal_resolution=&#8220;1024&#8243; screen_tablet_resolution=&#8220;800&#8243; screen_mobile_resolution=&#8220;480&#8243; screen_normal_spacer_size=&#8220;30&#8243; screen_tablet_spacer_size=&#8220;30&#8243; screen_mobile_spacer_size=&#8220;30&#8243;][dfd_single_image image=&#8220;43429&#8243;][dfd_spacer screen_wide_spacer_size=&#8220;30&#8243; screen_normal_resolution=&#8220;1024&#8243; screen_tablet_resolution=&#8220;800&#8243; screen_mobile_resolution=&#8220;480&#8243; screen_normal_spacer_size=&#8220;30&#8243; screen_tablet_spacer_size=&#8220;30&#8243; screen_mobile_spacer_size=&#8220;30&#8243;][vc_column_text css=&#8220;&#8220;]Oft bleiben wir aus Angst, etwas falsch zu machen, gleichg\u00fcltig. Wir fassen Mut und machen eine Geste der Freundlichkeit, indem wir die andere Person einfach fragen: \u201eBrauchen Sie Hilfe?\u201c. Auf unsere eigene kleine Weise k\u00f6nnen wir viel dazu beitragen, dass unsere Gesellschaft integrativer wird.[\/vc_column_text][\/vc_tta_section][vc_tta_section title=&#8220;5. Schwerh\u00f6rigkeit&#8220; tab_id=&#8220;1740134254400-d6cc81dd-717e&#8220;][vc_column_text css=&#8220;&#8220;]<\/p>\n<h3 style=\"text-align: center;\">Hilfe f\u00fcr eine Person<br \/>\nmit H\u00f6rminderung<\/h3>\n<p>[\/vc_column_text][dfd_spacer screen_wide_spacer_size=&#8220;30&#8243; screen_normal_resolution=&#8220;1024&#8243; screen_tablet_resolution=&#8220;800&#8243; screen_mobile_resolution=&#8220;480&#8243; screen_normal_spacer_size=&#8220;30&#8243; screen_tablet_spacer_size=&#8220;30&#8243; screen_mobile_spacer_size=&#8220;30&#8243;][dfd_single_image image=&#8220;43433&#8243;][dfd_spacer screen_wide_spacer_size=&#8220;30&#8243; screen_normal_resolution=&#8220;1024&#8243; screen_tablet_resolution=&#8220;800&#8243; screen_mobile_resolution=&#8220;480&#8243; screen_normal_spacer_size=&#8220;30&#8243; screen_tablet_spacer_size=&#8220;30&#8243; screen_mobile_spacer_size=&#8220;30&#8243;][vc_column_text css=&#8220;&#8220;]Eine h\u00f6rgesch\u00e4digte oder geh\u00f6rlose Person wei\u00df nicht, welchen Bus sie nehmen soll? Sie brauchen Informationen? Sie k\u00f6nnen auch ihr helfen! Sprechen Sie langsam zu ihr und schauen Sie dabei in ihr Gesicht, artikulieren Sie die Worte gut, damit sie von Ihren Lippen lesen kann. Oder benutzen Sie Ihr Mobiltelefon, schreiben Sie auf, was Sie ihr sagen wollen, und zeigen Sie ihr den Text.[\/vc_column_text][\/vc_tta_section][\/dfd_tta_tour][\/vc_column][\/vc_row]<\/p>\n<\/div>","protected":false},"excerpt":{"rendered":"<p>[vc_row][vc_column][dfd_spacer screen_wide_spacer_size=&#8220;100&#8243; screen_normal_resolution=&#8220;1024&#8243; screen_tablet_resolution=&#8220;800&#8243; screen_mobile_resolution=&#8220;480&#8243; screen_normal_spacer_size=&#8220;80&#8243; screen_tablet_spacer_size=&#8220;60&#8243; screen_mobile_spacer_size=&#8220;40&#8243;][\/vc_column][\/vc_row][vc_row css=&#8220;.vc_custom_1568638996273{padding-right: 25px !important;padding-left: 25px !important;}&#8220;][vc_column width=&#8220;1\/6&#8243; col_shadow=&#8220;box_shadow_enable:disable|shadow_horizontal:0|shadow_vertical:15|shadow_blur:50|shadow_spread:0|box_shadow_color:rgba(0%2C0%2C0%2C0.35)&#8220; col_shadow_hover=&#8220;box_shadow_enable:disable|shadow_horizontal:0|shadow_vertical:15|shadow_blur:50|shadow_spread:0|box_shadow_color:rgba(0%2C0%2C0%2C0.35)&#8220;][\/vc_column][vc_column width=&#8220;2\/3&#8243;][dfd_heading style=&#8220;style_06&#8243; subtitle=&#8220;Sensibilisierungskampagne in Zusammenarbeit mit Inclusione Andicap Ticino&#8220; module_animation=&#8220;transition.grow&#8220; delimiter_settings=&#8220;delimiter_style:solid|delimiter_width:80|delimiter_height:1|delimiter_color:%23000000&#8243; delimiter_margin=&#8220;margin-top:10|margin-bottom:30&#8243; undefined=&#8220;&#8220; title_font_options=&#8220;tag:h1&#8243;<\/p>\n","protected":false},"author":1,"featured_media":0,"parent":0,"menu_order":0,"comment_status":"closed","ping_status":"closed","template":"tmp-page.php","meta":{"inline_featured_image":false,"_monsterinsights_skip_tracking":false,"_monsterinsights_sitenote_active":false,"_monsterinsights_sitenote_note":"","_monsterinsights_sitenote_category":0,"footnotes":""},"class_list":["post-43154","page","type-page","status-publish","hentry"],"yoast_head":"<!-- This site is optimized with the Yoast SEO plugin v26.1.1 - https:\/\/yoast.com\/wordpress\/plugins\/seo\/ -->\n<title>Inklusive \u00f6ffentliche Verkehrsmittel - fartiamo<\/title>\n<meta name=\"robots\" content=\"index, follow, max-snippet:-1, max-image-preview:large, max-video-preview:-1\" \/>\n<link rel=\"canonical\" href=\"http:\/\/fartiamo.ch\/de\/inklusive-oeffentliche-verkehrsmittel\/\" \/>\n<meta property=\"og:locale\" content=\"de_DE\" \/>\n<meta property=\"og:type\" content=\"article\" \/>\n<meta property=\"og:title\" content=\"Inklusive \u00f6ffentliche Verkehrsmittel - fartiamo\" \/>\n<meta property=\"og:description\" content=\"[vc_row][vc_column][dfd_spacer screen_wide_spacer_size=&#8220;100&#8243; screen_normal_resolution=&#8220;1024&#8243; screen_tablet_resolution=&#8220;800&#8243; screen_mobile_resolution=&#8220;480&#8243; screen_normal_spacer_size=&#8220;80&#8243; screen_tablet_spacer_size=&#8220;60&#8243; screen_mobile_spacer_size=&#8220;40&#8243;][\/vc_column][\/vc_row][vc_row css=&#8220;.vc_custom_1568638996273{padding-right: 25px !important;padding-left: 25px !important;}&#8220;][vc_column width=&#8220;1\/6&#8243; col_shadow=&#8220;box_shadow_enable:disable|shadow_horizontal:0|shadow_vertical:15|shadow_blur:50|shadow_spread:0|box_shadow_color:rgba(0%2C0%2C0%2C0.35)&#8220; col_shadow_hover=&#8220;box_shadow_enable:disable|shadow_horizontal:0|shadow_vertical:15|shadow_blur:50|shadow_spread:0|box_shadow_color:rgba(0%2C0%2C0%2C0.35)&#8220;][\/vc_column][vc_column width=&#8220;2\/3&#8243;][dfd_heading style=&#8220;style_06&#8243; subtitle=&#8220;Sensibilisierungskampagne in Zusammenarbeit mit Inclusione Andicap Ticino&#8220; module_animation=&#8220;transition.grow&#8220; delimiter_settings=&#8220;delimiter_style:solid|delimiter_width:80|delimiter_height:1|delimiter_color:%23000000&#8243; delimiter_margin=&#8220;margin-top:10|margin-bottom:30&#8243; undefined=&#8220;&#8220; title_font_options=&#8220;tag:h1&#8243;\" \/>\n<meta property=\"og:url\" content=\"http:\/\/fartiamo.ch\/de\/inklusive-oeffentliche-verkehrsmittel\/\" \/>\n<meta property=\"og:site_name\" content=\"fartiamo\" \/>\n<meta property=\"article:modified_time\" content=\"2025-08-25T07:22:29+00:00\" \/>\n<meta name=\"twitter:card\" content=\"summary_large_image\" \/>\n<meta name=\"twitter:label1\" content=\"Gesch\u00e4tzte Lesezeit\" \/>\n\t<meta name=\"twitter:data1\" content=\"6\u00a0Minuten\" \/>\n<script type=\"application\/ld+json\" class=\"yoast-schema-graph\">{\"@context\":\"https:\/\/schema.org\",\"@graph\":[{\"@type\":\"WebPage\",\"@id\":\"http:\/\/fartiamo.ch\/de\/inklusive-oeffentliche-verkehrsmittel\/\",\"url\":\"http:\/\/fartiamo.ch\/de\/inklusive-oeffentliche-verkehrsmittel\/\",\"name\":\"Inklusive \u00f6ffentliche Verkehrsmittel - fartiamo\",\"isPartOf\":{\"@id\":\"http:\/\/fartiamo.ch\/de\/#website\"},\"datePublished\":\"2025-02-21T10:17:04+00:00\",\"dateModified\":\"2025-08-25T07:22:29+00:00\",\"breadcrumb\":{\"@id\":\"http:\/\/fartiamo.ch\/de\/inklusive-oeffentliche-verkehrsmittel\/#breadcrumb\"},\"inLanguage\":\"de\",\"potentialAction\":[{\"@type\":\"ReadAction\",\"target\":[\"http:\/\/fartiamo.ch\/de\/inklusive-oeffentliche-verkehrsmittel\/\"]}]},{\"@type\":\"BreadcrumbList\",\"@id\":\"http:\/\/fartiamo.ch\/de\/inklusive-oeffentliche-verkehrsmittel\/#breadcrumb\",\"itemListElement\":[{\"@type\":\"ListItem\",\"position\":1,\"name\":\"Home\",\"item\":\"https:\/\/fartiamo.ch\/de\/\"},{\"@type\":\"ListItem\",\"position\":2,\"name\":\"Inklusive \u00f6ffentliche Verkehrsmittel\"}]},{\"@type\":\"WebSite\",\"@id\":\"http:\/\/fartiamo.ch\/de\/#website\",\"url\":\"http:\/\/fartiamo.ch\/de\/\",\"name\":\"fartiamo\",\"description\":\"Il trasporto che unisce citt\u00e0 e valli\",\"publisher\":{\"@id\":\"http:\/\/fartiamo.ch\/de\/#organization\"},\"potentialAction\":[{\"@type\":\"SearchAction\",\"target\":{\"@type\":\"EntryPoint\",\"urlTemplate\":\"http:\/\/fartiamo.ch\/de\/?s={search_term_string}\"},\"query-input\":{\"@type\":\"PropertyValueSpecification\",\"valueRequired\":true,\"valueName\":\"search_term_string\"}}],\"inLanguage\":\"de\"},{\"@type\":\"Organization\",\"@id\":\"http:\/\/fartiamo.ch\/de\/#organization\",\"name\":\"FART\",\"url\":\"http:\/\/fartiamo.ch\/de\/\",\"logo\":{\"@type\":\"ImageObject\",\"inLanguage\":\"de\",\"@id\":\"http:\/\/fartiamo.ch\/de\/#\/schema\/logo\/image\/\",\"url\":\"https:\/\/fartiamo.ch\/wp-content\/uploads\/2020\/11\/fart_logo_completo.svg\",\"contentUrl\":\"https:\/\/fartiamo.ch\/wp-content\/uploads\/2020\/11\/fart_logo_completo.svg\",\"width\":\"1024\",\"height\":\"1024\",\"caption\":\"FART\"},\"image\":{\"@id\":\"http:\/\/fartiamo.ch\/de\/#\/schema\/logo\/image\/\"}}]}<\/script>\n<!-- \/ Yoast SEO plugin. -->","yoast_head_json":{"title":"Inklusive \u00f6ffentliche Verkehrsmittel - fartiamo","robots":{"index":"index","follow":"follow","max-snippet":"max-snippet:-1","max-image-preview":"max-image-preview:large","max-video-preview":"max-video-preview:-1"},"canonical":"http:\/\/fartiamo.ch\/de\/inklusive-oeffentliche-verkehrsmittel\/","og_locale":"de_DE","og_type":"article","og_title":"Inklusive \u00f6ffentliche Verkehrsmittel - fartiamo","og_description":"[vc_row][vc_column][dfd_spacer screen_wide_spacer_size=&#8220;100&#8243; screen_normal_resolution=&#8220;1024&#8243; screen_tablet_resolution=&#8220;800&#8243; screen_mobile_resolution=&#8220;480&#8243; screen_normal_spacer_size=&#8220;80&#8243; screen_tablet_spacer_size=&#8220;60&#8243; screen_mobile_spacer_size=&#8220;40&#8243;][\/vc_column][\/vc_row][vc_row css=&#8220;.vc_custom_1568638996273{padding-right: 25px !important;padding-left: 25px !important;}&#8220;][vc_column width=&#8220;1\/6&#8243; col_shadow=&#8220;box_shadow_enable:disable|shadow_horizontal:0|shadow_vertical:15|shadow_blur:50|shadow_spread:0|box_shadow_color:rgba(0%2C0%2C0%2C0.35)&#8220; col_shadow_hover=&#8220;box_shadow_enable:disable|shadow_horizontal:0|shadow_vertical:15|shadow_blur:50|shadow_spread:0|box_shadow_color:rgba(0%2C0%2C0%2C0.35)&#8220;][\/vc_column][vc_column width=&#8220;2\/3&#8243;][dfd_heading style=&#8220;style_06&#8243; subtitle=&#8220;Sensibilisierungskampagne in Zusammenarbeit mit Inclusione Andicap Ticino&#8220; module_animation=&#8220;transition.grow&#8220; delimiter_settings=&#8220;delimiter_style:solid|delimiter_width:80|delimiter_height:1|delimiter_color:%23000000&#8243; delimiter_margin=&#8220;margin-top:10|margin-bottom:30&#8243; undefined=&#8220;&#8220; title_font_options=&#8220;tag:h1&#8243;","og_url":"http:\/\/fartiamo.ch\/de\/inklusive-oeffentliche-verkehrsmittel\/","og_site_name":"fartiamo","article_modified_time":"2025-08-25T07:22:29+00:00","twitter_card":"summary_large_image","twitter_misc":{"Gesch\u00e4tzte Lesezeit":"6\u00a0Minuten"},"schema":{"@context":"https:\/\/schema.org","@graph":[{"@type":"WebPage","@id":"http:\/\/fartiamo.ch\/de\/inklusive-oeffentliche-verkehrsmittel\/","url":"http:\/\/fartiamo.ch\/de\/inklusive-oeffentliche-verkehrsmittel\/","name":"Inklusive \u00f6ffentliche Verkehrsmittel - fartiamo","isPartOf":{"@id":"http:\/\/fartiamo.ch\/de\/#website"},"datePublished":"2025-02-21T10:17:04+00:00","dateModified":"2025-08-25T07:22:29+00:00","breadcrumb":{"@id":"http:\/\/fartiamo.ch\/de\/inklusive-oeffentliche-verkehrsmittel\/#breadcrumb"},"inLanguage":"de","potentialAction":[{"@type":"ReadAction","target":["http:\/\/fartiamo.ch\/de\/inklusive-oeffentliche-verkehrsmittel\/"]}]},{"@type":"BreadcrumbList","@id":"http:\/\/fartiamo.ch\/de\/inklusive-oeffentliche-verkehrsmittel\/#breadcrumb","itemListElement":[{"@type":"ListItem","position":1,"name":"Home","item":"https:\/\/fartiamo.ch\/de\/"},{"@type":"ListItem","position":2,"name":"Inklusive \u00f6ffentliche Verkehrsmittel"}]},{"@type":"WebSite","@id":"http:\/\/fartiamo.ch\/de\/#website","url":"http:\/\/fartiamo.ch\/de\/","name":"fartiamo","description":"Il trasporto che unisce citt\u00e0 e valli","publisher":{"@id":"http:\/\/fartiamo.ch\/de\/#organization"},"potentialAction":[{"@type":"SearchAction","target":{"@type":"EntryPoint","urlTemplate":"http:\/\/fartiamo.ch\/de\/?s={search_term_string}"},"query-input":{"@type":"PropertyValueSpecification","valueRequired":true,"valueName":"search_term_string"}}],"inLanguage":"de"},{"@type":"Organization","@id":"http:\/\/fartiamo.ch\/de\/#organization","name":"FART","url":"http:\/\/fartiamo.ch\/de\/","logo":{"@type":"ImageObject","inLanguage":"de","@id":"http:\/\/fartiamo.ch\/de\/#\/schema\/logo\/image\/","url":"https:\/\/fartiamo.ch\/wp-content\/uploads\/2020\/11\/fart_logo_completo.svg","contentUrl":"https:\/\/fartiamo.ch\/wp-content\/uploads\/2020\/11\/fart_logo_completo.svg","width":"1024","height":"1024","caption":"FART"},"image":{"@id":"http:\/\/fartiamo.ch\/de\/#\/schema\/logo\/image\/"}}]}},"_links":{"self":[{"href":"http:\/\/fartiamo.ch\/de\/wp-json\/wp\/v2\/pages\/43154","targetHints":{"allow":["GET"]}}],"collection":[{"href":"http:\/\/fartiamo.ch\/de\/wp-json\/wp\/v2\/pages"}],"about":[{"href":"http:\/\/fartiamo.ch\/de\/wp-json\/wp\/v2\/types\/page"}],"author":[{"embeddable":true,"href":"http:\/\/fartiamo.ch\/de\/wp-json\/wp\/v2\/users\/1"}],"replies":[{"embeddable":true,"href":"http:\/\/fartiamo.ch\/de\/wp-json\/wp\/v2\/comments?post=43154"}],"version-history":[{"count":15,"href":"http:\/\/fartiamo.ch\/de\/wp-json\/wp\/v2\/pages\/43154\/revisions"}],"predecessor-version":[{"id":44065,"href":"http:\/\/fartiamo.ch\/de\/wp-json\/wp\/v2\/pages\/43154\/revisions\/44065"}],"wp:attachment":[{"href":"http:\/\/fartiamo.ch\/de\/wp-json\/wp\/v2\/media?parent=43154"}],"curies":[{"name":"wp","href":"https:\/\/api.w.org\/{rel}","templated":true}]}}