{"id":43156,"date":"2025-02-21T11:17:04","date_gmt":"2025-02-21T10:17:04","guid":{"rendered":"https:\/\/fartiamo.ch\/?page_id=43156"},"modified":"2025-08-25T09:22:30","modified_gmt":"2025-08-25T07:22:30","slug":"transports-publics-inclusifs","status":"publish","type":"page","link":"http:\/\/fartiamo.ch\/fr\/transports-publics-inclusifs\/","title":{"rendered":"Transports publics inclusifs"},"content":{"rendered":"<div class=\"wpb-content-wrapper\"><p>[vc_row][vc_column][dfd_spacer screen_wide_spacer_size=\u00a0\u00bb100&Prime; screen_normal_resolution=\u00a0\u00bb1024&Prime; screen_tablet_resolution=\u00a0\u00bb800&Prime; screen_mobile_resolution=\u00a0\u00bb480&Prime; screen_normal_spacer_size=\u00a0\u00bb80&Prime; screen_tablet_spacer_size=\u00a0\u00bb60&Prime; screen_mobile_spacer_size=\u00a0\u00bb40&Prime;][\/vc_column][\/vc_row][vc_row css=\u00a0\u00bb.vc_custom_1568638996273{padding-right: 25px !important;padding-left: 25px !important;}\u00a0\u00bb][vc_column width=\u00a0\u00bb1\/6&Prime; col_shadow=\u00a0\u00bbbox_shadow_enable:disable|shadow_horizontal:0|shadow_vertical:15|shadow_blur:50|shadow_spread:0|box_shadow_color:rgba(0%2C0%2C0%2C0.35)\u00a0\u00bb col_shadow_hover=\u00a0\u00bbbox_shadow_enable:disable|shadow_horizontal:0|shadow_vertical:15|shadow_blur:50|shadow_spread:0|box_shadow_color:rgba(0%2C0%2C0%2C0.35)\u00a0\u00bb][\/vc_column][vc_column width=\u00a0\u00bb2\/3&Prime;][dfd_heading style=\u00a0\u00bbstyle_06&Prime; subtitle=\u00a0\u00bbCampagne de sensibilisation en coop\u00e9ration avec Inclusione Andicap Ticino\u00a0\u00bb module_animation=\u00a0\u00bbtransition.grow\u00a0\u00bb delimiter_settings=\u00a0\u00bbdelimiter_style:solid|delimiter_width:80|delimiter_height:1|delimiter_color:%23000000&Prime; delimiter_margin=\u00a0\u00bbmargin-top:10|margin-bottom:30&Prime; undefined=\u00a0\u00bb\u00a0\u00bb title_font_options=\u00a0\u00bbtag:h1&Prime; subtitle_font_options=\u00a0\u00bbtag:h3&Prime; title_responsive=\u00a0\u00bbfont_size_desktop:45|line_height_desktop:55|letter_spacing_desktop:0|font_size_tablet:40|line_height_tablet:50|letter_spacing_tablet:0|font_size_mobile:35|line_height_mobile:45|letter_spacing_mobile:0&Prime; heading_margin=\u00a0\u00bbmargin-bottom:30&Prime; subtitle_responsive=\u00a0\u00bbfont_size_desktop:26|line_height_desktop:40|letter_spacing_desktop:0|font_size_tablet:24|line_height_tablet:38|letter_spacing_tablet:0|font_size_mobile:22|line_height_mobile:36|letter_spacing_mobile:0&Prime;]<\/p>\n<h1>Pour des transports publics plus inclusifs<\/h1>\n<p>[\/dfd_heading][dfd_simple_image_gallery dfd_layer_image=\u00a0\u00bb44058&Prime; items_offset=\u00a0\u00bb0&Prime; image_width=\u00a0\u00bb1500&Prime; image_height=\u00a0\u00bb800&Prime; slides_to_show=\u00a0\u00bb1&Prime; slides_to_scroll=\u00a0\u00bb1&Prime; carousel_slideshow_speed=\u00a0\u00bb3000&Prime; use_dots=\u00a0\u00bbshow\u00a0\u00bb images_style=\u00a0\u00bbcarousel\u00a0\u00bb tutorials=\u00a0\u00bb\u00a0\u00bb][dfd_spacer screen_wide_spacer_size=\u00a0\u00bb40&Prime; screen_normal_resolution=\u00a0\u00bb1024&Prime; screen_tablet_resolution=\u00a0\u00bb800&Prime; screen_mobile_resolution=\u00a0\u00bb480&Prime;][vc_column_text css=\u00a0\u00bb.vc_custom_1740133300005{padding-bottom: 50px !important;}\u00a0\u00bb item_animation=\u00a0\u00bbtransition.slideUpBigIn\u00a0\u00bb]<strong>La FART (Ferrovie Autolinee Regionali Ticinesi), en collaboration avec l&rsquo;association \u00ab inclusione andicap ticino \u00bb, lance actuellement une nouvelle campagne de sensibilisation visant \u00e0 promouvoir le respect et l&rsquo;attention envers les personnes \u00e0 mobilit\u00e9 r\u00e9duite qui utilisent les transports publics. Par le biais d&rsquo;un langage visuel, le projet vise \u00e0 sensibiliser les passagers \u00e0 un comportement correct et inclusif.<\/strong><\/p>\n<p>L&rsquo;inclusion commence par de petits gestes quotidiens. La nouvelle campagne destin\u00e9e \u00e0 tous les passagers utilise des images \u00e9vocatrices et percutantes pour transmettre un message clair : les transports publics doivent \u00eatre un espace accueillant pour tous. Les dessins humoristiques &#8211; qui seront diffus\u00e9s dans diff\u00e9rents contextes et canaux, tant physiques que num\u00e9riques &#8211; attirent l&rsquo;attention sur des situations concr\u00e8tes, telles que l&rsquo;importance de lib\u00e9rer les si\u00e8ges r\u00e9serv\u00e9s aux utilisateurs de fauteuils roulants, de donner la priorit\u00e9 aux personnes \u00e0 mobilit\u00e9 r\u00e9duite, d&rsquo;\u00e9viter de distraire les chiens d&rsquo;aveugle ou d&rsquo;aider les personnes souffrant de troubles de l&rsquo;audition.[\/vc_column_text][dfd_spacer screen_wide_spacer_size=\u00a0\u00bb10&Prime; screen_normal_resolution=\u00a0\u00bb1024&Prime; screen_tablet_resolution=\u00a0\u00bb800&Prime; screen_mobile_resolution=\u00a0\u00bb480&Prime;][dfd_button button_text=\u00a0\u00bbinclusione-andicap-ticino.ch\u00a0\u00bb main_style=\u00a0\u00bbstyle-2&Prime; buttom_link_src=\u00a0\u00bburl:https%3A%2F%2Fwww.inclusione-andicap-ticino.ch%2F|target:_blank|\u00a0\u00bb box_shadow=\u00a0\u00bbbox_shadow_enable:disable|shadow_horizontal:0|shadow_vertical:15|shadow_blur:50|shadow_spread:0|box_shadow_color:rgba(0%2C0%2C0%2C0.35)\u00a0\u00bb hover_box_shadow=\u00a0\u00bbbox_shadow_enable:disable|shadow_horizontal:0|shadow_vertical:15|shadow_blur:50|shadow_spread:0|box_shadow_color:rgba(0%2C0%2C0%2C0.35)\u00a0\u00bb][dfd_spacer screen_wide_spacer_size=\u00a0\u00bb30&Prime; screen_normal_resolution=\u00a0\u00bb1024&Prime; screen_tablet_resolution=\u00a0\u00bb800&Prime; screen_mobile_resolution=\u00a0\u00bb480&Prime; screen_normal_spacer_size=\u00a0\u00bb30&Prime; screen_tablet_spacer_size=\u00a0\u00bb30&Prime; screen_mobile_spacer_size=\u00a0\u00bb30&Prime;][\/vc_column][vc_column width=\u00a0\u00bb1\/6&Prime;][\/vc_column][\/vc_row][vc_row][vc_column][dfd_spacer screen_wide_spacer_size=\u00a0\u00bb40&Prime; screen_normal_resolution=\u00a0\u00bb1024&Prime; screen_tablet_resolution=\u00a0\u00bb800&Prime; screen_mobile_resolution=\u00a0\u00bb480&Prime;][dfd_tta_tour active_section=\u00a0\u00bb1&Prime; font_size=\u00a0\u00bb18&Prime;][vc_tta_section title=\u00a0\u00bb1. D\u00e9gager l&apos;espace\u00a0\u00bb tab_id=\u00a0\u00bb1740133878957-58dd579e-093e\u00a0\u00bb][vc_column_text css=\u00a0\u00bb\u00a0\u00bb]<\/p>\n<h3 style=\"text-align: center;\">Lorsqu&rsquo;une personne en fauteuil roulant monte \u00e0 bord, lib\u00e9rez le si\u00e8ge pour elle.<\/h3>\n<p>[\/vc_column_text][dfd_spacer screen_wide_spacer_size=\u00a0\u00bb30&Prime; screen_normal_resolution=\u00a0\u00bb1024&Prime; screen_tablet_resolution=\u00a0\u00bb800&Prime; screen_mobile_resolution=\u00a0\u00bb480&Prime; screen_normal_spacer_size=\u00a0\u00bb30&Prime; screen_tablet_spacer_size=\u00a0\u00bb30&Prime; screen_mobile_spacer_size=\u00a0\u00bb30&Prime;][dfd_single_image image=\u00a0\u00bb43417&Prime;][dfd_spacer screen_wide_spacer_size=\u00a0\u00bb30&Prime; screen_normal_resolution=\u00a0\u00bb1024&Prime; screen_tablet_resolution=\u00a0\u00bb800&Prime; screen_mobile_resolution=\u00a0\u00bb480&Prime; screen_normal_spacer_size=\u00a0\u00bb30&Prime; screen_tablet_spacer_size=\u00a0\u00bb30&Prime; screen_mobile_spacer_size=\u00a0\u00bb30&Prime;][vc_column_text css=\u00a0\u00bb\u00a0\u00bb]Dans les transports publics, des places, d\u00fbment signal\u00e9es, sont r\u00e9serv\u00e9es aux utilisateurs de fauteuils roulants. Par respect mais aussi par s\u00e9curit\u00e9, il est de bon ton de laisser la place libre pour ceux qui y ont droit.[\/vc_column_text][\/vc_tta_section][vc_tta_section title=\u00a0\u00bb2. Mobilit\u00e9 lente\u00a0\u00bb tab_id=\u00a0\u00bb1697705938660-2bd27d96-8d1c\u00a0\u00bb][vc_column_text css=\u00a0\u00bb\u00a0\u00bb]<\/p>\n<h3 style=\"text-align: center;\">Priorit\u00e9 aux personnes<br \/>\n\u00e0 mobilit\u00e9 r\u00e9duite<\/h3>\n<p>[\/vc_column_text][dfd_spacer screen_wide_spacer_size=\u00a0\u00bb30&Prime; screen_normal_resolution=\u00a0\u00bb1024&Prime; screen_tablet_resolution=\u00a0\u00bb800&Prime; screen_mobile_resolution=\u00a0\u00bb480&Prime; screen_normal_spacer_size=\u00a0\u00bb30&Prime; screen_tablet_spacer_size=\u00a0\u00bb30&Prime; screen_mobile_spacer_size=\u00a0\u00bb30&Prime;][dfd_single_image image=\u00a0\u00bb43421&Prime;][dfd_spacer screen_wide_spacer_size=\u00a0\u00bb30&Prime; screen_normal_resolution=\u00a0\u00bb1024&Prime; screen_tablet_resolution=\u00a0\u00bb800&Prime; screen_mobile_resolution=\u00a0\u00bb480&Prime; screen_normal_spacer_size=\u00a0\u00bb30&Prime; screen_tablet_spacer_size=\u00a0\u00bb30&Prime; screen_mobile_spacer_size=\u00a0\u00bb30&Prime;][vc_column_text css=\u00a0\u00bb\u00a0\u00bb]Les personnes \u00e2g\u00e9es ou les personnes ayant des probl\u00e8mes de marche en g\u00e9n\u00e9ral ont plus que quiconque besoin d&rsquo;une place assise dans les transports publics. Pour leur sant\u00e9 et pour la s\u00e9curit\u00e9 de tous, nous donnons la priorit\u00e9 aux personnes \u00e0 mobilit\u00e9 r\u00e9duite.[\/vc_column_text][\/vc_tta_section][vc_tta_section title=\u00a0\u00bb3. Chien d&apos;aveugle\u00a0\u00bb tab_id=\u00a0\u00bb1740134007370-f6279393-6531&Prime;][vc_column_text css=\u00a0\u00bb\u00a0\u00bb]<\/p>\n<h3 style=\"text-align: center;\">Ne pas distraire<br \/>\nle chien guide<\/h3>\n<p>[\/vc_column_text][dfd_spacer screen_wide_spacer_size=\u00a0\u00bb30&Prime; screen_normal_resolution=\u00a0\u00bb1024&Prime; screen_tablet_resolution=\u00a0\u00bb800&Prime; screen_mobile_resolution=\u00a0\u00bb480&Prime; screen_normal_spacer_size=\u00a0\u00bb30&Prime; screen_tablet_spacer_size=\u00a0\u00bb30&Prime; screen_mobile_spacer_size=\u00a0\u00bb30&Prime;][dfd_single_image image=\u00a0\u00bb43425&Prime;][dfd_spacer screen_wide_spacer_size=\u00a0\u00bb30&Prime; screen_normal_resolution=\u00a0\u00bb1024&Prime; screen_tablet_resolution=\u00a0\u00bb800&Prime; screen_mobile_resolution=\u00a0\u00bb480&Prime; screen_normal_spacer_size=\u00a0\u00bb30&Prime; screen_tablet_spacer_size=\u00a0\u00bb30&Prime; screen_mobile_spacer_size=\u00a0\u00bb30&Prime;][vc_column_text css=\u00a0\u00bb\u00a0\u00bb]Le chien guide est un soutien essentiel pour les personnes malvoyantes et aveugles. Lorsque le chien porte sa museli\u00e8re, il ne faut pas le distraire (ni en l&rsquo;appelant ni en le caressant), car il aide la personne handicap\u00e9e \u00e0 parcourir un itin\u00e9raire et doit rester concentr\u00e9.[\/vc_column_text][\/vc_tta_section][vc_tta_section title=\u00a0\u00bb4. Aider\u00a0\u00bb tab_id=\u00a0\u00bb1740134159658-5dec7874-4d51&Prime;][vc_column_text css=\u00a0\u00bb\u00a0\u00bb]<\/p>\n<h3 style=\"text-align: center;\">Communiquer et offrir<br \/>\nvotre aide<\/h3>\n<p>[\/vc_column_text][dfd_spacer screen_wide_spacer_size=\u00a0\u00bb30&Prime; screen_normal_resolution=\u00a0\u00bb1024&Prime; screen_tablet_resolution=\u00a0\u00bb800&Prime; screen_mobile_resolution=\u00a0\u00bb480&Prime; screen_normal_spacer_size=\u00a0\u00bb30&Prime; screen_tablet_spacer_size=\u00a0\u00bb30&Prime; screen_mobile_spacer_size=\u00a0\u00bb30&Prime;][dfd_single_image image=\u00a0\u00bb43429&Prime;][dfd_spacer screen_wide_spacer_size=\u00a0\u00bb30&Prime; screen_normal_resolution=\u00a0\u00bb1024&Prime; screen_tablet_resolution=\u00a0\u00bb800&Prime; screen_mobile_resolution=\u00a0\u00bb480&Prime; screen_normal_spacer_size=\u00a0\u00bb30&Prime; screen_tablet_spacer_size=\u00a0\u00bb30&Prime; screen_mobile_spacer_size=\u00a0\u00bb30&Prime;][vc_column_text css=\u00a0\u00bb\u00a0\u00bb]Souvent, par peur de mal faire, nous restons indiff\u00e9rents. Nous prenons notre courage \u00e0 deux mains et faisons un geste de gentillesse, en demandant simplement \u00e0 l&rsquo;autre personne \u00ab Avez-vous besoin d&rsquo;aide ? \u00c0 notre petite \u00e9chelle, nous pouvons faire beaucoup pour rendre notre soci\u00e9t\u00e9 plus inclusive.[\/vc_column_text][\/vc_tta_section][vc_tta_section title=\u00a0\u00bb5. D\u00e9ficience auditive\u00a0\u00bb tab_id=\u00a0\u00bb1740134254400-d6cc81dd-717e\u00a0\u00bb][vc_column_text css=\u00a0\u00bb\u00a0\u00bb]<\/p>\n<h3 style=\"text-align: center;\">Aider une personne<br \/>\nd\u00e9ficience auditive<\/h3>\n<p>[\/vc_column_text][dfd_spacer screen_wide_spacer_size=\u00a0\u00bb30&Prime; screen_normal_resolution=\u00a0\u00bb1024&Prime; screen_tablet_resolution=\u00a0\u00bb800&Prime; screen_mobile_resolution=\u00a0\u00bb480&Prime; screen_normal_spacer_size=\u00a0\u00bb30&Prime; screen_tablet_spacer_size=\u00a0\u00bb30&Prime; screen_mobile_spacer_size=\u00a0\u00bb30&Prime;][dfd_single_image image=\u00a0\u00bb43433&Prime;][dfd_spacer screen_wide_spacer_size=\u00a0\u00bb30&Prime; screen_normal_resolution=\u00a0\u00bb1024&Prime; screen_tablet_resolution=\u00a0\u00bb800&Prime; screen_mobile_resolution=\u00a0\u00bb480&Prime; screen_normal_spacer_size=\u00a0\u00bb30&Prime; screen_tablet_spacer_size=\u00a0\u00bb30&Prime; screen_mobile_spacer_size=\u00a0\u00bb30&Prime;][vc_column_text css=\u00a0\u00bb\u00a0\u00bb]Une personne malentendante ou sourde ne sait pas quel bus prendre ? Vous avez besoin d&rsquo;informations ? Vous pouvez aussi l&rsquo;aider ! Parlez-lui lentement en regardant son visage, articulez bien les mots pour qu&rsquo;elle puisse lire sur vos l\u00e8vres. Ou utilisez votre t\u00e9l\u00e9phone portable, \u00e9crivez ce que vous voulez lui dire et montrez-lui le texte.[\/vc_column_text][\/vc_tta_section][\/dfd_tta_tour][\/vc_column][\/vc_row]<\/p>\n<\/div>","protected":false},"excerpt":{"rendered":"<p>[vc_row][vc_column][dfd_spacer screen_wide_spacer_size=\u00a0\u00bb100&Prime; screen_normal_resolution=\u00a0\u00bb1024&Prime; screen_tablet_resolution=\u00a0\u00bb800&Prime; screen_mobile_resolution=\u00a0\u00bb480&Prime; screen_normal_spacer_size=\u00a0\u00bb80&Prime; screen_tablet_spacer_size=\u00a0\u00bb60&Prime; screen_mobile_spacer_size=\u00a0\u00bb40&Prime;][\/vc_column][\/vc_row][vc_row css=\u00a0\u00bb.vc_custom_1568638996273{padding-right: 25px !important;padding-left: 25px !important;}\u00a0\u00bb][vc_column width=\u00a0\u00bb1\/6&Prime; col_shadow=\u00a0\u00bbbox_shadow_enable:disable|shadow_horizontal:0|shadow_vertical:15|shadow_blur:50|shadow_spread:0|box_shadow_color:rgba(0%2C0%2C0%2C0.35)\u00a0\u00bb col_shadow_hover=\u00a0\u00bbbox_shadow_enable:disable|shadow_horizontal:0|shadow_vertical:15|shadow_blur:50|shadow_spread:0|box_shadow_color:rgba(0%2C0%2C0%2C0.35)\u00a0\u00bb][\/vc_column][vc_column width=\u00a0\u00bb2\/3&Prime;][dfd_heading style=\u00a0\u00bbstyle_06&Prime; subtitle=\u00a0\u00bbCampagne de sensibilisation en coop\u00e9ration avec Inclusione Andicap Ticino\u00a0\u00bb module_animation=\u00a0\u00bbtransition.grow\u00a0\u00bb delimiter_settings=\u00a0\u00bbdelimiter_style:solid|delimiter_width:80|delimiter_height:1|delimiter_color:%23000000&Prime; delimiter_margin=\u00a0\u00bbmargin-top:10|margin-bottom:30&Prime;<\/p>\n","protected":false},"author":1,"featured_media":0,"parent":0,"menu_order":0,"comment_status":"closed","ping_status":"closed","template":"tmp-page.php","meta":{"inline_featured_image":false,"_monsterinsights_skip_tracking":false,"_monsterinsights_sitenote_active":false,"_monsterinsights_sitenote_note":"","_monsterinsights_sitenote_category":0,"footnotes":""},"class_list":["post-43156","page","type-page","status-publish","hentry"],"yoast_head":"<!-- This site is optimized with the Yoast SEO plugin v26.1.1 - https:\/\/yoast.com\/wordpress\/plugins\/seo\/ -->\n<title>Transports publics inclusifs - fartiamo<\/title>\n<meta name=\"robots\" content=\"index, follow, max-snippet:-1, max-image-preview:large, max-video-preview:-1\" \/>\n<link rel=\"canonical\" href=\"http:\/\/fartiamo.ch\/fr\/transports-publics-inclusifs\/\" \/>\n<meta property=\"og:locale\" content=\"fr_FR\" \/>\n<meta property=\"og:type\" content=\"article\" \/>\n<meta property=\"og:title\" content=\"Transports publics inclusifs - fartiamo\" \/>\n<meta property=\"og:description\" content=\"[vc_row][vc_column][dfd_spacer screen_wide_spacer_size=\u00a0\u00bb100&Prime; screen_normal_resolution=\u00a0\u00bb1024&Prime; screen_tablet_resolution=\u00a0\u00bb800&Prime; screen_mobile_resolution=\u00a0\u00bb480&Prime; screen_normal_spacer_size=\u00a0\u00bb80&Prime; screen_tablet_spacer_size=\u00a0\u00bb60&Prime; screen_mobile_spacer_size=\u00a0\u00bb40&Prime;][\/vc_column][\/vc_row][vc_row css=\u00a0\u00bb.vc_custom_1568638996273{padding-right: 25px !important;padding-left: 25px !important;}\u00a0\u00bb][vc_column width=\u00a0\u00bb1\/6&Prime; col_shadow=\u00a0\u00bbbox_shadow_enable:disable|shadow_horizontal:0|shadow_vertical:15|shadow_blur:50|shadow_spread:0|box_shadow_color:rgba(0%2C0%2C0%2C0.35)\u00a0\u00bb col_shadow_hover=\u00a0\u00bbbox_shadow_enable:disable|shadow_horizontal:0|shadow_vertical:15|shadow_blur:50|shadow_spread:0|box_shadow_color:rgba(0%2C0%2C0%2C0.35)\u00a0\u00bb][\/vc_column][vc_column width=\u00a0\u00bb2\/3&Prime;][dfd_heading style=\u00a0\u00bbstyle_06&Prime; subtitle=\u00a0\u00bbCampagne de sensibilisation en coop\u00e9ration avec Inclusione Andicap Ticino\u00a0\u00bb module_animation=\u00a0\u00bbtransition.grow\u00a0\u00bb delimiter_settings=\u00a0\u00bbdelimiter_style:solid|delimiter_width:80|delimiter_height:1|delimiter_color:%23000000&Prime; delimiter_margin=\u00a0\u00bbmargin-top:10|margin-bottom:30&Prime;\" \/>\n<meta property=\"og:url\" content=\"http:\/\/fartiamo.ch\/fr\/transports-publics-inclusifs\/\" \/>\n<meta property=\"og:site_name\" content=\"fartiamo\" \/>\n<meta property=\"article:modified_time\" content=\"2025-08-25T07:22:30+00:00\" \/>\n<meta name=\"twitter:card\" content=\"summary_large_image\" \/>\n<meta name=\"twitter:label1\" content=\"Dur\u00e9e de lecture estim\u00e9e\" \/>\n\t<meta name=\"twitter:data1\" content=\"6 minutes\" \/>\n<script type=\"application\/ld+json\" class=\"yoast-schema-graph\">{\"@context\":\"https:\/\/schema.org\",\"@graph\":[{\"@type\":\"WebPage\",\"@id\":\"http:\/\/fartiamo.ch\/fr\/transports-publics-inclusifs\/\",\"url\":\"http:\/\/fartiamo.ch\/fr\/transports-publics-inclusifs\/\",\"name\":\"Transports publics inclusifs - fartiamo\",\"isPartOf\":{\"@id\":\"http:\/\/fartiamo.ch\/fr\/#website\"},\"datePublished\":\"2025-02-21T10:17:04+00:00\",\"dateModified\":\"2025-08-25T07:22:30+00:00\",\"breadcrumb\":{\"@id\":\"http:\/\/fartiamo.ch\/fr\/transports-publics-inclusifs\/#breadcrumb\"},\"inLanguage\":\"fr-FR\",\"potentialAction\":[{\"@type\":\"ReadAction\",\"target\":[\"http:\/\/fartiamo.ch\/fr\/transports-publics-inclusifs\/\"]}]},{\"@type\":\"BreadcrumbList\",\"@id\":\"http:\/\/fartiamo.ch\/fr\/transports-publics-inclusifs\/#breadcrumb\",\"itemListElement\":[{\"@type\":\"ListItem\",\"position\":1,\"name\":\"Home\",\"item\":\"http:\/\/fartiamo.ch\/fr\/\"},{\"@type\":\"ListItem\",\"position\":2,\"name\":\"Transports publics inclusifs\"}]},{\"@type\":\"WebSite\",\"@id\":\"http:\/\/fartiamo.ch\/fr\/#website\",\"url\":\"http:\/\/fartiamo.ch\/fr\/\",\"name\":\"fartiamo\",\"description\":\"Il trasporto che unisce citt\u00e0 e valli\",\"publisher\":{\"@id\":\"http:\/\/fartiamo.ch\/fr\/#organization\"},\"potentialAction\":[{\"@type\":\"SearchAction\",\"target\":{\"@type\":\"EntryPoint\",\"urlTemplate\":\"http:\/\/fartiamo.ch\/fr\/?s={search_term_string}\"},\"query-input\":{\"@type\":\"PropertyValueSpecification\",\"valueRequired\":true,\"valueName\":\"search_term_string\"}}],\"inLanguage\":\"fr-FR\"},{\"@type\":\"Organization\",\"@id\":\"http:\/\/fartiamo.ch\/fr\/#organization\",\"name\":\"FART\",\"url\":\"http:\/\/fartiamo.ch\/fr\/\",\"logo\":{\"@type\":\"ImageObject\",\"inLanguage\":\"fr-FR\",\"@id\":\"http:\/\/fartiamo.ch\/fr\/#\/schema\/logo\/image\/\",\"url\":\"https:\/\/fartiamo.ch\/wp-content\/uploads\/2020\/11\/fart_logo_completo.svg\",\"contentUrl\":\"https:\/\/fartiamo.ch\/wp-content\/uploads\/2020\/11\/fart_logo_completo.svg\",\"width\":\"1024\",\"height\":\"1024\",\"caption\":\"FART\"},\"image\":{\"@id\":\"http:\/\/fartiamo.ch\/fr\/#\/schema\/logo\/image\/\"}}]}<\/script>\n<!-- \/ Yoast SEO plugin. -->","yoast_head_json":{"title":"Transports publics inclusifs - fartiamo","robots":{"index":"index","follow":"follow","max-snippet":"max-snippet:-1","max-image-preview":"max-image-preview:large","max-video-preview":"max-video-preview:-1"},"canonical":"http:\/\/fartiamo.ch\/fr\/transports-publics-inclusifs\/","og_locale":"fr_FR","og_type":"article","og_title":"Transports publics inclusifs - fartiamo","og_description":"[vc_row][vc_column][dfd_spacer screen_wide_spacer_size=\u00a0\u00bb100&Prime; screen_normal_resolution=\u00a0\u00bb1024&Prime; screen_tablet_resolution=\u00a0\u00bb800&Prime; screen_mobile_resolution=\u00a0\u00bb480&Prime; screen_normal_spacer_size=\u00a0\u00bb80&Prime; screen_tablet_spacer_size=\u00a0\u00bb60&Prime; screen_mobile_spacer_size=\u00a0\u00bb40&Prime;][\/vc_column][\/vc_row][vc_row css=\u00a0\u00bb.vc_custom_1568638996273{padding-right: 25px !important;padding-left: 25px !important;}\u00a0\u00bb][vc_column width=\u00a0\u00bb1\/6&Prime; col_shadow=\u00a0\u00bbbox_shadow_enable:disable|shadow_horizontal:0|shadow_vertical:15|shadow_blur:50|shadow_spread:0|box_shadow_color:rgba(0%2C0%2C0%2C0.35)\u00a0\u00bb col_shadow_hover=\u00a0\u00bbbox_shadow_enable:disable|shadow_horizontal:0|shadow_vertical:15|shadow_blur:50|shadow_spread:0|box_shadow_color:rgba(0%2C0%2C0%2C0.35)\u00a0\u00bb][\/vc_column][vc_column width=\u00a0\u00bb2\/3&Prime;][dfd_heading style=\u00a0\u00bbstyle_06&Prime; subtitle=\u00a0\u00bbCampagne de sensibilisation en coop\u00e9ration avec Inclusione Andicap Ticino\u00a0\u00bb module_animation=\u00a0\u00bbtransition.grow\u00a0\u00bb delimiter_settings=\u00a0\u00bbdelimiter_style:solid|delimiter_width:80|delimiter_height:1|delimiter_color:%23000000&Prime; delimiter_margin=\u00a0\u00bbmargin-top:10|margin-bottom:30&Prime;","og_url":"http:\/\/fartiamo.ch\/fr\/transports-publics-inclusifs\/","og_site_name":"fartiamo","article_modified_time":"2025-08-25T07:22:30+00:00","twitter_card":"summary_large_image","twitter_misc":{"Dur\u00e9e de lecture estim\u00e9e":"6 minutes"},"schema":{"@context":"https:\/\/schema.org","@graph":[{"@type":"WebPage","@id":"http:\/\/fartiamo.ch\/fr\/transports-publics-inclusifs\/","url":"http:\/\/fartiamo.ch\/fr\/transports-publics-inclusifs\/","name":"Transports publics inclusifs - fartiamo","isPartOf":{"@id":"http:\/\/fartiamo.ch\/fr\/#website"},"datePublished":"2025-02-21T10:17:04+00:00","dateModified":"2025-08-25T07:22:30+00:00","breadcrumb":{"@id":"http:\/\/fartiamo.ch\/fr\/transports-publics-inclusifs\/#breadcrumb"},"inLanguage":"fr-FR","potentialAction":[{"@type":"ReadAction","target":["http:\/\/fartiamo.ch\/fr\/transports-publics-inclusifs\/"]}]},{"@type":"BreadcrumbList","@id":"http:\/\/fartiamo.ch\/fr\/transports-publics-inclusifs\/#breadcrumb","itemListElement":[{"@type":"ListItem","position":1,"name":"Home","item":"http:\/\/fartiamo.ch\/fr\/"},{"@type":"ListItem","position":2,"name":"Transports publics inclusifs"}]},{"@type":"WebSite","@id":"http:\/\/fartiamo.ch\/fr\/#website","url":"http:\/\/fartiamo.ch\/fr\/","name":"fartiamo","description":"Il trasporto che unisce citt\u00e0 e valli","publisher":{"@id":"http:\/\/fartiamo.ch\/fr\/#organization"},"potentialAction":[{"@type":"SearchAction","target":{"@type":"EntryPoint","urlTemplate":"http:\/\/fartiamo.ch\/fr\/?s={search_term_string}"},"query-input":{"@type":"PropertyValueSpecification","valueRequired":true,"valueName":"search_term_string"}}],"inLanguage":"fr-FR"},{"@type":"Organization","@id":"http:\/\/fartiamo.ch\/fr\/#organization","name":"FART","url":"http:\/\/fartiamo.ch\/fr\/","logo":{"@type":"ImageObject","inLanguage":"fr-FR","@id":"http:\/\/fartiamo.ch\/fr\/#\/schema\/logo\/image\/","url":"https:\/\/fartiamo.ch\/wp-content\/uploads\/2020\/11\/fart_logo_completo.svg","contentUrl":"https:\/\/fartiamo.ch\/wp-content\/uploads\/2020\/11\/fart_logo_completo.svg","width":"1024","height":"1024","caption":"FART"},"image":{"@id":"http:\/\/fartiamo.ch\/fr\/#\/schema\/logo\/image\/"}}]}},"_links":{"self":[{"href":"http:\/\/fartiamo.ch\/fr\/wp-json\/wp\/v2\/pages\/43156","targetHints":{"allow":["GET"]}}],"collection":[{"href":"http:\/\/fartiamo.ch\/fr\/wp-json\/wp\/v2\/pages"}],"about":[{"href":"http:\/\/fartiamo.ch\/fr\/wp-json\/wp\/v2\/types\/page"}],"author":[{"embeddable":true,"href":"http:\/\/fartiamo.ch\/fr\/wp-json\/wp\/v2\/users\/1"}],"replies":[{"embeddable":true,"href":"http:\/\/fartiamo.ch\/fr\/wp-json\/wp\/v2\/comments?post=43156"}],"version-history":[{"count":15,"href":"http:\/\/fartiamo.ch\/fr\/wp-json\/wp\/v2\/pages\/43156\/revisions"}],"predecessor-version":[{"id":44066,"href":"http:\/\/fartiamo.ch\/fr\/wp-json\/wp\/v2\/pages\/43156\/revisions\/44066"}],"wp:attachment":[{"href":"http:\/\/fartiamo.ch\/fr\/wp-json\/wp\/v2\/media?parent=43156"}],"curies":[{"name":"wp","href":"https:\/\/api.w.org\/{rel}","templated":true}]}}