{"id":30225,"date":"2021-01-26T16:04:39","date_gmt":"2021-01-26T15:04:39","guid":{"rendered":"https:\/\/fartiamo.ch\/faq\/"},"modified":"2021-02-08T10:01:05","modified_gmt":"2021-02-08T09:01:05","slug":"faq","status":"publish","type":"page","link":"https:\/\/fartiamo.ch\/de\/faq\/","title":{"rendered":"FAQ"},"content":{"rendered":"<div class=\"wpb-content-wrapper\"><p>[vc_row][vc_column][dfd_spacer screen_wide_spacer_size=&#8220;200&#8243; screen_normal_resolution=&#8220;1024&#8243; screen_tablet_resolution=&#8220;800&#8243; screen_mobile_resolution=&#8220;480&#8243; screen_normal_spacer_size=&#8220;150&#8243; screen_tablet_spacer_size=&#8220;150&#8243; screen_mobile_spacer_size=&#8220;100&#8243;][\/vc_column][\/vc_row][vc_row css=&#8220;.vc_custom_1568638996273{padding-right: 25px !important;padding-left: 25px !important;}&#8220;][vc_column col_shadow=&#8220;box_shadow_enable:disable|shadow_horizontal:0|shadow_vertical:15|shadow_blur:50|shadow_spread:0|box_shadow_color:rgba(0%2C0%2C0%2C0.35)&#8220; col_shadow_hover=&#8220;box_shadow_enable:disable|shadow_horizontal:0|shadow_vertical:15|shadow_blur:50|shadow_spread:0|box_shadow_color:rgba(0%2C0%2C0%2C0.35)&#8220;][dfd_heading subtitle=&#8220;&#8220; enable_delimiter=&#8220;&#8220; undefined=&#8220;&#8220; title_font_options=&#8220;tag:h2&#8243; subtitle_font_options=&#8220;tag:div&#8220; title_responsive=&#8220;font_size_desktop:40|line_height_desktop:50|letter_spacing_desktop:0|font_size_tablet:40|line_height_tablet:50|letter_spacing_tablet:0|font_size_mobile:40|line_height_mobile:50|letter_spacing_mobile:0&#8243; heading_margin=&#8220;margin-bottom:30&#8243;]FAQ[\/dfd_heading][vc_column_text]<\/p>\n<h5>Was ist ein Umsteigeknoten?<\/h5>\n<p>Der Verkehrsknoten oder \u00d6V-Knoten ist ein Umsteigepunkt mit Verkn\u00fcpfung mehrerer Buslinien und kann mit einer Bahnhaltestelle kombiniert werden. Im letzteren Fall ist der Knotenpunkt in der Regel mit Parkpl\u00e4tzen ausgestattet, allerdings nur als erg\u00e4nzende Modalit\u00e4t in Bezug auf die Erreichbarkeit zu Fuss, mit dem Fahrrad oder mit den Sammel-\/Verteilerlinien.<br \/>\n<em>Definition entnommen aus: Konzeption von Haltestellen im \u00f6ffentlichen Verkehr, Kantonale Richtlinien, Dezember 2017<\/em><\/p>\n<hr \/>\n<h5>Wo kann ich den Echtzeitfahrplan sehen?<\/h5>\n<p>Fahrpl\u00e4ne in Echtzeit sind auf den neuen digitalen Fahrpl\u00e4nen an vielen Haltestellen zu sehen. Der Fahrplan kann auch bequem \u00fcber die Arcobaleno-App eingesehen werden, die eventuelle Versp\u00e4tungen anzeigt und Ihnen mitteilt, wo sich der Bus auf der Strecke befindet. Mit der App k\u00f6nnen Sie auch nach anderen Verbindungen und alternativen Routen suchen. Die App kann kostenlos heruntergeladen werden, weitere Informationen finden Sie auf der <a href=\"http:\/\/www.arcobaleno.ch\">Arcobaleno-Website<\/a>.<\/p>\n<hr \/>\n<h5>Wo kann ich mein Billett im Voraus kaufen?<\/h5>\n<p>Die Billette k\u00f6nnen im Vorverkauf direkt in der Arcobaleno App erworben werden. Dank des neuen mobilen Ticketing-Services ist es nun m\u00f6glich, Arcobaleno-Billette zu kaufen und direkt im entsprechenden Bereich zu speichern. Es gibt eine Vielzahl von Billetten, die online erworben werden k\u00f6nnen, wie z.B. Einzelbillette, Tageskarten oder Klassenwechsel. Es ist auch m\u00f6glich, Billette von und nach allen Schweizer Destinationen zu kaufen. Weitere Produkte werden zu einem sp\u00e4teren Zeitpunkt hinzugef\u00fcgt. Die App kann kostenlos heruntergeladen werden, weitere Informationen finden Sie auf der <a href=\"http:\/\/www.arcobaleno.ch\">Arcobaleno-Website<\/a>.<\/p>\n<hr \/>\n<h5>Warum sind einige Linien farbig und andere grau?<\/h5>\n<p>Das \u00f6ffentliche Verkehrssystem des Tessins entwickelt sich st\u00e4ndig weiter. Ausserdem wird an der Vereinheitlichung der den Benutzern zur Verf\u00fcgung gestellten Informationen gearbeitet. In diesem Zusammenhang werden regionale Linien nun durch die Farbe Grau gekennzeichnet, w\u00e4hrend jeder st\u00e4dtischen Linie eine bestimmte Farbe zugewiesen wird. Diese Farben finden Sie z. B. auf den Informationstafeln an den Bushaltestellen, auf den Titelseiten unserer Fahrpl\u00e4ne und auch in der Arcobaleno-App. Die Umschl\u00e4ge unserer Fahrpl\u00e4ne wurden daher ebenfalls angepasst, bitte achten Sie auf die Busnummer.<\/p>\n<hr \/>\n<h5>Mit welchen Buslinien kann ich die Haltestellen \u201eCinque Vie\u201c und \u201eS. Antonio\u201c erreichen?<\/h5>\n<p>Die Haltestelle \u201eCinque Vie\u201c wird von den st\u00e4dtischen Linien 3 und 7 und den regionalen Linien 314, 315 und 324 bedient. Die Haltestelle \u201eS. Antonio Centrale\u201c wird von der st\u00e4dtischen Linie 7, den regionalen Linien 314 und 315 und der Bahnlinie Locarno-Camedo bedient.<\/p>\n<p><strong>Bitte beachten Sie, dass die Linie 1 in diesem Bereich keine Haltestellen mehr bedient.<\/strong><\/p>\n<p><a href=\"http:\/\/www.fartiamo.ch\">Weitere Infos zu den Fahrpl\u00e4nen der FART-Linien 3, 7, 314 und 315<\/a><br \/>\n<a href=\"https:\/\/www.postauto.ch\/it\/idee-per-escursioni\/valle-onsernone\">Weitere Infos zur PostAuto-Linie 324<\/a><\/p>\n<hr \/>\n<h5>Welcher ist der schnellste Weg von Brione s. Minusio zum Bahnhof?<\/h5>\n<p>\u201eBrione s. Minusio, Chiesa\u201c ist die Endstation der neuen Linien 3 und 4. Die Linie 4 bietet eine direktere Verbindung zum Bahnhof. Mit der Linie 3, in Richtung Delta Maggia, erreichen Sie das Gebiet von \u201eS. Antonio, Cinque Vie\u201c und \u201ePiazza Castello\u201c. Die Linie 4 bietet auch eine direktere Verbindung in die Gegenrichtung (vom Bahnhof in Richtung Brione s. Minusio).<\/p>\n<hr \/>\n<h5>Welche ist die schnellste Verbindung vom Lido zum Bahnhof Locarno?<\/h5>\n<p>Vom Lido aus ist die direkteste Verbindung zum Bahnhof durch die Linie 3 gew\u00e4hrleistet.<\/p>\n<hr \/>\n<h5>Welcher ist der schnellste Weg vom Bahnhof Locarno nach Brione s. Minusio?<\/h5>\n<p>Die Linie 4 bietet eine schnellere Verbindung als die Linie 3.<\/p>\n<hr \/>\n<h5>Welche ist die schnellste Verbindung vom Bahnhof Locarno zum Lido?<\/h5>\n<p>Die Linie 3 bietet eine direkte Verbindung zum Lido und erreicht zus\u00e4tzlich das Maggia-Delta-Gebiet.<\/p>\n<hr \/>\n<h5>Ist es m\u00f6glich, mit der Linie 316 das Zentrum von Ascona zu erreichen?<\/h5>\n<p>Nein, es ist nicht mehr m\u00f6glich, mit der Linie 316 das Zentrum von Ascona zu erreichen. Sie m\u00fcssen an der Haltestelle \u201eFiume Maggia\u201c aussteigen und die Linie 1 in Richtung Losone nehmen.<\/p>\n<p><a href=\"https:\/\/fartiamo.ch\/de\/linie-1\/\">Weitere Infos zur Linie 1<\/a><br \/>\n<a href=\"https:\/\/fartiamo.ch\/de\/linie-316\/\">Weitere Infos zur Linie 316<\/a><\/p>\n<p>&nbsp;<\/p>\n<hr \/>\n<h5>Mit welchen Linien kann man das FEVI-Gebiet erreichen, welche nicht mehr von der Linie 311 bedient wird?<\/h5>\n<p>Die neue Haltestelle \u201ePalexpo\u201c (Linie 1 und 316) ist die Haltestelle f\u00fcr den Palazzetto Fevi.<\/p>\n<p><a href=\"https:\/\/fartiamo.ch\/de\/linie-1\/\">Weitere Infos zur Linie 1<\/a><strong><br \/>\n<\/strong><a href=\"https:\/\/fartiamo.ch\/de\/linie-316\/\">Weitere Infos zur Linie 316<\/a>[\/vc_column_text][\/vc_column][\/vc_row][vc_row][vc_column][dfd_spacer screen_wide_spacer_size=&#8220;150&#8243; screen_normal_resolution=&#8220;1024&#8243; screen_tablet_resolution=&#8220;800&#8243; screen_mobile_resolution=&#8220;480&#8243; screen_normal_spacer_size=&#8220;150&#8243; screen_tablet_spacer_size=&#8220;100&#8243; screen_mobile_spacer_size=&#8220;80&#8243;][\/vc_column][\/vc_row]<\/p>\n<\/div>","protected":false},"excerpt":{"rendered":"<p>[vc_row][vc_column][dfd_spacer screen_wide_spacer_size=&#8220;200&#8243; screen_normal_resolution=&#8220;1024&#8243; screen_tablet_resolution=&#8220;800&#8243; screen_mobile_resolution=&#8220;480&#8243; screen_normal_spacer_size=&#8220;150&#8243; screen_tablet_spacer_size=&#8220;150&#8243; screen_mobile_spacer_size=&#8220;100&#8243;][\/vc_column][\/vc_row][vc_row css=&#8220;.vc_custom_1568638996273{padding-right: 25px !important;padding-left: 25px !important;}&#8220;][vc_column col_shadow=&#8220;box_shadow_enable:disable|shadow_horizontal:0|shadow_vertical:15|shadow_blur:50|shadow_spread:0|box_shadow_color:rgba(0%2C0%2C0%2C0.35)&#8220; col_shadow_hover=&#8220;box_shadow_enable:disable|shadow_horizontal:0|shadow_vertical:15|shadow_blur:50|shadow_spread:0|box_shadow_color:rgba(0%2C0%2C0%2C0.35)&#8220;][dfd_heading subtitle=&#8220;&#8220; enable_delimiter=&#8220;&#8220; undefined=&#8220;&#8220; title_font_options=&#8220;tag:h2&#8243; subtitle_font_options=&#8220;tag:div&#8220; title_responsive=&#8220;font_size_desktop:40|line_height_desktop:50|letter_spacing_desktop:0|font_size_tablet:40|line_height_tablet:50|letter_spacing_tablet:0|font_size_mobile:40|line_height_mobile:50|letter_spacing_mobile:0&#8243; heading_margin=&#8220;margin-bottom:30&#8243;]FAQ[\/dfd_heading][vc_column_text] Was ist ein Umsteigeknoten? Der Verkehrsknoten oder \u00d6V-Knoten<\/p>\n","protected":false},"author":1,"featured_media":0,"parent":0,"menu_order":0,"comment_status":"closed","ping_status":"closed","template":"tmp-page.php","meta":{"inline_featured_image":false,"_monsterinsights_skip_tracking":false,"_monsterinsights_sitenote_active":false,"_monsterinsights_sitenote_note":"","_monsterinsights_sitenote_category":0,"footnotes":""},"class_list":["post-30225","page","type-page","status-publish","hentry"],"yoast_head":"<!-- This site is optimized with the Yoast SEO plugin v27.4 - https:\/\/yoast.com\/product\/yoast-seo-wordpress\/ -->\n<title>FAQ - fartiamo - FART - Fahrplanwechseln<\/title>\n<meta name=\"description\" content=\"FART \u2013 Fahrplanwechseln \u2013 Die Entwicklung des \u00f6ffentlichen Verkehrs in der Region Locarno ist Teil des umfassenden Agglomerations-Programm...\" \/>\n<meta name=\"robots\" content=\"index, follow, max-snippet:-1, max-image-preview:large, max-video-preview:-1\" \/>\n<link rel=\"canonical\" href=\"https:\/\/fartiamo.ch\/de\/faq\/\" \/>\n<meta property=\"og:locale\" content=\"de_DE\" \/>\n<meta property=\"og:type\" content=\"article\" \/>\n<meta property=\"og:title\" content=\"FAQ - fartiamo - FART - Fahrplanwechseln\" \/>\n<meta property=\"og:description\" content=\"FART \u2013 Fahrplanwechseln \u2013 Die Entwicklung des \u00f6ffentlichen Verkehrs in der Region Locarno ist Teil des umfassenden Agglomerations-Programm...\" \/>\n<meta property=\"og:url\" content=\"https:\/\/fartiamo.ch\/de\/faq\/\" \/>\n<meta property=\"og:site_name\" content=\"fartiamo\" \/>\n<meta property=\"article:modified_time\" content=\"2021-02-08T09:01:05+00:00\" \/>\n<meta name=\"twitter:card\" content=\"summary_large_image\" \/>\n<meta name=\"twitter:label1\" content=\"Gesch\u00e4tzte Lesezeit\" \/>\n\t<meta name=\"twitter:data1\" content=\"4\u00a0Minuten\" \/>\n<script type=\"application\/ld+json\" class=\"yoast-schema-graph\">{\"@context\":\"https:\\\/\\\/schema.org\",\"@graph\":[{\"@type\":\"WebPage\",\"@id\":\"https:\\\/\\\/fartiamo.ch\\\/de\\\/faq\\\/\",\"url\":\"https:\\\/\\\/fartiamo.ch\\\/de\\\/faq\\\/\",\"name\":\"FAQ - fartiamo - FART - Fahrplanwechseln\",\"isPartOf\":{\"@id\":\"https:\\\/\\\/fartiamo.ch\\\/de\\\/#website\"},\"datePublished\":\"2021-01-26T15:04:39+00:00\",\"dateModified\":\"2021-02-08T09:01:05+00:00\",\"description\":\"FART \u2013 Fahrplanwechseln \u2013 Die Entwicklung des \u00f6ffentlichen Verkehrs in der Region Locarno ist Teil des umfassenden Agglomerations-Programm...\",\"breadcrumb\":{\"@id\":\"https:\\\/\\\/fartiamo.ch\\\/de\\\/faq\\\/#breadcrumb\"},\"inLanguage\":\"de\",\"potentialAction\":[{\"@type\":\"ReadAction\",\"target\":[\"https:\\\/\\\/fartiamo.ch\\\/de\\\/faq\\\/\"]}]},{\"@type\":\"BreadcrumbList\",\"@id\":\"https:\\\/\\\/fartiamo.ch\\\/de\\\/faq\\\/#breadcrumb\",\"itemListElement\":[{\"@type\":\"ListItem\",\"position\":1,\"name\":\"Home\",\"item\":\"https:\\\/\\\/fartiamo.ch\\\/de\\\/\"},{\"@type\":\"ListItem\",\"position\":2,\"name\":\"FAQ\"}]},{\"@type\":\"WebSite\",\"@id\":\"https:\\\/\\\/fartiamo.ch\\\/de\\\/#website\",\"url\":\"https:\\\/\\\/fartiamo.ch\\\/de\\\/\",\"name\":\"fartiamo\",\"description\":\"Il trasporto che unisce citt\u00e0 e valli\",\"publisher\":{\"@id\":\"https:\\\/\\\/fartiamo.ch\\\/de\\\/#organization\"},\"potentialAction\":[{\"@type\":\"SearchAction\",\"target\":{\"@type\":\"EntryPoint\",\"urlTemplate\":\"https:\\\/\\\/fartiamo.ch\\\/de\\\/?s={search_term_string}\"},\"query-input\":{\"@type\":\"PropertyValueSpecification\",\"valueRequired\":true,\"valueName\":\"search_term_string\"}}],\"inLanguage\":\"de\"},{\"@type\":\"Organization\",\"@id\":\"https:\\\/\\\/fartiamo.ch\\\/de\\\/#organization\",\"name\":\"FART\",\"url\":\"https:\\\/\\\/fartiamo.ch\\\/de\\\/\",\"logo\":{\"@type\":\"ImageObject\",\"inLanguage\":\"de\",\"@id\":\"https:\\\/\\\/fartiamo.ch\\\/de\\\/#\\\/schema\\\/logo\\\/image\\\/\",\"url\":\"https:\\\/\\\/fartiamo.ch\\\/wp-content\\\/uploads\\\/2020\\\/11\\\/fart_logo_completo.svg\",\"contentUrl\":\"https:\\\/\\\/fartiamo.ch\\\/wp-content\\\/uploads\\\/2020\\\/11\\\/fart_logo_completo.svg\",\"width\":\"1024\",\"height\":\"1024\",\"caption\":\"FART\"},\"image\":{\"@id\":\"https:\\\/\\\/fartiamo.ch\\\/de\\\/#\\\/schema\\\/logo\\\/image\\\/\"}}]}<\/script>\n<!-- \/ Yoast SEO plugin. -->","yoast_head_json":{"title":"FAQ - fartiamo - FART - Fahrplanwechseln","description":"FART \u2013 Fahrplanwechseln \u2013 Die Entwicklung des \u00f6ffentlichen Verkehrs in der Region Locarno ist Teil des umfassenden Agglomerations-Programm...","robots":{"index":"index","follow":"follow","max-snippet":"max-snippet:-1","max-image-preview":"max-image-preview:large","max-video-preview":"max-video-preview:-1"},"canonical":"https:\/\/fartiamo.ch\/de\/faq\/","og_locale":"de_DE","og_type":"article","og_title":"FAQ - fartiamo - FART - Fahrplanwechseln","og_description":"FART \u2013 Fahrplanwechseln \u2013 Die Entwicklung des \u00f6ffentlichen Verkehrs in der Region Locarno ist Teil des umfassenden Agglomerations-Programm...","og_url":"https:\/\/fartiamo.ch\/de\/faq\/","og_site_name":"fartiamo","article_modified_time":"2021-02-08T09:01:05+00:00","twitter_card":"summary_large_image","twitter_misc":{"Gesch\u00e4tzte Lesezeit":"4\u00a0Minuten"},"schema":{"@context":"https:\/\/schema.org","@graph":[{"@type":"WebPage","@id":"https:\/\/fartiamo.ch\/de\/faq\/","url":"https:\/\/fartiamo.ch\/de\/faq\/","name":"FAQ - fartiamo - FART - Fahrplanwechseln","isPartOf":{"@id":"https:\/\/fartiamo.ch\/de\/#website"},"datePublished":"2021-01-26T15:04:39+00:00","dateModified":"2021-02-08T09:01:05+00:00","description":"FART \u2013 Fahrplanwechseln \u2013 Die Entwicklung des \u00f6ffentlichen Verkehrs in der Region Locarno ist Teil des umfassenden Agglomerations-Programm...","breadcrumb":{"@id":"https:\/\/fartiamo.ch\/de\/faq\/#breadcrumb"},"inLanguage":"de","potentialAction":[{"@type":"ReadAction","target":["https:\/\/fartiamo.ch\/de\/faq\/"]}]},{"@type":"BreadcrumbList","@id":"https:\/\/fartiamo.ch\/de\/faq\/#breadcrumb","itemListElement":[{"@type":"ListItem","position":1,"name":"Home","item":"https:\/\/fartiamo.ch\/de\/"},{"@type":"ListItem","position":2,"name":"FAQ"}]},{"@type":"WebSite","@id":"https:\/\/fartiamo.ch\/de\/#website","url":"https:\/\/fartiamo.ch\/de\/","name":"fartiamo","description":"Il trasporto che unisce citt\u00e0 e valli","publisher":{"@id":"https:\/\/fartiamo.ch\/de\/#organization"},"potentialAction":[{"@type":"SearchAction","target":{"@type":"EntryPoint","urlTemplate":"https:\/\/fartiamo.ch\/de\/?s={search_term_string}"},"query-input":{"@type":"PropertyValueSpecification","valueRequired":true,"valueName":"search_term_string"}}],"inLanguage":"de"},{"@type":"Organization","@id":"https:\/\/fartiamo.ch\/de\/#organization","name":"FART","url":"https:\/\/fartiamo.ch\/de\/","logo":{"@type":"ImageObject","inLanguage":"de","@id":"https:\/\/fartiamo.ch\/de\/#\/schema\/logo\/image\/","url":"https:\/\/fartiamo.ch\/wp-content\/uploads\/2020\/11\/fart_logo_completo.svg","contentUrl":"https:\/\/fartiamo.ch\/wp-content\/uploads\/2020\/11\/fart_logo_completo.svg","width":"1024","height":"1024","caption":"FART"},"image":{"@id":"https:\/\/fartiamo.ch\/de\/#\/schema\/logo\/image\/"}}]}},"_links":{"self":[{"href":"https:\/\/fartiamo.ch\/de\/wp-json\/wp\/v2\/pages\/30225","targetHints":{"allow":["GET"]}}],"collection":[{"href":"https:\/\/fartiamo.ch\/de\/wp-json\/wp\/v2\/pages"}],"about":[{"href":"https:\/\/fartiamo.ch\/de\/wp-json\/wp\/v2\/types\/page"}],"author":[{"embeddable":true,"href":"https:\/\/fartiamo.ch\/de\/wp-json\/wp\/v2\/users\/1"}],"replies":[{"embeddable":true,"href":"https:\/\/fartiamo.ch\/de\/wp-json\/wp\/v2\/comments?post=30225"}],"version-history":[{"count":8,"href":"https:\/\/fartiamo.ch\/de\/wp-json\/wp\/v2\/pages\/30225\/revisions"}],"predecessor-version":[{"id":31157,"href":"https:\/\/fartiamo.ch\/de\/wp-json\/wp\/v2\/pages\/30225\/revisions\/31157"}],"wp:attachment":[{"href":"https:\/\/fartiamo.ch\/de\/wp-json\/wp\/v2\/media?parent=30225"}],"curies":[{"name":"wp","href":"https:\/\/api.w.org\/{rel}","templated":true}]}}