{"id":30231,"date":"2021-01-26T16:34:19","date_gmt":"2021-01-26T15:34:19","guid":{"rendered":"https:\/\/fartiamo.ch\/fart\/"},"modified":"2021-02-08T10:01:35","modified_gmt":"2021-02-08T09:01:35","slug":"fart","status":"publish","type":"page","link":"https:\/\/fartiamo.ch\/de\/fart\/","title":{"rendered":"FART"},"content":{"rendered":"<div class=\"wpb-content-wrapper\"><p>[vc_row][vc_column][dfd_spacer screen_wide_spacer_size=&#8220;200&#8243; screen_normal_resolution=&#8220;1024&#8243; screen_tablet_resolution=&#8220;800&#8243; screen_mobile_resolution=&#8220;480&#8243; screen_normal_spacer_size=&#8220;150&#8243; screen_tablet_spacer_size=&#8220;150&#8243; screen_mobile_spacer_size=&#8220;100&#8243;][\/vc_column][\/vc_row][vc_row css=&#8220;.vc_custom_1568638996273{padding-right: 25px !important;padding-left: 25px !important;}&#8220;][vc_column width=&#8220;1\/6&#8243; col_shadow=&#8220;box_shadow_enable:disable|shadow_horizontal:0|shadow_vertical:15|shadow_blur:50|shadow_spread:0|box_shadow_color:rgba(0%2C0%2C0%2C0.35)&#8220; col_shadow_hover=&#8220;box_shadow_enable:disable|shadow_horizontal:0|shadow_vertical:15|shadow_blur:50|shadow_spread:0|box_shadow_color:rgba(0%2C0%2C0%2C0.35)&#8220;][\/vc_column][vc_column width=&#8220;2\/3&#8243;][dfd_heading subtitle=&#8220;&#8220; enable_delimiter=&#8220;&#8220; undefined=&#8220;&#8220; title_font_options=&#8220;tag:h2&#8243; subtitle_font_options=&#8220;tag:div&#8220; title_responsive=&#8220;font_size_desktop:40|line_height_desktop:50|letter_spacing_desktop:0|font_size_tablet:40|line_height_tablet:50|letter_spacing_tablet:0|font_size_mobile:40|line_height_mobile:50|letter_spacing_mobile:0&#8243; heading_margin=&#8220;margin-bottom:30&#8243;]FART[\/dfd_heading][vc_column_text css=&#8220;.vc_custom_1606294390037{padding-bottom: 60px !important;}&#8220;]Unser Unternehmen hat seine eigenen Wurzeln in der Geschichte und in dem Gebiet, das es beherbergt. Eine Geschichte, die von einer grossen Vision ausgeht: eine Bahnverbindung zwischen Locarno und Domodossola zu erstellen und unseren Kanton \u00fcber den Simplon mit dem ganzen Rest der Schweiz zu verbinden. Ein Gebiet, das sich von den Ufern des Lago Maggiores bis zu den umliegenden T\u00e4lern erstreckt, durchzogen von Strassen und Bahnlinien die auch die entlegensten Gebiete erreichen und das Herzst\u00fcck unseres Unternehmens darstellen.<\/p>\n<p>Geboren als Bahntransportunternehmen, konnten wir durch die Entwicklung unserer Aktivit\u00e4ten in anderen Bereichen des \u00f6ffentlichen Verkehrs und des Tourismus wachsen, indem wir unser Angebot auf Buslinien und das Management von zwei Luftseilbahnen erweitert haben.<\/p>\n<p>Seit 1923 haben wir einen langen Weg und zahlreiche Erfolge und Herausforderungen hinter uns gebracht. In einem sich laufend ver\u00e4ndernden Markt haben wir uns st\u00e4ndig erneuert, indem wir die Qualit\u00e4t unseres Angebots erh\u00f6ht, uns mit Sorgfalt unseren Infrastrukturen gewidmet und eine Unternehmenskultur entwickelt haben, die zunehmend kundenorientiert und auf die Bed\u00fcrfnisse des \u00f6ffentlichen und touristischen Verkehrs ausgerichtet ist.<\/p>\n<p>Die Zukunft h\u00e4lt neue Herausforderungen f\u00fcr uns bereit, auf die wir uns mit Investitionen in unser Unternehmen und unsere Mitarbeiter vorbereiten, um gemeinsam neue wichtige Projekte zu realisieren. Herausforderungen, die wir auch dank der Unterst\u00fctzung von Bund und Kanton annehmen k\u00f6nnen.[\/vc_column_text][dfd_icon_list list_fields=&#8220;%5B%7B%22icon_type%22%3A%22selector%22%2C%22select_icon%22%3A%22dfd_icons%22%2C%22ic_dfd_icons%22%3A%22dfd-socicon-book%22%2C%22text_content%22%3A%22Scarica%20il%20profilo%20aziendale%22%2C%22link_box%22%3A%22link_b%22%2C%22link%22%3A%22url%3Ahttps%253A%252F%252Ffartiamo.ch%252Fwp-content%252Fuploads%252F2020%252F11%252FProfilo-aziendale.pdf%7Ctarget%3A_blank%22%7D%5D&#8220; icon_border=&#8220;border_style:solid|border_radius:100|border_color:%23312783&#8243; main_style=&#8220;style-1&#8243; icon_size=&#8220;25&#8243; icon_color=&#8220;#ffffff&#8220; icon_background=&#8220;#312783&#8243; background_size=&#8220;60&#8243; icon_margin=&#8220;20&#8243; icon_bottom_spase=&#8220;10&#8243; font_options=&#8220;tag:div|font_size:18|color:%23312783|letter_spacing:0&#8243; use_google_fonts=&#8220;yes&#8220; custom_fonts=&#8220;font_family:Montserrat%3Aregular%2C700|font_style:700%20bold%20regular%3A700%3Anormal&#8220;][\/vc_column][vc_column width=&#8220;1\/6&#8243;][\/vc_column][\/vc_row][vc_row][vc_column][dfd_spacer screen_wide_spacer_size=&#8220;150&#8243; screen_normal_resolution=&#8220;1024&#8243; screen_tablet_resolution=&#8220;800&#8243; screen_mobile_resolution=&#8220;480&#8243; screen_normal_spacer_size=&#8220;150&#8243; screen_tablet_spacer_size=&#8220;100&#8243; screen_mobile_spacer_size=&#8220;80&#8243;][\/vc_column][\/vc_row]<\/p>\n<\/div>","protected":false},"excerpt":{"rendered":"<p>[vc_row][vc_column][dfd_spacer screen_wide_spacer_size=&#8220;200&#8243; screen_normal_resolution=&#8220;1024&#8243; screen_tablet_resolution=&#8220;800&#8243; screen_mobile_resolution=&#8220;480&#8243; screen_normal_spacer_size=&#8220;150&#8243; screen_tablet_spacer_size=&#8220;150&#8243; screen_mobile_spacer_size=&#8220;100&#8243;][\/vc_column][\/vc_row][vc_row css=&#8220;.vc_custom_1568638996273{padding-right: 25px !important;padding-left: 25px !important;}&#8220;][vc_column width=&#8220;1\/6&#8243; col_shadow=&#8220;box_shadow_enable:disable|shadow_horizontal:0|shadow_vertical:15|shadow_blur:50|shadow_spread:0|box_shadow_color:rgba(0%2C0%2C0%2C0.35)&#8220; col_shadow_hover=&#8220;box_shadow_enable:disable|shadow_horizontal:0|shadow_vertical:15|shadow_blur:50|shadow_spread:0|box_shadow_color:rgba(0%2C0%2C0%2C0.35)&#8220;][\/vc_column][vc_column width=&#8220;2\/3&#8243;][dfd_heading subtitle=&#8220;&#8220; enable_delimiter=&#8220;&#8220; undefined=&#8220;&#8220; title_font_options=&#8220;tag:h2&#8243; subtitle_font_options=&#8220;tag:div&#8220; title_responsive=&#8220;font_size_desktop:40|line_height_desktop:50|letter_spacing_desktop:0|font_size_tablet:40|line_height_tablet:50|letter_spacing_tablet:0|font_size_mobile:40|line_height_mobile:50|letter_spacing_mobile:0&#8243; heading_margin=&#8220;margin-bottom:30&#8243;]FART[\/dfd_heading][vc_column_text css=&#8220;.vc_custom_1606294390037{padding-bottom: 60px !important;}&#8220;]Unser Unternehmen hat seine<\/p>\n","protected":false},"author":1,"featured_media":0,"parent":0,"menu_order":0,"comment_status":"closed","ping_status":"closed","template":"tmp-page.php","meta":{"inline_featured_image":false,"_monsterinsights_skip_tracking":false,"_monsterinsights_sitenote_active":false,"_monsterinsights_sitenote_note":"","_monsterinsights_sitenote_category":0,"footnotes":""},"class_list":["post-30231","page","type-page","status-publish","hentry"],"yoast_head":"<!-- This site is optimized with the Yoast SEO plugin v26.1.1 - https:\/\/yoast.com\/wordpress\/plugins\/seo\/ -->\n<title>FART - fartiamo - FART - Fahrplanwechseln<\/title>\n<meta name=\"description\" content=\"FART \u2013 Fahrplanwechseln \u2013 Die Entwicklung des \u00f6ffentlichen Verkehrs in der Region Locarno ist Teil des umfassenden Agglomerations-Programm...\" \/>\n<meta name=\"robots\" content=\"index, follow, max-snippet:-1, max-image-preview:large, max-video-preview:-1\" \/>\n<link rel=\"canonical\" href=\"https:\/\/fartiamo.ch\/de\/fart\/\" \/>\n<meta property=\"og:locale\" content=\"de_DE\" \/>\n<meta property=\"og:type\" content=\"article\" \/>\n<meta property=\"og:title\" content=\"FART - fartiamo - FART - Fahrplanwechseln\" \/>\n<meta property=\"og:description\" content=\"FART \u2013 Fahrplanwechseln \u2013 Die Entwicklung des \u00f6ffentlichen Verkehrs in der Region Locarno ist Teil des umfassenden Agglomerations-Programm...\" \/>\n<meta property=\"og:url\" content=\"https:\/\/fartiamo.ch\/de\/fart\/\" \/>\n<meta property=\"og:site_name\" content=\"fartiamo\" \/>\n<meta property=\"article:modified_time\" content=\"2021-02-08T09:01:35+00:00\" \/>\n<meta name=\"twitter:card\" content=\"summary_large_image\" \/>\n<meta name=\"twitter:label1\" content=\"Gesch\u00e4tzte Lesezeit\" \/>\n\t<meta name=\"twitter:data1\" content=\"2\u00a0Minuten\" \/>\n<script type=\"application\/ld+json\" class=\"yoast-schema-graph\">{\"@context\":\"https:\/\/schema.org\",\"@graph\":[{\"@type\":\"WebPage\",\"@id\":\"https:\/\/fartiamo.ch\/de\/fart\/\",\"url\":\"https:\/\/fartiamo.ch\/de\/fart\/\",\"name\":\"FART - fartiamo - FART - Fahrplanwechseln\",\"isPartOf\":{\"@id\":\"https:\/\/fartiamo.ch\/de\/#website\"},\"datePublished\":\"2021-01-26T15:34:19+00:00\",\"dateModified\":\"2021-02-08T09:01:35+00:00\",\"description\":\"FART \u2013 Fahrplanwechseln \u2013 Die Entwicklung des \u00f6ffentlichen Verkehrs in der Region Locarno ist Teil des umfassenden Agglomerations-Programm...\",\"breadcrumb\":{\"@id\":\"https:\/\/fartiamo.ch\/de\/fart\/#breadcrumb\"},\"inLanguage\":\"de\",\"potentialAction\":[{\"@type\":\"ReadAction\",\"target\":[\"https:\/\/fartiamo.ch\/de\/fart\/\"]}]},{\"@type\":\"BreadcrumbList\",\"@id\":\"https:\/\/fartiamo.ch\/de\/fart\/#breadcrumb\",\"itemListElement\":[{\"@type\":\"ListItem\",\"position\":1,\"name\":\"Home\",\"item\":\"http:\/\/fartiamo.ch\/de\/\"},{\"@type\":\"ListItem\",\"position\":2,\"name\":\"FART\"}]},{\"@type\":\"WebSite\",\"@id\":\"https:\/\/fartiamo.ch\/de\/#website\",\"url\":\"https:\/\/fartiamo.ch\/de\/\",\"name\":\"fartiamo\",\"description\":\"Il trasporto che unisce citt\u00e0 e valli\",\"publisher\":{\"@id\":\"https:\/\/fartiamo.ch\/de\/#organization\"},\"potentialAction\":[{\"@type\":\"SearchAction\",\"target\":{\"@type\":\"EntryPoint\",\"urlTemplate\":\"https:\/\/fartiamo.ch\/de\/?s={search_term_string}\"},\"query-input\":{\"@type\":\"PropertyValueSpecification\",\"valueRequired\":true,\"valueName\":\"search_term_string\"}}],\"inLanguage\":\"de\"},{\"@type\":\"Organization\",\"@id\":\"https:\/\/fartiamo.ch\/de\/#organization\",\"name\":\"FART\",\"url\":\"https:\/\/fartiamo.ch\/de\/\",\"logo\":{\"@type\":\"ImageObject\",\"inLanguage\":\"de\",\"@id\":\"https:\/\/fartiamo.ch\/de\/#\/schema\/logo\/image\/\",\"url\":\"https:\/\/fartiamo.ch\/wp-content\/uploads\/2020\/11\/fart_logo_completo.svg\",\"contentUrl\":\"https:\/\/fartiamo.ch\/wp-content\/uploads\/2020\/11\/fart_logo_completo.svg\",\"width\":\"1024\",\"height\":\"1024\",\"caption\":\"FART\"},\"image\":{\"@id\":\"https:\/\/fartiamo.ch\/de\/#\/schema\/logo\/image\/\"}}]}<\/script>\n<!-- \/ Yoast SEO plugin. -->","yoast_head_json":{"title":"FART - fartiamo - FART - Fahrplanwechseln","description":"FART \u2013 Fahrplanwechseln \u2013 Die Entwicklung des \u00f6ffentlichen Verkehrs in der Region Locarno ist Teil des umfassenden Agglomerations-Programm...","robots":{"index":"index","follow":"follow","max-snippet":"max-snippet:-1","max-image-preview":"max-image-preview:large","max-video-preview":"max-video-preview:-1"},"canonical":"https:\/\/fartiamo.ch\/de\/fart\/","og_locale":"de_DE","og_type":"article","og_title":"FART - fartiamo - FART - Fahrplanwechseln","og_description":"FART \u2013 Fahrplanwechseln \u2013 Die Entwicklung des \u00f6ffentlichen Verkehrs in der Region Locarno ist Teil des umfassenden Agglomerations-Programm...","og_url":"https:\/\/fartiamo.ch\/de\/fart\/","og_site_name":"fartiamo","article_modified_time":"2021-02-08T09:01:35+00:00","twitter_card":"summary_large_image","twitter_misc":{"Gesch\u00e4tzte Lesezeit":"2\u00a0Minuten"},"schema":{"@context":"https:\/\/schema.org","@graph":[{"@type":"WebPage","@id":"https:\/\/fartiamo.ch\/de\/fart\/","url":"https:\/\/fartiamo.ch\/de\/fart\/","name":"FART - fartiamo - FART - Fahrplanwechseln","isPartOf":{"@id":"https:\/\/fartiamo.ch\/de\/#website"},"datePublished":"2021-01-26T15:34:19+00:00","dateModified":"2021-02-08T09:01:35+00:00","description":"FART \u2013 Fahrplanwechseln \u2013 Die Entwicklung des \u00f6ffentlichen Verkehrs in der Region Locarno ist Teil des umfassenden Agglomerations-Programm...","breadcrumb":{"@id":"https:\/\/fartiamo.ch\/de\/fart\/#breadcrumb"},"inLanguage":"de","potentialAction":[{"@type":"ReadAction","target":["https:\/\/fartiamo.ch\/de\/fart\/"]}]},{"@type":"BreadcrumbList","@id":"https:\/\/fartiamo.ch\/de\/fart\/#breadcrumb","itemListElement":[{"@type":"ListItem","position":1,"name":"Home","item":"http:\/\/fartiamo.ch\/de\/"},{"@type":"ListItem","position":2,"name":"FART"}]},{"@type":"WebSite","@id":"https:\/\/fartiamo.ch\/de\/#website","url":"https:\/\/fartiamo.ch\/de\/","name":"fartiamo","description":"Il trasporto che unisce citt\u00e0 e valli","publisher":{"@id":"https:\/\/fartiamo.ch\/de\/#organization"},"potentialAction":[{"@type":"SearchAction","target":{"@type":"EntryPoint","urlTemplate":"https:\/\/fartiamo.ch\/de\/?s={search_term_string}"},"query-input":{"@type":"PropertyValueSpecification","valueRequired":true,"valueName":"search_term_string"}}],"inLanguage":"de"},{"@type":"Organization","@id":"https:\/\/fartiamo.ch\/de\/#organization","name":"FART","url":"https:\/\/fartiamo.ch\/de\/","logo":{"@type":"ImageObject","inLanguage":"de","@id":"https:\/\/fartiamo.ch\/de\/#\/schema\/logo\/image\/","url":"https:\/\/fartiamo.ch\/wp-content\/uploads\/2020\/11\/fart_logo_completo.svg","contentUrl":"https:\/\/fartiamo.ch\/wp-content\/uploads\/2020\/11\/fart_logo_completo.svg","width":"1024","height":"1024","caption":"FART"},"image":{"@id":"https:\/\/fartiamo.ch\/de\/#\/schema\/logo\/image\/"}}]}},"_links":{"self":[{"href":"https:\/\/fartiamo.ch\/de\/wp-json\/wp\/v2\/pages\/30231","targetHints":{"allow":["GET"]}}],"collection":[{"href":"https:\/\/fartiamo.ch\/de\/wp-json\/wp\/v2\/pages"}],"about":[{"href":"https:\/\/fartiamo.ch\/de\/wp-json\/wp\/v2\/types\/page"}],"author":[{"embeddable":true,"href":"https:\/\/fartiamo.ch\/de\/wp-json\/wp\/v2\/users\/1"}],"replies":[{"embeddable":true,"href":"https:\/\/fartiamo.ch\/de\/wp-json\/wp\/v2\/comments?post=30231"}],"version-history":[{"count":8,"href":"https:\/\/fartiamo.ch\/de\/wp-json\/wp\/v2\/pages\/30231\/revisions"}],"predecessor-version":[{"id":31163,"href":"https:\/\/fartiamo.ch\/de\/wp-json\/wp\/v2\/pages\/30231\/revisions\/31163"}],"wp:attachment":[{"href":"https:\/\/fartiamo.ch\/de\/wp-json\/wp\/v2\/media?parent=30231"}],"curies":[{"name":"wp","href":"https:\/\/api.w.org\/{rel}","templated":true}]}}