{"id":30265,"date":"2021-01-27T09:18:41","date_gmt":"2021-01-27T08:18:41","guid":{"rendered":"https:\/\/fartiamo.ch\/die-neue-technologien\/"},"modified":"2021-12-09T16:23:44","modified_gmt":"2021-12-09T15:23:44","slug":"die-neue-technologien","status":"publish","type":"page","link":"https:\/\/fartiamo.ch\/de\/die-neue-technologien\/","title":{"rendered":"LINEE E SERVIZI \u2013 Die Neue Technologien"},"content":{"rendered":"<div class=\"wpb-content-wrapper\"><p>[vc_row][vc_column][dfd_spacer screen_wide_spacer_size=&#8220;100&#8243; screen_normal_resolution=&#8220;1024&#8243; screen_tablet_resolution=&#8220;800&#8243; screen_mobile_resolution=&#8220;480&#8243; screen_normal_spacer_size=&#8220;80&#8243; screen_tablet_spacer_size=&#8220;60&#8243; screen_mobile_spacer_size=&#8220;40&#8243;][\/vc_column][\/vc_row][vc_row css=&#8220;.vc_custom_1568638996273{padding-right: 25px !important;padding-left: 25px !important;}&#8220;][vc_column width=&#8220;1\/6&#8243; col_shadow=&#8220;box_shadow_enable:disable|shadow_horizontal:0|shadow_vertical:15|shadow_blur:50|shadow_spread:0|box_shadow_color:rgba(0%2C0%2C0%2C0.35)&#8220; col_shadow_hover=&#8220;box_shadow_enable:disable|shadow_horizontal:0|shadow_vertical:15|shadow_blur:50|shadow_spread:0|box_shadow_color:rgba(0%2C0%2C0%2C0.35)&#8220;][\/vc_column][vc_column width=&#8220;2\/3&#8243;][dfd_heading style=&#8220;style_06&#8243; subtitle=&#8220;&#8220; module_animation=&#8220;transition.grow&#8220; enable_delimiter=&#8220;&#8220; undefined=&#8220;&#8220; title_font_options=&#8220;tag:h1&#8243; subtitle_font_options=&#8220;tag:h3&#8243; title_responsive=&#8220;font_size_desktop:45|line_height_desktop:55|letter_spacing_desktop:0|font_size_tablet:40|line_height_tablet:50|letter_spacing_tablet:0|font_size_mobile:35|line_height_mobile:45|letter_spacing_mobile:0&#8243; heading_margin=&#8220;margin-bottom:30&#8243; subtitle_responsive=&#8220;font_size_desktop:26|line_height_desktop:40|letter_spacing_desktop:0|font_size_tablet:24|line_height_tablet:38|letter_spacing_tablet:0|font_size_mobile:22|line_height_mobile:36|letter_spacing_mobile:0&#8243;]Die Neue Technologien[\/dfd_heading][vc_column_text css=&#8220;.vc_custom_1635864029791{padding-bottom: 60px !important;}&#8220;]Von den Informationstafeln mit Echtzeit-Ank\u00fcnften bis hin zu den Online-Fahrpl\u00e4nen und Apps f\u00fcr die \u00f6ffentliche Verkehrsmittel. Neue Technologien bieten eine grosse Hilfe bei der Planung Ihrer Reise, indem sie die schnellste Transportl\u00f6sung ausw\u00e4hlen, die besten Verbindungen identifizieren und auf m\u00f6gliche St\u00f6rungen, Versp\u00e4tungen oder Fahrplan\u00e4nderungen pr\u00fcfen. So reisen Sie immer informiert, ohne unerwartete Zwischenf\u00e4lle.[\/vc_column_text][dfd_button click_animation=&#8220;&#8220; button_text=&#8220;Laden Sie die Arcobaleno-App herunter&#8220; main_style=&#8220;style-2&#8243; undefined=&#8220;&#8220; padding_left=&#8220;15&#8243; padding_right=&#8220;15&#8243; text_color=&#8220;#ffffff&#8220; hover_text_color=&#8220;#ffffff&#8220; background=&#8220;#2ba3d5&#8243; hover_background=&#8220;#2ba3d5&#8243; box_shadow=&#8220;box_shadow_enable:disable|shadow_horizontal:0|shadow_vertical:15|shadow_blur:50|shadow_spread:0|box_shadow_color:rgba(0%2C0%2C0%2C0.35)&#8220; hover_box_shadow=&#8220;box_shadow_enable:disable|shadow_horizontal:0|shadow_vertical:15|shadow_blur:50|shadow_spread:0|box_shadow_color:rgba(0%2C0%2C0%2C0.35)&#8220; buttom_link_src=&#8220;url:https%3A%2F%2Fwww.arcobaleno.ch%2Fapp|target:_blank|&#8220; tutorials=&#8220;&#8220;][\/vc_column][vc_column width=&#8220;1\/6&#8243;][\/vc_column][\/vc_row][vc_row][vc_column][dfd_spacer screen_wide_spacer_size=&#8220;100&#8243; screen_normal_resolution=&#8220;1024&#8243; screen_tablet_resolution=&#8220;800&#8243; screen_mobile_resolution=&#8220;480&#8243; screen_normal_spacer_size=&#8220;80&#8243; screen_tablet_spacer_size=&#8220;60&#8243; screen_mobile_spacer_size=&#8220;40&#8243;][\/vc_column][\/vc_row]<\/p>\n<\/div>","protected":false},"excerpt":{"rendered":"<p>[vc_row][vc_column][dfd_spacer screen_wide_spacer_size=&#8220;100&#8243; screen_normal_resolution=&#8220;1024&#8243; screen_tablet_resolution=&#8220;800&#8243; screen_mobile_resolution=&#8220;480&#8243; screen_normal_spacer_size=&#8220;80&#8243; screen_tablet_spacer_size=&#8220;60&#8243; screen_mobile_spacer_size=&#8220;40&#8243;][\/vc_column][\/vc_row][vc_row css=&#8220;.vc_custom_1568638996273{padding-right: 25px !important;padding-left: 25px !important;}&#8220;][vc_column width=&#8220;1\/6&#8243; col_shadow=&#8220;box_shadow_enable:disable|shadow_horizontal:0|shadow_vertical:15|shadow_blur:50|shadow_spread:0|box_shadow_color:rgba(0%2C0%2C0%2C0.35)&#8220; col_shadow_hover=&#8220;box_shadow_enable:disable|shadow_horizontal:0|shadow_vertical:15|shadow_blur:50|shadow_spread:0|box_shadow_color:rgba(0%2C0%2C0%2C0.35)&#8220;][\/vc_column][vc_column width=&#8220;2\/3&#8243;][dfd_heading style=&#8220;style_06&#8243; subtitle=&#8220;&#8220; module_animation=&#8220;transition.grow&#8220; enable_delimiter=&#8220;&#8220; undefined=&#8220;&#8220; title_font_options=&#8220;tag:h1&#8243; subtitle_font_options=&#8220;tag:h3&#8243; title_responsive=&#8220;font_size_desktop:45|line_height_desktop:55|letter_spacing_desktop:0|font_size_tablet:40|line_height_tablet:50|letter_spacing_tablet:0|font_size_mobile:35|line_height_mobile:45|letter_spacing_mobile:0&#8243; heading_margin=&#8220;margin-bottom:30&#8243; subtitle_responsive=&#8220;font_size_desktop:26|line_height_desktop:40|letter_spacing_desktop:0|font_size_tablet:24|line_height_tablet:38|letter_spacing_tablet:0|font_size_mobile:22|line_height_mobile:36|letter_spacing_mobile:0&#8243;]Die Neue Technologien[\/dfd_heading][vc_column_text css=&#8220;.vc_custom_1635864029791{padding-bottom:<\/p>\n","protected":false},"author":1,"featured_media":0,"parent":0,"menu_order":0,"comment_status":"closed","ping_status":"closed","template":"tmp-page.php","meta":{"inline_featured_image":false,"_monsterinsights_skip_tracking":false,"_monsterinsights_sitenote_active":false,"_monsterinsights_sitenote_note":"","_monsterinsights_sitenote_category":0,"footnotes":""},"class_list":["post-30265","page","type-page","status-publish","hentry"],"yoast_head":"<!-- This site is optimized with the Yoast SEO plugin v27.4 - https:\/\/yoast.com\/product\/yoast-seo-wordpress\/ -->\n<title>LINEE E SERVIZI \u2013 Die Neue Technologien - fartiamo - FART - Fahrplanwechseln<\/title>\n<meta name=\"description\" content=\"FART \u2013 Fahrplanwechseln \u2013 Die Entwicklung des \u00f6ffentlichen Verkehrs in der Region Locarno ist Teil des umfassenden Agglomerations-Programm...\" \/>\n<meta name=\"robots\" content=\"index, follow, max-snippet:-1, max-image-preview:large, max-video-preview:-1\" \/>\n<link rel=\"canonical\" href=\"https:\/\/fartiamo.ch\/de\/die-neue-technologien\/\" \/>\n<meta property=\"og:locale\" content=\"de_DE\" \/>\n<meta property=\"og:type\" content=\"article\" \/>\n<meta property=\"og:title\" content=\"LINEE E SERVIZI \u2013 Die Neue Technologien - fartiamo - FART - Fahrplanwechseln\" \/>\n<meta property=\"og:description\" content=\"FART \u2013 Fahrplanwechseln \u2013 Die Entwicklung des \u00f6ffentlichen Verkehrs in der Region Locarno ist Teil des umfassenden Agglomerations-Programm...\" \/>\n<meta property=\"og:url\" content=\"https:\/\/fartiamo.ch\/de\/die-neue-technologien\/\" \/>\n<meta property=\"og:site_name\" content=\"fartiamo\" \/>\n<meta property=\"article:modified_time\" content=\"2021-12-09T15:23:44+00:00\" \/>\n<meta name=\"twitter:card\" content=\"summary_large_image\" \/>\n<meta name=\"twitter:label1\" content=\"Gesch\u00e4tzte Lesezeit\" \/>\n\t<meta name=\"twitter:data1\" content=\"2\u00a0Minuten\" \/>\n<script type=\"application\/ld+json\" class=\"yoast-schema-graph\">{\"@context\":\"https:\\\/\\\/schema.org\",\"@graph\":[{\"@type\":\"WebPage\",\"@id\":\"https:\\\/\\\/fartiamo.ch\\\/de\\\/die-neue-technologien\\\/\",\"url\":\"https:\\\/\\\/fartiamo.ch\\\/de\\\/die-neue-technologien\\\/\",\"name\":\"LINEE E SERVIZI \u2013 Die Neue Technologien - fartiamo - FART - Fahrplanwechseln\",\"isPartOf\":{\"@id\":\"https:\\\/\\\/fartiamo.ch\\\/de\\\/#website\"},\"datePublished\":\"2021-01-27T08:18:41+00:00\",\"dateModified\":\"2021-12-09T15:23:44+00:00\",\"description\":\"FART \u2013 Fahrplanwechseln \u2013 Die Entwicklung des \u00f6ffentlichen Verkehrs in der Region Locarno ist Teil des umfassenden Agglomerations-Programm...\",\"breadcrumb\":{\"@id\":\"https:\\\/\\\/fartiamo.ch\\\/de\\\/die-neue-technologien\\\/#breadcrumb\"},\"inLanguage\":\"de\",\"potentialAction\":[{\"@type\":\"ReadAction\",\"target\":[\"https:\\\/\\\/fartiamo.ch\\\/de\\\/die-neue-technologien\\\/\"]}]},{\"@type\":\"BreadcrumbList\",\"@id\":\"https:\\\/\\\/fartiamo.ch\\\/de\\\/die-neue-technologien\\\/#breadcrumb\",\"itemListElement\":[{\"@type\":\"ListItem\",\"position\":1,\"name\":\"Home\",\"item\":\"https:\\\/\\\/fartiamo.ch\\\/de\\\/\"},{\"@type\":\"ListItem\",\"position\":2,\"name\":\"LINEE E SERVIZI \u2013 Die Neue Technologien\"}]},{\"@type\":\"WebSite\",\"@id\":\"https:\\\/\\\/fartiamo.ch\\\/de\\\/#website\",\"url\":\"https:\\\/\\\/fartiamo.ch\\\/de\\\/\",\"name\":\"fartiamo\",\"description\":\"Il trasporto che unisce citt\u00e0 e valli\",\"publisher\":{\"@id\":\"https:\\\/\\\/fartiamo.ch\\\/de\\\/#organization\"},\"potentialAction\":[{\"@type\":\"SearchAction\",\"target\":{\"@type\":\"EntryPoint\",\"urlTemplate\":\"https:\\\/\\\/fartiamo.ch\\\/de\\\/?s={search_term_string}\"},\"query-input\":{\"@type\":\"PropertyValueSpecification\",\"valueRequired\":true,\"valueName\":\"search_term_string\"}}],\"inLanguage\":\"de\"},{\"@type\":\"Organization\",\"@id\":\"https:\\\/\\\/fartiamo.ch\\\/de\\\/#organization\",\"name\":\"FART\",\"url\":\"https:\\\/\\\/fartiamo.ch\\\/de\\\/\",\"logo\":{\"@type\":\"ImageObject\",\"inLanguage\":\"de\",\"@id\":\"https:\\\/\\\/fartiamo.ch\\\/de\\\/#\\\/schema\\\/logo\\\/image\\\/\",\"url\":\"https:\\\/\\\/fartiamo.ch\\\/wp-content\\\/uploads\\\/2020\\\/11\\\/fart_logo_completo.svg\",\"contentUrl\":\"https:\\\/\\\/fartiamo.ch\\\/wp-content\\\/uploads\\\/2020\\\/11\\\/fart_logo_completo.svg\",\"width\":\"1024\",\"height\":\"1024\",\"caption\":\"FART\"},\"image\":{\"@id\":\"https:\\\/\\\/fartiamo.ch\\\/de\\\/#\\\/schema\\\/logo\\\/image\\\/\"}}]}<\/script>\n<!-- \/ Yoast SEO plugin. -->","yoast_head_json":{"title":"LINEE E SERVIZI \u2013 Die Neue Technologien - fartiamo - FART - Fahrplanwechseln","description":"FART \u2013 Fahrplanwechseln \u2013 Die Entwicklung des \u00f6ffentlichen Verkehrs in der Region Locarno ist Teil des umfassenden Agglomerations-Programm...","robots":{"index":"index","follow":"follow","max-snippet":"max-snippet:-1","max-image-preview":"max-image-preview:large","max-video-preview":"max-video-preview:-1"},"canonical":"https:\/\/fartiamo.ch\/de\/die-neue-technologien\/","og_locale":"de_DE","og_type":"article","og_title":"LINEE E SERVIZI \u2013 Die Neue Technologien - fartiamo - FART - Fahrplanwechseln","og_description":"FART \u2013 Fahrplanwechseln \u2013 Die Entwicklung des \u00f6ffentlichen Verkehrs in der Region Locarno ist Teil des umfassenden Agglomerations-Programm...","og_url":"https:\/\/fartiamo.ch\/de\/die-neue-technologien\/","og_site_name":"fartiamo","article_modified_time":"2021-12-09T15:23:44+00:00","twitter_card":"summary_large_image","twitter_misc":{"Gesch\u00e4tzte Lesezeit":"2\u00a0Minuten"},"schema":{"@context":"https:\/\/schema.org","@graph":[{"@type":"WebPage","@id":"https:\/\/fartiamo.ch\/de\/die-neue-technologien\/","url":"https:\/\/fartiamo.ch\/de\/die-neue-technologien\/","name":"LINEE E SERVIZI \u2013 Die Neue Technologien - fartiamo - FART - Fahrplanwechseln","isPartOf":{"@id":"https:\/\/fartiamo.ch\/de\/#website"},"datePublished":"2021-01-27T08:18:41+00:00","dateModified":"2021-12-09T15:23:44+00:00","description":"FART \u2013 Fahrplanwechseln \u2013 Die Entwicklung des \u00f6ffentlichen Verkehrs in der Region Locarno ist Teil des umfassenden Agglomerations-Programm...","breadcrumb":{"@id":"https:\/\/fartiamo.ch\/de\/die-neue-technologien\/#breadcrumb"},"inLanguage":"de","potentialAction":[{"@type":"ReadAction","target":["https:\/\/fartiamo.ch\/de\/die-neue-technologien\/"]}]},{"@type":"BreadcrumbList","@id":"https:\/\/fartiamo.ch\/de\/die-neue-technologien\/#breadcrumb","itemListElement":[{"@type":"ListItem","position":1,"name":"Home","item":"https:\/\/fartiamo.ch\/de\/"},{"@type":"ListItem","position":2,"name":"LINEE E SERVIZI \u2013 Die Neue Technologien"}]},{"@type":"WebSite","@id":"https:\/\/fartiamo.ch\/de\/#website","url":"https:\/\/fartiamo.ch\/de\/","name":"fartiamo","description":"Il trasporto che unisce citt\u00e0 e valli","publisher":{"@id":"https:\/\/fartiamo.ch\/de\/#organization"},"potentialAction":[{"@type":"SearchAction","target":{"@type":"EntryPoint","urlTemplate":"https:\/\/fartiamo.ch\/de\/?s={search_term_string}"},"query-input":{"@type":"PropertyValueSpecification","valueRequired":true,"valueName":"search_term_string"}}],"inLanguage":"de"},{"@type":"Organization","@id":"https:\/\/fartiamo.ch\/de\/#organization","name":"FART","url":"https:\/\/fartiamo.ch\/de\/","logo":{"@type":"ImageObject","inLanguage":"de","@id":"https:\/\/fartiamo.ch\/de\/#\/schema\/logo\/image\/","url":"https:\/\/fartiamo.ch\/wp-content\/uploads\/2020\/11\/fart_logo_completo.svg","contentUrl":"https:\/\/fartiamo.ch\/wp-content\/uploads\/2020\/11\/fart_logo_completo.svg","width":"1024","height":"1024","caption":"FART"},"image":{"@id":"https:\/\/fartiamo.ch\/de\/#\/schema\/logo\/image\/"}}]}},"_links":{"self":[{"href":"https:\/\/fartiamo.ch\/de\/wp-json\/wp\/v2\/pages\/30265","targetHints":{"allow":["GET"]}}],"collection":[{"href":"https:\/\/fartiamo.ch\/de\/wp-json\/wp\/v2\/pages"}],"about":[{"href":"https:\/\/fartiamo.ch\/de\/wp-json\/wp\/v2\/types\/page"}],"author":[{"embeddable":true,"href":"https:\/\/fartiamo.ch\/de\/wp-json\/wp\/v2\/users\/1"}],"replies":[{"embeddable":true,"href":"https:\/\/fartiamo.ch\/de\/wp-json\/wp\/v2\/comments?post=30265"}],"version-history":[{"count":19,"href":"https:\/\/fartiamo.ch\/de\/wp-json\/wp\/v2\/pages\/30265\/revisions"}],"predecessor-version":[{"id":34418,"href":"https:\/\/fartiamo.ch\/de\/wp-json\/wp\/v2\/pages\/30265\/revisions\/34418"}],"wp:attachment":[{"href":"https:\/\/fartiamo.ch\/de\/wp-json\/wp\/v2\/media?parent=30265"}],"curies":[{"name":"wp","href":"https:\/\/api.w.org\/{rel}","templated":true}]}}