{"id":32204,"date":"2021-09-03T10:37:28","date_gmt":"2021-09-03T08:37:28","guid":{"rendered":"https:\/\/fartiamo.ch\/?page_id=32204"},"modified":"2025-12-15T09:30:58","modified_gmt":"2025-12-15T08:30:58","slug":"fahrraeder","status":"publish","type":"page","link":"https:\/\/fartiamo.ch\/de\/fahrraeder\/","title":{"rendered":"LINEE E SERVIZI \u2013 Fahrr\u00e4der"},"content":{"rendered":"<div class=\"wpb-content-wrapper\"><p>[vc_row][vc_column][dfd_spacer screen_wide_spacer_size=&#8220;100&#8243; screen_normal_resolution=&#8220;1024&#8243; screen_tablet_resolution=&#8220;800&#8243; screen_mobile_resolution=&#8220;480&#8243; screen_normal_spacer_size=&#8220;80&#8243; screen_tablet_spacer_size=&#8220;60&#8243; screen_mobile_spacer_size=&#8220;40&#8243;][\/vc_column][\/vc_row][vc_row css=&#8220;.vc_custom_1568638996273{padding-right: 25px !important;padding-left: 25px !important;}&#8220;][vc_column width=&#8220;1\/6&#8243; col_shadow=&#8220;box_shadow_enable:disable|shadow_horizontal:0|shadow_vertical:15|shadow_blur:50|shadow_spread:0|box_shadow_color:rgba(0%2C0%2C0%2C0.35)&#8220; col_shadow_hover=&#8220;box_shadow_enable:disable|shadow_horizontal:0|shadow_vertical:15|shadow_blur:50|shadow_spread:0|box_shadow_color:rgba(0%2C0%2C0%2C0.35)&#8220;][\/vc_column][vc_column width=&#8220;2\/3&#8243;][dfd_heading style=&#8220;style_06&#8243; subtitle=&#8220;&#8220; module_animation=&#8220;transition.grow&#8220; enable_delimiter=&#8220;&#8220; undefined=&#8220;&#8220; title_font_options=&#8220;tag:h1&#8243; subtitle_font_options=&#8220;tag:h3&#8243; title_responsive=&#8220;font_size_desktop:45|line_height_desktop:55|letter_spacing_desktop:0|font_size_tablet:40|line_height_tablet:50|letter_spacing_tablet:0|font_size_mobile:35|line_height_mobile:45|letter_spacing_mobile:0&#8243; heading_margin=&#8220;margin-bottom:30&#8243; subtitle_responsive=&#8220;font_size_desktop:26|line_height_desktop:40|letter_spacing_desktop:0|font_size_tablet:24|line_height_tablet:38|letter_spacing_tablet:0|font_size_mobile:22|line_height_mobile:36|letter_spacing_mobile:0&#8243;]Regeln f\u00fcr Fahrr\u00e4der an Bord[\/dfd_heading][vc_column_text css=&#8220;.vc_custom_1760526119156{background-color: #ffffff !important;}&#8220;]<\/p>\n<p style=\"text-align: center;\"><strong>Fahrr\u00e4der d\u00fcrfen nur dann bef\u00f6rdert werden, wenn auf dem Bahnsteig ausreichend Platz vorhanden ist, wobei die Bef\u00f6rderung von Personen, Rollst\u00fchlen, Kinderwagen usw. Vorrang hat.<\/strong><\/p>\n<p>[\/vc_column_text][\/vc_column][vc_column width=&#8220;1\/6&#8243;][\/vc_column][\/vc_row][vc_row][vc_column][dfd_spacer screen_wide_spacer_size=&#8220;60&#8243; screen_normal_resolution=&#8220;1024&#8243; screen_tablet_resolution=&#8220;800&#8243; screen_mobile_resolution=&#8220;480&#8243; screen_normal_spacer_size=&#8220;60&#8243; screen_tablet_spacer_size=&#8220;40&#8243; screen_mobile_spacer_size=&#8220;40&#8243;][\/vc_column][\/vc_row][vc_row css=&#8220;.vc_custom_1635944564589{background-color: #2ba3d5 !important;}&#8220;][vc_column column_bg_check=&#8220;column-background-dark&#8220; css=&#8220;.vc_custom_1635944941605{padding-top: 50px !important;padding-right: 25px !important;padding-bottom: 50px !important;padding-left: 25px !important;}&#8220; col_shadow=&#8220;box_shadow_enable:disable|shadow_horizontal:0|shadow_vertical:15|shadow_blur:50|shadow_spread:0|box_shadow_color:rgba(0%2C0%2C0%2C0.35)&#8220; col_shadow_hover=&#8220;box_shadow_enable:disable|shadow_horizontal:0|shadow_vertical:15|shadow_blur:50|shadow_spread:0|box_shadow_color:rgba(0%2C0%2C0%2C0.35)&#8220;][dfd_heading style=&#8220;style_06&#8243; subtitle=&#8220;&#8220; module_animation=&#8220;transition.grow&#8220; enable_delimiter=&#8220;&#8220; undefined=&#8220;&#8220; title_font_options=&#8220;tag:h5&#8243; subtitle_font_options=&#8220;tag:h3&#8243; title_responsive=&#8220;font_size_desktop:26|line_height_desktop:34|letter_spacing_desktop:0|font_size_tablet:24|line_height_tablet:32|letter_spacing_tablet:0|font_size_mobile:22|line_height_mobile:30|letter_spacing_mobile:0&#8243; heading_margin=&#8220;margin-bottom:30&#8243;]Die folgenden Einschr\u00e4nkungen gelten immer[\/dfd_heading][vc_column_text]<\/p>\n<p style=\"text-align: center;\"><span style=\"color: #ffffff;\"><strong>Die Bef\u00f6rderung von Fahrr\u00e4dern ist auf allen Strecken von Montag bis Freitag von 08.00 bis 16.00 Uhr und von 19.00 bis 06.00 Uhr gestattet. Samstags, sonntags und an Feiertagen ohne zeitliche Begrenzung.<\/strong><\/span><\/p>\n<p>[\/vc_column_text][dfd_spacer screen_wide_spacer_size=&#8220;30&#8243; screen_normal_resolution=&#8220;1024&#8243; screen_tablet_resolution=&#8220;800&#8243; screen_mobile_resolution=&#8220;480&#8243;][vc_row_inner][vc_column_inner width=&#8220;1\/3&#8243;][dfd_heading style=&#8220;style_06&#8243; subtitle=&#8220;&#8220; module_animation=&#8220;transition.grow&#8220; enable_delimiter=&#8220;&#8220; undefined=&#8220;&#8220; title_font_options=&#8220;tag:h5&#8243; subtitle_font_options=&#8220;tag:h3&#8243; title_responsive=&#8220;font_size_desktop:26|line_height_desktop:34|letter_spacing_desktop:0|font_size_tablet:24|line_height_tablet:32|letter_spacing_tablet:0|font_size_mobile:22|line_height_mobile:30|letter_spacing_mobile:0&#8243;]1 FAHRRAD[\/dfd_heading][vc_column_text]<\/p>\n<p style=\"text-align: center;\"><strong>LINEE 3 \/ 4 \/ 370<\/strong><\/p>\n<p>[\/vc_column_text][\/vc_column_inner][vc_column_inner width=&#8220;1\/3&#8243; dfd_column_responsive_enable=&#8220;dfd-column-responsive-enable&#8220; col_inner_shadow=&#8220;box_shadow_enable:disable|shadow_horizontal:0|shadow_vertical:15|shadow_blur:50|shadow_spread:0|box_shadow_color:rgba(0%2C0%2C0%2C0.35)&#8220; col_inner_shadow_hover=&#8220;box_shadow_enable:disable|shadow_horizontal:0|shadow_vertical:15|shadow_blur:50|shadow_spread:0|box_shadow_color:rgba(0%2C0%2C0%2C0.35)&#8220; responsive_styles=&#8220;padding_top_mobile:30&#8243;][dfd_heading style=&#8220;style_06&#8243; subtitle=&#8220;&#8220; module_animation=&#8220;transition.grow&#8220; enable_delimiter=&#8220;&#8220; undefined=&#8220;&#8220; title_font_options=&#8220;tag:h5&#8243; subtitle_font_options=&#8220;tag:h3&#8243; title_responsive=&#8220;font_size_desktop:26|line_height_desktop:34|letter_spacing_desktop:0|font_size_tablet:24|line_height_tablet:32|letter_spacing_tablet:0|font_size_mobile:22|line_height_mobile:30|letter_spacing_mobile:0&#8243;]2 FAHRR\u00c4DER[\/dfd_heading][vc_column_text css=&#8220;&#8220;]<\/p>\n<p style=\"text-align: center;\"><strong>LINIEN 1 \/ 7 \/ 311 \/ 312 \/ 314 \/ 315 \/316<br \/>\n<\/strong><\/p>\n<p style=\"text-align: center;\"><strong>\u00a0<\/strong><\/p>\n<p>[\/vc_column_text][\/vc_column_inner][vc_column_inner width=&#8220;1\/3&#8243;][dfd_heading style=&#8220;style_06&#8243; subtitle=&#8220;&#8220; module_animation=&#8220;transition.grow&#8220; enable_delimiter=&#8220;&#8220; undefined=&#8220;&#8220; title_font_options=&#8220;tag:h5&#8243; subtitle_font_options=&#8220;tag:h3&#8243; title_responsive=&#8220;font_size_desktop:26|line_height_desktop:34|letter_spacing_desktop:0|font_size_tablet:24|line_height_tablet:32|letter_spacing_tablet:0|font_size_mobile:22|line_height_mobile:30|letter_spacing_mobile:0&#8243; tutorials=&#8220;&#8220;]4 FAHRR\u00c4DER[\/dfd_heading][vc_column_text css=&#8220;&#8220;]<\/p>\n<p style=\"text-align: center;\"><strong>R70 (Locarno &#8211; Camedo)<br \/>\n<\/strong><strong>PE72 \/ RE73 (Locarno \u2013 Domodossola)<\/strong><\/p>\n<p style=\"text-align: center;\"><strong>\u00a0<\/strong><\/p>\n<p>[\/vc_column_text][\/vc_column_inner][\/vc_row_inner][\/vc_column][\/vc_row][vc_row][vc_column][dfd_spacer screen_wide_spacer_size=&#8220;60&#8243; screen_normal_resolution=&#8220;1024&#8243; screen_tablet_resolution=&#8220;800&#8243; screen_mobile_resolution=&#8220;480&#8243; screen_normal_spacer_size=&#8220;60&#8243; screen_tablet_spacer_size=&#8220;40&#8243; screen_mobile_spacer_size=&#8220;40&#8243;][\/vc_column][\/vc_row][vc_row css=&#8220;.vc_custom_1568638996273{padding-right: 25px !important;padding-left: 25px !important;}&#8220;][vc_column width=&#8220;1\/6&#8243; col_shadow=&#8220;box_shadow_enable:disable|shadow_horizontal:0|shadow_vertical:15|shadow_blur:50|shadow_spread:0|box_shadow_color:rgba(0%2C0%2C0%2C0.35)&#8220; col_shadow_hover=&#8220;box_shadow_enable:disable|shadow_horizontal:0|shadow_vertical:15|shadow_blur:50|shadow_spread:0|box_shadow_color:rgba(0%2C0%2C0%2C0.35)&#8220;][\/vc_column][vc_column width=&#8220;2\/3&#8243;][vc_column_text css=&#8220;&#8220;]<strong>Grunds\u00e4tzlich kann die Bef\u00f6rderung in folgenden F\u00e4llen verweigert werden:<\/strong><\/p>\n<ul>\n<li>Es ist aufgrund der Hauptverkehrszeiten mit einem hohen Fahrgastaufkommen zu rechnen<\/li>\n<li>Angemeldete Gruppen sind auf der Fahrt vorhanden, auch wenn deren Einstieg an sp\u00e4teren Haltestellen vorgesehen ist<\/li>\n<li>Die Fahrr\u00e4der sind stark verschmutzt und k\u00f6nnen Fahrg\u00e4ste oder Fahrzeuge \u00fcberm\u00e4ssig verschmutzen<\/li>\n<li>Die endg\u00fcltige Entscheidung liegt im Ermessen des Fahrers \/ Zugbegleiters. Es wird empfohlen, sich f\u00fcr weitere Informationen an das jeweilige Verkehrsunternehmen zu wenden<\/li>\n<\/ul>\n<hr \/>\n<p><strong>FART-Buslinien und Linie R70 Locarno\u2013Camedo<\/strong><\/p>\n<p>Die Mitnahme von Fahrr\u00e4dern ist auf allen Fahrten von Montag bis Freitag zwischen 08:00 und 16:00 Uhr sowie zwischen 19:00 und 06:00 Uhr erlaubt. Samstags, sonntags und an Feiertagen gelten keine zeitlichen Einschr\u00e4nkungen.<\/p>\n<hr \/>\n<p><strong>Anerkannte Fahrausweise (FART-Buslinien und Linie R70 Locarno\u2013Camedo):<\/strong><\/p>\n<ul>\n<li>Streckenbillett zum Halbtax-Tarif, 2. Klasse (empfohlen f\u00fcr kurze Strecken)<\/li>\n<li>Tages- oder Mehrtages-Fahrradkarte (empfohlen f\u00fcr l\u00e4ngere Strecken)<\/li>\n<li>Fahrradpass (empfohlen f\u00fcr regelm\u00e4ssige Velofahrten)<\/li>\n<\/ul>\n<hr \/>\n<p><strong>Internationale Linie PE72 \/ RE73 Locarno\u2013Domodossola<\/strong><\/p>\n<p>Die Mitnahme von maximal 2 Fahrr\u00e4dern ist erlaubt (h\u00f6chstens ein Fahrrad pro Reisendem, mit einer maximalen L\u00e4nge von 2 Metern), sofern der Auslastungsgrad des Zuges dies zul\u00e4sst. F\u00fcr den Fahrradtransport ist ein entsprechender Fahrausweis zu erwerben. Die Bef\u00f6rderung kann nur garantiert werden, wenn ausreichend Platz vorhanden ist.<\/p>\n<p>Auf den Fahrten 120 (Abfahrt 06:50 ab Locarno), 32 (Abfahrt 07:51 ab Locarno), 76 (Abfahrt 16:51 ab Locarno), 43 (Abfahrt 09:26 ab Domodossola), 181 (Abfahrt 17:26 ab Domodossola), 689 (Abfahrt 19:00 ab Domodossola), 691 (Abfahrt 19:41 ab Domodossola), sofern sie mit STADLER FART Rollmaterial (Panoramico Plus) durchgef\u00fchrt werden, ist die Mitnahme von maximal 4 Fahrr\u00e4dern unter den oben genannten Bedingungen erlaubt.<\/p>\n<hr \/>\n<p><strong>E-Scooter<\/strong><\/p>\n<p>Praktisch, schnell und unterhaltsam. Der E-Scooter ist bequem, unterliegt an Bord jedoch bestimmten Regeln.<\/p>\n<p>Scooter mit einem Raddurchmesser bis 30 cm werden kostenlos transportiert, auch wenn sie nicht zusammengeklappt sind.<\/p>\n<p>Scooter mit einem Raddurchmesser ab 30 cm gelten in jeder Hinsicht als Fahrr\u00e4der, auch wenn sie zusammengeklappt sind.<\/p>\n<p><strong>Bei Nichtkauf des Fahrradfahrausweises wird ein Zuschlag von CHF 75.\u2013 zuz\u00fcglich Verwaltungsgeb\u00fchren erhoben. Die FART \u00fcbernimmt keine Haftung f\u00fcr Sch\u00e4den an Dritten oder an Fahrr\u00e4dern.<\/strong><\/p>\n<hr \/>\n<p><strong>Italienische Regionalstrecke der Vigezzina\u2013Centovalli-Bahn (Domodossola \u2013 Re):<\/strong>[\/vc_column_text][dfd_spacer screen_wide_spacer_size=&#8220;10&#8243; screen_normal_resolution=&#8220;1024&#8243; screen_tablet_resolution=&#8220;800&#8243; screen_mobile_resolution=&#8220;480&#8243; screen_normal_spacer_size=&#8220;10&#8243; screen_tablet_spacer_size=&#8220;10&#8243; screen_mobile_spacer_size=&#8220;10&#8243; tutorials=&#8220;&#8220;][dfd_button button_text=&#8220;Mehr Informationen&#8220; main_style=&#8220;style-2&#8243; buttom_link_src=&#8220;url:https%3A%2F%2Fwww.vigezzinacentovalli.com%2Fde%2Finformationen%2Ffahrrad-transport%2F|target:_blank&#8220; tutorials=&#8220;&#8220; box_shadow=&#8220;box_shadow_enable:disable|shadow_horizontal:0|shadow_vertical:15|shadow_blur:50|shadow_spread:0|box_shadow_color:rgba(0%2C0%2C0%2C0.35)&#8220; hover_box_shadow=&#8220;box_shadow_enable:disable|shadow_horizontal:0|shadow_vertical:15|shadow_blur:50|shadow_spread:0|box_shadow_color:rgba(0%2C0%2C0%2C0.35)&#8220;][\/vc_column][vc_column width=&#8220;1\/6&#8243;][\/vc_column][\/vc_row][vc_row][vc_column][dfd_spacer screen_wide_spacer_size=&#8220;100&#8243; screen_normal_resolution=&#8220;1024&#8243; screen_tablet_resolution=&#8220;800&#8243; screen_mobile_resolution=&#8220;480&#8243; screen_normal_spacer_size=&#8220;80&#8243; screen_tablet_spacer_size=&#8220;60&#8243; screen_mobile_spacer_size=&#8220;40&#8243;][\/vc_column][\/vc_row]<\/p>\n<\/div>","protected":false},"excerpt":{"rendered":"<p>[vc_row][vc_column][dfd_spacer screen_wide_spacer_size=&#8220;100&#8243; screen_normal_resolution=&#8220;1024&#8243; screen_tablet_resolution=&#8220;800&#8243; screen_mobile_resolution=&#8220;480&#8243; screen_normal_spacer_size=&#8220;80&#8243; screen_tablet_spacer_size=&#8220;60&#8243; screen_mobile_spacer_size=&#8220;40&#8243;][\/vc_column][\/vc_row][vc_row css=&#8220;.vc_custom_1568638996273{padding-right: 25px !important;padding-left: 25px !important;}&#8220;][vc_column width=&#8220;1\/6&#8243; col_shadow=&#8220;box_shadow_enable:disable|shadow_horizontal:0|shadow_vertical:15|shadow_blur:50|shadow_spread:0|box_shadow_color:rgba(0%2C0%2C0%2C0.35)&#8220; col_shadow_hover=&#8220;box_shadow_enable:disable|shadow_horizontal:0|shadow_vertical:15|shadow_blur:50|shadow_spread:0|box_shadow_color:rgba(0%2C0%2C0%2C0.35)&#8220;][\/vc_column][vc_column width=&#8220;2\/3&#8243;][dfd_heading style=&#8220;style_06&#8243; subtitle=&#8220;&#8220; module_animation=&#8220;transition.grow&#8220; enable_delimiter=&#8220;&#8220; undefined=&#8220;&#8220; title_font_options=&#8220;tag:h1&#8243; subtitle_font_options=&#8220;tag:h3&#8243; title_responsive=&#8220;font_size_desktop:45|line_height_desktop:55|letter_spacing_desktop:0|font_size_tablet:40|line_height_tablet:50|letter_spacing_tablet:0|font_size_mobile:35|line_height_mobile:45|letter_spacing_mobile:0&#8243; heading_margin=&#8220;margin-bottom:30&#8243; subtitle_responsive=&#8220;font_size_desktop:26|line_height_desktop:40|letter_spacing_desktop:0|font_size_tablet:24|line_height_tablet:38|letter_spacing_tablet:0|font_size_mobile:22|line_height_mobile:36|letter_spacing_mobile:0&#8243;]Regeln f\u00fcr Fahrr\u00e4der an<\/p>\n","protected":false},"author":1,"featured_media":0,"parent":0,"menu_order":0,"comment_status":"closed","ping_status":"closed","template":"tmp-page.php","meta":{"inline_featured_image":false,"_monsterinsights_skip_tracking":false,"_monsterinsights_sitenote_active":false,"_monsterinsights_sitenote_note":"","_monsterinsights_sitenote_category":0,"footnotes":""},"class_list":["post-32204","page","type-page","status-publish","hentry"],"yoast_head":"<!-- This site is optimized with the Yoast SEO plugin v26.1.1 - https:\/\/yoast.com\/wordpress\/plugins\/seo\/ -->\n<title>LINEE E SERVIZI \u2013 Fahrr\u00e4der - fartiamo - FART - Fahrplanwechseln<\/title>\n<meta name=\"description\" content=\"FART \u2013 Fahrplanwechsel \u2013 Die Entwicklung des \u00f6ffentlichen Verkehrs in der Region Locarno ist Teil des umfassenden Programms der Agglomeration Locarno...\" \/>\n<meta name=\"robots\" content=\"index, follow, max-snippet:-1, max-image-preview:large, max-video-preview:-1\" \/>\n<link rel=\"canonical\" href=\"https:\/\/fartiamo.ch\/de\/fahrraeder\/\" \/>\n<meta property=\"og:locale\" content=\"de_DE\" \/>\n<meta property=\"og:type\" content=\"article\" \/>\n<meta property=\"og:title\" content=\"LINEE E SERVIZI \u2013 Fahrr\u00e4der - fartiamo - FART - Fahrplanwechseln\" \/>\n<meta property=\"og:description\" content=\"FART \u2013 Fahrplanwechsel \u2013 Die Entwicklung des \u00f6ffentlichen Verkehrs in der Region Locarno ist Teil des umfassenden Programms der Agglomeration Locarno...\" \/>\n<meta property=\"og:url\" content=\"https:\/\/fartiamo.ch\/de\/fahrraeder\/\" \/>\n<meta property=\"og:site_name\" content=\"fartiamo\" \/>\n<meta property=\"article:modified_time\" content=\"2025-12-15T08:30:58+00:00\" \/>\n<meta name=\"twitter:card\" content=\"summary_large_image\" \/>\n<meta name=\"twitter:label1\" content=\"Gesch\u00e4tzte Lesezeit\" \/>\n\t<meta name=\"twitter:data1\" content=\"3\u00a0Minuten\" \/>\n<script type=\"application\/ld+json\" class=\"yoast-schema-graph\">{\"@context\":\"https:\/\/schema.org\",\"@graph\":[{\"@type\":\"WebPage\",\"@id\":\"https:\/\/fartiamo.ch\/de\/fahrraeder\/\",\"url\":\"https:\/\/fartiamo.ch\/de\/fahrraeder\/\",\"name\":\"LINEE E SERVIZI \u2013 Fahrr\u00e4der - fartiamo - FART - Fahrplanwechseln\",\"isPartOf\":{\"@id\":\"http:\/\/fartiamo.ch\/de\/#website\"},\"datePublished\":\"2021-09-03T08:37:28+00:00\",\"dateModified\":\"2025-12-15T08:30:58+00:00\",\"description\":\"FART \u2013 Fahrplanwechsel \u2013 Die Entwicklung des \u00f6ffentlichen Verkehrs in der Region Locarno ist Teil des umfassenden Programms der Agglomeration Locarno...\",\"breadcrumb\":{\"@id\":\"https:\/\/fartiamo.ch\/de\/fahrraeder\/#breadcrumb\"},\"inLanguage\":\"de\",\"potentialAction\":[{\"@type\":\"ReadAction\",\"target\":[\"https:\/\/fartiamo.ch\/de\/fahrraeder\/\"]}]},{\"@type\":\"BreadcrumbList\",\"@id\":\"https:\/\/fartiamo.ch\/de\/fahrraeder\/#breadcrumb\",\"itemListElement\":[{\"@type\":\"ListItem\",\"position\":1,\"name\":\"Home\",\"item\":\"https:\/\/fartiamo.ch\/de\/\"},{\"@type\":\"ListItem\",\"position\":2,\"name\":\"LINEE E SERVIZI \u2013 Fahrr\u00e4der\"}]},{\"@type\":\"WebSite\",\"@id\":\"http:\/\/fartiamo.ch\/de\/#website\",\"url\":\"http:\/\/fartiamo.ch\/de\/\",\"name\":\"fartiamo\",\"description\":\"Il trasporto che unisce citt\u00e0 e valli\",\"publisher\":{\"@id\":\"http:\/\/fartiamo.ch\/de\/#organization\"},\"potentialAction\":[{\"@type\":\"SearchAction\",\"target\":{\"@type\":\"EntryPoint\",\"urlTemplate\":\"http:\/\/fartiamo.ch\/de\/?s={search_term_string}\"},\"query-input\":{\"@type\":\"PropertyValueSpecification\",\"valueRequired\":true,\"valueName\":\"search_term_string\"}}],\"inLanguage\":\"de\"},{\"@type\":\"Organization\",\"@id\":\"http:\/\/fartiamo.ch\/de\/#organization\",\"name\":\"FART\",\"url\":\"http:\/\/fartiamo.ch\/de\/\",\"logo\":{\"@type\":\"ImageObject\",\"inLanguage\":\"de\",\"@id\":\"http:\/\/fartiamo.ch\/de\/#\/schema\/logo\/image\/\",\"url\":\"https:\/\/fartiamo.ch\/wp-content\/uploads\/2020\/11\/fart_logo_completo.svg\",\"contentUrl\":\"https:\/\/fartiamo.ch\/wp-content\/uploads\/2020\/11\/fart_logo_completo.svg\",\"width\":\"1024\",\"height\":\"1024\",\"caption\":\"FART\"},\"image\":{\"@id\":\"http:\/\/fartiamo.ch\/de\/#\/schema\/logo\/image\/\"}}]}<\/script>\n<!-- \/ Yoast SEO plugin. -->","yoast_head_json":{"title":"LINEE E SERVIZI \u2013 Fahrr\u00e4der - fartiamo - FART - Fahrplanwechseln","description":"FART \u2013 Fahrplanwechsel \u2013 Die Entwicklung des \u00f6ffentlichen Verkehrs in der Region Locarno ist Teil des umfassenden Programms der Agglomeration Locarno...","robots":{"index":"index","follow":"follow","max-snippet":"max-snippet:-1","max-image-preview":"max-image-preview:large","max-video-preview":"max-video-preview:-1"},"canonical":"https:\/\/fartiamo.ch\/de\/fahrraeder\/","og_locale":"de_DE","og_type":"article","og_title":"LINEE E SERVIZI \u2013 Fahrr\u00e4der - fartiamo - FART - Fahrplanwechseln","og_description":"FART \u2013 Fahrplanwechsel \u2013 Die Entwicklung des \u00f6ffentlichen Verkehrs in der Region Locarno ist Teil des umfassenden Programms der Agglomeration Locarno...","og_url":"https:\/\/fartiamo.ch\/de\/fahrraeder\/","og_site_name":"fartiamo","article_modified_time":"2025-12-15T08:30:58+00:00","twitter_card":"summary_large_image","twitter_misc":{"Gesch\u00e4tzte Lesezeit":"3\u00a0Minuten"},"schema":{"@context":"https:\/\/schema.org","@graph":[{"@type":"WebPage","@id":"https:\/\/fartiamo.ch\/de\/fahrraeder\/","url":"https:\/\/fartiamo.ch\/de\/fahrraeder\/","name":"LINEE E SERVIZI \u2013 Fahrr\u00e4der - fartiamo - FART - Fahrplanwechseln","isPartOf":{"@id":"http:\/\/fartiamo.ch\/de\/#website"},"datePublished":"2021-09-03T08:37:28+00:00","dateModified":"2025-12-15T08:30:58+00:00","description":"FART \u2013 Fahrplanwechsel \u2013 Die Entwicklung des \u00f6ffentlichen Verkehrs in der Region Locarno ist Teil des umfassenden Programms der Agglomeration Locarno...","breadcrumb":{"@id":"https:\/\/fartiamo.ch\/de\/fahrraeder\/#breadcrumb"},"inLanguage":"de","potentialAction":[{"@type":"ReadAction","target":["https:\/\/fartiamo.ch\/de\/fahrraeder\/"]}]},{"@type":"BreadcrumbList","@id":"https:\/\/fartiamo.ch\/de\/fahrraeder\/#breadcrumb","itemListElement":[{"@type":"ListItem","position":1,"name":"Home","item":"https:\/\/fartiamo.ch\/de\/"},{"@type":"ListItem","position":2,"name":"LINEE E SERVIZI \u2013 Fahrr\u00e4der"}]},{"@type":"WebSite","@id":"http:\/\/fartiamo.ch\/de\/#website","url":"http:\/\/fartiamo.ch\/de\/","name":"fartiamo","description":"Il trasporto che unisce citt\u00e0 e valli","publisher":{"@id":"http:\/\/fartiamo.ch\/de\/#organization"},"potentialAction":[{"@type":"SearchAction","target":{"@type":"EntryPoint","urlTemplate":"http:\/\/fartiamo.ch\/de\/?s={search_term_string}"},"query-input":{"@type":"PropertyValueSpecification","valueRequired":true,"valueName":"search_term_string"}}],"inLanguage":"de"},{"@type":"Organization","@id":"http:\/\/fartiamo.ch\/de\/#organization","name":"FART","url":"http:\/\/fartiamo.ch\/de\/","logo":{"@type":"ImageObject","inLanguage":"de","@id":"http:\/\/fartiamo.ch\/de\/#\/schema\/logo\/image\/","url":"https:\/\/fartiamo.ch\/wp-content\/uploads\/2020\/11\/fart_logo_completo.svg","contentUrl":"https:\/\/fartiamo.ch\/wp-content\/uploads\/2020\/11\/fart_logo_completo.svg","width":"1024","height":"1024","caption":"FART"},"image":{"@id":"http:\/\/fartiamo.ch\/de\/#\/schema\/logo\/image\/"}}]}},"_links":{"self":[{"href":"https:\/\/fartiamo.ch\/de\/wp-json\/wp\/v2\/pages\/32204","targetHints":{"allow":["GET"]}}],"collection":[{"href":"https:\/\/fartiamo.ch\/de\/wp-json\/wp\/v2\/pages"}],"about":[{"href":"https:\/\/fartiamo.ch\/de\/wp-json\/wp\/v2\/types\/page"}],"author":[{"embeddable":true,"href":"https:\/\/fartiamo.ch\/de\/wp-json\/wp\/v2\/users\/1"}],"replies":[{"embeddable":true,"href":"https:\/\/fartiamo.ch\/de\/wp-json\/wp\/v2\/comments?post=32204"}],"version-history":[{"count":28,"href":"https:\/\/fartiamo.ch\/de\/wp-json\/wp\/v2\/pages\/32204\/revisions"}],"predecessor-version":[{"id":44683,"href":"https:\/\/fartiamo.ch\/de\/wp-json\/wp\/v2\/pages\/32204\/revisions\/44683"}],"wp:attachment":[{"href":"https:\/\/fartiamo.ch\/de\/wp-json\/wp\/v2\/media?parent=32204"}],"curies":[{"name":"wp","href":"https:\/\/api.w.org\/{rel}","templated":true}]}}