{"id":33716,"date":"2021-10-06T10:22:40","date_gmt":"2021-10-06T08:22:40","guid":{"rendered":"https:\/\/fartiamo.ch\/die-firma-ueber-uns\/"},"modified":"2025-06-13T10:03:17","modified_gmt":"2025-06-13T08:03:17","slug":"die-firma-ueber-uns","status":"publish","type":"page","link":"https:\/\/fartiamo.ch\/de\/die-firma-ueber-uns\/","title":{"rendered":"DIE FIRMA &#8211; \u00dcber uns"},"content":{"rendered":"<div class=\"wpb-content-wrapper\"><p>[vc_row][vc_column][dfd_spacer screen_wide_spacer_size=&#8220;100&#8243; screen_normal_resolution=&#8220;1024&#8243; screen_tablet_resolution=&#8220;800&#8243; screen_mobile_resolution=&#8220;480&#8243; screen_normal_spacer_size=&#8220;80&#8243; screen_tablet_spacer_size=&#8220;60&#8243; screen_mobile_spacer_size=&#8220;40&#8243;][\/vc_column][\/vc_row][vc_row css=&#8220;.vc_custom_1568638996273{padding-right: 25px !important;padding-left: 25px !important;}&#8220;][vc_column width=&#8220;1\/6&#8243; col_shadow=&#8220;box_shadow_enable:disable|shadow_horizontal:0|shadow_vertical:15|shadow_blur:50|shadow_spread:0|box_shadow_color:rgba(0%2C0%2C0%2C0.35)&#8220; col_shadow_hover=&#8220;box_shadow_enable:disable|shadow_horizontal:0|shadow_vertical:15|shadow_blur:50|shadow_spread:0|box_shadow_color:rgba(0%2C0%2C0%2C0.35)&#8220;][\/vc_column][vc_column width=&#8220;2\/3&#8243;][dfd_heading style=&#8220;style_06&#8243; subtitle=&#8220;Eine lange Geschichte an Bord mit Ihnen&#8220; module_animation=&#8220;transition.grow&#8220; delimiter_settings=&#8220;delimiter_style:solid|delimiter_width:80|delimiter_height:1|delimiter_color:%23000000&#8243; delimiter_margin=&#8220;margin-top:10|margin-bottom:30&#8243; undefined=&#8220;&#8220; title_font_options=&#8220;tag:h1&#8243; subtitle_font_options=&#8220;tag:h3&#8243; title_responsive=&#8220;font_size_desktop:45|line_height_desktop:55|letter_spacing_desktop:0|font_size_tablet:40|line_height_tablet:50|letter_spacing_tablet:0|font_size_mobile:35|line_height_mobile:45|letter_spacing_mobile:0&#8243; heading_margin=&#8220;margin-bottom:30&#8243; subtitle_responsive=&#8220;font_size_desktop:26|line_height_desktop:40|letter_spacing_desktop:0|font_size_tablet:24|line_height_tablet:38|letter_spacing_tablet:0|font_size_mobile:22|line_height_mobile:36|letter_spacing_mobile:0&#8243;]\u00dcber uns[\/dfd_heading][vc_column_text css=&#8220;.vc_custom_1673531783508{padding-bottom: 50px !important;}&#8220; item_animation=&#8220;transition.slideUpBigIn&#8220;]Unser Unternehmen entstand aus einer grossen Vision: eine Bahnverbindung zwischen Locarno und Domodossola zu schaffen und unseren Kanton \u00fcber den Simplon mit dem Rest der Schweiz zu verbinden. Das Gebiet, in dem wir t\u00e4tig sind, erstreckt sich vom Lago Maggiore bis zu den umliegenden T\u00e4lern, durchzogen von Stra\u00dfen und Schienen, die auch die entlegensten Gebiete erreichen und das Herzst\u00fcck unserer T\u00e4tigkeit darstellen.<\/p>\n<p>Seit 1923 haben wir viele Erfolge und Herausforderungen erlebt. In einem sich st\u00e4ndig ver\u00e4ndernden Markt haben wir uns st\u00e4ndig erneuert. Wir haben die Qualit\u00e4t unseres Angebots erh\u00f6ht. Wir haben uns f\u00fcr unsere Infrastruktur eingesetzt. Wir haben eine Unternehmenskultur entwickelt, die sich zunehmend am Kunden und an den Bed\u00fcrfnissen des \u00f6ffentlichen und touristischen Verkehrs orientiert.<\/p>\n<p>Die Zukunft h\u00e4lt neue Herausforderungen f\u00fcr uns bereit. Wir bereiten uns auf sie vor, indem wir in unser Unternehmen und unsere Mitarbeiter investieren. Gemeinsam werden wir wichtige neue Projekte realisieren.<\/p>\n<p><strong>Gesellschaftsform<br \/>\n<\/strong>Die FART (Societ\u00e0 per le Ferrovie Autolinee Regionali Ticinesi) ist eine Aktiengesellschaft und im Handelsregister des Kantons Tessin eingetragen.<\/p>\n<p><strong>Aktienkapital<br \/>\n<\/strong>Nominalkapital von CHF 8&#8217;494&#8217;700 voll einbezahlt, eingeteilt in 84&#8217;947 Namenaktien zu CHF 100.<\/p>\n<p><strong>Zweck<br \/>\n<\/strong>Der Betrieb einer Schmalspureisenbahn von Locarno nach Camedo, gem\u00e4ss der eidgen\u00f6ssischen Konzession vom 23.06.1905; der Betrieb der inner- und ausserst\u00e4dtischen Busbetriebe, gem\u00e4ss den vom eidgen\u00f6ssischen Verkehrsdepartement erhaltenen Konzessionen; der Bau und Betrieb von andern Eisenbahnen, Schiffslinien, Auto- und Trolleybuslinien, f\u00fcr welche die Gesellschaft Konzession\u00e4rin werden k\u00f6nnte, wie auch der Betrieb von Eisenbahnlinien auf Rechnung anderer Gesellschaften.[\/vc_column_text][dfd_icon_list list_fields=&#8220;%5B%7B%22icon_type%22%3A%22selector%22%2C%22select_icon%22%3A%22dfd_icons%22%2C%22ic_dfd_icons%22%3A%22dfd-socicon-download%22%2C%22ic_fontawesome%22%3A%22fab%20fa-accessible-icon%22%2C%22ic_openiconic%22%3A%22vc-oi%20vc-oi-dial%22%2C%22ic_typicons%22%3A%22typcn%20typcn-adjust-brightness%22%2C%22ic_entypo%22%3A%22entypo-icon%20entypo-icon-note%22%2C%22ic_linecons%22%3A%22vc_li%20vc_li-heart%22%2C%22text_content%22%3A%22Organigramma%20FART%22%2C%22link_box%22%3A%22link_b%22%2C%22link%22%3A%22url%3Ahttp%253A%252F%252Ffartiamo.ch%252Fwp-content%252Fuploads%252F2025%252F06%252FOrganigramma_FART_13.06.2025.pdf%7Ctarget%3A_blank%22%7D%5D&#8220; icon_border=&#8220;border_style:solid|border_radius:120|border_color:%23312783&#8243; main_style=&#8220;style-1&#8243; icon_size=&#8220;25&#8243; icon_color=&#8220;#ffffff&#8220; icon_background=&#8220;#312783&#8243; background_size=&#8220;60&#8243; icon_margin=&#8220;20&#8243; icon_bottom_spase=&#8220;10&#8243; font_options=&#8220;tag:div|font_size:18|color:%23312783|letter_spacing:0&#8243; use_google_fonts=&#8220;yes&#8220; custom_fonts=&#8220;font_family:Montserrat%3Aregular%2C700|font_style:700%20bold%20regular%3A700%3Anormal&#8220; tutorials=&#8220;&#8220;][\/vc_column][vc_column width=&#8220;1\/6&#8243;][\/vc_column][\/vc_row][vc_row][vc_column][dfd_spacer screen_wide_spacer_size=&#8220;100&#8243; screen_normal_resolution=&#8220;1024&#8243; screen_tablet_resolution=&#8220;800&#8243; screen_mobile_resolution=&#8220;480&#8243; screen_normal_spacer_size=&#8220;80&#8243; screen_tablet_spacer_size=&#8220;60&#8243; screen_mobile_spacer_size=&#8220;40&#8243;][dfd_tta_tour border_radius=&#8220;50&#8243; active_section=&#8220;1&#8243; font_size=&#8220;18&#8243; icon_size=&#8220;18&#8243; tab_background=&#8220;#ffffff&#8220; tab_hover_background=&#8220;#331488&#8243; active_tab_background=&#8220;#331488&#8243; border_color_radius=&#8220;#331488&#8243; border_hover_color=&#8220;#331488&#8243; border_color_active=&#8220;#331488&#8243; tab_text_color=&#8220;#331488&#8243; tab_active_color_text=&#8220;#ffffff&#8220; tab_hover_text_color=&#8220;#ffffff&#8220; icon_color=&#8220;#331488&#8243; icon_hover_color=&#8220;#ffffff&#8220; icon_active_color=&#8220;#ffffff&#8220;][vc_tta_section title=&#8220;BUSLINIEN&#8220; tab_id=&#8220;1697704885423-27b38669-1d81&#8243;][vc_column_text css=&#8220;.vc_custom_1635496805218{padding-right: 25px !important;padding-bottom: 25px !important;padding-left: 25px !important;}&#8220;]Studenten, Arbeiter, Touristen, Gruppen, Familien im Urlaub. Wir begleiten unsere Fahrg\u00e4ste zu ihren t\u00e4glichen Zielen, aber wir sind auch in der Lage, sie an spektakul\u00e4re Orte zu bringen, indem wir die St\u00e4dte mit den umliegenden T\u00e4lern, mit den Ferienorten am Lago Maggiore, mit Italien und mit dem Rest der Schweiz verbinden.<\/p>\n<p>In einem immer besser vernetzten und leistungsf\u00e4higeren Verkehrssystem gew\u00e4hrleistet die Integration unserer Stadt-, Regional- und Bahnlinien eine immer umfassendere und h\u00e4ufigere Abdeckung. Ein Verkehrsnetz in st\u00e4ndigem Wachstum und ein einziger Auftrag: unseren Fahrg\u00e4sten eine p\u00fcnktliche, komfortable und sichere Reise zu garantieren.<\/p>\n<p><strong>Regionale Linien<\/strong><br \/>\nVon den Strassen, die den Lago Maggiore umrunden und die H\u00fcgel rund um Locarno erklimmen, bis zu jenen, die ins Herz des Maggiatals, die Centovalli, f\u00fchren oder die Stadtzentren von Locarno und Bellinzona \u00fcber den Piano di Magadino verbinden. Die Busse unserer f\u00fcnf regionalen Linien legen jedes Jahr 1 Million Kilometer zur\u00fcck und bef\u00f6rdern \u00fcber 1,6 Millionen Fahrg\u00e4ste.<\/p>\n<p><strong>Stadtlinien<\/strong><br \/>\nDie Busse unserer st\u00e4dtischen Linien verbinden die Stadt Locarno mit Ascona, Losone, Orselina und Tenero. Wir legen jedes Jahr 0,8 Millionen Kilometer zur\u00fcck und bef\u00f6rdern \u00fcber 3,3 Millionen Fahrg\u00e4ste.<\/p>\n<p>Dank der Einf\u00fchrung von dynamischen Informationstafeln an den wichtigsten Haltestellen sind wir in der Lage, unsere Fahrg\u00e4ste in Echtzeit \u00fcber die Ankunftszeiten unserer Busse zu informieren.[\/vc_column_text][\/vc_tta_section][vc_tta_section title=&#8220;EISENBAHN&#8220; tab_id=&#8220;1697704885443-48b1b890-7b03&#8243;][vc_column_text css=&#8220;.vc_custom_1635496965056{padding-right: 25px !important;padding-bottom: 25px !important;padding-left: 25px !important;}&#8220;]Im Jahr 2018 z\u00e4hlte Lonely Planet unsere Eisenbahn zu den sch\u00f6nsten der Welt. Eine gro\u00dfe Anerkennung, die den touristischen und landschaftlichen Wert unserer Bahnlinie best\u00e4tigt. Ein Erfolg, der aus der Zusammenarbeit mit der italienischen Transportgesellschaft Societ\u00e0 Subalpina di Imprese Ferroviarie (SSIF) entstanden ist.<\/p>\n<p>Im Jahr 2016 wurden die beiden Unternehmensmarken zu einer einzigen Marke verschmolzen: Ferrovia Vigezzina-Centovalli. Eine Entscheidung, die es erm\u00f6glichte, eine gemeinsame Strategie zu entwickeln.<\/p>\n<p>In einem zunehmend globalen und wettbewerbsorientierten Markt haben wir unseren Weg gefunden. Ein Weg, der auf Innovation, auf dem Einsatz neuer Technologien, auf der Schaffung eines neuen Images, auf der Erneuerung des rollenden Materials und der Bahnh\u00f6fe und auf einer immer intensiveren Zusammenarbeit mit den Regionen beruht, die von unserer Bahnlinie durchquert werden, einer Linie, die zwei T\u00e4ler, zwei Regionen, zwei Nationen miteinander verbindet.[\/vc_column_text][\/vc_tta_section][vc_tta_section title=&#8220;EISENBAHNINFRASTRUKTUR&#8220; tab_id=&#8220;1697705382674-3c9f3619-1ce2&#8243;][vc_column_text css=&#8220;.vc_custom_1635496994697{padding-right: 25px !important;padding-bottom: 25px !important;padding-left: 25px !important;}&#8220;]50 Br\u00fccken, 23 Tunnel, 20 km Strecke, 14 Bahnh\u00f6fe, 3 Depots, 2 Werkst\u00e4tten, 1 Verwaltungsgeb\u00e4ude und 1 Wohngeb\u00e4ude. Wir k\u00fcmmern uns t\u00e4glich um dieses Erbe, indem wir den historischen und kulturellen Wert der \u00e4ltesten Bauwerke bewahren und gleichzeitig die heutigen Sicherheitsstandards einhalten.<\/p>\n<p>Der Bereich Eisenbahninfrastruktur sorgt auch f\u00fcr die pr\u00e4ventive Kontrolle der gesamten Strecke durch die Inspektion von Steinschlagnetzen, Zufahrtsstra\u00dfen und Schl\u00fcsselstellen und koordiniert die regelm\u00e4\u00dfigen Inspektionen von Br\u00fccken, Fahrleitungen und Tunneln. Bei ung\u00fcnstigen Witterungsverh\u00e4ltnissen ist das Team f\u00fcr die Sicherstellung des regul\u00e4ren Zugverkehrs zust\u00e4ndig. Das Team, das aus 9 Mitarbeitern besteht, sorgt auch f\u00fcr die routinem\u00e4\u00dfige Instandhaltung der Infrastruktur der Verwaltung und der Buslinien.[\/vc_column_text][\/vc_tta_section][vc_tta_section title=&#8220;EISENBAHNWERK&#8220; tab_id=&#8220;1697705530296-b2859c7e-79a7&#8243;][vc_column_text css=&#8220;.vc_custom_1635497018762{padding-right: 25px !important;padding-bottom: 25px !important;padding-left: 25px !important;}&#8220;]Das Eisenbahnwerk, eingebettet in den gr\u00fcnen H\u00fcgeln oberhalb von Ponte Brolla, ist das technische Herz unserer Bahn. Ein Team von 8 Mitarbeitern gew\u00e4hrleistet die Wartung und \u00dcberholung der Z\u00fcge, der Sicherheitssysteme und der elektrischen Anlagen. Das rollende Material wird in regelm\u00e4\u00dfigen Abst\u00e4nden einer vorbeugenden Wartung unterzogen, die es uns erm\u00f6glicht, das korrekte Funktionieren der Z\u00fcge in allen ihren Komponenten zu \u00fcberpr\u00fcfen.<\/p>\n<p>In unserem Werk werden die Z\u00fcge regelm\u00e4\u00dfig \u00fcberholt und auch Reparaturen werden intern durchgef\u00fchrt. Das Team wartet auch alle Sicherheitssysteme. Die im Team besch\u00e4ftigten Elektriker warten auch die elektrischen Anlagen des Unternehmens.[\/vc_column_text][\/vc_tta_section][vc_tta_section title=&#8220;WERKSTATT&#8220; tab_id=&#8220;1697705555659-757f00c9-5040&#8243;][vc_column_text css=&#8220;.vc_custom_1635497043364{padding-right: 25px !important;padding-bottom: 25px !important;padding-left: 25px !important;}&#8220;]Unsere Werkstatt, die k\u00fcrzlich um eine dritte Spur erweitert wurde, befindet sich nach wie vor im Herzen von Locarno. Ein Team von 14 Mitarbeitern k\u00fcmmert sich um die ordentliche und au\u00dferordentliche Wartung unserer k\u00fcrzlich erneuerten Busflotte.<\/p>\n<p>Vom Reifenwechsel bis zur t\u00e4glichen Betankung, von Inspektionen bis zu elektrischen und elektronischen Reparaturen, von der Innenwartung bis zur regelm\u00e4ssigen Reinigung der Fahrzeuge, bis hin zu kleinen Karosseriearbeiten. Unsere Werkstatt sorgt t\u00e4glich daf\u00fcr, dass jedes Fahrzeug f\u00fcr seine Fahrt auf der Stra\u00dfe bereit ist, um die Sicherheit und den Komfort unserer Nutzer zu gew\u00e4hrleisten.<\/p>\n<p>Die Werkstatt koordiniert auch die Arbeit von externen Zulieferern, vor allem f\u00fcr gr\u00f6\u00dfere Karosseriearbeiten und handwerkliche Reparaturen an der Innenausstattung.[\/vc_column_text][\/vc_tta_section][vc_tta_section title=&#8220;VERWALTUNGSGEB\u00c4UDE&#8220; tab_id=&#8220;1697705609212-b6b3f294-63c9&#8243;][vc_column_text css=&#8220;.vc_custom_1704809642281{padding-right: 25px !important;padding-bottom: 25px !important;padding-left: 25px !important;}&#8220;]Alle unter einem Dach zu vereinen. Dies war das Ziel, das zum Bau des Verwaltungsgeb\u00e4udes in der Via Galli f\u00fchrte, das seit 2011 in Betrieb ist. Das moderne Geb\u00e4ude beherbergt die Generaldirektion, die Verwaltung, die Bahn- und Busbetriebsleitung, die Abteilung f\u00fcr Technik und Beschaffung, die Abteilung f\u00fcr Einnahmen, Tarife und Statistiken, die Finanz- und Marketingabteilung sowie den Informations- und Verkaufsschalter. In unserem Hauptsitz befindet sich auch die Zentrale Bus- und Bahnkommandozentrale.[\/vc_column_text][\/vc_tta_section][vc_tta_section title=&#8220;BILLETTSCHALTER&#8220; tab_id=&#8220;1697705630298-1f1e6dd6-b661&#8243;][vc_column_text css=&#8220;.vc_custom_1635497080658{padding-right: 25px !important;padding-bottom: 25px !important;padding-left: 25px !important;}&#8220;]Der Billettschalter befindet sich in unmittelbarer N\u00e4he unseres Bahnhofs Locarno-Muralto und des Bahnhofs Locarno FFS. Ein Gebiet, in dem wichtige regionale und st\u00e4dtische Linien zusammenlaufen. Unser Team bietet einen Beratungs- und Verkaufsservice f\u00fcr Fahrkarten und Abonnements, f\u00fcr touristische Fahrkarten f\u00fcr die Ferrovia Vigezzina-Centovalli und f\u00fcr zahlreiche touristische Kombitickets. Ein Ort, an dem sich die Nutzer an sechs Tagen in der Woche auf die Hilfe unserer Mitarbeiter verlassen k\u00f6nnen, um die Mobilit\u00e4tsl\u00f6sung zu finden, die ihren Bed\u00fcrfnissen am besten entspricht.[\/vc_column_text][\/vc_tta_section][vc_tta_section title=&#8220;LEITSTELLEN&#8220; tab_id=&#8220;1697705655316-897c785d-94b8&#8243;][vc_column_text css=&#8220;.vc_custom_1704798703317{padding-right: 25px !important;padding-bottom: 25px !important;padding-left: 25px !important;}&#8220;]Die Gew\u00e4hrleistung von P\u00fcnktlichkeit und Sicherheit in einem Umfeld, in dem zwar alles planbar, aber nicht alles vorhersehbar ist, ist eine t\u00e4gliche Herausforderung, der sich unsere Leitstellen mit gro\u00dfem Engagement und Professionalit\u00e4t stellen. Die Busleitstelle ist f\u00fcr die \u00dcberwachung des Fahrzeugverkehrs im Umlauf zust\u00e4ndig und greift bei St\u00f6rungen umgehend ein. Das Kontrollzentrum der Bahnlinie, das sich am Hauptsitz der FART in Locarno S. Antonio befindet, gew\u00e4hrleistet dagegen einen regelm\u00e4\u00dfigen Verkehr auf der Strecke, verwaltet eventuelle Versp\u00e4tungen und optimiert die Verbindungen mit den internationalen Linien.[\/vc_column_text][\/vc_tta_section][\/dfd_tta_tour][\/vc_column][\/vc_row]<\/p>\n<\/div>","protected":false},"excerpt":{"rendered":"<p>[vc_row][vc_column][dfd_spacer screen_wide_spacer_size=&#8220;100&#8243; screen_normal_resolution=&#8220;1024&#8243; screen_tablet_resolution=&#8220;800&#8243; screen_mobile_resolution=&#8220;480&#8243; screen_normal_spacer_size=&#8220;80&#8243; screen_tablet_spacer_size=&#8220;60&#8243; screen_mobile_spacer_size=&#8220;40&#8243;][\/vc_column][\/vc_row][vc_row css=&#8220;.vc_custom_1568638996273{padding-right: 25px !important;padding-left: 25px !important;}&#8220;][vc_column width=&#8220;1\/6&#8243; col_shadow=&#8220;box_shadow_enable:disable|shadow_horizontal:0|shadow_vertical:15|shadow_blur:50|shadow_spread:0|box_shadow_color:rgba(0%2C0%2C0%2C0.35)&#8220; col_shadow_hover=&#8220;box_shadow_enable:disable|shadow_horizontal:0|shadow_vertical:15|shadow_blur:50|shadow_spread:0|box_shadow_color:rgba(0%2C0%2C0%2C0.35)&#8220;][\/vc_column][vc_column width=&#8220;2\/3&#8243;][dfd_heading style=&#8220;style_06&#8243; subtitle=&#8220;Eine lange Geschichte an Bord mit Ihnen&#8220; module_animation=&#8220;transition.grow&#8220; delimiter_settings=&#8220;delimiter_style:solid|delimiter_width:80|delimiter_height:1|delimiter_color:%23000000&#8243; delimiter_margin=&#8220;margin-top:10|margin-bottom:30&#8243; undefined=&#8220;&#8220; title_font_options=&#8220;tag:h1&#8243;<\/p>\n","protected":false},"author":1,"featured_media":0,"parent":0,"menu_order":0,"comment_status":"closed","ping_status":"closed","template":"tmp-page.php","meta":{"inline_featured_image":false,"_monsterinsights_skip_tracking":false,"_monsterinsights_sitenote_active":false,"_monsterinsights_sitenote_note":"","_monsterinsights_sitenote_category":0,"footnotes":""},"class_list":["post-33716","page","type-page","status-publish","hentry"],"yoast_head":"<!-- This site is optimized with the Yoast SEO plugin v27.4 - https:\/\/yoast.com\/product\/yoast-seo-wordpress\/ -->\n<title>DIE FIRMA - \u00dcber uns - fartiamo<\/title>\n<meta name=\"robots\" content=\"index, follow, max-snippet:-1, max-image-preview:large, max-video-preview:-1\" \/>\n<link rel=\"canonical\" href=\"https:\/\/fartiamo.ch\/de\/die-firma-ueber-uns\/\" \/>\n<meta property=\"og:locale\" content=\"de_DE\" \/>\n<meta property=\"og:type\" content=\"article\" \/>\n<meta property=\"og:title\" content=\"DIE FIRMA - \u00dcber uns - fartiamo\" \/>\n<meta property=\"og:description\" content=\"[vc_row][vc_column][dfd_spacer screen_wide_spacer_size=&#8220;100&#8243; screen_normal_resolution=&#8220;1024&#8243; screen_tablet_resolution=&#8220;800&#8243; screen_mobile_resolution=&#8220;480&#8243; screen_normal_spacer_size=&#8220;80&#8243; screen_tablet_spacer_size=&#8220;60&#8243; screen_mobile_spacer_size=&#8220;40&#8243;][\/vc_column][\/vc_row][vc_row css=&#8220;.vc_custom_1568638996273{padding-right: 25px !important;padding-left: 25px !important;}&#8220;][vc_column width=&#8220;1\/6&#8243; col_shadow=&#8220;box_shadow_enable:disable|shadow_horizontal:0|shadow_vertical:15|shadow_blur:50|shadow_spread:0|box_shadow_color:rgba(0%2C0%2C0%2C0.35)&#8220; col_shadow_hover=&#8220;box_shadow_enable:disable|shadow_horizontal:0|shadow_vertical:15|shadow_blur:50|shadow_spread:0|box_shadow_color:rgba(0%2C0%2C0%2C0.35)&#8220;][\/vc_column][vc_column width=&#8220;2\/3&#8243;][dfd_heading style=&#8220;style_06&#8243; subtitle=&#8220;Eine lange Geschichte an Bord mit Ihnen&#8220; module_animation=&#8220;transition.grow&#8220; delimiter_settings=&#8220;delimiter_style:solid|delimiter_width:80|delimiter_height:1|delimiter_color:%23000000&#8243; delimiter_margin=&#8220;margin-top:10|margin-bottom:30&#8243; undefined=&#8220;&#8220; title_font_options=&#8220;tag:h1&#8243;\" \/>\n<meta property=\"og:url\" content=\"https:\/\/fartiamo.ch\/de\/die-firma-ueber-uns\/\" \/>\n<meta property=\"og:site_name\" content=\"fartiamo\" \/>\n<meta property=\"article:modified_time\" content=\"2025-06-13T08:03:17+00:00\" \/>\n<meta name=\"twitter:card\" content=\"summary_large_image\" \/>\n<meta name=\"twitter:label1\" content=\"Gesch\u00e4tzte Lesezeit\" \/>\n\t<meta name=\"twitter:data1\" content=\"7\u00a0Minuten\" \/>\n<script type=\"application\/ld+json\" class=\"yoast-schema-graph\">{\"@context\":\"https:\\\/\\\/schema.org\",\"@graph\":[{\"@type\":\"WebPage\",\"@id\":\"https:\\\/\\\/fartiamo.ch\\\/de\\\/die-firma-ueber-uns\\\/\",\"url\":\"https:\\\/\\\/fartiamo.ch\\\/de\\\/die-firma-ueber-uns\\\/\",\"name\":\"DIE FIRMA - \u00dcber uns - fartiamo\",\"isPartOf\":{\"@id\":\"https:\\\/\\\/fartiamo.ch\\\/de\\\/#website\"},\"datePublished\":\"2021-10-06T08:22:40+00:00\",\"dateModified\":\"2025-06-13T08:03:17+00:00\",\"breadcrumb\":{\"@id\":\"https:\\\/\\\/fartiamo.ch\\\/de\\\/die-firma-ueber-uns\\\/#breadcrumb\"},\"inLanguage\":\"de\",\"potentialAction\":[{\"@type\":\"ReadAction\",\"target\":[\"https:\\\/\\\/fartiamo.ch\\\/de\\\/die-firma-ueber-uns\\\/\"]}]},{\"@type\":\"BreadcrumbList\",\"@id\":\"https:\\\/\\\/fartiamo.ch\\\/de\\\/die-firma-ueber-uns\\\/#breadcrumb\",\"itemListElement\":[{\"@type\":\"ListItem\",\"position\":1,\"name\":\"Home\",\"item\":\"https:\\\/\\\/fartiamo.ch\\\/de\\\/\"},{\"@type\":\"ListItem\",\"position\":2,\"name\":\"DIE FIRMA &#8211; \u00dcber uns\"}]},{\"@type\":\"WebSite\",\"@id\":\"https:\\\/\\\/fartiamo.ch\\\/de\\\/#website\",\"url\":\"https:\\\/\\\/fartiamo.ch\\\/de\\\/\",\"name\":\"fartiamo\",\"description\":\"Il trasporto che unisce citt\u00e0 e valli\",\"publisher\":{\"@id\":\"https:\\\/\\\/fartiamo.ch\\\/de\\\/#organization\"},\"potentialAction\":[{\"@type\":\"SearchAction\",\"target\":{\"@type\":\"EntryPoint\",\"urlTemplate\":\"https:\\\/\\\/fartiamo.ch\\\/de\\\/?s={search_term_string}\"},\"query-input\":{\"@type\":\"PropertyValueSpecification\",\"valueRequired\":true,\"valueName\":\"search_term_string\"}}],\"inLanguage\":\"de\"},{\"@type\":\"Organization\",\"@id\":\"https:\\\/\\\/fartiamo.ch\\\/de\\\/#organization\",\"name\":\"FART\",\"url\":\"https:\\\/\\\/fartiamo.ch\\\/de\\\/\",\"logo\":{\"@type\":\"ImageObject\",\"inLanguage\":\"de\",\"@id\":\"https:\\\/\\\/fartiamo.ch\\\/de\\\/#\\\/schema\\\/logo\\\/image\\\/\",\"url\":\"https:\\\/\\\/fartiamo.ch\\\/wp-content\\\/uploads\\\/2020\\\/11\\\/fart_logo_completo.svg\",\"contentUrl\":\"https:\\\/\\\/fartiamo.ch\\\/wp-content\\\/uploads\\\/2020\\\/11\\\/fart_logo_completo.svg\",\"width\":\"1024\",\"height\":\"1024\",\"caption\":\"FART\"},\"image\":{\"@id\":\"https:\\\/\\\/fartiamo.ch\\\/de\\\/#\\\/schema\\\/logo\\\/image\\\/\"}}]}<\/script>\n<!-- \/ Yoast SEO plugin. -->","yoast_head_json":{"title":"DIE FIRMA - \u00dcber uns - fartiamo","robots":{"index":"index","follow":"follow","max-snippet":"max-snippet:-1","max-image-preview":"max-image-preview:large","max-video-preview":"max-video-preview:-1"},"canonical":"https:\/\/fartiamo.ch\/de\/die-firma-ueber-uns\/","og_locale":"de_DE","og_type":"article","og_title":"DIE FIRMA - \u00dcber uns - fartiamo","og_description":"[vc_row][vc_column][dfd_spacer screen_wide_spacer_size=&#8220;100&#8243; screen_normal_resolution=&#8220;1024&#8243; screen_tablet_resolution=&#8220;800&#8243; screen_mobile_resolution=&#8220;480&#8243; screen_normal_spacer_size=&#8220;80&#8243; screen_tablet_spacer_size=&#8220;60&#8243; screen_mobile_spacer_size=&#8220;40&#8243;][\/vc_column][\/vc_row][vc_row css=&#8220;.vc_custom_1568638996273{padding-right: 25px !important;padding-left: 25px !important;}&#8220;][vc_column width=&#8220;1\/6&#8243; col_shadow=&#8220;box_shadow_enable:disable|shadow_horizontal:0|shadow_vertical:15|shadow_blur:50|shadow_spread:0|box_shadow_color:rgba(0%2C0%2C0%2C0.35)&#8220; col_shadow_hover=&#8220;box_shadow_enable:disable|shadow_horizontal:0|shadow_vertical:15|shadow_blur:50|shadow_spread:0|box_shadow_color:rgba(0%2C0%2C0%2C0.35)&#8220;][\/vc_column][vc_column width=&#8220;2\/3&#8243;][dfd_heading style=&#8220;style_06&#8243; subtitle=&#8220;Eine lange Geschichte an Bord mit Ihnen&#8220; module_animation=&#8220;transition.grow&#8220; delimiter_settings=&#8220;delimiter_style:solid|delimiter_width:80|delimiter_height:1|delimiter_color:%23000000&#8243; delimiter_margin=&#8220;margin-top:10|margin-bottom:30&#8243; undefined=&#8220;&#8220; title_font_options=&#8220;tag:h1&#8243;","og_url":"https:\/\/fartiamo.ch\/de\/die-firma-ueber-uns\/","og_site_name":"fartiamo","article_modified_time":"2025-06-13T08:03:17+00:00","twitter_card":"summary_large_image","twitter_misc":{"Gesch\u00e4tzte Lesezeit":"7\u00a0Minuten"},"schema":{"@context":"https:\/\/schema.org","@graph":[{"@type":"WebPage","@id":"https:\/\/fartiamo.ch\/de\/die-firma-ueber-uns\/","url":"https:\/\/fartiamo.ch\/de\/die-firma-ueber-uns\/","name":"DIE FIRMA - \u00dcber uns - fartiamo","isPartOf":{"@id":"https:\/\/fartiamo.ch\/de\/#website"},"datePublished":"2021-10-06T08:22:40+00:00","dateModified":"2025-06-13T08:03:17+00:00","breadcrumb":{"@id":"https:\/\/fartiamo.ch\/de\/die-firma-ueber-uns\/#breadcrumb"},"inLanguage":"de","potentialAction":[{"@type":"ReadAction","target":["https:\/\/fartiamo.ch\/de\/die-firma-ueber-uns\/"]}]},{"@type":"BreadcrumbList","@id":"https:\/\/fartiamo.ch\/de\/die-firma-ueber-uns\/#breadcrumb","itemListElement":[{"@type":"ListItem","position":1,"name":"Home","item":"https:\/\/fartiamo.ch\/de\/"},{"@type":"ListItem","position":2,"name":"DIE FIRMA &#8211; \u00dcber uns"}]},{"@type":"WebSite","@id":"https:\/\/fartiamo.ch\/de\/#website","url":"https:\/\/fartiamo.ch\/de\/","name":"fartiamo","description":"Il trasporto che unisce citt\u00e0 e valli","publisher":{"@id":"https:\/\/fartiamo.ch\/de\/#organization"},"potentialAction":[{"@type":"SearchAction","target":{"@type":"EntryPoint","urlTemplate":"https:\/\/fartiamo.ch\/de\/?s={search_term_string}"},"query-input":{"@type":"PropertyValueSpecification","valueRequired":true,"valueName":"search_term_string"}}],"inLanguage":"de"},{"@type":"Organization","@id":"https:\/\/fartiamo.ch\/de\/#organization","name":"FART","url":"https:\/\/fartiamo.ch\/de\/","logo":{"@type":"ImageObject","inLanguage":"de","@id":"https:\/\/fartiamo.ch\/de\/#\/schema\/logo\/image\/","url":"https:\/\/fartiamo.ch\/wp-content\/uploads\/2020\/11\/fart_logo_completo.svg","contentUrl":"https:\/\/fartiamo.ch\/wp-content\/uploads\/2020\/11\/fart_logo_completo.svg","width":"1024","height":"1024","caption":"FART"},"image":{"@id":"https:\/\/fartiamo.ch\/de\/#\/schema\/logo\/image\/"}}]}},"_links":{"self":[{"href":"https:\/\/fartiamo.ch\/de\/wp-json\/wp\/v2\/pages\/33716","targetHints":{"allow":["GET"]}}],"collection":[{"href":"https:\/\/fartiamo.ch\/de\/wp-json\/wp\/v2\/pages"}],"about":[{"href":"https:\/\/fartiamo.ch\/de\/wp-json\/wp\/v2\/types\/page"}],"author":[{"embeddable":true,"href":"https:\/\/fartiamo.ch\/de\/wp-json\/wp\/v2\/users\/1"}],"replies":[{"embeddable":true,"href":"https:\/\/fartiamo.ch\/de\/wp-json\/wp\/v2\/comments?post=33716"}],"version-history":[{"count":26,"href":"https:\/\/fartiamo.ch\/de\/wp-json\/wp\/v2\/pages\/33716\/revisions"}],"predecessor-version":[{"id":43827,"href":"https:\/\/fartiamo.ch\/de\/wp-json\/wp\/v2\/pages\/33716\/revisions\/43827"}],"wp:attachment":[{"href":"https:\/\/fartiamo.ch\/de\/wp-json\/wp\/v2\/media?parent=33716"}],"curies":[{"name":"wp","href":"https:\/\/api.w.org\/{rel}","templated":true}]}}