{"id":33832,"date":"2021-12-07T12:05:27","date_gmt":"2021-12-07T11:05:27","guid":{"rendered":"https:\/\/fartiamo.ch\/azienda-sostenibilita\/"},"modified":"2023-08-23T09:41:54","modified_gmt":"2023-08-23T07:41:54","slug":"azienda-sostenibilita","status":"publish","type":"page","link":"https:\/\/fartiamo.ch\/de\/azienda-sostenibilita\/","title":{"rendered":"AZIENDA \u2013 sostenibilit\u00e0"},"content":{"rendered":"<div class=\"wpb-content-wrapper\"><p>[vc_row][vc_column][dfd_spacer screen_wide_spacer_size=&#8220;100&#8243; screen_normal_resolution=&#8220;1024&#8243; screen_tablet_resolution=&#8220;800&#8243; screen_mobile_resolution=&#8220;480&#8243; screen_normal_spacer_size=&#8220;80&#8243; screen_tablet_spacer_size=&#8220;60&#8243; screen_mobile_spacer_size=&#8220;40&#8243;][\/vc_column][\/vc_row][vc_row css=&#8220;.vc_custom_1568638996273{padding-right: 25px !important;padding-left: 25px !important;}&#8220;][vc_column width=&#8220;1\/6&#8243; col_shadow=&#8220;box_shadow_enable:disable|shadow_horizontal:0|shadow_vertical:15|shadow_blur:50|shadow_spread:0|box_shadow_color:rgba(0%2C0%2C0%2C0.35)&#8220; col_shadow_hover=&#8220;box_shadow_enable:disable|shadow_horizontal:0|shadow_vertical:15|shadow_blur:50|shadow_spread:0|box_shadow_color:rgba(0%2C0%2C0%2C0.35)&#8220;][\/vc_column][vc_column width=&#8220;2\/3&#8243;][dfd_heading style=&#8220;style_06&#8243; subtitle=&#8220;Wir sind uns unserer T\u00e4tigkeit bewusst und daf\u00fcr verantwortlich&#8220; module_animation=&#8220;transition.grow&#8220; delimiter_settings=&#8220;delimiter_style:solid|delimiter_width:80|delimiter_height:1|delimiter_color:%23000000&#8243; delimiter_margin=&#8220;margin-top:10|margin-bottom:30&#8243; undefined=&#8220;&#8220; title_font_options=&#8220;tag:h1&#8243; subtitle_font_options=&#8220;tag:h3&#8243; title_responsive=&#8220;font_size_desktop:45|line_height_desktop:55|letter_spacing_desktop:0|font_size_tablet:40|line_height_tablet:50|letter_spacing_tablet:0|font_size_mobile:35|line_height_mobile:45|letter_spacing_mobile:0&#8243; heading_margin=&#8220;margin-bottom:30&#8243; subtitle_responsive=&#8220;font_size_desktop:26|line_height_desktop:40|letter_spacing_desktop:0|font_size_tablet:24|line_height_tablet:38|letter_spacing_tablet:0|font_size_mobile:22|line_height_mobile:36|letter_spacing_mobile:0&#8243;]Die Nachhaltigkeit[\/dfd_heading][vc_column_text item_animation=&#8220;transition.slideUpBigIn&#8220;]Unser Sozial- und Umweltbericht ist ein erster Schritt zu mehr Transparenz in der Information und Kommunikation. Er richtet sich an ein breites Spektrum von Stakeholdern, die direkt oder indirekt an den Aktivit\u00e4ten unseres Unternehmens beteiligt sind.<\/p>\n<p>Wir sind verpflichtet:<\/p>\n<ul>\n<li>h\u00e4ufige und umfassende Verbindungen in der gesamten Region zu gew\u00e4hrleisten<\/li>\n<li>die Einnahmen zu steigern und die Ressourcen vern\u00fcnftig zu verwalten, um die Kosten f\u00fcr die \u00f6ffentlichen Einrichtungen zu begrenzen<\/li>\n<li>die Entwicklung der Humanressourcen durch Ausbildung zu f\u00f6rdern und zu unterst\u00fctzen<\/li>\n<li>einen st\u00e4ndigen Blick in die Zukunft zu richten, indem wir die notwendigen Ver\u00e4nderungen vornehmen, um die anstehenden Herausforderungen zu bew\u00e4ltigen.<\/li>\n<\/ul>\n<p><strong>&#8222;Die Gesamtheit der im Personalbereich getroffenen Massnahmen hat es uns erm\u00f6glicht, 2019 den Artisana Award zu erhalten, der zum ersten Mal an ein Tessiner Unternehmen und an ein \u00f6ffentliches Verkehrsunternehmen in der Schweiz verliehen wurde.&#8220;<\/strong>[\/vc_column_text][\/vc_column][vc_column width=&#8220;1\/6&#8243;][\/vc_column][\/vc_row][vc_row][vc_column][dfd_spacer screen_wide_spacer_size=&#8220;100&#8243; screen_normal_resolution=&#8220;1024&#8243; screen_tablet_resolution=&#8220;800&#8243; screen_mobile_resolution=&#8220;480&#8243; screen_normal_spacer_size=&#8220;80&#8243; screen_tablet_spacer_size=&#8220;60&#8243; screen_mobile_spacer_size=&#8220;40&#8243;][\/vc_column][\/vc_row][vc_row dfd_row_config=&#8220;full_width_content&#8220; force_equal_height_columns=&#8220;main_row&#8220; el_class=&#8220;colonna&#8220;][vc_column column_bg_check=&#8220;column-background-dark&#8220; width=&#8220;1\/2&#8243; dfd_column_responsive_enable=&#8220;dfd-column-responsive-enable&#8220; col_shadow=&#8220;box_shadow_enable:disable|shadow_horizontal:0|shadow_vertical:15|shadow_blur:50|shadow_spread:0|box_shadow_color:rgba(0%2C0%2C0%2C0.35)&#8220; col_shadow_hover=&#8220;box_shadow_enable:disable|shadow_horizontal:0|shadow_vertical:15|shadow_blur:50|shadow_spread:0|box_shadow_color:rgba(0%2C0%2C0%2C0.35)&#8220; css=&#8220;.vc_custom_1632914213719{padding-top: 100px !important;padding-right: 25px !important;padding-bottom: 100px !important;padding-left: 25px !important;background-color: #331488 !important;background-position: center !important;background-repeat: no-repeat !important;background-size: cover !important;}&#8220; responsive_styles=&#8220;padding_top_mobile:60|padding_bottom_mobile:60&#8243;][dfd_heading subtitle=&#8220;&#8220; module_animation=&#8220;transition.grow&#8220; enable_delimiter=&#8220;&#8220; undefined=&#8220;&#8220; title_font_options=&#8220;tag:h1&#8243; subtitle_font_options=&#8220;tag:div&#8220; title_responsive=&#8220;font_size_desktop:45|line_height_desktop:55|letter_spacing_desktop:0|font_size_tablet:40|line_height_tablet:50|letter_spacing_tablet:0|font_size_mobile:35|line_height_mobile:45|letter_spacing_mobile:0&#8243; heading_margin=&#8220;margin-bottom:25&#8243;]Sozialbericht[\/dfd_heading][vc_column_text css=&#8220;.vc_custom_1638882889803{padding-bottom: 25px !important;}&#8220;]<\/p>\n<p style=\"text-align: center;\">unser Engagement f\u00fcr eine nachhaltige Zukunft<\/p>\n<p>[\/vc_column_text][dfd_button click_animation=&#8220;&#8220; button_text=&#8220;Umwelt-Sozialbilanz 2022&#8243; module_animation=&#8220;transition.slideUpBigIn&#8220; main_style=&#8220;style-2&#8243; undefined=&#8220;&#8220; padding_left=&#8220;15&#8243; padding_right=&#8220;15&#8243; text_color=&#8220;#331488&#8243; hover_text_color=&#8220;#ffffff&#8220; background=&#8220;#ffffff&#8220; hover_background=&#8220;#000000&#8243; box_shadow=&#8220;box_shadow_enable:disable|shadow_horizontal:0|shadow_vertical:15|shadow_blur:50|shadow_spread:0|box_shadow_color:rgba(0%2C0%2C0%2C0.35)&#8220; hover_box_shadow=&#8220;box_shadow_enable:disable|shadow_horizontal:0|shadow_vertical:15|shadow_blur:50|shadow_spread:0|box_shadow_color:rgba(0%2C0%2C0%2C0.35)&#8220; buttom_link_src=&#8220;url:https%3A%2F%2Ffartiamo.ch%2Fwp-content%2Fuploads%2F2023%2F07%2FFART_rapporto_sostenibilita_2023-low.pdf|target:_blank|&#8220; tutorials=&#8220;&#8220;][\/vc_column][vc_column width=&#8220;1\/2&#8243; dfd_column_responsive_enable=&#8220;dfd-column-responsive-enable&#8220; css=&#8220;.vc_custom_1638882973692{padding-top: 100px !important;padding-right: 25px !important;padding-bottom: 100px !important;padding-left: 25px !important;background-color: #f4f4f4 !important;background-position: center !important;background-repeat: no-repeat !important;background-size: cover !important;}&#8220; col_shadow=&#8220;box_shadow_enable:disable|shadow_horizontal:0|shadow_vertical:15|shadow_blur:50|shadow_spread:0|box_shadow_color:rgba(0%2C0%2C0%2C0.35)&#8220; col_shadow_hover=&#8220;box_shadow_enable:disable|shadow_horizontal:0|shadow_vertical:15|shadow_blur:50|shadow_spread:0|box_shadow_color:rgba(0%2C0%2C0%2C0.35)&#8220; responsive_styles=&#8220;padding_top_mobile:60|padding_bottom_mobile:60&#8243;][dfd_heading subtitle=&#8220;&#8220; module_animation=&#8220;transition.grow&#8220; enable_delimiter=&#8220;&#8220; undefined=&#8220;&#8220; title_font_options=&#8220;tag:h1|color:%23331488&#8243; subtitle_font_options=&#8220;tag:div&#8220; title_responsive=&#8220;font_size_desktop:45|line_height_desktop:55|letter_spacing_desktop:0|font_size_tablet:40|line_height_tablet:50|letter_spacing_tablet:0|font_size_mobile:35|line_height_mobile:45|letter_spacing_mobile:0&#8243; heading_margin=&#8220;margin-bottom:25&#8243;]Swisstainable Zertifizierung[\/dfd_heading][dfd_single_image image_size=&#8220;custom&#8220; image_width=&#8220;300&#8243; image_height=&#8220;300&#8243; enable_retina=&#8220;&#8220; image=&#8220;33865&#8243;][\/vc_column][\/vc_row]<\/p>\n<\/div>","protected":false},"excerpt":{"rendered":"<p>[vc_row][vc_column][dfd_spacer screen_wide_spacer_size=&#8220;100&#8243; screen_normal_resolution=&#8220;1024&#8243; screen_tablet_resolution=&#8220;800&#8243; screen_mobile_resolution=&#8220;480&#8243; screen_normal_spacer_size=&#8220;80&#8243; screen_tablet_spacer_size=&#8220;60&#8243; screen_mobile_spacer_size=&#8220;40&#8243;][\/vc_column][\/vc_row][vc_row css=&#8220;.vc_custom_1568638996273{padding-right: 25px !important;padding-left: 25px !important;}&#8220;][vc_column width=&#8220;1\/6&#8243; col_shadow=&#8220;box_shadow_enable:disable|shadow_horizontal:0|shadow_vertical:15|shadow_blur:50|shadow_spread:0|box_shadow_color:rgba(0%2C0%2C0%2C0.35)&#8220; col_shadow_hover=&#8220;box_shadow_enable:disable|shadow_horizontal:0|shadow_vertical:15|shadow_blur:50|shadow_spread:0|box_shadow_color:rgba(0%2C0%2C0%2C0.35)&#8220;][\/vc_column][vc_column width=&#8220;2\/3&#8243;][dfd_heading style=&#8220;style_06&#8243; subtitle=&#8220;Wir sind uns unserer T\u00e4tigkeit bewusst und daf\u00fcr verantwortlich&#8220; module_animation=&#8220;transition.grow&#8220; delimiter_settings=&#8220;delimiter_style:solid|delimiter_width:80|delimiter_height:1|delimiter_color:%23000000&#8243; delimiter_margin=&#8220;margin-top:10|margin-bottom:30&#8243;<\/p>\n","protected":false},"author":1,"featured_media":0,"parent":0,"menu_order":0,"comment_status":"closed","ping_status":"closed","template":"tmp-page.php","meta":{"inline_featured_image":false,"_monsterinsights_skip_tracking":false,"_monsterinsights_sitenote_active":false,"_monsterinsights_sitenote_note":"","_monsterinsights_sitenote_category":0,"footnotes":""},"class_list":["post-33832","page","type-page","status-publish","hentry"],"yoast_head":"<!-- This site is optimized with the Yoast SEO plugin v26.1.1 - https:\/\/yoast.com\/wordpress\/plugins\/seo\/ -->\n<title>AZIENDA \u2013 sostenibilit\u00e0 - fartiamo<\/title>\n<meta name=\"robots\" content=\"index, follow, max-snippet:-1, max-image-preview:large, max-video-preview:-1\" \/>\n<link rel=\"canonical\" href=\"https:\/\/fartiamo.ch\/de\/azienda-sostenibilita\/\" \/>\n<meta property=\"og:locale\" content=\"de_DE\" \/>\n<meta property=\"og:type\" content=\"article\" \/>\n<meta property=\"og:title\" content=\"AZIENDA \u2013 sostenibilit\u00e0 - fartiamo\" \/>\n<meta property=\"og:description\" content=\"[vc_row][vc_column][dfd_spacer screen_wide_spacer_size=&#8220;100&#8243; screen_normal_resolution=&#8220;1024&#8243; screen_tablet_resolution=&#8220;800&#8243; screen_mobile_resolution=&#8220;480&#8243; screen_normal_spacer_size=&#8220;80&#8243; screen_tablet_spacer_size=&#8220;60&#8243; screen_mobile_spacer_size=&#8220;40&#8243;][\/vc_column][\/vc_row][vc_row css=&#8220;.vc_custom_1568638996273{padding-right: 25px !important;padding-left: 25px !important;}&#8220;][vc_column width=&#8220;1\/6&#8243; col_shadow=&#8220;box_shadow_enable:disable|shadow_horizontal:0|shadow_vertical:15|shadow_blur:50|shadow_spread:0|box_shadow_color:rgba(0%2C0%2C0%2C0.35)&#8220; col_shadow_hover=&#8220;box_shadow_enable:disable|shadow_horizontal:0|shadow_vertical:15|shadow_blur:50|shadow_spread:0|box_shadow_color:rgba(0%2C0%2C0%2C0.35)&#8220;][\/vc_column][vc_column width=&#8220;2\/3&#8243;][dfd_heading style=&#8220;style_06&#8243; subtitle=&#8220;Wir sind uns unserer T\u00e4tigkeit bewusst und daf\u00fcr verantwortlich&#8220; module_animation=&#8220;transition.grow&#8220; delimiter_settings=&#8220;delimiter_style:solid|delimiter_width:80|delimiter_height:1|delimiter_color:%23000000&#8243; delimiter_margin=&#8220;margin-top:10|margin-bottom:30&#8243;\" \/>\n<meta property=\"og:url\" content=\"https:\/\/fartiamo.ch\/de\/azienda-sostenibilita\/\" \/>\n<meta property=\"og:site_name\" content=\"fartiamo\" \/>\n<meta property=\"article:modified_time\" content=\"2023-08-23T07:41:54+00:00\" \/>\n<meta name=\"twitter:card\" content=\"summary_large_image\" \/>\n<meta name=\"twitter:label1\" content=\"Gesch\u00e4tzte Lesezeit\" \/>\n\t<meta name=\"twitter:data1\" content=\"4\u00a0Minuten\" \/>\n<script type=\"application\/ld+json\" class=\"yoast-schema-graph\">{\"@context\":\"https:\/\/schema.org\",\"@graph\":[{\"@type\":\"WebPage\",\"@id\":\"https:\/\/fartiamo.ch\/de\/azienda-sostenibilita\/\",\"url\":\"https:\/\/fartiamo.ch\/de\/azienda-sostenibilita\/\",\"name\":\"AZIENDA \u2013 sostenibilit\u00e0 - fartiamo\",\"isPartOf\":{\"@id\":\"https:\/\/fartiamo.ch\/de\/#website\"},\"datePublished\":\"2021-12-07T11:05:27+00:00\",\"dateModified\":\"2023-08-23T07:41:54+00:00\",\"breadcrumb\":{\"@id\":\"https:\/\/fartiamo.ch\/de\/azienda-sostenibilita\/#breadcrumb\"},\"inLanguage\":\"de\",\"potentialAction\":[{\"@type\":\"ReadAction\",\"target\":[\"https:\/\/fartiamo.ch\/de\/azienda-sostenibilita\/\"]}]},{\"@type\":\"BreadcrumbList\",\"@id\":\"https:\/\/fartiamo.ch\/de\/azienda-sostenibilita\/#breadcrumb\",\"itemListElement\":[{\"@type\":\"ListItem\",\"position\":1,\"name\":\"Home\",\"item\":\"https:\/\/fartiamo.ch\/de\/\"},{\"@type\":\"ListItem\",\"position\":2,\"name\":\"AZIENDA \u2013 sostenibilit\u00e0\"}]},{\"@type\":\"WebSite\",\"@id\":\"https:\/\/fartiamo.ch\/de\/#website\",\"url\":\"https:\/\/fartiamo.ch\/de\/\",\"name\":\"fartiamo\",\"description\":\"Il trasporto che unisce citt\u00e0 e valli\",\"publisher\":{\"@id\":\"https:\/\/fartiamo.ch\/de\/#organization\"},\"potentialAction\":[{\"@type\":\"SearchAction\",\"target\":{\"@type\":\"EntryPoint\",\"urlTemplate\":\"https:\/\/fartiamo.ch\/de\/?s={search_term_string}\"},\"query-input\":{\"@type\":\"PropertyValueSpecification\",\"valueRequired\":true,\"valueName\":\"search_term_string\"}}],\"inLanguage\":\"de\"},{\"@type\":\"Organization\",\"@id\":\"https:\/\/fartiamo.ch\/de\/#organization\",\"name\":\"FART\",\"url\":\"https:\/\/fartiamo.ch\/de\/\",\"logo\":{\"@type\":\"ImageObject\",\"inLanguage\":\"de\",\"@id\":\"https:\/\/fartiamo.ch\/de\/#\/schema\/logo\/image\/\",\"url\":\"https:\/\/fartiamo.ch\/wp-content\/uploads\/2020\/11\/fart_logo_completo.svg\",\"contentUrl\":\"https:\/\/fartiamo.ch\/wp-content\/uploads\/2020\/11\/fart_logo_completo.svg\",\"width\":\"1024\",\"height\":\"1024\",\"caption\":\"FART\"},\"image\":{\"@id\":\"https:\/\/fartiamo.ch\/de\/#\/schema\/logo\/image\/\"}}]}<\/script>\n<!-- \/ Yoast SEO plugin. -->","yoast_head_json":{"title":"AZIENDA \u2013 sostenibilit\u00e0 - fartiamo","robots":{"index":"index","follow":"follow","max-snippet":"max-snippet:-1","max-image-preview":"max-image-preview:large","max-video-preview":"max-video-preview:-1"},"canonical":"https:\/\/fartiamo.ch\/de\/azienda-sostenibilita\/","og_locale":"de_DE","og_type":"article","og_title":"AZIENDA \u2013 sostenibilit\u00e0 - fartiamo","og_description":"[vc_row][vc_column][dfd_spacer screen_wide_spacer_size=&#8220;100&#8243; screen_normal_resolution=&#8220;1024&#8243; screen_tablet_resolution=&#8220;800&#8243; screen_mobile_resolution=&#8220;480&#8243; screen_normal_spacer_size=&#8220;80&#8243; screen_tablet_spacer_size=&#8220;60&#8243; screen_mobile_spacer_size=&#8220;40&#8243;][\/vc_column][\/vc_row][vc_row css=&#8220;.vc_custom_1568638996273{padding-right: 25px !important;padding-left: 25px !important;}&#8220;][vc_column width=&#8220;1\/6&#8243; col_shadow=&#8220;box_shadow_enable:disable|shadow_horizontal:0|shadow_vertical:15|shadow_blur:50|shadow_spread:0|box_shadow_color:rgba(0%2C0%2C0%2C0.35)&#8220; col_shadow_hover=&#8220;box_shadow_enable:disable|shadow_horizontal:0|shadow_vertical:15|shadow_blur:50|shadow_spread:0|box_shadow_color:rgba(0%2C0%2C0%2C0.35)&#8220;][\/vc_column][vc_column width=&#8220;2\/3&#8243;][dfd_heading style=&#8220;style_06&#8243; subtitle=&#8220;Wir sind uns unserer T\u00e4tigkeit bewusst und daf\u00fcr verantwortlich&#8220; module_animation=&#8220;transition.grow&#8220; delimiter_settings=&#8220;delimiter_style:solid|delimiter_width:80|delimiter_height:1|delimiter_color:%23000000&#8243; delimiter_margin=&#8220;margin-top:10|margin-bottom:30&#8243;","og_url":"https:\/\/fartiamo.ch\/de\/azienda-sostenibilita\/","og_site_name":"fartiamo","article_modified_time":"2023-08-23T07:41:54+00:00","twitter_card":"summary_large_image","twitter_misc":{"Gesch\u00e4tzte Lesezeit":"4\u00a0Minuten"},"schema":{"@context":"https:\/\/schema.org","@graph":[{"@type":"WebPage","@id":"https:\/\/fartiamo.ch\/de\/azienda-sostenibilita\/","url":"https:\/\/fartiamo.ch\/de\/azienda-sostenibilita\/","name":"AZIENDA \u2013 sostenibilit\u00e0 - fartiamo","isPartOf":{"@id":"https:\/\/fartiamo.ch\/de\/#website"},"datePublished":"2021-12-07T11:05:27+00:00","dateModified":"2023-08-23T07:41:54+00:00","breadcrumb":{"@id":"https:\/\/fartiamo.ch\/de\/azienda-sostenibilita\/#breadcrumb"},"inLanguage":"de","potentialAction":[{"@type":"ReadAction","target":["https:\/\/fartiamo.ch\/de\/azienda-sostenibilita\/"]}]},{"@type":"BreadcrumbList","@id":"https:\/\/fartiamo.ch\/de\/azienda-sostenibilita\/#breadcrumb","itemListElement":[{"@type":"ListItem","position":1,"name":"Home","item":"https:\/\/fartiamo.ch\/de\/"},{"@type":"ListItem","position":2,"name":"AZIENDA \u2013 sostenibilit\u00e0"}]},{"@type":"WebSite","@id":"https:\/\/fartiamo.ch\/de\/#website","url":"https:\/\/fartiamo.ch\/de\/","name":"fartiamo","description":"Il trasporto che unisce citt\u00e0 e valli","publisher":{"@id":"https:\/\/fartiamo.ch\/de\/#organization"},"potentialAction":[{"@type":"SearchAction","target":{"@type":"EntryPoint","urlTemplate":"https:\/\/fartiamo.ch\/de\/?s={search_term_string}"},"query-input":{"@type":"PropertyValueSpecification","valueRequired":true,"valueName":"search_term_string"}}],"inLanguage":"de"},{"@type":"Organization","@id":"https:\/\/fartiamo.ch\/de\/#organization","name":"FART","url":"https:\/\/fartiamo.ch\/de\/","logo":{"@type":"ImageObject","inLanguage":"de","@id":"https:\/\/fartiamo.ch\/de\/#\/schema\/logo\/image\/","url":"https:\/\/fartiamo.ch\/wp-content\/uploads\/2020\/11\/fart_logo_completo.svg","contentUrl":"https:\/\/fartiamo.ch\/wp-content\/uploads\/2020\/11\/fart_logo_completo.svg","width":"1024","height":"1024","caption":"FART"},"image":{"@id":"https:\/\/fartiamo.ch\/de\/#\/schema\/logo\/image\/"}}]}},"_links":{"self":[{"href":"https:\/\/fartiamo.ch\/de\/wp-json\/wp\/v2\/pages\/33832","targetHints":{"allow":["GET"]}}],"collection":[{"href":"https:\/\/fartiamo.ch\/de\/wp-json\/wp\/v2\/pages"}],"about":[{"href":"https:\/\/fartiamo.ch\/de\/wp-json\/wp\/v2\/types\/page"}],"author":[{"embeddable":true,"href":"https:\/\/fartiamo.ch\/de\/wp-json\/wp\/v2\/users\/1"}],"replies":[{"embeddable":true,"href":"https:\/\/fartiamo.ch\/de\/wp-json\/wp\/v2\/comments?post=33832"}],"version-history":[{"count":12,"href":"https:\/\/fartiamo.ch\/de\/wp-json\/wp\/v2\/pages\/33832\/revisions"}],"predecessor-version":[{"id":38353,"href":"https:\/\/fartiamo.ch\/de\/wp-json\/wp\/v2\/pages\/33832\/revisions\/38353"}],"wp:attachment":[{"href":"https:\/\/fartiamo.ch\/de\/wp-json\/wp\/v2\/media?parent=33832"}],"curies":[{"name":"wp","href":"https:\/\/api.w.org\/{rel}","templated":true}]}}