{"id":37027,"date":"2023-01-20T14:21:27","date_gmt":"2023-01-20T13:21:27","guid":{"rendered":"https:\/\/fartiamo.ch\/?page_id=37027"},"modified":"2026-03-25T11:15:35","modified_gmt":"2026-03-25T10:15:35","slug":"bahnhoefe","status":"publish","type":"page","link":"https:\/\/fartiamo.ch\/de\/bahnhoefe\/","title":{"rendered":"Bahnh\u00f6fe"},"content":{"rendered":"<div class=\"wpb-content-wrapper\"><p>[vc_row][vc_column][dfd_spacer screen_wide_spacer_size=&#8220;100&#8243; screen_normal_resolution=&#8220;1024&#8243; screen_tablet_resolution=&#8220;800&#8243; screen_mobile_resolution=&#8220;480&#8243; screen_normal_spacer_size=&#8220;80&#8243; screen_tablet_spacer_size=&#8220;60&#8243; screen_mobile_spacer_size=&#8220;40&#8243;][\/vc_column][\/vc_row][vc_row css=&#8220;.vc_custom_1568638996273{padding-right: 25px !important;padding-left: 25px !important;}&#8220;][vc_column width=&#8220;1\/6&#8243; col_shadow=&#8220;box_shadow_enable:disable|shadow_horizontal:0|shadow_vertical:15|shadow_blur:50|shadow_spread:0|box_shadow_color:rgba(0%2C0%2C0%2C0.35)&#8220; col_shadow_hover=&#8220;box_shadow_enable:disable|shadow_horizontal:0|shadow_vertical:15|shadow_blur:50|shadow_spread:0|box_shadow_color:rgba(0%2C0%2C0%2C0.35)&#8220;][\/vc_column][vc_column width=&#8220;2\/3&#8243;][dfd_heading style=&#8220;style_06&#8243; subtitle=&#8220;Wir arbeiten f\u00fcr Sie.&#8220; module_animation=&#8220;transition.grow&#8220; delimiter_settings=&#8220;delimiter_style:solid|delimiter_width:80|delimiter_height:1|delimiter_color:%23000000&#8243; delimiter_margin=&#8220;margin-top:10|margin-bottom:30&#8243; undefined=&#8220;&#8220; title_font_options=&#8220;tag:h1&#8243; subtitle_font_options=&#8220;tag:h3&#8243; title_responsive=&#8220;font_size_desktop:45|line_height_desktop:55|letter_spacing_desktop:0|font_size_tablet:40|line_height_tablet:50|letter_spacing_tablet:0|font_size_mobile:35|line_height_mobile:45|letter_spacing_mobile:0&#8243; heading_margin=&#8220;margin-bottom:30&#8243; subtitle_responsive=&#8220;font_size_desktop:26|line_height_desktop:40|letter_spacing_desktop:0|font_size_tablet:24|line_height_tablet:38|letter_spacing_tablet:0|font_size_mobile:22|line_height_mobile:36|letter_spacing_mobile:0&#8243;]<strong>Arbeiten zur Anpassung der Bahnh\u00f6fe an das Behindertengesetz (LDis).<\/strong>[\/dfd_heading][dfd_spacer screen_wide_spacer_size=&#8220;40&#8243; screen_normal_resolution=&#8220;1024&#8243; screen_tablet_resolution=&#8220;800&#8243; screen_mobile_resolution=&#8220;480&#8243;][vc_column_text css=&#8220;.vc_custom_1719908367829{padding-bottom: 50px !important;}&#8220; item_animation=&#8220;transition.slideUpBigIn&#8220;]Im Februar 2023 begannen die Arbeiten zur Anpassung der Bahnh\u00f6fe der Vigezzina-Centovalli-Bahn an das Behindertengesetz (LDis). Eine Reihe von Baustellen wird es erm\u00f6glichen, die Bahnh\u00f6fe bestm\u00f6glich an die Bed\u00fcrfnisse behinderter Menschen anzupassen.<\/p>\n<p>Die Hauptarbeiten umfassen die Anhebung der Bahnsteige \u00fcber das derzeitige Niveau (mit Anpassung der Einrichtungsgegenst\u00e4nde und der Anpassung der Bahnsteigkanten an die Gesamtform des Zuges), die Schaffung von Verbindungsrampen mit einer maximalen Steigung von 6 %, die Ausf\u00fchrung horizontaler (taktil-visueller Linien) und vertikaler Beschilderungen, die Modernisierung und Erweiterung der Informationsbildschirme und der Bahnsteigbeleuchtung, die Renovierung der Toiletten und die Anpassung an die LDis.[\/vc_column_text][dfd_spacer screen_wide_spacer_size=&#8220;10&#8243; screen_normal_resolution=&#8220;1024&#8243; screen_tablet_resolution=&#8220;800&#8243; screen_mobile_resolution=&#8220;480&#8243;][dfd_button button_text=&#8220;Arbeitssituation&#8220; main_style=&#8220;style-2&#8243; buttom_link_src=&#8220;url:http%3A%2F%2Ffartiamo.ch%2Fwp-content%2Fuploads%2F2026%2F03%2F13_Cartina_Riassuntiva_2026.pdf|target:_blank&#8220; box_shadow=&#8220;box_shadow_enable:disable|shadow_horizontal:0|shadow_vertical:15|shadow_blur:50|shadow_spread:0|box_shadow_color:rgba(0%2C0%2C0%2C0.35)&#8220; hover_box_shadow=&#8220;box_shadow_enable:disable|shadow_horizontal:0|shadow_vertical:15|shadow_blur:50|shadow_spread:0|box_shadow_color:rgba(0%2C0%2C0%2C0.35)&#8220; tutorials=&#8220;&#8220;][dfd_spacer screen_wide_spacer_size=&#8220;30&#8243; screen_normal_resolution=&#8220;1024&#8243; screen_tablet_resolution=&#8220;800&#8243; screen_mobile_resolution=&#8220;480&#8243; screen_normal_spacer_size=&#8220;30&#8243; screen_tablet_spacer_size=&#8220;30&#8243; screen_mobile_spacer_size=&#8220;30&#8243;][dfd_simple_image_gallery dfd_layer_image=&#8220;37093,37097,37101,37105,37109,37113&#8243; items_offset=&#8220;0&#8243; image_width=&#8220;1500&#8243; image_height=&#8220;800&#8243; slides_to_show=&#8220;1&#8243; slides_to_scroll=&#8220;1&#8243; carousel_slideshow_speed=&#8220;3000&#8243; use_dots=&#8220;show&#8220; images_style=&#8220;carousel&#8220;][\/vc_column][vc_column width=&#8220;1\/6&#8243;][\/vc_column][\/vc_row][vc_row][vc_column][dfd_spacer screen_wide_spacer_size=&#8220;40&#8243; screen_normal_resolution=&#8220;1024&#8243; screen_tablet_resolution=&#8220;800&#8243; screen_mobile_resolution=&#8220;480&#8243;][dfd_tta_tour active_section=&#8220;1&#8243; font_size=&#8220;18&#8243;][vc_tta_section title=&#8220;Ponte Brolla Bahnhof&#8220; tab_id=&#8220;1745397544664-07f6593e-1ba5&#8243;][vc_column_text css=&#8220;&#8220;]FART m\u00f6chte Sie dar\u00fcber informieren, dass im Rahmen der Anpassung der Bahnh\u00f6fe an das Behindertengesetz (LDis) der Bahnhof PONTE BROLLA<br \/>\nab Montag, den 28. APRIL 2025, f\u00fcr die \u00d6ffentlichkeit geschlossen wird, bis eine entsprechende Mitteilung erfolgt.<\/p>\n<p>Die Haltestelle wird von der Linie 315 der Autolinee FART bedient. mehr Informationen[\/vc_column_text][\/vc_tta_section][vc_tta_section title=&#8220;Palagnedra Bahnhof&#8220; tab_id=&#8220;1751622232247-ac0ddf18-65ea&#8220;][vc_column_text css=&#8220;&#8220;]<\/p>\n<p data-start=\"1111\" data-end=\"1322\">Die FART informieren ihre gesch\u00e4tzten Fahrg\u00e4ste, dass im Rahmen der Anpassungsarbeiten der Bahnh\u00f6fe an das Behindertengesetz (LDis) <strong>der Palagnedra Bahnhof bis auf Weiteres f\u00fcr die \u00d6ffentlichkeit geschlossen ist.<\/strong><\/p>\n<ul>\n<li data-start=\"1324\" data-end=\"1633\">Die Haltestelle wird durch einen Ersatzbus bedient, der zwischen Intragna und Camedo verkehrt. Die Pl\u00e4tze sind begrenzt und k\u00f6nnen nicht reserviert werden. L\u00e4ngere Fahrzeiten sind einzukalkulieren. <a href=\"http:\/\/fartiamo.ch\/wp-content\/uploads\/2025\/05\/21_FART_Avvisi_Servizio.pdf\">Weitere Informationen<\/a><\/li>\n<li data-start=\"1324\" data-end=\"1633\">Die Z\u00fcge verkehren regul\u00e4r und bedienen die Haltestellen Intragna, Verdasio und Camedo.<\/li>\n<\/ul>\n<p>[\/vc_column_text][\/vc_tta_section][vc_tta_section title=&#8220;Corcapolo Bahnhof&#8220; tab_id=&#8220;1751622295695-269d7553-1b40&#8243;][vc_column_text css=&#8220;&#8220;]<\/p>\n<p data-start=\"1111\" data-end=\"1322\">Die FART informieren ihre gesch\u00e4tzten Fahrg\u00e4ste, dass im Rahmen der Anpassungsarbeiten der Bahnh\u00f6fe an das Behindertengesetz (LDis) <strong>der Corcapolo Bahnhof bis auf Weiteres f\u00fcr die \u00d6ffentlichkeit geschlossen ist.<\/strong><\/p>\n<ul>\n<li data-start=\"1324\" data-end=\"1633\">Die Haltestelle wird durch einen Ersatzbus bedient, der zwischen Intragna und Camedo verkehrt. Die Pl\u00e4tze sind begrenzt und k\u00f6nnen nicht reserviert werden. L\u00e4ngere Fahrzeiten sind einzukalkulieren. <a href=\"http:\/\/fartiamo.ch\/wp-content\/uploads\/2025\/05\/21_FART_Avvisi_Servizio.pdf\">Weitere Informationen<\/a><\/li>\n<li data-start=\"1324\" data-end=\"1633\">Die Z\u00fcge verkehren regul\u00e4r und bedienen die Haltestellen Intragna, Verdasio und Camedo.<\/li>\n<\/ul>\n<p>[\/vc_column_text][\/vc_tta_section][\/dfd_tta_tour][\/vc_column][\/vc_row]<\/p>\n<\/div>","protected":false},"excerpt":{"rendered":"<p>[vc_row][vc_column][dfd_spacer screen_wide_spacer_size=&#8220;100&#8243; screen_normal_resolution=&#8220;1024&#8243; screen_tablet_resolution=&#8220;800&#8243; screen_mobile_resolution=&#8220;480&#8243; screen_normal_spacer_size=&#8220;80&#8243; screen_tablet_spacer_size=&#8220;60&#8243; screen_mobile_spacer_size=&#8220;40&#8243;][\/vc_column][\/vc_row][vc_row css=&#8220;.vc_custom_1568638996273{padding-right: 25px !important;padding-left: 25px !important;}&#8220;][vc_column width=&#8220;1\/6&#8243; col_shadow=&#8220;box_shadow_enable:disable|shadow_horizontal:0|shadow_vertical:15|shadow_blur:50|shadow_spread:0|box_shadow_color:rgba(0%2C0%2C0%2C0.35)&#8220; col_shadow_hover=&#8220;box_shadow_enable:disable|shadow_horizontal:0|shadow_vertical:15|shadow_blur:50|shadow_spread:0|box_shadow_color:rgba(0%2C0%2C0%2C0.35)&#8220;][\/vc_column][vc_column width=&#8220;2\/3&#8243;][dfd_heading style=&#8220;style_06&#8243; subtitle=&#8220;Wir arbeiten f\u00fcr Sie.&#8220; module_animation=&#8220;transition.grow&#8220; delimiter_settings=&#8220;delimiter_style:solid|delimiter_width:80|delimiter_height:1|delimiter_color:%23000000&#8243; delimiter_margin=&#8220;margin-top:10|margin-bottom:30&#8243; undefined=&#8220;&#8220; title_font_options=&#8220;tag:h1&#8243; subtitle_font_options=&#8220;tag:h3&#8243; title_responsive=&#8220;font_size_desktop:45|line_height_desktop:55|letter_spacing_desktop:0|font_size_tablet:40|line_height_tablet:50|letter_spacing_tablet:0|font_size_mobile:35|line_height_mobile:45|letter_spacing_mobile:0&#8243; heading_margin=&#8220;margin-bottom:30&#8243;<\/p>\n","protected":false},"author":1,"featured_media":0,"parent":0,"menu_order":0,"comment_status":"closed","ping_status":"closed","template":"tmp-page.php","meta":{"inline_featured_image":false,"_monsterinsights_skip_tracking":false,"_monsterinsights_sitenote_active":false,"_monsterinsights_sitenote_note":"","_monsterinsights_sitenote_category":0,"footnotes":""},"class_list":["post-37027","page","type-page","status-publish","hentry"],"yoast_head":"<!-- This site is optimized with the Yoast SEO plugin v27.4 - https:\/\/yoast.com\/product\/yoast-seo-wordpress\/ -->\n<title>Bahnh\u00f6fe - fartiamo<\/title>\n<meta name=\"robots\" content=\"index, follow, max-snippet:-1, max-image-preview:large, max-video-preview:-1\" \/>\n<link rel=\"canonical\" href=\"https:\/\/fartiamo.ch\/de\/bahnhoefe\/\" \/>\n<meta property=\"og:locale\" content=\"de_DE\" \/>\n<meta property=\"og:type\" content=\"article\" \/>\n<meta property=\"og:title\" content=\"Bahnh\u00f6fe - fartiamo\" \/>\n<meta property=\"og:description\" content=\"[vc_row][vc_column][dfd_spacer screen_wide_spacer_size=&#8220;100&#8243; screen_normal_resolution=&#8220;1024&#8243; screen_tablet_resolution=&#8220;800&#8243; screen_mobile_resolution=&#8220;480&#8243; screen_normal_spacer_size=&#8220;80&#8243; screen_tablet_spacer_size=&#8220;60&#8243; screen_mobile_spacer_size=&#8220;40&#8243;][\/vc_column][\/vc_row][vc_row css=&#8220;.vc_custom_1568638996273{padding-right: 25px !important;padding-left: 25px !important;}&#8220;][vc_column width=&#8220;1\/6&#8243; col_shadow=&#8220;box_shadow_enable:disable|shadow_horizontal:0|shadow_vertical:15|shadow_blur:50|shadow_spread:0|box_shadow_color:rgba(0%2C0%2C0%2C0.35)&#8220; col_shadow_hover=&#8220;box_shadow_enable:disable|shadow_horizontal:0|shadow_vertical:15|shadow_blur:50|shadow_spread:0|box_shadow_color:rgba(0%2C0%2C0%2C0.35)&#8220;][\/vc_column][vc_column width=&#8220;2\/3&#8243;][dfd_heading style=&#8220;style_06&#8243; subtitle=&#8220;Wir arbeiten f\u00fcr Sie.&#8220; module_animation=&#8220;transition.grow&#8220; delimiter_settings=&#8220;delimiter_style:solid|delimiter_width:80|delimiter_height:1|delimiter_color:%23000000&#8243; delimiter_margin=&#8220;margin-top:10|margin-bottom:30&#8243; undefined=&#8220;&#8220; title_font_options=&#8220;tag:h1&#8243; subtitle_font_options=&#8220;tag:h3&#8243; title_responsive=&#8220;font_size_desktop:45|line_height_desktop:55|letter_spacing_desktop:0|font_size_tablet:40|line_height_tablet:50|letter_spacing_tablet:0|font_size_mobile:35|line_height_mobile:45|letter_spacing_mobile:0&#8243; heading_margin=&#8220;margin-bottom:30&#8243;\" \/>\n<meta property=\"og:url\" content=\"https:\/\/fartiamo.ch\/de\/bahnhoefe\/\" \/>\n<meta property=\"og:site_name\" content=\"fartiamo\" \/>\n<meta property=\"article:modified_time\" content=\"2026-03-25T10:15:35+00:00\" \/>\n<meta name=\"twitter:card\" content=\"summary_large_image\" \/>\n<meta name=\"twitter:label1\" content=\"Gesch\u00e4tzte Lesezeit\" \/>\n\t<meta name=\"twitter:data1\" content=\"2\u00a0Minuten\" \/>\n<script type=\"application\/ld+json\" class=\"yoast-schema-graph\">{\"@context\":\"https:\\\/\\\/schema.org\",\"@graph\":[{\"@type\":\"WebPage\",\"@id\":\"https:\\\/\\\/fartiamo.ch\\\/de\\\/bahnhoefe\\\/\",\"url\":\"https:\\\/\\\/fartiamo.ch\\\/de\\\/bahnhoefe\\\/\",\"name\":\"Bahnh\u00f6fe - fartiamo\",\"isPartOf\":{\"@id\":\"https:\\\/\\\/fartiamo.ch\\\/de\\\/#website\"},\"datePublished\":\"2023-01-20T13:21:27+00:00\",\"dateModified\":\"2026-03-25T10:15:35+00:00\",\"breadcrumb\":{\"@id\":\"https:\\\/\\\/fartiamo.ch\\\/de\\\/bahnhoefe\\\/#breadcrumb\"},\"inLanguage\":\"de\",\"potentialAction\":[{\"@type\":\"ReadAction\",\"target\":[\"https:\\\/\\\/fartiamo.ch\\\/de\\\/bahnhoefe\\\/\"]}]},{\"@type\":\"BreadcrumbList\",\"@id\":\"https:\\\/\\\/fartiamo.ch\\\/de\\\/bahnhoefe\\\/#breadcrumb\",\"itemListElement\":[{\"@type\":\"ListItem\",\"position\":1,\"name\":\"Home\",\"item\":\"https:\\\/\\\/fartiamo.ch\\\/de\\\/\"},{\"@type\":\"ListItem\",\"position\":2,\"name\":\"Bahnh\u00f6fe\"}]},{\"@type\":\"WebSite\",\"@id\":\"https:\\\/\\\/fartiamo.ch\\\/de\\\/#website\",\"url\":\"https:\\\/\\\/fartiamo.ch\\\/de\\\/\",\"name\":\"fartiamo\",\"description\":\"Il trasporto che unisce citt\u00e0 e valli\",\"publisher\":{\"@id\":\"https:\\\/\\\/fartiamo.ch\\\/de\\\/#organization\"},\"potentialAction\":[{\"@type\":\"SearchAction\",\"target\":{\"@type\":\"EntryPoint\",\"urlTemplate\":\"https:\\\/\\\/fartiamo.ch\\\/de\\\/?s={search_term_string}\"},\"query-input\":{\"@type\":\"PropertyValueSpecification\",\"valueRequired\":true,\"valueName\":\"search_term_string\"}}],\"inLanguage\":\"de\"},{\"@type\":\"Organization\",\"@id\":\"https:\\\/\\\/fartiamo.ch\\\/de\\\/#organization\",\"name\":\"FART\",\"url\":\"https:\\\/\\\/fartiamo.ch\\\/de\\\/\",\"logo\":{\"@type\":\"ImageObject\",\"inLanguage\":\"de\",\"@id\":\"https:\\\/\\\/fartiamo.ch\\\/de\\\/#\\\/schema\\\/logo\\\/image\\\/\",\"url\":\"https:\\\/\\\/fartiamo.ch\\\/wp-content\\\/uploads\\\/2020\\\/11\\\/fart_logo_completo.svg\",\"contentUrl\":\"https:\\\/\\\/fartiamo.ch\\\/wp-content\\\/uploads\\\/2020\\\/11\\\/fart_logo_completo.svg\",\"width\":\"1024\",\"height\":\"1024\",\"caption\":\"FART\"},\"image\":{\"@id\":\"https:\\\/\\\/fartiamo.ch\\\/de\\\/#\\\/schema\\\/logo\\\/image\\\/\"}}]}<\/script>\n<!-- \/ Yoast SEO plugin. -->","yoast_head_json":{"title":"Bahnh\u00f6fe - fartiamo","robots":{"index":"index","follow":"follow","max-snippet":"max-snippet:-1","max-image-preview":"max-image-preview:large","max-video-preview":"max-video-preview:-1"},"canonical":"https:\/\/fartiamo.ch\/de\/bahnhoefe\/","og_locale":"de_DE","og_type":"article","og_title":"Bahnh\u00f6fe - fartiamo","og_description":"[vc_row][vc_column][dfd_spacer screen_wide_spacer_size=&#8220;100&#8243; screen_normal_resolution=&#8220;1024&#8243; screen_tablet_resolution=&#8220;800&#8243; screen_mobile_resolution=&#8220;480&#8243; screen_normal_spacer_size=&#8220;80&#8243; screen_tablet_spacer_size=&#8220;60&#8243; screen_mobile_spacer_size=&#8220;40&#8243;][\/vc_column][\/vc_row][vc_row css=&#8220;.vc_custom_1568638996273{padding-right: 25px !important;padding-left: 25px !important;}&#8220;][vc_column width=&#8220;1\/6&#8243; col_shadow=&#8220;box_shadow_enable:disable|shadow_horizontal:0|shadow_vertical:15|shadow_blur:50|shadow_spread:0|box_shadow_color:rgba(0%2C0%2C0%2C0.35)&#8220; col_shadow_hover=&#8220;box_shadow_enable:disable|shadow_horizontal:0|shadow_vertical:15|shadow_blur:50|shadow_spread:0|box_shadow_color:rgba(0%2C0%2C0%2C0.35)&#8220;][\/vc_column][vc_column width=&#8220;2\/3&#8243;][dfd_heading style=&#8220;style_06&#8243; subtitle=&#8220;Wir arbeiten f\u00fcr Sie.&#8220; module_animation=&#8220;transition.grow&#8220; delimiter_settings=&#8220;delimiter_style:solid|delimiter_width:80|delimiter_height:1|delimiter_color:%23000000&#8243; delimiter_margin=&#8220;margin-top:10|margin-bottom:30&#8243; undefined=&#8220;&#8220; title_font_options=&#8220;tag:h1&#8243; subtitle_font_options=&#8220;tag:h3&#8243; title_responsive=&#8220;font_size_desktop:45|line_height_desktop:55|letter_spacing_desktop:0|font_size_tablet:40|line_height_tablet:50|letter_spacing_tablet:0|font_size_mobile:35|line_height_mobile:45|letter_spacing_mobile:0&#8243; heading_margin=&#8220;margin-bottom:30&#8243;","og_url":"https:\/\/fartiamo.ch\/de\/bahnhoefe\/","og_site_name":"fartiamo","article_modified_time":"2026-03-25T10:15:35+00:00","twitter_card":"summary_large_image","twitter_misc":{"Gesch\u00e4tzte Lesezeit":"2\u00a0Minuten"},"schema":{"@context":"https:\/\/schema.org","@graph":[{"@type":"WebPage","@id":"https:\/\/fartiamo.ch\/de\/bahnhoefe\/","url":"https:\/\/fartiamo.ch\/de\/bahnhoefe\/","name":"Bahnh\u00f6fe - fartiamo","isPartOf":{"@id":"https:\/\/fartiamo.ch\/de\/#website"},"datePublished":"2023-01-20T13:21:27+00:00","dateModified":"2026-03-25T10:15:35+00:00","breadcrumb":{"@id":"https:\/\/fartiamo.ch\/de\/bahnhoefe\/#breadcrumb"},"inLanguage":"de","potentialAction":[{"@type":"ReadAction","target":["https:\/\/fartiamo.ch\/de\/bahnhoefe\/"]}]},{"@type":"BreadcrumbList","@id":"https:\/\/fartiamo.ch\/de\/bahnhoefe\/#breadcrumb","itemListElement":[{"@type":"ListItem","position":1,"name":"Home","item":"https:\/\/fartiamo.ch\/de\/"},{"@type":"ListItem","position":2,"name":"Bahnh\u00f6fe"}]},{"@type":"WebSite","@id":"https:\/\/fartiamo.ch\/de\/#website","url":"https:\/\/fartiamo.ch\/de\/","name":"fartiamo","description":"Il trasporto che unisce citt\u00e0 e valli","publisher":{"@id":"https:\/\/fartiamo.ch\/de\/#organization"},"potentialAction":[{"@type":"SearchAction","target":{"@type":"EntryPoint","urlTemplate":"https:\/\/fartiamo.ch\/de\/?s={search_term_string}"},"query-input":{"@type":"PropertyValueSpecification","valueRequired":true,"valueName":"search_term_string"}}],"inLanguage":"de"},{"@type":"Organization","@id":"https:\/\/fartiamo.ch\/de\/#organization","name":"FART","url":"https:\/\/fartiamo.ch\/de\/","logo":{"@type":"ImageObject","inLanguage":"de","@id":"https:\/\/fartiamo.ch\/de\/#\/schema\/logo\/image\/","url":"https:\/\/fartiamo.ch\/wp-content\/uploads\/2020\/11\/fart_logo_completo.svg","contentUrl":"https:\/\/fartiamo.ch\/wp-content\/uploads\/2020\/11\/fart_logo_completo.svg","width":"1024","height":"1024","caption":"FART"},"image":{"@id":"https:\/\/fartiamo.ch\/de\/#\/schema\/logo\/image\/"}}]}},"_links":{"self":[{"href":"https:\/\/fartiamo.ch\/de\/wp-json\/wp\/v2\/pages\/37027","targetHints":{"allow":["GET"]}}],"collection":[{"href":"https:\/\/fartiamo.ch\/de\/wp-json\/wp\/v2\/pages"}],"about":[{"href":"https:\/\/fartiamo.ch\/de\/wp-json\/wp\/v2\/types\/page"}],"author":[{"embeddable":true,"href":"https:\/\/fartiamo.ch\/de\/wp-json\/wp\/v2\/users\/1"}],"replies":[{"embeddable":true,"href":"https:\/\/fartiamo.ch\/de\/wp-json\/wp\/v2\/comments?post=37027"}],"version-history":[{"count":56,"href":"https:\/\/fartiamo.ch\/de\/wp-json\/wp\/v2\/pages\/37027\/revisions"}],"predecessor-version":[{"id":45031,"href":"https:\/\/fartiamo.ch\/de\/wp-json\/wp\/v2\/pages\/37027\/revisions\/45031"}],"wp:attachment":[{"href":"https:\/\/fartiamo.ch\/de\/wp-json\/wp\/v2\/media?parent=37027"}],"curies":[{"name":"wp","href":"https:\/\/api.w.org\/{rel}","templated":true}]}}