{"id":38513,"date":"2023-08-28T14:45:54","date_gmt":"2023-08-28T12:45:54","guid":{"rendered":"https:\/\/fartiamo.ch\/?page_id=38513"},"modified":"2025-05-12T09:43:06","modified_gmt":"2025-05-12T07:43:06","slug":"100-jahre-neue-zuege","status":"publish","type":"page","link":"https:\/\/fartiamo.ch\/de\/100-jahre-neue-zuege\/","title":{"rendered":"100 Jahre neue Z\u00fcge"},"content":{"rendered":"<div class=\"wpb-content-wrapper\"><p>[vc_row][vc_column][dfd_spacer screen_wide_spacer_size=&#8220;100&#8243; screen_normal_resolution=&#8220;1024&#8243; screen_tablet_resolution=&#8220;800&#8243; screen_mobile_resolution=&#8220;480&#8243; screen_normal_spacer_size=&#8220;80&#8243; screen_tablet_spacer_size=&#8220;60&#8243; screen_mobile_spacer_size=&#8220;40&#8243;][\/vc_column][\/vc_row][vc_row css=&#8220;.vc_custom_1568638996273{padding-right: 25px !important;padding-left: 25px !important;}&#8220;][vc_column width=&#8220;1\/6&#8243; col_shadow=&#8220;box_shadow_enable:disable|shadow_horizontal:0|shadow_vertical:15|shadow_blur:50|shadow_spread:0|box_shadow_color:rgba(0%2C0%2C0%2C0.35)&#8220; col_shadow_hover=&#8220;box_shadow_enable:disable|shadow_horizontal:0|shadow_vertical:15|shadow_blur:50|shadow_spread:0|box_shadow_color:rgba(0%2C0%2C0%2C0.35)&#8220;][\/vc_column][vc_column width=&#8220;2\/3&#8243;][dfd_heading style=&#8220;style_06&#8243; subtitle=&#8220;Neue FART-Z\u00fcge&#8220; module_animation=&#8220;transition.grow&#8220; delimiter_settings=&#8220;delimiter_style:solid|delimiter_width:80|delimiter_height:1|delimiter_color:%23ffffff&#8220; delimiter_margin=&#8220;margin-top:10|margin-bottom:30&#8243; undefined=&#8220;&#8220; title_font_options=&#8220;tag:h1&#8243; subtitle_font_options=&#8220;tag:h3&#8243; title_responsive=&#8220;font_size_desktop:45|line_height_desktop:55|letter_spacing_desktop:0|font_size_tablet:40|line_height_tablet:50|letter_spacing_tablet:0|font_size_mobile:35|line_height_mobile:45|letter_spacing_mobile:0&#8243; heading_margin=&#8220;margin-bottom:30&#8243; subtitle_responsive=&#8220;font_size_desktop:26|line_height_desktop:40|letter_spacing_desktop:0|font_size_tablet:24|line_height_tablet:38|letter_spacing_tablet:0|font_size_mobile:22|line_height_mobile:36|letter_spacing_mobile:0&#8243;]<strong>Die Z\u00fcge der Zukunft sind jetzt Realit\u00e4t<\/strong>[\/dfd_heading][dfd_spacer screen_wide_spacer_size=&#8220;40&#8243; screen_normal_resolution=&#8220;1024&#8243; screen_tablet_resolution=&#8220;800&#8243; screen_mobile_resolution=&#8220;480&#8243;][dfd_single_image image=&#8220;42540&#8243;][dfd_spacer screen_wide_spacer_size=&#8220;25&#8243; screen_normal_resolution=&#8220;1024&#8243; screen_tablet_resolution=&#8220;800&#8243; screen_mobile_resolution=&#8220;480&#8243;][dfd_heading style=&#8220;style_06&#8243; subtitle=&#8220;&#8220; content_alignment=&#8220;text-left&#8220; module_animation=&#8220;transition.fadeIn&#8220; enable_delimiter=&#8220;&#8220; undefined=&#8220;&#8220; title_font_options=&#8220;tag:h3&#8243; subtitle_font_options=&#8220;tag:h3&#8243; title_responsive=&#8220;font_size_desktop:26|line_height_desktop:40|letter_spacing_desktop:0|font_size_tablet:24|line_height_tablet:38|letter_spacing_tablet:0|font_size_mobile:22|line_height_mobile:36|letter_spacing_mobile:0&#8243; heading_margin=&#8220;margin-bottom:30&#8243;]Die Ferrovie Autolinee Regionali Ticinesi (FART) heben den Vorhang f\u00fcr den ersten neuen Zug der Strecke Vigezzina-Centovalli auf, der in den letzten Wochen in Ponte Brolla angekommen ist. Der Tag markiert den Beginn der Erneuerung der Flotte f\u00fcr den Regionaldienst Locarno-Intragna-Camedo und den internationalen Dienst Locarno-Domodossola, ein Prozess, der bis 2025 abgeschlossen sein wird.[\/dfd_heading][vc_column_text]Anl\u00e4sslich des 100-j\u00e4hrigen Bestehens der Bahnlinie Vigezzina-Centovalli wurde heute der erste von acht neuen Z\u00fcgen der Schweizer Firma Stadler vorgestellt. Die neuen Triebz\u00fcge entsprechen den immer h\u00f6heren Anspr\u00fcchen an Komfort, Zuverl\u00e4ssigkeit und Sicherheit f\u00fcr den \u00f6ffentlichen Verkehr und die Tourismusbranche der Region.<\/p>\n<p>Die neuen Z\u00fcge sind auf die Bed\u00fcrfnisse einer immer vielf\u00e4ltigeren Kundschaft zugeschnitten: Sie bieten R\u00e4ume f\u00fcr Familien, spezielle Bereiche f\u00fcr Kinderwagen und Kinderwagen, ausgestattete Dienste f\u00fcr Kleinreisende und barrierefreie Bereiche f\u00fcr Rollstuhlfahrer.<\/p>\n<p>F\u00fcr sportlichere Personen wurde der Fahrradtransport eingef\u00fchrt, mit der M\u00f6glichkeit, bis zu 3-4 Zweir\u00e4der pro Zug zu laden. Das moderne Design und die ger\u00e4umige Innenausstattung sorgen f\u00fcr mehr Sitzpl\u00e4tze, die zwischen 109 und 142 variieren. Das Bordinformationssystem ist dynamisch und wird in Echtzeit betrieben, um den Flugg\u00e4sten ein immer pers\u00f6nlicheres Erlebnis zu bieten. Die gesamte Flotte wird Mitte 2025 einsatzbereit sein.<\/p>\n<p><strong>Unterst\u00fctzung von Bund und Kanton<\/strong><br \/>\nMartin von K\u00e4nel, Leiter der Abteilung Finanzierung im Bundesamt f\u00fcr Verkehr: &#8222;Im regionalen Personenverkehr, der von Kanton und Bund bestellt und mitfinanziert wird, sind die FART eines der wenigen metrischen Bahnunternehmen, das eine Verbindung zwischen der Schweiz und einem anderen Land herstellt. Die Inbetriebnahme der acht neuen Fahrzeuge und die Anpassung der Stationen werden einen moderneren und qualitativ hochwertigeren Service angesichts der zunehmenden Nutzerzahl gew\u00e4hrleisten.&#8220; Claudio Zali, Direktor des Department of Territorial Department, hob hervor, dass der Ersatz der veralteten Z\u00fcge der Centovallina &#8222;in den Kontext der Anpassung an die gesetzlich festgelegten Barrierefreiheitsparameter, insbesondere f\u00fcr Menschen mit Behinderungen, f\u00e4llt. Die neue Zugflotte wird es auch erm\u00f6glichen, auf ver\u00e4nderte Verkehrsfrequenzen zu reagieren.&#8220;<\/p>\n<p><strong>Einzelz\u00fcge und &#8222;ma\u00dfgeschneiderte&#8220; Z\u00fcge<\/strong><br \/>\nPaolo Caroni, FART-Pr\u00e4sident, betont: &#8222;Vor einigen Wochen wurde der neue Stadler-Zug auf der InnoTrans in Berlin vorgestellt, wo er f\u00fcr seine Innovationen in Technik und Design sehr gew\u00fcrdigt wurde.&#8220; Was den Regionalverkehr betrifft, so werden die neuen Z\u00fcge &#8222;eine Erh\u00f6hung der Kapazit\u00e4t und eine Erh\u00f6hung der Fahrfrequenz erm\u00f6glichen, und zwar durch eine st\u00fcndliche Verbindung zwischen Locarno und Camedo und ab 2028 durch eine halbherzige Verbindung zwischen Locarno und Intragna&#8220;. Florian Weiss, Projektleiter FART bei Stadler Bussnang AG, erkl\u00e4rt, dass es sich um &#8222;ma\u00dfgeschneiderte&#8220; und einzigartige Z\u00fcge handelt: &#8222;Auch Stadler ist stolz darauf, an der Modernisierung der Centovallina mitzuwirken. Die Z\u00fcge werden in der Schweiz f\u00fcr die Schweiz gebaut. Sie \u00fcberzeugen mit neuen, ma\u00dfgeschneiderten Innovationen, die in einem harmonischen Design vervollst\u00e4ndigt werden, das die Landschaft widerspiegelt, in der sie unterwegs sind. In \u00dcbereinstimmung mit dem Behindertengesetz erm\u00f6glichen die Z\u00fcge dem FART einen zuverl\u00e4ssigen und p\u00fcnktlichen Betrieb. Das neue Design und die Innenanordnung der Z\u00fcge erm\u00f6glichen ein neues Ma\u00df an Komfort f\u00fcr die Fahrg\u00e4ste, erh\u00f6hen die Sicherheit der Fahrg\u00e4ste und des Personals und pr\u00e4gen das Erscheinungsbild des neuen Centovallina.&#8220;<\/p>\n<p><strong>Neuer Schwung f\u00fcr die regionale und schweizerische Tourismusbranche<\/strong><br \/>\n&#8222;Die faszinierende Centovallina ist eine unserer attraktivsten Bahnlinien&#8220;, so Luca Giordani, Leiter des Bereichs Touring bei Schweiz Tourismus. Sie stellt zudem eine strategisch wichtige Verbindung zwischen den Gotthard- und Simplon-Strecken dar und ist somit Teil der Grand Train Tour of Switzerland, als besonders sch\u00f6ne Verbindungsstrecke. Unser globales Tourismusmarketing profitiert immer dann, wenn ein touristisches Produkt perfekt zu einer malerischen Landschaft passt.&#8220;<\/p>\n<p><strong>Neue Z\u00fcge, neue Namen: Das sind die Gewinner des Wettbewerbs<\/strong><br \/>\nAuf der heutigen Pressekonferenz wurden die Namen der neuen Z\u00fcge bekannt gegeben, die das Publikum im Rahmen des Wettbewerbs &#8222;Neue Z\u00fcge, neue Emotionen&#8220; ausgew\u00e4hlt hat. Die Z\u00fcge werden folgende Namen tragen: Madonna del Sasso, Piazza Grande, Ghiridone, Comino, Altstadt, Rasa, Isole di Brissago und Bordei.[\/vc_column_text][\/vc_column][vc_column width=&#8220;1\/6&#8243;][\/vc_column][\/vc_row][vc_row][vc_column][dfd_spacer screen_wide_spacer_size=&#8220;150&#8243; screen_normal_resolution=&#8220;1024&#8243; screen_tablet_resolution=&#8220;800&#8243; screen_mobile_resolution=&#8220;480&#8243; screen_normal_spacer_size=&#8220;150&#8243; screen_tablet_spacer_size=&#8220;125&#8243; screen_mobile_spacer_size=&#8220;125&#8243;][\/vc_column][\/vc_row][vc_row][vc_column][dfd_videoplayer video_link=&#8220;https:\/\/www.youtube.com\/watch?v=AjL4sNrimMI&#8220; main_style=&#8220;style-1&#8243; tutorials=&#8220;&#8220;][\/vc_column][\/vc_row][vc_row][vc_column][dfd_heading style=&#8220;style_06&#8243; subtitle=&#8220;&#8220; delimiter_settings=&#8220;delimiter_style:solid|delimiter_width:80|delimiter_height:1&#8243; title_font_options=&#8220;tag:h2&#8243; subtitle_font_options=&#8220;tag:div&#8220;]Fotogalerie[\/dfd_heading][\/vc_column][\/vc_row][vc_row][vc_column][dfd_simple_image_gallery dfd_layer_image=&#8220;42544,42548,42552,42556,42560,42564,42568,42572,42576,42580,42584,42588,42592,42596,42600,42604,42608,42612,42616,42620,42624,42628,42632,42636,42640&#8243; items_offset=&#8220;0&#8243; image_width=&#8220;900&#8243; image_height=&#8220;600&#8243; slides_to_show=&#8220;3&#8243; slides_to_scroll=&#8220;1&#8243; carousel_slideshow_speed=&#8220;3000&#8243; images_style=&#8220;carousel&#8220;][\/vc_column][\/vc_row][vc_row][vc_column][dfd_spacer screen_wide_spacer_size=&#8220;150&#8243; screen_normal_resolution=&#8220;1024&#8243; screen_tablet_resolution=&#8220;800&#8243; screen_mobile_resolution=&#8220;480&#8243; screen_normal_spacer_size=&#8220;150&#8243; screen_tablet_spacer_size=&#8220;125&#8243; screen_mobile_spacer_size=&#8220;125&#8243;][\/vc_column][\/vc_row]<\/p>\n<\/div>","protected":false},"excerpt":{"rendered":"<p>[vc_row][vc_column][dfd_spacer screen_wide_spacer_size=&#8220;100&#8243; screen_normal_resolution=&#8220;1024&#8243; screen_tablet_resolution=&#8220;800&#8243; screen_mobile_resolution=&#8220;480&#8243; screen_normal_spacer_size=&#8220;80&#8243; screen_tablet_spacer_size=&#8220;60&#8243; screen_mobile_spacer_size=&#8220;40&#8243;][\/vc_column][\/vc_row][vc_row css=&#8220;.vc_custom_1568638996273{padding-right: 25px !important;padding-left: 25px !important;}&#8220;][vc_column width=&#8220;1\/6&#8243; col_shadow=&#8220;box_shadow_enable:disable|shadow_horizontal:0|shadow_vertical:15|shadow_blur:50|shadow_spread:0|box_shadow_color:rgba(0%2C0%2C0%2C0.35)&#8220; col_shadow_hover=&#8220;box_shadow_enable:disable|shadow_horizontal:0|shadow_vertical:15|shadow_blur:50|shadow_spread:0|box_shadow_color:rgba(0%2C0%2C0%2C0.35)&#8220;][\/vc_column][vc_column width=&#8220;2\/3&#8243;][dfd_heading style=&#8220;style_06&#8243; subtitle=&#8220;Neue FART-Z\u00fcge&#8220; module_animation=&#8220;transition.grow&#8220; delimiter_settings=&#8220;delimiter_style:solid|delimiter_width:80|delimiter_height:1|delimiter_color:%23ffffff&#8220; delimiter_margin=&#8220;margin-top:10|margin-bottom:30&#8243; undefined=&#8220;&#8220; title_font_options=&#8220;tag:h1&#8243; subtitle_font_options=&#8220;tag:h3&#8243; title_responsive=&#8220;font_size_desktop:45|line_height_desktop:55|letter_spacing_desktop:0|font_size_tablet:40|line_height_tablet:50|letter_spacing_tablet:0|font_size_mobile:35|line_height_mobile:45|letter_spacing_mobile:0&#8243; heading_margin=&#8220;margin-bottom:30&#8243; subtitle_responsive=&#8220;font_size_desktop:26|line_height_desktop:40|letter_spacing_desktop:0|font_size_tablet:24|line_height_tablet:38|letter_spacing_tablet:0|font_size_mobile:22|line_height_mobile:36|letter_spacing_mobile:0&#8243;]Die Z\u00fcge<\/p>\n","protected":false},"author":1,"featured_media":0,"parent":0,"menu_order":0,"comment_status":"closed","ping_status":"closed","template":"tmp-page.php","meta":{"inline_featured_image":false,"_monsterinsights_skip_tracking":false,"_monsterinsights_sitenote_active":false,"_monsterinsights_sitenote_note":"","_monsterinsights_sitenote_category":0,"footnotes":""},"class_list":["post-38513","page","type-page","status-publish","hentry"],"yoast_head":"<!-- This site is optimized with the Yoast SEO plugin v27.4 - https:\/\/yoast.com\/product\/yoast-seo-wordpress\/ -->\n<title>100 Jahre neue Z\u00fcge - fartiamo<\/title>\n<meta name=\"robots\" content=\"noindex, nofollow\" \/>\n<meta property=\"og:locale\" content=\"de_DE\" \/>\n<meta property=\"og:type\" content=\"article\" \/>\n<meta property=\"og:title\" content=\"100 Jahre neue Z\u00fcge - fartiamo\" \/>\n<meta property=\"og:description\" content=\"[vc_row][vc_column][dfd_spacer screen_wide_spacer_size=&#8220;100&#8243; screen_normal_resolution=&#8220;1024&#8243; screen_tablet_resolution=&#8220;800&#8243; screen_mobile_resolution=&#8220;480&#8243; screen_normal_spacer_size=&#8220;80&#8243; screen_tablet_spacer_size=&#8220;60&#8243; screen_mobile_spacer_size=&#8220;40&#8243;][\/vc_column][\/vc_row][vc_row css=&#8220;.vc_custom_1568638996273{padding-right: 25px !important;padding-left: 25px !important;}&#8220;][vc_column width=&#8220;1\/6&#8243; col_shadow=&#8220;box_shadow_enable:disable|shadow_horizontal:0|shadow_vertical:15|shadow_blur:50|shadow_spread:0|box_shadow_color:rgba(0%2C0%2C0%2C0.35)&#8220; col_shadow_hover=&#8220;box_shadow_enable:disable|shadow_horizontal:0|shadow_vertical:15|shadow_blur:50|shadow_spread:0|box_shadow_color:rgba(0%2C0%2C0%2C0.35)&#8220;][\/vc_column][vc_column width=&#8220;2\/3&#8243;][dfd_heading style=&#8220;style_06&#8243; subtitle=&#8220;Neue FART-Z\u00fcge&#8220; module_animation=&#8220;transition.grow&#8220; delimiter_settings=&#8220;delimiter_style:solid|delimiter_width:80|delimiter_height:1|delimiter_color:%23ffffff&#8220; delimiter_margin=&#8220;margin-top:10|margin-bottom:30&#8243; undefined=&#8220;&#8220; title_font_options=&#8220;tag:h1&#8243; subtitle_font_options=&#8220;tag:h3&#8243; title_responsive=&#8220;font_size_desktop:45|line_height_desktop:55|letter_spacing_desktop:0|font_size_tablet:40|line_height_tablet:50|letter_spacing_tablet:0|font_size_mobile:35|line_height_mobile:45|letter_spacing_mobile:0&#8243; heading_margin=&#8220;margin-bottom:30&#8243; subtitle_responsive=&#8220;font_size_desktop:26|line_height_desktop:40|letter_spacing_desktop:0|font_size_tablet:24|line_height_tablet:38|letter_spacing_tablet:0|font_size_mobile:22|line_height_mobile:36|letter_spacing_mobile:0&#8243;]Die Z\u00fcge\" \/>\n<meta property=\"og:url\" content=\"https:\/\/fartiamo.ch\/de\/100-jahre-neue-zuege\/\" \/>\n<meta property=\"og:site_name\" content=\"fartiamo\" \/>\n<meta property=\"article:modified_time\" content=\"2025-05-12T07:43:06+00:00\" \/>\n<meta name=\"twitter:card\" content=\"summary_large_image\" \/>\n<meta name=\"twitter:label1\" content=\"Gesch\u00e4tzte Lesezeit\" \/>\n\t<meta name=\"twitter:data1\" content=\"6\u00a0Minuten\" \/>\n<script type=\"application\/ld+json\" class=\"yoast-schema-graph\">{\"@context\":\"https:\\\/\\\/schema.org\",\"@graph\":[{\"@type\":\"WebPage\",\"@id\":\"https:\\\/\\\/fartiamo.ch\\\/de\\\/100-jahre-neue-zuege\\\/\",\"url\":\"https:\\\/\\\/fartiamo.ch\\\/de\\\/100-jahre-neue-zuege\\\/\",\"name\":\"100 Jahre neue Z\u00fcge - fartiamo\",\"isPartOf\":{\"@id\":\"https:\\\/\\\/fartiamo.ch\\\/de\\\/#website\"},\"datePublished\":\"2023-08-28T12:45:54+00:00\",\"dateModified\":\"2025-05-12T07:43:06+00:00\",\"breadcrumb\":{\"@id\":\"https:\\\/\\\/fartiamo.ch\\\/de\\\/100-jahre-neue-zuege\\\/#breadcrumb\"},\"inLanguage\":\"de\",\"potentialAction\":[{\"@type\":\"ReadAction\",\"target\":[\"https:\\\/\\\/fartiamo.ch\\\/de\\\/100-jahre-neue-zuege\\\/\"]}]},{\"@type\":\"BreadcrumbList\",\"@id\":\"https:\\\/\\\/fartiamo.ch\\\/de\\\/100-jahre-neue-zuege\\\/#breadcrumb\",\"itemListElement\":[{\"@type\":\"ListItem\",\"position\":1,\"name\":\"Home\",\"item\":\"http:\\\/\\\/fartiamo.ch\\\/de\\\/\"},{\"@type\":\"ListItem\",\"position\":2,\"name\":\"100 Jahre neue Z\u00fcge\"}]},{\"@type\":\"WebSite\",\"@id\":\"https:\\\/\\\/fartiamo.ch\\\/de\\\/#website\",\"url\":\"https:\\\/\\\/fartiamo.ch\\\/de\\\/\",\"name\":\"fartiamo\",\"description\":\"Il trasporto che unisce citt\u00e0 e valli\",\"publisher\":{\"@id\":\"https:\\\/\\\/fartiamo.ch\\\/de\\\/#organization\"},\"potentialAction\":[{\"@type\":\"SearchAction\",\"target\":{\"@type\":\"EntryPoint\",\"urlTemplate\":\"https:\\\/\\\/fartiamo.ch\\\/de\\\/?s={search_term_string}\"},\"query-input\":{\"@type\":\"PropertyValueSpecification\",\"valueRequired\":true,\"valueName\":\"search_term_string\"}}],\"inLanguage\":\"de\"},{\"@type\":\"Organization\",\"@id\":\"https:\\\/\\\/fartiamo.ch\\\/de\\\/#organization\",\"name\":\"FART\",\"url\":\"https:\\\/\\\/fartiamo.ch\\\/de\\\/\",\"logo\":{\"@type\":\"ImageObject\",\"inLanguage\":\"de\",\"@id\":\"https:\\\/\\\/fartiamo.ch\\\/de\\\/#\\\/schema\\\/logo\\\/image\\\/\",\"url\":\"https:\\\/\\\/fartiamo.ch\\\/wp-content\\\/uploads\\\/2020\\\/11\\\/fart_logo_completo.svg\",\"contentUrl\":\"https:\\\/\\\/fartiamo.ch\\\/wp-content\\\/uploads\\\/2020\\\/11\\\/fart_logo_completo.svg\",\"width\":\"1024\",\"height\":\"1024\",\"caption\":\"FART\"},\"image\":{\"@id\":\"https:\\\/\\\/fartiamo.ch\\\/de\\\/#\\\/schema\\\/logo\\\/image\\\/\"}}]}<\/script>\n<!-- \/ Yoast SEO plugin. -->","yoast_head_json":{"title":"100 Jahre neue Z\u00fcge - fartiamo","robots":{"index":"noindex","follow":"nofollow"},"og_locale":"de_DE","og_type":"article","og_title":"100 Jahre neue Z\u00fcge - fartiamo","og_description":"[vc_row][vc_column][dfd_spacer screen_wide_spacer_size=&#8220;100&#8243; screen_normal_resolution=&#8220;1024&#8243; screen_tablet_resolution=&#8220;800&#8243; screen_mobile_resolution=&#8220;480&#8243; screen_normal_spacer_size=&#8220;80&#8243; screen_tablet_spacer_size=&#8220;60&#8243; screen_mobile_spacer_size=&#8220;40&#8243;][\/vc_column][\/vc_row][vc_row css=&#8220;.vc_custom_1568638996273{padding-right: 25px !important;padding-left: 25px !important;}&#8220;][vc_column width=&#8220;1\/6&#8243; col_shadow=&#8220;box_shadow_enable:disable|shadow_horizontal:0|shadow_vertical:15|shadow_blur:50|shadow_spread:0|box_shadow_color:rgba(0%2C0%2C0%2C0.35)&#8220; col_shadow_hover=&#8220;box_shadow_enable:disable|shadow_horizontal:0|shadow_vertical:15|shadow_blur:50|shadow_spread:0|box_shadow_color:rgba(0%2C0%2C0%2C0.35)&#8220;][\/vc_column][vc_column width=&#8220;2\/3&#8243;][dfd_heading style=&#8220;style_06&#8243; subtitle=&#8220;Neue FART-Z\u00fcge&#8220; module_animation=&#8220;transition.grow&#8220; delimiter_settings=&#8220;delimiter_style:solid|delimiter_width:80|delimiter_height:1|delimiter_color:%23ffffff&#8220; delimiter_margin=&#8220;margin-top:10|margin-bottom:30&#8243; undefined=&#8220;&#8220; title_font_options=&#8220;tag:h1&#8243; subtitle_font_options=&#8220;tag:h3&#8243; title_responsive=&#8220;font_size_desktop:45|line_height_desktop:55|letter_spacing_desktop:0|font_size_tablet:40|line_height_tablet:50|letter_spacing_tablet:0|font_size_mobile:35|line_height_mobile:45|letter_spacing_mobile:0&#8243; heading_margin=&#8220;margin-bottom:30&#8243; subtitle_responsive=&#8220;font_size_desktop:26|line_height_desktop:40|letter_spacing_desktop:0|font_size_tablet:24|line_height_tablet:38|letter_spacing_tablet:0|font_size_mobile:22|line_height_mobile:36|letter_spacing_mobile:0&#8243;]Die Z\u00fcge","og_url":"https:\/\/fartiamo.ch\/de\/100-jahre-neue-zuege\/","og_site_name":"fartiamo","article_modified_time":"2025-05-12T07:43:06+00:00","twitter_card":"summary_large_image","twitter_misc":{"Gesch\u00e4tzte Lesezeit":"6\u00a0Minuten"},"schema":{"@context":"https:\/\/schema.org","@graph":[{"@type":"WebPage","@id":"https:\/\/fartiamo.ch\/de\/100-jahre-neue-zuege\/","url":"https:\/\/fartiamo.ch\/de\/100-jahre-neue-zuege\/","name":"100 Jahre neue Z\u00fcge - fartiamo","isPartOf":{"@id":"https:\/\/fartiamo.ch\/de\/#website"},"datePublished":"2023-08-28T12:45:54+00:00","dateModified":"2025-05-12T07:43:06+00:00","breadcrumb":{"@id":"https:\/\/fartiamo.ch\/de\/100-jahre-neue-zuege\/#breadcrumb"},"inLanguage":"de","potentialAction":[{"@type":"ReadAction","target":["https:\/\/fartiamo.ch\/de\/100-jahre-neue-zuege\/"]}]},{"@type":"BreadcrumbList","@id":"https:\/\/fartiamo.ch\/de\/100-jahre-neue-zuege\/#breadcrumb","itemListElement":[{"@type":"ListItem","position":1,"name":"Home","item":"http:\/\/fartiamo.ch\/de\/"},{"@type":"ListItem","position":2,"name":"100 Jahre neue Z\u00fcge"}]},{"@type":"WebSite","@id":"https:\/\/fartiamo.ch\/de\/#website","url":"https:\/\/fartiamo.ch\/de\/","name":"fartiamo","description":"Il trasporto che unisce citt\u00e0 e valli","publisher":{"@id":"https:\/\/fartiamo.ch\/de\/#organization"},"potentialAction":[{"@type":"SearchAction","target":{"@type":"EntryPoint","urlTemplate":"https:\/\/fartiamo.ch\/de\/?s={search_term_string}"},"query-input":{"@type":"PropertyValueSpecification","valueRequired":true,"valueName":"search_term_string"}}],"inLanguage":"de"},{"@type":"Organization","@id":"https:\/\/fartiamo.ch\/de\/#organization","name":"FART","url":"https:\/\/fartiamo.ch\/de\/","logo":{"@type":"ImageObject","inLanguage":"de","@id":"https:\/\/fartiamo.ch\/de\/#\/schema\/logo\/image\/","url":"https:\/\/fartiamo.ch\/wp-content\/uploads\/2020\/11\/fart_logo_completo.svg","contentUrl":"https:\/\/fartiamo.ch\/wp-content\/uploads\/2020\/11\/fart_logo_completo.svg","width":"1024","height":"1024","caption":"FART"},"image":{"@id":"https:\/\/fartiamo.ch\/de\/#\/schema\/logo\/image\/"}}]}},"_links":{"self":[{"href":"https:\/\/fartiamo.ch\/de\/wp-json\/wp\/v2\/pages\/38513","targetHints":{"allow":["GET"]}}],"collection":[{"href":"https:\/\/fartiamo.ch\/de\/wp-json\/wp\/v2\/pages"}],"about":[{"href":"https:\/\/fartiamo.ch\/de\/wp-json\/wp\/v2\/types\/page"}],"author":[{"embeddable":true,"href":"https:\/\/fartiamo.ch\/de\/wp-json\/wp\/v2\/users\/1"}],"replies":[{"embeddable":true,"href":"https:\/\/fartiamo.ch\/de\/wp-json\/wp\/v2\/comments?post=38513"}],"version-history":[{"count":10,"href":"https:\/\/fartiamo.ch\/de\/wp-json\/wp\/v2\/pages\/38513\/revisions"}],"predecessor-version":[{"id":42703,"href":"https:\/\/fartiamo.ch\/de\/wp-json\/wp\/v2\/pages\/38513\/revisions\/42703"}],"wp:attachment":[{"href":"https:\/\/fartiamo.ch\/de\/wp-json\/wp\/v2\/media?parent=38513"}],"curies":[{"name":"wp","href":"https:\/\/api.w.org\/{rel}","templated":true}]}}