{"id":40540,"date":"2024-03-04T09:16:25","date_gmt":"2024-03-04T08:16:25","guid":{"rendered":"https:\/\/fartiamo.ch\/?page_id=40540"},"modified":"2025-05-30T15:14:11","modified_gmt":"2025-05-30T13:14:11","slug":"data-protection-policy","status":"publish","type":"page","link":"https:\/\/fartiamo.ch\/de\/data-protection-policy\/","title":{"rendered":"Data Protection Policy"},"content":{"rendered":"<div class=\"wpb-content-wrapper\"><p>[vc_row][vc_column col_shadow=&#8220;box_shadow_enable:disable|shadow_horizontal:0|shadow_vertical:15|shadow_blur:50|shadow_spread:0|box_shadow_color:rgba(0%2C0%2C0%2C0.35)&#8220; col_shadow_hover=&#8220;box_shadow_enable:disable|shadow_horizontal:0|shadow_vertical:15|shadow_blur:50|shadow_spread:0|box_shadow_color:rgba(0%2C0%2C0%2C0.35)&#8220;][dfd_spacer screen_wide_spacer_size=&#8220;40&#8243; screen_normal_resolution=&#8220;1024&#8243; screen_tablet_resolution=&#8220;800&#8243; screen_mobile_resolution=&#8220;480&#8243; screen_normal_spacer_size=&#8220;40&#8243; screen_tablet_spacer_size=&#8220;20&#8243; screen_mobile_spacer_size=&#8220;20&#8243;][dfd_heading subtitle=&#8220;&#8220; content_alignment=&#8220;text-left&#8220; delimiter_settings=&#8220;delimiter_style:solid|delimiter_width:80|delimiter_height:1&#8243; tutorials=&#8220;&#8220; title_font_options=&#8220;tag:h2&#8243; subtitle_font_options=&#8220;tag:div&#8220;]<strong>Datenschutz<\/strong>[\/dfd_heading][dfd_spacer screen_wide_spacer_size=&#8220;40&#8243; screen_normal_resolution=&#8220;1024&#8243; screen_tablet_resolution=&#8220;800&#8243; screen_mobile_resolution=&#8220;480&#8243; screen_normal_spacer_size=&#8220;40&#8243; screen_tablet_spacer_size=&#8220;20&#8243; screen_mobile_spacer_size=&#8220;20&#8243;][vc_column_text]<strong>Zweck und Anwendungsbereich<\/strong><br \/>\n<strong>FART SA<\/strong>, im Folgenden als &#8222;Organisation&#8220; bezeichnet, verpflichtet sich, die geltenden Gesetze und Vorschriften zum Schutz personenbezogener Daten in den L\u00e4ndern, in denen sie t\u00e4tig ist, einzuhalten, in diesem Fall die nLPD Schweiz.<\/p>\n<p>Die vorliegende Politik definiert die grundlegenden Prinzipien, nach denen die Organisation die personenbezogenen Daten ihrer Kunden, Lieferanten, Gesch\u00e4ftspartner, Mitarbeiter und anderer Personen verarbeitet, und zeigt die Verantwortlichkeiten ihrer Abteilungen und Mitarbeiter bei der Verarbeitung personenbezogener Daten auf.<\/p>\n<p>Dieses Verfahren gilt f\u00fcr die Organisation und ihre Tochtergesellschaften (direkt oder indirekt), die in der Schweiz und im Europ\u00e4ischen Wirtschaftsraum t\u00e4tig sind oder personenbezogene Daten von betroffenen Personen in diesem Raum verarbeiten.<\/p>\n<p>Die Adressaten dieses Verfahrens sind alle Mitarbeiter, ob tempor\u00e4r oder permanent<\/p>\n<p><strong>Die Grunds\u00e4tze der nLPD<\/strong><br \/>\nDie Datenschutzgrunds\u00e4tze legen grundlegende Verantwortlichkeiten <strong>(Rechenschaftspflicht)<\/strong> f\u00fcr Organisationen fest, die personenbezogene Daten verarbeiten. <em>&#8222;Der f\u00fcr die Datenverarbeitung Verantwortliche ist f\u00fcr die Einhaltung dieser Grunds\u00e4tze verantwortlich und muss in der Lage sein, nachzuweisen, dass seine Verarbeitungsvorg\u00e4nge mit diesen Grunds\u00e4tzen \u00fcbereinstimmen&#8220;<\/em>.<\/p>\n<p><strong>Rechtm\u00e4\u00dfigkeit, Fairness und Transparenz<\/strong><br \/>\nPersonenbezogene Daten m\u00fcssen rechtm\u00e4\u00dfig, nach Treu und Glauben und in transparenter Weise gegen\u00fcber der betroffenen Person verarbeitet werden.<\/p>\n<p><strong>Zweckbindung<\/strong><br \/>\nPersonenbezogene Daten m\u00fcssen f\u00fcr bestimmte, eindeutige und rechtm\u00e4\u00dfige Zwecke erhoben werden und d\u00fcrfen nicht in einer mit diesen Zwecken nicht zu vereinbarenden Weise weiterverarbeitet werden.<\/p>\n<p><strong>Datenminimierung<\/strong><br \/>\nPersonenbezogene Daten m\u00fcssen den Zwecken entsprechen, f\u00fcr die sie verarbeitet werden, daf\u00fcr erheblich sein und auf das erforderliche Ma\u00df beschr\u00e4nkt werden. Wo es m\u00f6glich ist, um die Risiken f\u00fcr die betroffenen Personen zu verringern, muss die Organisation personenbezogene Daten anonymisieren oder pseudonymisieren.<\/p>\n<p><strong>Korrektheit<\/strong><br \/>\nPersonenbezogene Daten m\u00fcssen sachlich richtig sein und erforderlichenfalls auf den neuesten Stand gebracht werden; es sind angemessene Ma\u00dfnahmen zu treffen, damit personenbezogene Daten, die im Hinblick auf die Zwecke, f\u00fcr die sie verarbeitet werden, unrichtig sind, rechtzeitig gel\u00f6scht oder berichtigt werden.<\/p>\n<p><strong>Begrenzung der Aufbewahrungsfrist<\/strong><br \/>\nPersonenbezogene Daten d\u00fcrfen nicht l\u00e4nger aufbewahrt werden, als es f\u00fcr die Zwecke, f\u00fcr die sie verarbeitet werden, erforderlich ist.<\/p>\n<p><strong>Integrit\u00e4t und Vertraulichkeit<\/strong><br \/>\nUnter Ber\u00fccksichtigung des Stands der Technik und anderer verf\u00fcgbarer Sicherheitsma\u00dfnahmen, der Kosten f\u00fcr die Umsetzung sowie der Wahrscheinlichkeit und Schwere von Risiken f\u00fcr personenbezogene Daten muss die Organisation geeignete technische oder organisatorische Ma\u00dfnahmen ergreifen, um personenbezogene Daten so zu verarbeiten, dass eine angemessene Sicherheit personenbezogener Daten gew\u00e4hrleistet ist, einschlie\u00dflich des Schutzes vor unbefugter oder unrechtm\u00e4\u00dfiger Verarbeitung und vor unbeabsichtigtem Verlust, unbeabsichtigter Zerst\u00f6rung oder Besch\u00e4digung.<\/p>\n<p><strong>Verantwortlichkeiten<\/strong><br \/>\nDer f\u00fcr die Datenverarbeitung Verantwortliche ist f\u00fcr die Einhaltung dieser Grunds\u00e4tze verantwortlich und muss in der Lage sein, nachzuweisen, dass seine Verarbeitungsvorg\u00e4nge diesen Grunds\u00e4tzen entsprechen.<\/p>\n<p><strong>Erhebung<\/strong><br \/>\nDie Organisation muss versuchen, so wenig personenbezogene Daten wie m\u00f6glich zu erheben. Werden personenbezogene Daten von einem Dritten erhoben, muss der f\u00fcr die Verarbeitung Verantwortliche sicherstellen, dass die personenbezogenen Daten in \u00dcbereinstimmung mit den gesetzlichen Bestimmungen erhoben werden.<\/p>\n<p><strong>Verwendung, Speicherung und Beseitigung<\/strong><br \/>\nDie Organisation muss die Richtigkeit, Unversehrtheit, Vertraulichkeit und Relevanz der personenbezogenen Daten entsprechend dem Zweck der Verarbeitung wahren. Angemessene Sicherheitsmechanismen m\u00fcssen eingesetzt werden, um personenbezogene Daten vor Diebstahl oder Missbrauch zu sch\u00fctzen und um Verletzungen des Schutzes personenbezogener Daten zu verhindern.<\/p>\n<p><strong>Weitergabe an Dritte<\/strong><br \/>\nWenn die Organisation einen Drittanbieter oder Gesch\u00e4ftspartner mit der Verarbeitung personenbezogener Daten in ihrem Namen beauftragt, muss der f\u00fcr die Verarbeitung Verantwortliche sicherstellen, dass diese Partei angemessene Sicherheitsma\u00dfnahmen ergreift, um die personenbezogenen Daten im Verh\u00e4ltnis zu den damit verbundenen Risiken zu sch\u00fctzen. Zu diesem Zweck muss ein Compliance-Fragebogen verwendet werden.<\/p>\n<p>Der Lieferant oder Gesch\u00e4ftspartner darf personenbezogene Daten nur zur Erf\u00fcllung seiner vertraglichen Verpflichtungen gegen\u00fcber der Organisation oder auf Anweisung der Organisation und nicht f\u00fcr andere Zwecke verarbeiten. Verarbeitet die Organisation personenbezogene Daten gemeinsam mit einem unabh\u00e4ngigen Dritten, so muss sie die jeweiligen Verantwortlichkeiten in dem jeweiligen Vertrag oder in einem anderen rechtsverbindlichen Dokument, wie z. B. der Datenverarbeitungsvereinbarung des Lieferanten, ausdr\u00fccklich festlegen.<\/p>\n<p><strong>Grenz\u00fcberschreitende \u00dcbermittlung von personenbezogenen Daten<\/strong><br \/>\nVor der \u00dcbermittlung personenbezogener Daten aus der Schweizerischen Eidgenossenschaft und dem Europ\u00e4ischen Wirtschaftsraum (EWR) m\u00fcssen angemessene Garantien, einschlie\u00dflich der Unterzeichnung einer Daten\u00fcbertragungsvereinbarung, wie von der Europ\u00e4ischen Union vorgeschrieben, angewendet werden, und erforderlichenfalls muss eine Genehmigung der Datenschutzbeh\u00f6rde eingeholt werden. Die Stelle, die die personenbezogenen Daten erh\u00e4lt, muss die Grunds\u00e4tze der Verarbeitung personenbezogener Daten einhalten, die im Verfahren f\u00fcr die grenz\u00fcberschreitende Daten\u00fcbermittlung festgelegt sind.<\/p>\n<p><strong>Auskunftsrechte der betroffenen Personen<\/strong><br \/>\nWenn die Organisation als f\u00fcr die Verarbeitung Verantwortlicher handelt, muss sie den betroffenen Personen ein angemessenes Auskunftsverfahren zur Verf\u00fcgung stellen, das es ihnen erm\u00f6glicht, auf ihre personenbezogenen Daten zuzugreifen und sie zu aktualisieren, zu berichtigen, zu l\u00f6schen oder ihre personenbezogenen Daten zu \u00fcbermitteln, sofern dies angemessen oder gesetzlich vorgeschrieben ist. Das Auskunftsverfahren wird in dem Verfahren zur Beantragung des Zugangs zu personenbezogenen Daten n\u00e4her erl\u00e4utert.<\/p>\n<p><strong>Daten\u00fcbertragbarkeit<\/strong><br \/>\nDie betroffenen Personen haben das Recht, auf Antrag eine Kopie der von ihnen zur Verf\u00fcgung gestellten Daten in einem strukturierten Format zu erhalten und diese Daten kostenlos an einen anderen f\u00fcr die Verarbeitung Verantwortlichen zu \u00fcbermitteln. Der f\u00fcr die Verarbeitung Verantwortliche ist daf\u00fcr verantwortlich, dass solche Antr\u00e4ge innerhalb eines Monats bearbeitet werden, nicht unverh\u00e4ltnism\u00e4\u00dfig sind und die Rechte anderer Personen an personenbezogenen Daten nicht beeintr\u00e4chtigen.<\/p>\n<p><strong>Recht auf Vergessenwerden<\/strong><br \/>\nAuf Antrag hat die betroffene Person das Recht, von der Organisation die L\u00f6schung ihrer personenbezogenen Daten zu verlangen. Handelt die Organisation als f\u00fcr die Verarbeitung Verantwortlicher, so muss sie die erforderlichen Ma\u00dfnahmen (einschlie\u00dflich technischer Ma\u00dfnahmen) ergreifen, um Dritte, die diese Daten verwenden oder verarbeiten, davon in Kenntnis zu setzen, dass sie dem Antrag nachkommen m\u00fcssen.<\/p>\n<p><strong>Organisation und Verantwortung<\/strong><br \/>\nDie Verantwortung f\u00fcr den ordnungsgem\u00e4\u00dfen Umgang mit personenbezogenen Daten liegt bei allen, die innerhalb der Organisation oder in ihrem Auftrag arbeiten und Zugang zu den von ihr verarbeiteten personenbezogenen Daten haben.<\/p>\n<p>Der <strong>Verwaltungsrat<\/strong> trifft Entscheidungen und genehmigt die allgemeinen Datenschutzstrategien der Organisation.<\/p>\n<p>Der <strong>(intern oder extern bestellte) beh\u00f6rdliche Datenschutzbeauftragte<\/strong> oder ein anderer Mitarbeiter, der als Ansprechpartner f\u00fcr das PIMS-Datenschutzmanagementsystem benannt ist, ist f\u00fcr die Verwaltung des Datenschutzprogramms und die Entwicklung und F\u00f6rderung durchg\u00e4ngiger Datenschutzverfahren verantwortlich.<\/p>\n<p>Die f\u00fcr dieses Dokument verantwortliche Person ist der f\u00fcr die Verarbeitung Verantwortliche, der daf\u00fcr zust\u00e4ndig ist, es zu \u00fcberpr\u00fcfen und erforderlichenfalls zu aktualisieren, und zwar mindestens einmal j\u00e4hrlich.[\/vc_column_text][dfd_spacer screen_wide_spacer_size=&#8220;40&#8243; screen_normal_resolution=&#8220;1024&#8243; screen_tablet_resolution=&#8220;800&#8243; screen_mobile_resolution=&#8220;480&#8243; screen_normal_spacer_size=&#8220;40&#8243; screen_tablet_spacer_size=&#8220;20&#8243; screen_mobile_spacer_size=&#8220;20&#8243;][vc_column_text]Letzte Aktualisierung: 05.03.2024[\/vc_column_text][dfd_spacer screen_wide_spacer_size=&#8220;40&#8243; screen_normal_resolution=&#8220;1024&#8243; screen_tablet_resolution=&#8220;800&#8243; screen_mobile_resolution=&#8220;480&#8243; screen_normal_spacer_size=&#8220;40&#8243; screen_tablet_spacer_size=&#8220;20&#8243; screen_mobile_spacer_size=&#8220;20&#8243;][\/vc_column][\/vc_row]<\/p>\n<\/div>","protected":false},"excerpt":{"rendered":"<p>[vc_row][vc_column col_shadow=&#8220;box_shadow_enable:disable|shadow_horizontal:0|shadow_vertical:15|shadow_blur:50|shadow_spread:0|box_shadow_color:rgba(0%2C0%2C0%2C0.35)&#8220; col_shadow_hover=&#8220;box_shadow_enable:disable|shadow_horizontal:0|shadow_vertical:15|shadow_blur:50|shadow_spread:0|box_shadow_color:rgba(0%2C0%2C0%2C0.35)&#8220;][dfd_spacer screen_wide_spacer_size=&#8220;40&#8243; screen_normal_resolution=&#8220;1024&#8243; screen_tablet_resolution=&#8220;800&#8243; screen_mobile_resolution=&#8220;480&#8243; screen_normal_spacer_size=&#8220;40&#8243; screen_tablet_spacer_size=&#8220;20&#8243; screen_mobile_spacer_size=&#8220;20&#8243;][dfd_heading subtitle=&#8220;&#8220; content_alignment=&#8220;text-left&#8220; delimiter_settings=&#8220;delimiter_style:solid|delimiter_width:80|delimiter_height:1&#8243; tutorials=&#8220;&#8220; title_font_options=&#8220;tag:h2&#8243; subtitle_font_options=&#8220;tag:div&#8220;]Datenschutz[\/dfd_heading][dfd_spacer screen_wide_spacer_size=&#8220;40&#8243; screen_normal_resolution=&#8220;1024&#8243; screen_tablet_resolution=&#8220;800&#8243; screen_mobile_resolution=&#8220;480&#8243; screen_normal_spacer_size=&#8220;40&#8243; screen_tablet_spacer_size=&#8220;20&#8243; screen_mobile_spacer_size=&#8220;20&#8243;][vc_column_text]Zweck und Anwendungsbereich FART SA, im Folgenden als<\/p>\n","protected":false},"author":2,"featured_media":0,"parent":0,"menu_order":0,"comment_status":"closed","ping_status":"closed","template":"tmp-page.php","meta":{"inline_featured_image":false,"_monsterinsights_skip_tracking":false,"_monsterinsights_sitenote_active":false,"_monsterinsights_sitenote_note":"","_monsterinsights_sitenote_category":0,"footnotes":""},"class_list":["post-40540","page","type-page","status-publish","hentry"],"yoast_head":"<!-- This site is optimized with the Yoast SEO plugin v27.4 - https:\/\/yoast.com\/product\/yoast-seo-wordpress\/ -->\n<title>Data Protection Policy - fartiamo - FART - Fahrplanwechseln<\/title>\n<meta name=\"description\" content=\"FART \u2013 Fahrplanwechseln \u2013 Die Entwicklung des \u00f6ffentlichen Verkehrs in der Region Locarno ist Teil des umfassenden Agglomerations-Programm...\" \/>\n<meta name=\"robots\" content=\"index, follow, max-snippet:-1, max-image-preview:large, max-video-preview:-1\" \/>\n<link rel=\"canonical\" href=\"https:\/\/fartiamo.ch\/de\/data-protection-policy\/\" \/>\n<meta property=\"og:locale\" content=\"de_DE\" \/>\n<meta property=\"og:type\" content=\"article\" \/>\n<meta property=\"og:title\" content=\"Data Protection Policy - fartiamo - FART - Fahrplanwechseln\" \/>\n<meta property=\"og:description\" content=\"FART \u2013 Fahrplanwechseln \u2013 Die Entwicklung des \u00f6ffentlichen Verkehrs in der Region Locarno ist Teil des umfassenden Agglomerations-Programm...\" \/>\n<meta property=\"og:url\" content=\"https:\/\/fartiamo.ch\/de\/data-protection-policy\/\" \/>\n<meta property=\"og:site_name\" content=\"fartiamo\" \/>\n<meta property=\"article:modified_time\" content=\"2025-05-30T13:14:11+00:00\" \/>\n<meta name=\"twitter:card\" content=\"summary_large_image\" \/>\n<meta name=\"twitter:label1\" content=\"Gesch\u00e4tzte Lesezeit\" \/>\n\t<meta name=\"twitter:data1\" content=\"6\u00a0Minuten\" \/>\n<script type=\"application\/ld+json\" class=\"yoast-schema-graph\">{\"@context\":\"https:\\\/\\\/schema.org\",\"@graph\":[{\"@type\":\"WebPage\",\"@id\":\"https:\\\/\\\/fartiamo.ch\\\/de\\\/data-protection-policy\\\/\",\"url\":\"https:\\\/\\\/fartiamo.ch\\\/de\\\/data-protection-policy\\\/\",\"name\":\"Data Protection Policy - fartiamo - FART - Fahrplanwechseln\",\"isPartOf\":{\"@id\":\"https:\\\/\\\/fartiamo.ch\\\/de\\\/#website\"},\"datePublished\":\"2024-03-04T08:16:25+00:00\",\"dateModified\":\"2025-05-30T13:14:11+00:00\",\"description\":\"FART \u2013 Fahrplanwechseln \u2013 Die Entwicklung des \u00f6ffentlichen Verkehrs in der Region Locarno ist Teil des umfassenden Agglomerations-Programm...\",\"breadcrumb\":{\"@id\":\"https:\\\/\\\/fartiamo.ch\\\/de\\\/data-protection-policy\\\/#breadcrumb\"},\"inLanguage\":\"de\",\"potentialAction\":[{\"@type\":\"ReadAction\",\"target\":[\"https:\\\/\\\/fartiamo.ch\\\/de\\\/data-protection-policy\\\/\"]}]},{\"@type\":\"BreadcrumbList\",\"@id\":\"https:\\\/\\\/fartiamo.ch\\\/de\\\/data-protection-policy\\\/#breadcrumb\",\"itemListElement\":[{\"@type\":\"ListItem\",\"position\":1,\"name\":\"Home\",\"item\":\"https:\\\/\\\/fartiamo.ch\\\/de\\\/\"},{\"@type\":\"ListItem\",\"position\":2,\"name\":\"Data Protection Policy\"}]},{\"@type\":\"WebSite\",\"@id\":\"https:\\\/\\\/fartiamo.ch\\\/de\\\/#website\",\"url\":\"https:\\\/\\\/fartiamo.ch\\\/de\\\/\",\"name\":\"fartiamo\",\"description\":\"Il trasporto che unisce citt\u00e0 e valli\",\"publisher\":{\"@id\":\"https:\\\/\\\/fartiamo.ch\\\/de\\\/#organization\"},\"potentialAction\":[{\"@type\":\"SearchAction\",\"target\":{\"@type\":\"EntryPoint\",\"urlTemplate\":\"https:\\\/\\\/fartiamo.ch\\\/de\\\/?s={search_term_string}\"},\"query-input\":{\"@type\":\"PropertyValueSpecification\",\"valueRequired\":true,\"valueName\":\"search_term_string\"}}],\"inLanguage\":\"de\"},{\"@type\":\"Organization\",\"@id\":\"https:\\\/\\\/fartiamo.ch\\\/de\\\/#organization\",\"name\":\"FART\",\"url\":\"https:\\\/\\\/fartiamo.ch\\\/de\\\/\",\"logo\":{\"@type\":\"ImageObject\",\"inLanguage\":\"de\",\"@id\":\"https:\\\/\\\/fartiamo.ch\\\/de\\\/#\\\/schema\\\/logo\\\/image\\\/\",\"url\":\"https:\\\/\\\/fartiamo.ch\\\/wp-content\\\/uploads\\\/2020\\\/11\\\/fart_logo_completo.svg\",\"contentUrl\":\"https:\\\/\\\/fartiamo.ch\\\/wp-content\\\/uploads\\\/2020\\\/11\\\/fart_logo_completo.svg\",\"width\":\"1024\",\"height\":\"1024\",\"caption\":\"FART\"},\"image\":{\"@id\":\"https:\\\/\\\/fartiamo.ch\\\/de\\\/#\\\/schema\\\/logo\\\/image\\\/\"}}]}<\/script>\n<!-- \/ Yoast SEO plugin. -->","yoast_head_json":{"title":"Data Protection Policy - fartiamo - FART - Fahrplanwechseln","description":"FART \u2013 Fahrplanwechseln \u2013 Die Entwicklung des \u00f6ffentlichen Verkehrs in der Region Locarno ist Teil des umfassenden Agglomerations-Programm...","robots":{"index":"index","follow":"follow","max-snippet":"max-snippet:-1","max-image-preview":"max-image-preview:large","max-video-preview":"max-video-preview:-1"},"canonical":"https:\/\/fartiamo.ch\/de\/data-protection-policy\/","og_locale":"de_DE","og_type":"article","og_title":"Data Protection Policy - fartiamo - FART - Fahrplanwechseln","og_description":"FART \u2013 Fahrplanwechseln \u2013 Die Entwicklung des \u00f6ffentlichen Verkehrs in der Region Locarno ist Teil des umfassenden Agglomerations-Programm...","og_url":"https:\/\/fartiamo.ch\/de\/data-protection-policy\/","og_site_name":"fartiamo","article_modified_time":"2025-05-30T13:14:11+00:00","twitter_card":"summary_large_image","twitter_misc":{"Gesch\u00e4tzte Lesezeit":"6\u00a0Minuten"},"schema":{"@context":"https:\/\/schema.org","@graph":[{"@type":"WebPage","@id":"https:\/\/fartiamo.ch\/de\/data-protection-policy\/","url":"https:\/\/fartiamo.ch\/de\/data-protection-policy\/","name":"Data Protection Policy - fartiamo - FART - Fahrplanwechseln","isPartOf":{"@id":"https:\/\/fartiamo.ch\/de\/#website"},"datePublished":"2024-03-04T08:16:25+00:00","dateModified":"2025-05-30T13:14:11+00:00","description":"FART \u2013 Fahrplanwechseln \u2013 Die Entwicklung des \u00f6ffentlichen Verkehrs in der Region Locarno ist Teil des umfassenden Agglomerations-Programm...","breadcrumb":{"@id":"https:\/\/fartiamo.ch\/de\/data-protection-policy\/#breadcrumb"},"inLanguage":"de","potentialAction":[{"@type":"ReadAction","target":["https:\/\/fartiamo.ch\/de\/data-protection-policy\/"]}]},{"@type":"BreadcrumbList","@id":"https:\/\/fartiamo.ch\/de\/data-protection-policy\/#breadcrumb","itemListElement":[{"@type":"ListItem","position":1,"name":"Home","item":"https:\/\/fartiamo.ch\/de\/"},{"@type":"ListItem","position":2,"name":"Data Protection Policy"}]},{"@type":"WebSite","@id":"https:\/\/fartiamo.ch\/de\/#website","url":"https:\/\/fartiamo.ch\/de\/","name":"fartiamo","description":"Il trasporto che unisce citt\u00e0 e valli","publisher":{"@id":"https:\/\/fartiamo.ch\/de\/#organization"},"potentialAction":[{"@type":"SearchAction","target":{"@type":"EntryPoint","urlTemplate":"https:\/\/fartiamo.ch\/de\/?s={search_term_string}"},"query-input":{"@type":"PropertyValueSpecification","valueRequired":true,"valueName":"search_term_string"}}],"inLanguage":"de"},{"@type":"Organization","@id":"https:\/\/fartiamo.ch\/de\/#organization","name":"FART","url":"https:\/\/fartiamo.ch\/de\/","logo":{"@type":"ImageObject","inLanguage":"de","@id":"https:\/\/fartiamo.ch\/de\/#\/schema\/logo\/image\/","url":"https:\/\/fartiamo.ch\/wp-content\/uploads\/2020\/11\/fart_logo_completo.svg","contentUrl":"https:\/\/fartiamo.ch\/wp-content\/uploads\/2020\/11\/fart_logo_completo.svg","width":"1024","height":"1024","caption":"FART"},"image":{"@id":"https:\/\/fartiamo.ch\/de\/#\/schema\/logo\/image\/"}}]}},"_links":{"self":[{"href":"https:\/\/fartiamo.ch\/de\/wp-json\/wp\/v2\/pages\/40540","targetHints":{"allow":["GET"]}}],"collection":[{"href":"https:\/\/fartiamo.ch\/de\/wp-json\/wp\/v2\/pages"}],"about":[{"href":"https:\/\/fartiamo.ch\/de\/wp-json\/wp\/v2\/types\/page"}],"author":[{"embeddable":true,"href":"https:\/\/fartiamo.ch\/de\/wp-json\/wp\/v2\/users\/2"}],"replies":[{"embeddable":true,"href":"https:\/\/fartiamo.ch\/de\/wp-json\/wp\/v2\/comments?post=40540"}],"version-history":[{"count":8,"href":"https:\/\/fartiamo.ch\/de\/wp-json\/wp\/v2\/pages\/40540\/revisions"}],"predecessor-version":[{"id":43230,"href":"https:\/\/fartiamo.ch\/de\/wp-json\/wp\/v2\/pages\/40540\/revisions\/43230"}],"wp:attachment":[{"href":"https:\/\/fartiamo.ch\/de\/wp-json\/wp\/v2\/media?parent=40540"}],"curies":[{"name":"wp","href":"https:\/\/api.w.org\/{rel}","templated":true}]}}