{"id":42288,"date":"2024-09-25T11:43:35","date_gmt":"2024-09-25T09:43:35","guid":{"rendered":"https:\/\/fartiamo.ch\/?page_id=42288"},"modified":"2025-05-30T15:14:21","modified_gmt":"2025-05-30T13:14:21","slug":"reinigung","status":"publish","type":"page","link":"https:\/\/fartiamo.ch\/de\/reinigung\/","title":{"rendered":"Reinigung"},"content":{"rendered":"<div class=\"wpb-content-wrapper\"><p>[vc_row][vc_column][dfd_spacer screen_wide_spacer_size=&#8220;100&#8243; screen_normal_resolution=&#8220;1024&#8243; screen_tablet_resolution=&#8220;800&#8243; screen_mobile_resolution=&#8220;480&#8243; screen_normal_spacer_size=&#8220;80&#8243; screen_tablet_spacer_size=&#8220;60&#8243; screen_mobile_spacer_size=&#8220;40&#8243;][\/vc_column][\/vc_row][vc_row css=&#8220;.vc_custom_1568638996273{padding-right: 25px !important;padding-left: 25px !important;}&#8220;][vc_column width=&#8220;1\/6&#8243; col_shadow=&#8220;box_shadow_enable:disable|shadow_horizontal:0|shadow_vertical:15|shadow_blur:50|shadow_spread:0|box_shadow_color:rgba(0%2C0%2C0%2C0.35)&#8220; col_shadow_hover=&#8220;box_shadow_enable:disable|shadow_horizontal:0|shadow_vertical:15|shadow_blur:50|shadow_spread:0|box_shadow_color:rgba(0%2C0%2C0%2C0.35)&#8220;][\/vc_column][vc_column width=&#8220;2\/3&#8243;][dfd_heading style=&#8220;style_06&#8243; subtitle=&#8220;FART Sensibilisierungskampagne&#8220; module_animation=&#8220;transition.grow&#8220; delimiter_settings=&#8220;delimiter_style:solid|delimiter_width:80|delimiter_height:1|delimiter_color:%23000000&#8243; delimiter_margin=&#8220;margin-top:10|margin-bottom:30&#8243; undefined=&#8220;&#8220; title_font_options=&#8220;tag:h1&#8243; subtitle_font_options=&#8220;tag:h3&#8243; title_responsive=&#8220;font_size_desktop:45|line_height_desktop:55|letter_spacing_desktop:0|font_size_tablet:40|line_height_tablet:50|letter_spacing_tablet:0|font_size_mobile:35|line_height_mobile:45|letter_spacing_mobile:0&#8243; heading_margin=&#8220;margin-bottom:30&#8243; subtitle_responsive=&#8220;font_size_desktop:26|line_height_desktop:40|letter_spacing_desktop:0|font_size_tablet:24|line_height_tablet:38|letter_spacing_tablet:0|font_size_mobile:22|line_height_mobile:36|letter_spacing_mobile:0&#8243;]Danke, dass Sie uns helfen, die Haltestelle sauber zu halten.[\/dfd_heading][dfd_single_image image=&#8220;42298&#8243;][dfd_spacer screen_wide_spacer_size=&#8220;50&#8243; screen_normal_resolution=&#8220;1024&#8243; screen_tablet_resolution=&#8220;800&#8243; screen_mobile_resolution=&#8220;480&#8243; screen_normal_spacer_size=&#8220;50&#8243; screen_tablet_spacer_size=&#8220;50&#8243; screen_mobile_spacer_size=&#8220;50&#8243;][vc_column_text item_animation=&#8220;transition.slideUpBigIn&#8220; css=&#8220;.vc_custom_1727430035296{padding-bottom: 50px !important;}&#8220;]<b><strong>F\u00f6rderung von Sauberkeit und Anstand an den Haltestellen der \u00f6ffentlichen Verkehrsmittel zum Wohle der Gemeinschaft.<\/strong><\/b> <b><strong>Die Ferrovie Autolinee Regionali Ticinesi (FART) starten heute eine Initiative, die darauf abzielt, alle Nutzer \u00f6ffentlicher Verkehrsmittel aktiv einzubeziehen und sie aufzufordern, mit kleinen Gesten einen gro\u00dfen Unterschied zu machen.<\/strong><\/b> <b><strong>Die Kampagne wird bis Ende des Jahres laufen.<\/strong><\/b><\/p>\n<p>Die Bushaltestellen, die jeden Tag abfahrende und ankommende Reisende empfangen, sind nicht nur Bezugspunkte f\u00fcr die Nutzer \u00f6ffentlicher Verkehrsmittel, sondern auch Orte, die zur Qualit\u00e4t des Reiseerlebnisses beitragen. Leider befinden sie sich nicht immer in einem optimalen Zustand. Hier setzt die neue Kampagne \u201eDie Haltestelle spiegelt dich wider\u201c an, die das Bewusstsein daf\u00fcr sch\u00e4rfen soll, wie wichtig es ist, diese Gemeinschaftsbereiche sauber und ordentlich zu halten.<\/p>\n<p>\u201eEinfache Handlungen wie das Werfen von M\u00fcll in die M\u00fclleimer oder das Vermeiden von Spuren oder Dellen in der Infrastruktur sind wichtig, um sicherzustellen, dass die Haltestellen einladend und funktional bleiben\u201c, sagt <strong>Claudio Blotti<\/strong>, Direktor von FART, \u201cWir wollen, dass diese Haltestellen von allen Fahrg\u00e4sten als angenehm empfunden werden, und mit dem Beitrag aller k\u00f6nnen wir dies erreichen.\u201c<\/p>\n<p>Die Kampagne umfasst Informationsplakate an den Haltestellen, die auf den Fahrplantafeln zu sehen sind, und wird sich auch auf digitale Kan\u00e4le erstrecken. Die Botschaft wird durch das eindrucksvolle Bild eines zerrissenen Papiers mit dem Wort \u201eSTOP\u201c vermittelt, eine visuelle Erinnerung, die die Menschen dazu auffordert, \u00fcber die Bedeutung kleiner t\u00e4glicher Gesten nachzudenken.<\/p>\n<p>FART betreibt ein ausgedehntes Verkehrsnetz, das 4 st\u00e4dtische Buslinien, 5 regionale Buslinien und die Centovallina-Eisenbahnlinie mit insgesamt 270 Haltestellen auf einer L\u00e4nge von mehr als 140 km umfasst.[\/vc_column_text][\/vc_column][vc_column width=&#8220;1\/6&#8243;][\/vc_column][\/vc_row][vc_row][vc_column][dfd_spacer screen_wide_spacer_size=&#8220;100&#8243; screen_normal_resolution=&#8220;1024&#8243; screen_tablet_resolution=&#8220;800&#8243; screen_mobile_resolution=&#8220;480&#8243; screen_normal_spacer_size=&#8220;80&#8243; screen_tablet_spacer_size=&#8220;60&#8243; screen_mobile_spacer_size=&#8220;40&#8243;][dfd_tta_tour border_radius=&#8220;50&#8243; active_section=&#8220;1&#8243; font_size=&#8220;18&#8243; icon_size=&#8220;18&#8243; tab_background=&#8220;#ffffff&#8220; tab_hover_background=&#8220;#331488&#8243; active_tab_background=&#8220;#331488&#8243; border_color_radius=&#8220;#331488&#8243; border_hover_color=&#8220;#331488&#8243; border_color_active=&#8220;#331488&#8243; tab_text_color=&#8220;#331488&#8243; tab_active_color_text=&#8220;#ffffff&#8220; tab_hover_text_color=&#8220;#ffffff&#8220; icon_color=&#8220;#331488&#8243; icon_hover_color=&#8220;#ffffff&#8220; icon_active_color=&#8220;#ffffff&#8220;][vc_tta_section title=&#8220;ALLGEMEIN&#8220; tab_id=&#8220;1697704885423-27b38669-1d81&#8243;][vc_column_text css=&#8220;.vc_custom_1727258649048{padding-right: 25px !important;padding-bottom: 25px !important;padding-left: 25px !important;}&#8220;]Die FART verpflichtet sich, die Haltestellen und Bahnh\u00f6fe ihrer Linien t\u00e4glich sauber zu halten. Dar\u00fcber hinaus verpflichtet sich das Unternehmen, geplante St\u00f6rungen oder Sonderfahrten auf den Fahrplantafeln zu ver\u00f6ffentlichen.[\/vc_column_text][\/vc_tta_section][vc_tta_section title=&#8220;BUSLINIEN&#8220; tab_id=&#8220;1697704885443-48b1b890-7b03&#8243;][vc_column_text css=&#8220;.vc_custom_1727258815315{padding-right: 25px !important;padding-bottom: 25px !important;padding-left: 25px !important;}&#8220;]Da die Haltestellen der FART-Buslinien auf \u00f6ffentlichem Grund liegen, ist die Gemeinde f\u00fcr sie zust\u00e4ndig. FART ist f\u00fcr die Verwaltung der Informationen an den Haltestellen zust\u00e4ndig (Fahrplantafeln, Service-Ank\u00fcndigungen).<br \/>\nJede FART-Haltestelle ist mit einer Tafel ausgestattet, die den Fahrplan der an der Haltestelle verkehrenden Linien, den \u00dcbersichtsplan dieser Linien und eine Werbefl\u00e4che enth\u00e4lt, die je nach Bedarf genutzt wird, um St\u00f6rungen oder besondere Ereignisse, die den Betrieb betreffen, zu kommunizieren.[\/vc_column_text][\/vc_tta_section][vc_tta_section title=&#8220;EISENBAHN&#8220; tab_id=&#8220;1697705382674-3c9f3619-1ce2&#8243;][vc_column_text css=&#8220;.vc_custom_1727259051415{padding-right: 25px !important;padding-bottom: 25px !important;padding-left: 25px !important;}&#8220;]In den letzten Jahren wurden die Bahnh\u00f6fe von Centovallina stark ver\u00e4ndert, um mit der Zeit zu gehen. Auf infrastruktureller Ebene wurden bereits mehrere Baustellen zur Anpassung dieser Bahnh\u00f6fe an das Behindertengesetz (LDis) abgeschlossen; Arbeiten, die es behinderten Benutzern erm\u00f6glichen, die Bahnh\u00f6fe bequem zu nutzen.<br \/>\nAuf der Informationsebene wurden die Centovallina-Bahnh\u00f6fe mit Monitoren ausgestattet, die die Schaufenster mit den Fahrpl\u00e4nen ersetzt haben. Das neue, dynamische System erm\u00f6glicht es, neben der aktuellen Anzeige des Fahrplans, in Echtzeit alle Serviceank\u00fcndigungen, Ersatzfahrten und Verkehrsbehinderungen anzuzeigen.[\/vc_column_text][\/vc_tta_section][\/dfd_tta_tour][dfd_spacer screen_wide_spacer_size=&#8220;100&#8243; screen_normal_resolution=&#8220;1024&#8243; screen_tablet_resolution=&#8220;800&#8243; screen_mobile_resolution=&#8220;480&#8243; screen_normal_spacer_size=&#8220;80&#8243; screen_tablet_spacer_size=&#8220;60&#8243; screen_mobile_spacer_size=&#8220;40&#8243;][\/vc_column][\/vc_row]<\/p>\n<\/div>","protected":false},"excerpt":{"rendered":"<p>[vc_row][vc_column][dfd_spacer screen_wide_spacer_size=&#8220;100&#8243; screen_normal_resolution=&#8220;1024&#8243; screen_tablet_resolution=&#8220;800&#8243; screen_mobile_resolution=&#8220;480&#8243; screen_normal_spacer_size=&#8220;80&#8243; screen_tablet_spacer_size=&#8220;60&#8243; screen_mobile_spacer_size=&#8220;40&#8243;][\/vc_column][\/vc_row][vc_row css=&#8220;.vc_custom_1568638996273{padding-right: 25px !important;padding-left: 25px !important;}&#8220;][vc_column width=&#8220;1\/6&#8243; col_shadow=&#8220;box_shadow_enable:disable|shadow_horizontal:0|shadow_vertical:15|shadow_blur:50|shadow_spread:0|box_shadow_color:rgba(0%2C0%2C0%2C0.35)&#8220; col_shadow_hover=&#8220;box_shadow_enable:disable|shadow_horizontal:0|shadow_vertical:15|shadow_blur:50|shadow_spread:0|box_shadow_color:rgba(0%2C0%2C0%2C0.35)&#8220;][\/vc_column][vc_column width=&#8220;2\/3&#8243;][dfd_heading style=&#8220;style_06&#8243; subtitle=&#8220;FART Sensibilisierungskampagne&#8220; module_animation=&#8220;transition.grow&#8220; delimiter_settings=&#8220;delimiter_style:solid|delimiter_width:80|delimiter_height:1|delimiter_color:%23000000&#8243; delimiter_margin=&#8220;margin-top:10|margin-bottom:30&#8243; undefined=&#8220;&#8220; title_font_options=&#8220;tag:h1&#8243; subtitle_font_options=&#8220;tag:h3&#8243; title_responsive=&#8220;font_size_desktop:45|line_height_desktop:55|letter_spacing_desktop:0|font_size_tablet:40|line_height_tablet:50|letter_spacing_tablet:0|font_size_mobile:35|line_height_mobile:45|letter_spacing_mobile:0&#8243; heading_margin=&#8220;margin-bottom:30&#8243; subtitle_responsive=&#8220;font_size_desktop:26|line_height_desktop:40|letter_spacing_desktop:0|font_size_tablet:24|line_height_tablet:38|letter_spacing_tablet:0|font_size_mobile:22|line_height_mobile:36|letter_spacing_mobile:0&#8243;]Danke, dass<\/p>\n","protected":false},"author":1,"featured_media":0,"parent":0,"menu_order":0,"comment_status":"closed","ping_status":"closed","template":"tmp-page.php","meta":{"inline_featured_image":false,"_monsterinsights_skip_tracking":false,"_monsterinsights_sitenote_active":false,"_monsterinsights_sitenote_note":"","_monsterinsights_sitenote_category":0,"footnotes":""},"class_list":["post-42288","page","type-page","status-publish","hentry"],"yoast_head":"<!-- This site is optimized with the Yoast SEO plugin v27.4 - https:\/\/yoast.com\/product\/yoast-seo-wordpress\/ -->\n<title>Reinigung - fartiamo<\/title>\n<meta name=\"robots\" content=\"index, follow, max-snippet:-1, max-image-preview:large, max-video-preview:-1\" \/>\n<link rel=\"canonical\" href=\"https:\/\/fartiamo.ch\/de\/reinigung\/\" \/>\n<meta property=\"og:locale\" content=\"de_DE\" \/>\n<meta property=\"og:type\" content=\"article\" \/>\n<meta property=\"og:title\" content=\"Reinigung - fartiamo\" \/>\n<meta property=\"og:description\" content=\"[vc_row][vc_column][dfd_spacer screen_wide_spacer_size=&#8220;100&#8243; screen_normal_resolution=&#8220;1024&#8243; screen_tablet_resolution=&#8220;800&#8243; screen_mobile_resolution=&#8220;480&#8243; screen_normal_spacer_size=&#8220;80&#8243; screen_tablet_spacer_size=&#8220;60&#8243; screen_mobile_spacer_size=&#8220;40&#8243;][\/vc_column][\/vc_row][vc_row css=&#8220;.vc_custom_1568638996273{padding-right: 25px !important;padding-left: 25px !important;}&#8220;][vc_column width=&#8220;1\/6&#8243; col_shadow=&#8220;box_shadow_enable:disable|shadow_horizontal:0|shadow_vertical:15|shadow_blur:50|shadow_spread:0|box_shadow_color:rgba(0%2C0%2C0%2C0.35)&#8220; col_shadow_hover=&#8220;box_shadow_enable:disable|shadow_horizontal:0|shadow_vertical:15|shadow_blur:50|shadow_spread:0|box_shadow_color:rgba(0%2C0%2C0%2C0.35)&#8220;][\/vc_column][vc_column width=&#8220;2\/3&#8243;][dfd_heading style=&#8220;style_06&#8243; subtitle=&#8220;FART Sensibilisierungskampagne&#8220; module_animation=&#8220;transition.grow&#8220; delimiter_settings=&#8220;delimiter_style:solid|delimiter_width:80|delimiter_height:1|delimiter_color:%23000000&#8243; delimiter_margin=&#8220;margin-top:10|margin-bottom:30&#8243; undefined=&#8220;&#8220; title_font_options=&#8220;tag:h1&#8243; subtitle_font_options=&#8220;tag:h3&#8243; title_responsive=&#8220;font_size_desktop:45|line_height_desktop:55|letter_spacing_desktop:0|font_size_tablet:40|line_height_tablet:50|letter_spacing_tablet:0|font_size_mobile:35|line_height_mobile:45|letter_spacing_mobile:0&#8243; heading_margin=&#8220;margin-bottom:30&#8243; subtitle_responsive=&#8220;font_size_desktop:26|line_height_desktop:40|letter_spacing_desktop:0|font_size_tablet:24|line_height_tablet:38|letter_spacing_tablet:0|font_size_mobile:22|line_height_mobile:36|letter_spacing_mobile:0&#8243;]Danke, dass\" \/>\n<meta property=\"og:url\" content=\"https:\/\/fartiamo.ch\/de\/reinigung\/\" \/>\n<meta property=\"og:site_name\" content=\"fartiamo\" \/>\n<meta property=\"article:modified_time\" content=\"2025-05-30T13:14:21+00:00\" \/>\n<meta name=\"twitter:card\" content=\"summary_large_image\" \/>\n<meta name=\"twitter:label1\" content=\"Gesch\u00e4tzte Lesezeit\" \/>\n\t<meta name=\"twitter:data1\" content=\"5\u00a0Minuten\" \/>\n<script type=\"application\/ld+json\" class=\"yoast-schema-graph\">{\"@context\":\"https:\\\/\\\/schema.org\",\"@graph\":[{\"@type\":\"WebPage\",\"@id\":\"https:\\\/\\\/fartiamo.ch\\\/de\\\/reinigung\\\/\",\"url\":\"https:\\\/\\\/fartiamo.ch\\\/de\\\/reinigung\\\/\",\"name\":\"Reinigung - fartiamo\",\"isPartOf\":{\"@id\":\"http:\\\/\\\/fartiamo.ch\\\/de\\\/#website\"},\"datePublished\":\"2024-09-25T09:43:35+00:00\",\"dateModified\":\"2025-05-30T13:14:21+00:00\",\"breadcrumb\":{\"@id\":\"https:\\\/\\\/fartiamo.ch\\\/de\\\/reinigung\\\/#breadcrumb\"},\"inLanguage\":\"de\",\"potentialAction\":[{\"@type\":\"ReadAction\",\"target\":[\"https:\\\/\\\/fartiamo.ch\\\/de\\\/reinigung\\\/\"]}]},{\"@type\":\"BreadcrumbList\",\"@id\":\"https:\\\/\\\/fartiamo.ch\\\/de\\\/reinigung\\\/#breadcrumb\",\"itemListElement\":[{\"@type\":\"ListItem\",\"position\":1,\"name\":\"Home\",\"item\":\"https:\\\/\\\/fartiamo.ch\\\/de\\\/\"},{\"@type\":\"ListItem\",\"position\":2,\"name\":\"Reinigung\"}]},{\"@type\":\"WebSite\",\"@id\":\"http:\\\/\\\/fartiamo.ch\\\/de\\\/#website\",\"url\":\"http:\\\/\\\/fartiamo.ch\\\/de\\\/\",\"name\":\"fartiamo\",\"description\":\"Il trasporto che unisce citt\u00e0 e valli\",\"publisher\":{\"@id\":\"http:\\\/\\\/fartiamo.ch\\\/de\\\/#organization\"},\"potentialAction\":[{\"@type\":\"SearchAction\",\"target\":{\"@type\":\"EntryPoint\",\"urlTemplate\":\"http:\\\/\\\/fartiamo.ch\\\/de\\\/?s={search_term_string}\"},\"query-input\":{\"@type\":\"PropertyValueSpecification\",\"valueRequired\":true,\"valueName\":\"search_term_string\"}}],\"inLanguage\":\"de\"},{\"@type\":\"Organization\",\"@id\":\"http:\\\/\\\/fartiamo.ch\\\/de\\\/#organization\",\"name\":\"FART\",\"url\":\"http:\\\/\\\/fartiamo.ch\\\/de\\\/\",\"logo\":{\"@type\":\"ImageObject\",\"inLanguage\":\"de\",\"@id\":\"http:\\\/\\\/fartiamo.ch\\\/de\\\/#\\\/schema\\\/logo\\\/image\\\/\",\"url\":\"https:\\\/\\\/fartiamo.ch\\\/wp-content\\\/uploads\\\/2020\\\/11\\\/fart_logo_completo.svg\",\"contentUrl\":\"https:\\\/\\\/fartiamo.ch\\\/wp-content\\\/uploads\\\/2020\\\/11\\\/fart_logo_completo.svg\",\"width\":\"1024\",\"height\":\"1024\",\"caption\":\"FART\"},\"image\":{\"@id\":\"http:\\\/\\\/fartiamo.ch\\\/de\\\/#\\\/schema\\\/logo\\\/image\\\/\"}}]}<\/script>\n<!-- \/ Yoast SEO plugin. -->","yoast_head_json":{"title":"Reinigung - fartiamo","robots":{"index":"index","follow":"follow","max-snippet":"max-snippet:-1","max-image-preview":"max-image-preview:large","max-video-preview":"max-video-preview:-1"},"canonical":"https:\/\/fartiamo.ch\/de\/reinigung\/","og_locale":"de_DE","og_type":"article","og_title":"Reinigung - fartiamo","og_description":"[vc_row][vc_column][dfd_spacer screen_wide_spacer_size=&#8220;100&#8243; screen_normal_resolution=&#8220;1024&#8243; screen_tablet_resolution=&#8220;800&#8243; screen_mobile_resolution=&#8220;480&#8243; screen_normal_spacer_size=&#8220;80&#8243; screen_tablet_spacer_size=&#8220;60&#8243; screen_mobile_spacer_size=&#8220;40&#8243;][\/vc_column][\/vc_row][vc_row css=&#8220;.vc_custom_1568638996273{padding-right: 25px !important;padding-left: 25px !important;}&#8220;][vc_column width=&#8220;1\/6&#8243; col_shadow=&#8220;box_shadow_enable:disable|shadow_horizontal:0|shadow_vertical:15|shadow_blur:50|shadow_spread:0|box_shadow_color:rgba(0%2C0%2C0%2C0.35)&#8220; col_shadow_hover=&#8220;box_shadow_enable:disable|shadow_horizontal:0|shadow_vertical:15|shadow_blur:50|shadow_spread:0|box_shadow_color:rgba(0%2C0%2C0%2C0.35)&#8220;][\/vc_column][vc_column width=&#8220;2\/3&#8243;][dfd_heading style=&#8220;style_06&#8243; subtitle=&#8220;FART Sensibilisierungskampagne&#8220; module_animation=&#8220;transition.grow&#8220; delimiter_settings=&#8220;delimiter_style:solid|delimiter_width:80|delimiter_height:1|delimiter_color:%23000000&#8243; delimiter_margin=&#8220;margin-top:10|margin-bottom:30&#8243; undefined=&#8220;&#8220; title_font_options=&#8220;tag:h1&#8243; subtitle_font_options=&#8220;tag:h3&#8243; title_responsive=&#8220;font_size_desktop:45|line_height_desktop:55|letter_spacing_desktop:0|font_size_tablet:40|line_height_tablet:50|letter_spacing_tablet:0|font_size_mobile:35|line_height_mobile:45|letter_spacing_mobile:0&#8243; heading_margin=&#8220;margin-bottom:30&#8243; subtitle_responsive=&#8220;font_size_desktop:26|line_height_desktop:40|letter_spacing_desktop:0|font_size_tablet:24|line_height_tablet:38|letter_spacing_tablet:0|font_size_mobile:22|line_height_mobile:36|letter_spacing_mobile:0&#8243;]Danke, dass","og_url":"https:\/\/fartiamo.ch\/de\/reinigung\/","og_site_name":"fartiamo","article_modified_time":"2025-05-30T13:14:21+00:00","twitter_card":"summary_large_image","twitter_misc":{"Gesch\u00e4tzte Lesezeit":"5\u00a0Minuten"},"schema":{"@context":"https:\/\/schema.org","@graph":[{"@type":"WebPage","@id":"https:\/\/fartiamo.ch\/de\/reinigung\/","url":"https:\/\/fartiamo.ch\/de\/reinigung\/","name":"Reinigung - fartiamo","isPartOf":{"@id":"http:\/\/fartiamo.ch\/de\/#website"},"datePublished":"2024-09-25T09:43:35+00:00","dateModified":"2025-05-30T13:14:21+00:00","breadcrumb":{"@id":"https:\/\/fartiamo.ch\/de\/reinigung\/#breadcrumb"},"inLanguage":"de","potentialAction":[{"@type":"ReadAction","target":["https:\/\/fartiamo.ch\/de\/reinigung\/"]}]},{"@type":"BreadcrumbList","@id":"https:\/\/fartiamo.ch\/de\/reinigung\/#breadcrumb","itemListElement":[{"@type":"ListItem","position":1,"name":"Home","item":"https:\/\/fartiamo.ch\/de\/"},{"@type":"ListItem","position":2,"name":"Reinigung"}]},{"@type":"WebSite","@id":"http:\/\/fartiamo.ch\/de\/#website","url":"http:\/\/fartiamo.ch\/de\/","name":"fartiamo","description":"Il trasporto che unisce citt\u00e0 e valli","publisher":{"@id":"http:\/\/fartiamo.ch\/de\/#organization"},"potentialAction":[{"@type":"SearchAction","target":{"@type":"EntryPoint","urlTemplate":"http:\/\/fartiamo.ch\/de\/?s={search_term_string}"},"query-input":{"@type":"PropertyValueSpecification","valueRequired":true,"valueName":"search_term_string"}}],"inLanguage":"de"},{"@type":"Organization","@id":"http:\/\/fartiamo.ch\/de\/#organization","name":"FART","url":"http:\/\/fartiamo.ch\/de\/","logo":{"@type":"ImageObject","inLanguage":"de","@id":"http:\/\/fartiamo.ch\/de\/#\/schema\/logo\/image\/","url":"https:\/\/fartiamo.ch\/wp-content\/uploads\/2020\/11\/fart_logo_completo.svg","contentUrl":"https:\/\/fartiamo.ch\/wp-content\/uploads\/2020\/11\/fart_logo_completo.svg","width":"1024","height":"1024","caption":"FART"},"image":{"@id":"http:\/\/fartiamo.ch\/de\/#\/schema\/logo\/image\/"}}]}},"_links":{"self":[{"href":"https:\/\/fartiamo.ch\/de\/wp-json\/wp\/v2\/pages\/42288","targetHints":{"allow":["GET"]}}],"collection":[{"href":"https:\/\/fartiamo.ch\/de\/wp-json\/wp\/v2\/pages"}],"about":[{"href":"https:\/\/fartiamo.ch\/de\/wp-json\/wp\/v2\/types\/page"}],"author":[{"embeddable":true,"href":"https:\/\/fartiamo.ch\/de\/wp-json\/wp\/v2\/users\/1"}],"replies":[{"embeddable":true,"href":"https:\/\/fartiamo.ch\/de\/wp-json\/wp\/v2\/comments?post=42288"}],"version-history":[{"count":5,"href":"https:\/\/fartiamo.ch\/de\/wp-json\/wp\/v2\/pages\/42288\/revisions"}],"predecessor-version":[{"id":42720,"href":"https:\/\/fartiamo.ch\/de\/wp-json\/wp\/v2\/pages\/42288\/revisions\/42720"}],"wp:attachment":[{"href":"https:\/\/fartiamo.ch\/de\/wp-json\/wp\/v2\/media?parent=42288"}],"curies":[{"name":"wp","href":"https:\/\/api.w.org\/{rel}","templated":true}]}}