{"id":30228,"date":"2021-01-26T16:30:55","date_gmt":"2021-01-26T15:30:55","guid":{"rendered":"https:\/\/fartiamo.ch\/faq\/"},"modified":"2021-02-08T10:00:57","modified_gmt":"2021-02-08T09:00:57","slug":"faq","status":"publish","type":"page","link":"https:\/\/fartiamo.ch\/fr\/faq\/","title":{"rendered":"FAQ"},"content":{"rendered":"<div class=\"wpb-content-wrapper\"><p>[vc_row][vc_column][dfd_spacer screen_wide_spacer_size=\u00a0\u00bb200&Prime; screen_normal_resolution=\u00a0\u00bb1024&Prime; screen_tablet_resolution=\u00a0\u00bb800&Prime; screen_mobile_resolution=\u00a0\u00bb480&Prime; screen_normal_spacer_size=\u00a0\u00bb150&Prime; screen_tablet_spacer_size=\u00a0\u00bb150&Prime; screen_mobile_spacer_size=\u00a0\u00bb100&Prime;][\/vc_column][\/vc_row][vc_row css=\u00a0\u00bb.vc_custom_1568638996273{padding-right: 25px !important;padding-left: 25px !important;}\u00a0\u00bb][vc_column col_shadow=\u00a0\u00bbbox_shadow_enable:disable|shadow_horizontal:0|shadow_vertical:15|shadow_blur:50|shadow_spread:0|box_shadow_color:rgba(0%2C0%2C0%2C0.35)\u00a0\u00bb col_shadow_hover=\u00a0\u00bbbox_shadow_enable:disable|shadow_horizontal:0|shadow_vertical:15|shadow_blur:50|shadow_spread:0|box_shadow_color:rgba(0%2C0%2C0%2C0.35)\u00a0\u00bb][dfd_heading subtitle=\u00a0\u00bb\u00a0\u00bb enable_delimiter=\u00a0\u00bb\u00a0\u00bb undefined=\u00a0\u00bb\u00a0\u00bb title_font_options=\u00a0\u00bbtag:h2&Prime; subtitle_font_options=\u00a0\u00bbtag:div\u00a0\u00bb title_responsive=\u00a0\u00bbfont_size_desktop:40|line_height_desktop:50|letter_spacing_desktop:0|font_size_tablet:40|line_height_tablet:50|letter_spacing_tablet:0|font_size_mobile:40|line_height_mobile:50|letter_spacing_mobile:0&Prime; heading_margin=\u00a0\u00bbmargin-bottom:30&Prime;]FAQ[\/dfd_heading][vc_column_text]<\/p>\n<h5>Qu&rsquo;est-ce qu&rsquo;un n\u0153ud d&rsquo;\u00e9change?<\/h5>\n<p>Le n\u0153ud d&rsquo;\u00e9change ou de transport public est un point de transbordement avec interconnexion de plusieurs lignes de bus ou il peut \u00eatre combin\u00e9 avec un arr\u00eat ferroviaire. Dans ce dernier cas, le n\u0153ud est g\u00e9n\u00e9ralement \u00e9quip\u00e9 de places de stationnement pour l&rsquo;acc\u00e8s au service ferroviaire en voiture, mais uniquement \u00e0 titre de modalit\u00e9 compl\u00e9mentaire en ce qui concerne l&rsquo;accessibilit\u00e9 \u00e0 pied, \u00e0 v\u00e9lo ou avec des lignes de collecte\/distribution.<br \/>\n<em>D\u00e9finition tir\u00e9e de : Conception des arr\u00eats de bus des transports publics, directives cantonales, d\u00e9cembre 2017<\/em><\/p>\n<hr \/>\n<h5>O\u00f9 puis-je voir les horaires en temps r\u00e9el?<\/h5>\n<p>Les horaires en temps r\u00e9el peuvent \u00eatre consult\u00e9s sur les nouveaux horaires num\u00e9riques \u00e0 de nombreux arr\u00eats de transports publics. Les horaires peuvent \u00e9galement \u00eatre consult\u00e9s sur l&rsquo;application Arcobaleno, qui indique les retards \u00e9ventuels et vous permet de savoir o\u00f9 se trouve le bus sur le trajet. L&rsquo;application vous permet \u00e9galement de rechercher d&rsquo;autres connexions et itin\u00e9raires alternatifs. L&rsquo;application peut \u00eatre t\u00e9l\u00e9charg\u00e9e gratuitement, de plus amples informations sont disponibles sur le site <a href=\"http:\/\/www.arcobaleno.ch\">Arcobaleno<\/a>.<\/p>\n<hr \/>\n<h5>O\u00f9 puis-je acheter mon billet \u00e0 l&rsquo;avance ?<\/h5>\n<p>Les billets peuvent \u00eatre achet\u00e9s \u00e0 l&rsquo;avance directement dans l&rsquo;Arcobaleno App. Gr\u00e2ce au nouveau service de billetterie mobile, il est d\u00e9sormais possible d&rsquo;acheter des billets Arcobaleno et de les stocker directement dans la section correspondante. Il existe un large \u00e9ventail de billets communautaires qui peuvent \u00eatre achet\u00e9s en ligne, tels que les billets \u00e0 l&rsquo;unit\u00e9, les cartes journali\u00e8res ou les changements de classe. Il est \u00e9galement possible d&rsquo;acheter des billets de et vers toutes les destinations suisses. D&rsquo;autres produits seront ajout\u00e9s \u00e0 un stade ult\u00e9rieur. L&rsquo;application peut \u00eatre t\u00e9l\u00e9charg\u00e9e gratuitement, de plus amples informations sont disponibles sur le site <a href=\"http:\/\/www.arcobaleno.ch\">Arcobaleno<\/a>.<\/p>\n<hr \/>\n<h5>Parce que certaines lignes sont color\u00e9es et d&rsquo;autres sont grises ?<\/h5>\n<p>Le syst\u00e8me de transport public du Tessin est en constante \u00e9volution. Des travaux sont \u00e9galement en cours pour unifier les informations fournies aux utilisateurs. Dans ce contexte, les lignes r\u00e9gionales se distinguent d\u00e9sormais par la couleur grise, tandis qu&rsquo;une couleur pr\u00e9cise est attribu\u00e9e \u00e0 chaque ligne urbaine. Ces couleurs se retrouvent, par exemple, sur les bornes des arr\u00eats de bus, sur les couvertures de nos horaires et aussi dans l&rsquo;application Arcobaleno. Les couvertures de nos horaires ont donc \u00e9galement \u00e9t\u00e9 adapt\u00e9es, veuillez faire attention au num\u00e9ro de ligne.<\/p>\n<hr \/>\n<h5>Avec quelles lignes puis-je atteindre Cinque Vie et S. Antonio ?<\/h5>\n<p>L&rsquo;arr\u00eat Cinque Vie est desservi par les lignes urbaines 3 et 7 et les lignes r\u00e9gionales 314, 315 et 324.\u00a0 L&rsquo;arr\u00eat S. Antonio Centrale est desservi par la ligne urbaine 7, les lignes r\u00e9gionales 314 et 315 et la ligne ferroviaire Locarno-Camedo.<\/p>\n<p><strong>Veuillez noter que la ligne 1 ne dessert plus les arr\u00eats dans cette zone.<\/strong><\/p>\n<p><a href=\"https:\/\/fartiamo.ch\/fr\/\">Plus d&rsquo;informations sur les horaires des lignes 3, 7, 314 et 315 de FART<\/a><br \/>\n<a href=\"https:\/\/www.postauto.ch\/it\/idee-per-escursioni\/valle-onsernone\">Plus d&rsquo;informations sur la ligne 324 du CarPostal<\/a><\/p>\n<hr \/>\n<h5>De Brione s. Minusio quelle est la connexion la plus rapide \u00e0 la station ?<\/h5>\n<p>Brione s. Minusio, Chiesa est le terminus des nouvelles lignes 3 et 4. La ligne 4 offre une connexion plus directe avec la gare. La ligne 3, en direction du Delta Maggia, permet de rejoindre la zone de S. Antonio, Cinque Vie et Piazza Castello. Dans le sens inverse (de la gare vers Brione s. Minusio), la ligne 4 offre \u00e9galement une connexion plus directe.<\/p>\n<hr \/>\n<h5>Depuis le quartier du Lido, quelle est la connexion la plus rapide pour se rendre \u00e0 la gare ?<\/h5>\n<p>Depuis la zone du Lido, la liaison la plus directe avec la gare est assur\u00e9e par la ligne 3.<\/p>\n<hr \/>\n<h5>De la gare, quelle est la connexion la plus rapide pour Brione s. Minusio ?<\/h5>\n<p>La ligne 4 offre une connexion plus directe que la ligne 3.<\/p>\n<hr \/>\n<h5>Depuis la gare, quelle est la liaison la plus rapide vers le quartier du Lido ?<\/h5>\n<p>La ligne 3 offre une connexion plus directe avec la r\u00e9gion du Lido en atteignant la r\u00e9gion du Delta de la Maggia.<\/p>\n<hr \/>\n<h5>Est-il possible de rejoindre le centre d&rsquo;Ascona avec la ligne 316 ?<\/h5>\n<p>Non, il n&rsquo;est plus possible de rejoindre le centre d&rsquo;Ascona avec la ligne 316. Vous devez descendre \u00e0 l&rsquo;arr\u00eat Fiume Maggia et prendre la ligne 1 en direction de Losone.<br \/>\n<a href=\"https:\/\/fartiamo.ch\/fr\/ligne-1\/\">En savoir plus sur la ligne 1<br \/>\n<\/a><a href=\"https:\/\/fartiamo.ch\/fr\/ligne-316\/\">En savoir plus sur la ligne 316<\/a><\/p>\n<hr \/>\n<h5>Quelles lignes peuvent \u00eatre utilis\u00e9es pour atteindre la zone FEVI, qui n&rsquo;est plus desservie par la ligne 311 ?<\/h5>\n<p>Le nouvel arr\u00eat de Palexpo (lignes 1 et 316) est l&rsquo;arr\u00eat de r\u00e9f\u00e9rence pour le Palazzetto Fevi.<br \/>\n<a href=\"https:\/\/fartiamo.ch\/fr\/ligne-1\/\">En savoir plus sur la ligne 1<br \/>\n<\/a><a href=\"https:\/\/fartiamo.ch\/fr\/ligne-316\/\">En savoir plus sur la ligne 316<\/a>[\/vc_column_text][\/vc_column][\/vc_row][vc_row][vc_column][dfd_spacer screen_wide_spacer_size=\u00a0\u00bb150&Prime; screen_normal_resolution=\u00a0\u00bb1024&Prime; screen_tablet_resolution=\u00a0\u00bb800&Prime; screen_mobile_resolution=\u00a0\u00bb480&Prime; screen_normal_spacer_size=\u00a0\u00bb150&Prime; screen_tablet_spacer_size=\u00a0\u00bb100&Prime; screen_mobile_spacer_size=\u00a0\u00bb80&Prime;][\/vc_column][\/vc_row]<\/p>\n<\/div>","protected":false},"excerpt":{"rendered":"<p>[vc_row][vc_column][dfd_spacer screen_wide_spacer_size=\u00a0\u00bb200&Prime; screen_normal_resolution=\u00a0\u00bb1024&Prime; screen_tablet_resolution=\u00a0\u00bb800&Prime; screen_mobile_resolution=\u00a0\u00bb480&Prime; screen_normal_spacer_size=\u00a0\u00bb150&Prime; screen_tablet_spacer_size=\u00a0\u00bb150&Prime; screen_mobile_spacer_size=\u00a0\u00bb100&Prime;][\/vc_column][\/vc_row][vc_row css=\u00a0\u00bb.vc_custom_1568638996273{padding-right: 25px !important;padding-left: 25px !important;}\u00a0\u00bb][vc_column col_shadow=\u00a0\u00bbbox_shadow_enable:disable|shadow_horizontal:0|shadow_vertical:15|shadow_blur:50|shadow_spread:0|box_shadow_color:rgba(0%2C0%2C0%2C0.35)\u00a0\u00bb col_shadow_hover=\u00a0\u00bbbox_shadow_enable:disable|shadow_horizontal:0|shadow_vertical:15|shadow_blur:50|shadow_spread:0|box_shadow_color:rgba(0%2C0%2C0%2C0.35)\u00a0\u00bb][dfd_heading subtitle=\u00a0\u00bb\u00a0\u00bb enable_delimiter=\u00a0\u00bb\u00a0\u00bb undefined=\u00a0\u00bb\u00a0\u00bb title_font_options=\u00a0\u00bbtag:h2&Prime; subtitle_font_options=\u00a0\u00bbtag:div\u00a0\u00bb title_responsive=\u00a0\u00bbfont_size_desktop:40|line_height_desktop:50|letter_spacing_desktop:0|font_size_tablet:40|line_height_tablet:50|letter_spacing_tablet:0|font_size_mobile:40|line_height_mobile:50|letter_spacing_mobile:0&Prime; heading_margin=\u00a0\u00bbmargin-bottom:30&Prime;]FAQ[\/dfd_heading][vc_column_text] Qu&rsquo;est-ce qu&rsquo;un n\u0153ud d&rsquo;\u00e9change? Le n\u0153ud d&rsquo;\u00e9change ou<\/p>\n","protected":false},"author":1,"featured_media":0,"parent":0,"menu_order":0,"comment_status":"closed","ping_status":"closed","template":"tmp-page.php","meta":{"inline_featured_image":false,"_monsterinsights_skip_tracking":false,"_monsterinsights_sitenote_active":false,"_monsterinsights_sitenote_note":"","_monsterinsights_sitenote_category":0,"footnotes":""},"class_list":["post-30228","page","type-page","status-publish","hentry"],"yoast_head":"<!-- This site is optimized with the Yoast SEO plugin v27.4 - https:\/\/yoast.com\/product\/yoast-seo-wordpress\/ -->\n<title>FAQ - fartiamo - FART - Changement d&#039;horaire<\/title>\n<meta name=\"description\" content=\"FART \u2013 Changement d&#039;horaire \u2013 Le d\u00e9veloppement des transports publics dans la r\u00e9gion de Locarno s&#039;inscrit dans le cadre plus large du programme d&#039;agglom\u00e9ration de Locarno...\" \/>\n<meta name=\"robots\" content=\"index, follow, max-snippet:-1, max-image-preview:large, max-video-preview:-1\" \/>\n<link rel=\"canonical\" href=\"https:\/\/fartiamo.ch\/fr\/faq\/\" \/>\n<meta property=\"og:locale\" content=\"fr_FR\" \/>\n<meta property=\"og:type\" content=\"article\" \/>\n<meta property=\"og:title\" content=\"FAQ - fartiamo - FART - Changement d&#039;horaire\" \/>\n<meta property=\"og:description\" content=\"FART \u2013 Changement d&#039;horaire \u2013 Le d\u00e9veloppement des transports publics dans la r\u00e9gion de Locarno s&#039;inscrit dans le cadre plus large du programme d&#039;agglom\u00e9ration de Locarno...\" \/>\n<meta property=\"og:url\" content=\"https:\/\/fartiamo.ch\/fr\/faq\/\" \/>\n<meta property=\"og:site_name\" content=\"fartiamo\" \/>\n<meta property=\"article:modified_time\" content=\"2021-02-08T09:00:57+00:00\" \/>\n<meta name=\"twitter:card\" content=\"summary_large_image\" \/>\n<meta name=\"twitter:label1\" content=\"Dur\u00e9e de lecture estim\u00e9e\" \/>\n\t<meta name=\"twitter:data1\" content=\"5 minutes\" \/>\n<script type=\"application\/ld+json\" class=\"yoast-schema-graph\">{\"@context\":\"https:\\\/\\\/schema.org\",\"@graph\":[{\"@type\":\"WebPage\",\"@id\":\"https:\\\/\\\/fartiamo.ch\\\/fr\\\/faq\\\/\",\"url\":\"https:\\\/\\\/fartiamo.ch\\\/fr\\\/faq\\\/\",\"name\":\"FAQ - fartiamo - FART - Changement d'horaire\",\"isPartOf\":{\"@id\":\"https:\\\/\\\/fartiamo.ch\\\/fr\\\/#website\"},\"datePublished\":\"2021-01-26T15:30:55+00:00\",\"dateModified\":\"2021-02-08T09:00:57+00:00\",\"description\":\"FART \u2013 Changement d'horaire \u2013 Le d\u00e9veloppement des transports publics dans la r\u00e9gion de Locarno s'inscrit dans le cadre plus large du programme d'agglom\u00e9ration de Locarno...\",\"breadcrumb\":{\"@id\":\"https:\\\/\\\/fartiamo.ch\\\/fr\\\/faq\\\/#breadcrumb\"},\"inLanguage\":\"fr-FR\",\"potentialAction\":[{\"@type\":\"ReadAction\",\"target\":[\"https:\\\/\\\/fartiamo.ch\\\/fr\\\/faq\\\/\"]}]},{\"@type\":\"BreadcrumbList\",\"@id\":\"https:\\\/\\\/fartiamo.ch\\\/fr\\\/faq\\\/#breadcrumb\",\"itemListElement\":[{\"@type\":\"ListItem\",\"position\":1,\"name\":\"Home\",\"item\":\"https:\\\/\\\/fartiamo.ch\\\/fr\\\/\"},{\"@type\":\"ListItem\",\"position\":2,\"name\":\"FAQ\"}]},{\"@type\":\"WebSite\",\"@id\":\"https:\\\/\\\/fartiamo.ch\\\/fr\\\/#website\",\"url\":\"https:\\\/\\\/fartiamo.ch\\\/fr\\\/\",\"name\":\"fartiamo\",\"description\":\"Il trasporto che unisce citt\u00e0 e valli\",\"publisher\":{\"@id\":\"https:\\\/\\\/fartiamo.ch\\\/fr\\\/#organization\"},\"potentialAction\":[{\"@type\":\"SearchAction\",\"target\":{\"@type\":\"EntryPoint\",\"urlTemplate\":\"https:\\\/\\\/fartiamo.ch\\\/fr\\\/?s={search_term_string}\"},\"query-input\":{\"@type\":\"PropertyValueSpecification\",\"valueRequired\":true,\"valueName\":\"search_term_string\"}}],\"inLanguage\":\"fr-FR\"},{\"@type\":\"Organization\",\"@id\":\"https:\\\/\\\/fartiamo.ch\\\/fr\\\/#organization\",\"name\":\"FART\",\"url\":\"https:\\\/\\\/fartiamo.ch\\\/fr\\\/\",\"logo\":{\"@type\":\"ImageObject\",\"inLanguage\":\"fr-FR\",\"@id\":\"https:\\\/\\\/fartiamo.ch\\\/fr\\\/#\\\/schema\\\/logo\\\/image\\\/\",\"url\":\"https:\\\/\\\/fartiamo.ch\\\/wp-content\\\/uploads\\\/2020\\\/11\\\/fart_logo_completo.svg\",\"contentUrl\":\"https:\\\/\\\/fartiamo.ch\\\/wp-content\\\/uploads\\\/2020\\\/11\\\/fart_logo_completo.svg\",\"width\":\"1024\",\"height\":\"1024\",\"caption\":\"FART\"},\"image\":{\"@id\":\"https:\\\/\\\/fartiamo.ch\\\/fr\\\/#\\\/schema\\\/logo\\\/image\\\/\"}}]}<\/script>\n<!-- \/ Yoast SEO plugin. -->","yoast_head_json":{"title":"FAQ - fartiamo - FART - Changement d'horaire","description":"FART \u2013 Changement d'horaire \u2013 Le d\u00e9veloppement des transports publics dans la r\u00e9gion de Locarno s'inscrit dans le cadre plus large du programme d'agglom\u00e9ration de Locarno...","robots":{"index":"index","follow":"follow","max-snippet":"max-snippet:-1","max-image-preview":"max-image-preview:large","max-video-preview":"max-video-preview:-1"},"canonical":"https:\/\/fartiamo.ch\/fr\/faq\/","og_locale":"fr_FR","og_type":"article","og_title":"FAQ - fartiamo - FART - Changement d'horaire","og_description":"FART \u2013 Changement d'horaire \u2013 Le d\u00e9veloppement des transports publics dans la r\u00e9gion de Locarno s'inscrit dans le cadre plus large du programme d'agglom\u00e9ration de Locarno...","og_url":"https:\/\/fartiamo.ch\/fr\/faq\/","og_site_name":"fartiamo","article_modified_time":"2021-02-08T09:00:57+00:00","twitter_card":"summary_large_image","twitter_misc":{"Dur\u00e9e de lecture estim\u00e9e":"5 minutes"},"schema":{"@context":"https:\/\/schema.org","@graph":[{"@type":"WebPage","@id":"https:\/\/fartiamo.ch\/fr\/faq\/","url":"https:\/\/fartiamo.ch\/fr\/faq\/","name":"FAQ - fartiamo - FART - Changement d'horaire","isPartOf":{"@id":"https:\/\/fartiamo.ch\/fr\/#website"},"datePublished":"2021-01-26T15:30:55+00:00","dateModified":"2021-02-08T09:00:57+00:00","description":"FART \u2013 Changement d'horaire \u2013 Le d\u00e9veloppement des transports publics dans la r\u00e9gion de Locarno s'inscrit dans le cadre plus large du programme d'agglom\u00e9ration de Locarno...","breadcrumb":{"@id":"https:\/\/fartiamo.ch\/fr\/faq\/#breadcrumb"},"inLanguage":"fr-FR","potentialAction":[{"@type":"ReadAction","target":["https:\/\/fartiamo.ch\/fr\/faq\/"]}]},{"@type":"BreadcrumbList","@id":"https:\/\/fartiamo.ch\/fr\/faq\/#breadcrumb","itemListElement":[{"@type":"ListItem","position":1,"name":"Home","item":"https:\/\/fartiamo.ch\/fr\/"},{"@type":"ListItem","position":2,"name":"FAQ"}]},{"@type":"WebSite","@id":"https:\/\/fartiamo.ch\/fr\/#website","url":"https:\/\/fartiamo.ch\/fr\/","name":"fartiamo","description":"Il trasporto che unisce citt\u00e0 e valli","publisher":{"@id":"https:\/\/fartiamo.ch\/fr\/#organization"},"potentialAction":[{"@type":"SearchAction","target":{"@type":"EntryPoint","urlTemplate":"https:\/\/fartiamo.ch\/fr\/?s={search_term_string}"},"query-input":{"@type":"PropertyValueSpecification","valueRequired":true,"valueName":"search_term_string"}}],"inLanguage":"fr-FR"},{"@type":"Organization","@id":"https:\/\/fartiamo.ch\/fr\/#organization","name":"FART","url":"https:\/\/fartiamo.ch\/fr\/","logo":{"@type":"ImageObject","inLanguage":"fr-FR","@id":"https:\/\/fartiamo.ch\/fr\/#\/schema\/logo\/image\/","url":"https:\/\/fartiamo.ch\/wp-content\/uploads\/2020\/11\/fart_logo_completo.svg","contentUrl":"https:\/\/fartiamo.ch\/wp-content\/uploads\/2020\/11\/fart_logo_completo.svg","width":"1024","height":"1024","caption":"FART"},"image":{"@id":"https:\/\/fartiamo.ch\/fr\/#\/schema\/logo\/image\/"}}]}},"_links":{"self":[{"href":"https:\/\/fartiamo.ch\/fr\/wp-json\/wp\/v2\/pages\/30228","targetHints":{"allow":["GET"]}}],"collection":[{"href":"https:\/\/fartiamo.ch\/fr\/wp-json\/wp\/v2\/pages"}],"about":[{"href":"https:\/\/fartiamo.ch\/fr\/wp-json\/wp\/v2\/types\/page"}],"author":[{"embeddable":true,"href":"https:\/\/fartiamo.ch\/fr\/wp-json\/wp\/v2\/users\/1"}],"replies":[{"embeddable":true,"href":"https:\/\/fartiamo.ch\/fr\/wp-json\/wp\/v2\/comments?post=30228"}],"version-history":[{"count":8,"href":"https:\/\/fartiamo.ch\/fr\/wp-json\/wp\/v2\/pages\/30228\/revisions"}],"predecessor-version":[{"id":31155,"href":"https:\/\/fartiamo.ch\/fr\/wp-json\/wp\/v2\/pages\/30228\/revisions\/31155"}],"wp:attachment":[{"href":"https:\/\/fartiamo.ch\/fr\/wp-json\/wp\/v2\/media?parent=30228"}],"curies":[{"name":"wp","href":"https:\/\/api.w.org\/{rel}","templated":true}]}}