{"id":30307,"date":"2021-01-28T10:40:44","date_gmt":"2021-01-28T09:40:44","guid":{"rendered":"https:\/\/fartiamo.ch\/nouvelles-technologies\/"},"modified":"2021-11-02T16:04:10","modified_gmt":"2021-11-02T15:04:10","slug":"nouvelles-technologies","status":"publish","type":"page","link":"https:\/\/fartiamo.ch\/fr\/nouvelles-technologies\/","title":{"rendered":"LINEE E SERVIZI \u2013 Nouvelles technologies"},"content":{"rendered":"<div class=\"wpb-content-wrapper\"><p>[vc_row][vc_column][dfd_spacer screen_wide_spacer_size=\u00a0\u00bb100&Prime; screen_normal_resolution=\u00a0\u00bb1024&Prime; screen_tablet_resolution=\u00a0\u00bb800&Prime; screen_mobile_resolution=\u00a0\u00bb480&Prime; screen_normal_spacer_size=\u00a0\u00bb80&Prime; screen_tablet_spacer_size=\u00a0\u00bb60&Prime; screen_mobile_spacer_size=\u00a0\u00bb40&Prime;][\/vc_column][\/vc_row][vc_row css=\u00a0\u00bb.vc_custom_1568638996273{padding-right: 25px !important;padding-left: 25px !important;}\u00a0\u00bb][vc_column width=\u00a0\u00bb1\/6&Prime; col_shadow=\u00a0\u00bbbox_shadow_enable:disable|shadow_horizontal:0|shadow_vertical:15|shadow_blur:50|shadow_spread:0|box_shadow_color:rgba(0%2C0%2C0%2C0.35)\u00a0\u00bb col_shadow_hover=\u00a0\u00bbbox_shadow_enable:disable|shadow_horizontal:0|shadow_vertical:15|shadow_blur:50|shadow_spread:0|box_shadow_color:rgba(0%2C0%2C0%2C0.35)\u00a0\u00bb][\/vc_column][vc_column width=\u00a0\u00bb2\/3&Prime;][dfd_heading style=\u00a0\u00bbstyle_06&Prime; subtitle=\u00a0\u00bb\u00a0\u00bb module_animation=\u00a0\u00bbtransition.grow\u00a0\u00bb enable_delimiter=\u00a0\u00bb\u00a0\u00bb undefined=\u00a0\u00bb\u00a0\u00bb title_font_options=\u00a0\u00bbtag:h1&Prime; subtitle_font_options=\u00a0\u00bbtag:h3&Prime; title_responsive=\u00a0\u00bbfont_size_desktop:45|line_height_desktop:55|letter_spacing_desktop:0|font_size_tablet:40|line_height_tablet:50|letter_spacing_tablet:0|font_size_mobile:35|line_height_mobile:45|letter_spacing_mobile:0&Prime; heading_margin=\u00a0\u00bbmargin-bottom:30&Prime; subtitle_responsive=\u00a0\u00bbfont_size_desktop:26|line_height_desktop:40|letter_spacing_desktop:0|font_size_tablet:24|line_height_tablet:38|letter_spacing_tablet:0|font_size_mobile:22|line_height_mobile:36|letter_spacing_mobile:0&Prime;]Nouvelles technologies[\/dfd_heading][vc_column_text css=\u00a0\u00bb.vc_custom_1635864029791{padding-bottom: 60px !important;}\u00a0\u00bb]Des panneaux d&rsquo;information avec des arriv\u00e9es en temps r\u00e9el, aux horaires en ligne et aux applications de transport public. Les nouvelles technologies sont d&rsquo;une grande aide pour planifier votre voyage en choisissant la solution de transport la plus rapide, en identifiant les meilleures correspondances et en v\u00e9rifiant les \u00e9ventuelles perturbations ou modifications d&rsquo;horaires. Voyager en connaissance de cause, pour un voyage sans impr\u00e9vus.[\/vc_column_text][dfd_button click_animation=\u00a0\u00bb\u00a0\u00bb button_text=\u00a0\u00bbT\u00e9l\u00e9charger l&rsquo;application arcobaleno\u00a0\u00bb main_style=\u00a0\u00bbstyle-2&Prime; undefined=\u00a0\u00bb\u00a0\u00bb padding_left=\u00a0\u00bb15&Prime; padding_right=\u00a0\u00bb15&Prime; text_color=\u00a0\u00bb#ffffff\u00a0\u00bb hover_text_color=\u00a0\u00bb#ffffff\u00a0\u00bb background=\u00a0\u00bb#2ba3d5&Prime; hover_background=\u00a0\u00bb#2ba3d5&Prime; box_shadow=\u00a0\u00bbbox_shadow_enable:disable|shadow_horizontal:0|shadow_vertical:15|shadow_blur:50|shadow_spread:0|box_shadow_color:rgba(0%2C0%2C0%2C0.35)\u00a0\u00bb hover_box_shadow=\u00a0\u00bbbox_shadow_enable:disable|shadow_horizontal:0|shadow_vertical:15|shadow_blur:50|shadow_spread:0|box_shadow_color:rgba(0%2C0%2C0%2C0.35)\u00a0\u00bb buttom_link_src=\u00a0\u00bburl:https%3A%2F%2Fwww.arcobaleno.ch%2Fapp|target:_blank|\u00a0\u00bb tutorials=\u00a0\u00bb\u00a0\u00bb][\/vc_column][vc_column width=\u00a0\u00bb1\/6&Prime;][\/vc_column][\/vc_row][vc_row][vc_column][dfd_spacer screen_wide_spacer_size=\u00a0\u00bb100&Prime; screen_normal_resolution=\u00a0\u00bb1024&Prime; screen_tablet_resolution=\u00a0\u00bb800&Prime; screen_mobile_resolution=\u00a0\u00bb480&Prime; screen_normal_spacer_size=\u00a0\u00bb80&Prime; screen_tablet_spacer_size=\u00a0\u00bb60&Prime; screen_mobile_spacer_size=\u00a0\u00bb40&Prime;][\/vc_column][\/vc_row]<\/p>\n<\/div>","protected":false},"excerpt":{"rendered":"<p>[vc_row][vc_column][dfd_spacer screen_wide_spacer_size=\u00a0\u00bb100&Prime; screen_normal_resolution=\u00a0\u00bb1024&Prime; screen_tablet_resolution=\u00a0\u00bb800&Prime; screen_mobile_resolution=\u00a0\u00bb480&Prime; screen_normal_spacer_size=\u00a0\u00bb80&Prime; screen_tablet_spacer_size=\u00a0\u00bb60&Prime; screen_mobile_spacer_size=\u00a0\u00bb40&Prime;][\/vc_column][\/vc_row][vc_row css=\u00a0\u00bb.vc_custom_1568638996273{padding-right: 25px !important;padding-left: 25px !important;}\u00a0\u00bb][vc_column width=\u00a0\u00bb1\/6&Prime; col_shadow=\u00a0\u00bbbox_shadow_enable:disable|shadow_horizontal:0|shadow_vertical:15|shadow_blur:50|shadow_spread:0|box_shadow_color:rgba(0%2C0%2C0%2C0.35)\u00a0\u00bb col_shadow_hover=\u00a0\u00bbbox_shadow_enable:disable|shadow_horizontal:0|shadow_vertical:15|shadow_blur:50|shadow_spread:0|box_shadow_color:rgba(0%2C0%2C0%2C0.35)\u00a0\u00bb][\/vc_column][vc_column width=\u00a0\u00bb2\/3&Prime;][dfd_heading style=\u00a0\u00bbstyle_06&Prime; subtitle=\u00a0\u00bb\u00a0\u00bb module_animation=\u00a0\u00bbtransition.grow\u00a0\u00bb enable_delimiter=\u00a0\u00bb\u00a0\u00bb undefined=\u00a0\u00bb\u00a0\u00bb title_font_options=\u00a0\u00bbtag:h1&Prime; subtitle_font_options=\u00a0\u00bbtag:h3&Prime; title_responsive=\u00a0\u00bbfont_size_desktop:45|line_height_desktop:55|letter_spacing_desktop:0|font_size_tablet:40|line_height_tablet:50|letter_spacing_tablet:0|font_size_mobile:35|line_height_mobile:45|letter_spacing_mobile:0&Prime; heading_margin=\u00a0\u00bbmargin-bottom:30&Prime; subtitle_responsive=\u00a0\u00bbfont_size_desktop:26|line_height_desktop:40|letter_spacing_desktop:0|font_size_tablet:24|line_height_tablet:38|letter_spacing_tablet:0|font_size_mobile:22|line_height_mobile:36|letter_spacing_mobile:0&Prime;]Nouvelles technologies[\/dfd_heading][vc_column_text css=\u00a0\u00bb.vc_custom_1635864029791{padding-bottom: 60px<\/p>\n","protected":false},"author":1,"featured_media":0,"parent":0,"menu_order":0,"comment_status":"closed","ping_status":"closed","template":"tmp-page.php","meta":{"inline_featured_image":false,"_monsterinsights_skip_tracking":false,"_monsterinsights_sitenote_active":false,"_monsterinsights_sitenote_note":"","_monsterinsights_sitenote_category":0,"footnotes":""},"class_list":["post-30307","page","type-page","status-publish","hentry"],"yoast_head":"<!-- This site is optimized with the Yoast SEO plugin v26.1.1 - https:\/\/yoast.com\/wordpress\/plugins\/seo\/ -->\n<title>LINEE E SERVIZI \u2013 Nouvelles technologies - fartiamo - FART - Changement d&#039;horaire<\/title>\n<meta name=\"description\" content=\"FART \u2013 Changement d&#039;horaire \u2013 Le d\u00e9veloppement des transports publics dans la r\u00e9gion de Locarno s&#039;inscrit dans le cadre plus large du programme d&#039;agglom\u00e9ration de Locarno...\" \/>\n<meta name=\"robots\" content=\"index, follow, max-snippet:-1, max-image-preview:large, max-video-preview:-1\" \/>\n<link rel=\"canonical\" href=\"https:\/\/fartiamo.ch\/fr\/nouvelles-technologies\/\" \/>\n<meta property=\"og:locale\" content=\"fr_FR\" \/>\n<meta property=\"og:type\" content=\"article\" \/>\n<meta property=\"og:title\" content=\"LINEE E SERVIZI \u2013 Nouvelles technologies - fartiamo - FART - Changement d&#039;horaire\" \/>\n<meta property=\"og:description\" content=\"FART \u2013 Changement d&#039;horaire \u2013 Le d\u00e9veloppement des transports publics dans la r\u00e9gion de Locarno s&#039;inscrit dans le cadre plus large du programme d&#039;agglom\u00e9ration de Locarno...\" \/>\n<meta property=\"og:url\" content=\"https:\/\/fartiamo.ch\/fr\/nouvelles-technologies\/\" \/>\n<meta property=\"og:site_name\" content=\"fartiamo\" \/>\n<meta property=\"article:modified_time\" content=\"2021-11-02T15:04:10+00:00\" \/>\n<meta name=\"twitter:card\" content=\"summary_large_image\" \/>\n<meta name=\"twitter:label1\" content=\"Dur\u00e9e de lecture estim\u00e9e\" \/>\n\t<meta name=\"twitter:data1\" content=\"2 minutes\" \/>\n<script type=\"application\/ld+json\" class=\"yoast-schema-graph\">{\"@context\":\"https:\/\/schema.org\",\"@graph\":[{\"@type\":\"WebPage\",\"@id\":\"https:\/\/fartiamo.ch\/fr\/nouvelles-technologies\/\",\"url\":\"https:\/\/fartiamo.ch\/fr\/nouvelles-technologies\/\",\"name\":\"LINEE E SERVIZI \u2013 Nouvelles technologies - fartiamo - FART - Changement d'horaire\",\"isPartOf\":{\"@id\":\"https:\/\/fartiamo.ch\/fr\/#website\"},\"datePublished\":\"2021-01-28T09:40:44+00:00\",\"dateModified\":\"2021-11-02T15:04:10+00:00\",\"description\":\"FART \u2013 Changement d'horaire \u2013 Le d\u00e9veloppement des transports publics dans la r\u00e9gion de Locarno s'inscrit dans le cadre plus large du programme d'agglom\u00e9ration de Locarno...\",\"breadcrumb\":{\"@id\":\"https:\/\/fartiamo.ch\/fr\/nouvelles-technologies\/#breadcrumb\"},\"inLanguage\":\"fr-FR\",\"potentialAction\":[{\"@type\":\"ReadAction\",\"target\":[\"https:\/\/fartiamo.ch\/fr\/nouvelles-technologies\/\"]}]},{\"@type\":\"BreadcrumbList\",\"@id\":\"https:\/\/fartiamo.ch\/fr\/nouvelles-technologies\/#breadcrumb\",\"itemListElement\":[{\"@type\":\"ListItem\",\"position\":1,\"name\":\"Home\",\"item\":\"http:\/\/fartiamo.ch\/fr\/\"},{\"@type\":\"ListItem\",\"position\":2,\"name\":\"LINEE E SERVIZI \u2013 Nouvelles technologies\"}]},{\"@type\":\"WebSite\",\"@id\":\"https:\/\/fartiamo.ch\/fr\/#website\",\"url\":\"https:\/\/fartiamo.ch\/fr\/\",\"name\":\"fartiamo\",\"description\":\"Il trasporto che unisce citt\u00e0 e valli\",\"publisher\":{\"@id\":\"https:\/\/fartiamo.ch\/fr\/#organization\"},\"potentialAction\":[{\"@type\":\"SearchAction\",\"target\":{\"@type\":\"EntryPoint\",\"urlTemplate\":\"https:\/\/fartiamo.ch\/fr\/?s={search_term_string}\"},\"query-input\":{\"@type\":\"PropertyValueSpecification\",\"valueRequired\":true,\"valueName\":\"search_term_string\"}}],\"inLanguage\":\"fr-FR\"},{\"@type\":\"Organization\",\"@id\":\"https:\/\/fartiamo.ch\/fr\/#organization\",\"name\":\"FART\",\"url\":\"https:\/\/fartiamo.ch\/fr\/\",\"logo\":{\"@type\":\"ImageObject\",\"inLanguage\":\"fr-FR\",\"@id\":\"https:\/\/fartiamo.ch\/fr\/#\/schema\/logo\/image\/\",\"url\":\"https:\/\/fartiamo.ch\/wp-content\/uploads\/2020\/11\/fart_logo_completo.svg\",\"contentUrl\":\"https:\/\/fartiamo.ch\/wp-content\/uploads\/2020\/11\/fart_logo_completo.svg\",\"width\":\"1024\",\"height\":\"1024\",\"caption\":\"FART\"},\"image\":{\"@id\":\"https:\/\/fartiamo.ch\/fr\/#\/schema\/logo\/image\/\"}}]}<\/script>\n<!-- \/ Yoast SEO plugin. -->","yoast_head_json":{"title":"LINEE E SERVIZI \u2013 Nouvelles technologies - fartiamo - FART - Changement d'horaire","description":"FART \u2013 Changement d'horaire \u2013 Le d\u00e9veloppement des transports publics dans la r\u00e9gion de Locarno s'inscrit dans le cadre plus large du programme d'agglom\u00e9ration de Locarno...","robots":{"index":"index","follow":"follow","max-snippet":"max-snippet:-1","max-image-preview":"max-image-preview:large","max-video-preview":"max-video-preview:-1"},"canonical":"https:\/\/fartiamo.ch\/fr\/nouvelles-technologies\/","og_locale":"fr_FR","og_type":"article","og_title":"LINEE E SERVIZI \u2013 Nouvelles technologies - fartiamo - FART - Changement d'horaire","og_description":"FART \u2013 Changement d'horaire \u2013 Le d\u00e9veloppement des transports publics dans la r\u00e9gion de Locarno s'inscrit dans le cadre plus large du programme d'agglom\u00e9ration de Locarno...","og_url":"https:\/\/fartiamo.ch\/fr\/nouvelles-technologies\/","og_site_name":"fartiamo","article_modified_time":"2021-11-02T15:04:10+00:00","twitter_card":"summary_large_image","twitter_misc":{"Dur\u00e9e de lecture estim\u00e9e":"2 minutes"},"schema":{"@context":"https:\/\/schema.org","@graph":[{"@type":"WebPage","@id":"https:\/\/fartiamo.ch\/fr\/nouvelles-technologies\/","url":"https:\/\/fartiamo.ch\/fr\/nouvelles-technologies\/","name":"LINEE E SERVIZI \u2013 Nouvelles technologies - fartiamo - FART - Changement d'horaire","isPartOf":{"@id":"https:\/\/fartiamo.ch\/fr\/#website"},"datePublished":"2021-01-28T09:40:44+00:00","dateModified":"2021-11-02T15:04:10+00:00","description":"FART \u2013 Changement d'horaire \u2013 Le d\u00e9veloppement des transports publics dans la r\u00e9gion de Locarno s'inscrit dans le cadre plus large du programme d'agglom\u00e9ration de Locarno...","breadcrumb":{"@id":"https:\/\/fartiamo.ch\/fr\/nouvelles-technologies\/#breadcrumb"},"inLanguage":"fr-FR","potentialAction":[{"@type":"ReadAction","target":["https:\/\/fartiamo.ch\/fr\/nouvelles-technologies\/"]}]},{"@type":"BreadcrumbList","@id":"https:\/\/fartiamo.ch\/fr\/nouvelles-technologies\/#breadcrumb","itemListElement":[{"@type":"ListItem","position":1,"name":"Home","item":"http:\/\/fartiamo.ch\/fr\/"},{"@type":"ListItem","position":2,"name":"LINEE E SERVIZI \u2013 Nouvelles technologies"}]},{"@type":"WebSite","@id":"https:\/\/fartiamo.ch\/fr\/#website","url":"https:\/\/fartiamo.ch\/fr\/","name":"fartiamo","description":"Il trasporto che unisce citt\u00e0 e valli","publisher":{"@id":"https:\/\/fartiamo.ch\/fr\/#organization"},"potentialAction":[{"@type":"SearchAction","target":{"@type":"EntryPoint","urlTemplate":"https:\/\/fartiamo.ch\/fr\/?s={search_term_string}"},"query-input":{"@type":"PropertyValueSpecification","valueRequired":true,"valueName":"search_term_string"}}],"inLanguage":"fr-FR"},{"@type":"Organization","@id":"https:\/\/fartiamo.ch\/fr\/#organization","name":"FART","url":"https:\/\/fartiamo.ch\/fr\/","logo":{"@type":"ImageObject","inLanguage":"fr-FR","@id":"https:\/\/fartiamo.ch\/fr\/#\/schema\/logo\/image\/","url":"https:\/\/fartiamo.ch\/wp-content\/uploads\/2020\/11\/fart_logo_completo.svg","contentUrl":"https:\/\/fartiamo.ch\/wp-content\/uploads\/2020\/11\/fart_logo_completo.svg","width":"1024","height":"1024","caption":"FART"},"image":{"@id":"https:\/\/fartiamo.ch\/fr\/#\/schema\/logo\/image\/"}}]}},"_links":{"self":[{"href":"https:\/\/fartiamo.ch\/fr\/wp-json\/wp\/v2\/pages\/30307","targetHints":{"allow":["GET"]}}],"collection":[{"href":"https:\/\/fartiamo.ch\/fr\/wp-json\/wp\/v2\/pages"}],"about":[{"href":"https:\/\/fartiamo.ch\/fr\/wp-json\/wp\/v2\/types\/page"}],"author":[{"embeddable":true,"href":"https:\/\/fartiamo.ch\/fr\/wp-json\/wp\/v2\/users\/1"}],"replies":[{"embeddable":true,"href":"https:\/\/fartiamo.ch\/fr\/wp-json\/wp\/v2\/comments?post=30307"}],"version-history":[{"count":13,"href":"https:\/\/fartiamo.ch\/fr\/wp-json\/wp\/v2\/pages\/30307\/revisions"}],"predecessor-version":[{"id":33243,"href":"https:\/\/fartiamo.ch\/fr\/wp-json\/wp\/v2\/pages\/30307\/revisions\/33243"}],"wp:attachment":[{"href":"https:\/\/fartiamo.ch\/fr\/wp-json\/wp\/v2\/media?parent=30307"}],"curies":[{"name":"wp","href":"https:\/\/api.w.org\/{rel}","templated":true}]}}