{"id":37029,"date":"2023-01-20T14:21:27","date_gmt":"2023-01-20T13:21:27","guid":{"rendered":"https:\/\/fartiamo.ch\/?page_id=37029"},"modified":"2026-03-25T11:14:34","modified_gmt":"2026-03-25T10:14:34","slug":"gares","status":"publish","type":"page","link":"https:\/\/fartiamo.ch\/fr\/gares\/","title":{"rendered":"Gares"},"content":{"rendered":"<div class=\"wpb-content-wrapper\"><p>[vc_row][vc_column][dfd_spacer screen_wide_spacer_size=\u00a0\u00bb100&Prime; screen_normal_resolution=\u00a0\u00bb1024&Prime; screen_tablet_resolution=\u00a0\u00bb800&Prime; screen_mobile_resolution=\u00a0\u00bb480&Prime; screen_normal_spacer_size=\u00a0\u00bb80&Prime; screen_tablet_spacer_size=\u00a0\u00bb60&Prime; screen_mobile_spacer_size=\u00a0\u00bb40&Prime;][\/vc_column][\/vc_row][vc_row css=\u00a0\u00bb.vc_custom_1568638996273{padding-right: 25px !important;padding-left: 25px !important;}\u00a0\u00bb][vc_column width=\u00a0\u00bb1\/6&Prime; col_shadow=\u00a0\u00bbbox_shadow_enable:disable|shadow_horizontal:0|shadow_vertical:15|shadow_blur:50|shadow_spread:0|box_shadow_color:rgba(0%2C0%2C0%2C0.35)\u00a0\u00bb col_shadow_hover=\u00a0\u00bbbox_shadow_enable:disable|shadow_horizontal:0|shadow_vertical:15|shadow_blur:50|shadow_spread:0|box_shadow_color:rgba(0%2C0%2C0%2C0.35)\u00a0\u00bb][\/vc_column][vc_column width=\u00a0\u00bb2\/3&Prime;][dfd_heading style=\u00a0\u00bbstyle_06&Prime; subtitle=\u00a0\u00bbNous travaillons pour vous.\u00a0\u00bb module_animation=\u00a0\u00bbtransition.grow\u00a0\u00bb delimiter_settings=\u00a0\u00bbdelimiter_style:solid|delimiter_width:80|delimiter_height:1|delimiter_color:%23000000&Prime; delimiter_margin=\u00a0\u00bbmargin-top:10|margin-bottom:30&Prime; undefined=\u00a0\u00bb\u00a0\u00bb title_font_options=\u00a0\u00bbtag:h1&Prime; subtitle_font_options=\u00a0\u00bbtag:h3&Prime; title_responsive=\u00a0\u00bbfont_size_desktop:45|line_height_desktop:55|letter_spacing_desktop:0|font_size_tablet:40|line_height_tablet:50|letter_spacing_tablet:0|font_size_mobile:35|line_height_mobile:45|letter_spacing_mobile:0&Prime; heading_margin=\u00a0\u00bbmargin-bottom:30&Prime; subtitle_responsive=\u00a0\u00bbfont_size_desktop:26|line_height_desktop:40|letter_spacing_desktop:0|font_size_tablet:24|line_height_tablet:38|letter_spacing_tablet:0|font_size_mobile:22|line_height_mobile:36|letter_spacing_mobile:0&Prime;]<strong>Travaux d&rsquo;adaptation des gares \u00e0 la LDis (Disabled Persons Act).<\/strong>[\/dfd_heading][dfd_spacer screen_wide_spacer_size=\u00a0\u00bb40&Prime; screen_normal_resolution=\u00a0\u00bb1024&Prime; screen_tablet_resolution=\u00a0\u00bb800&Prime; screen_mobile_resolution=\u00a0\u00bb480&Prime;][vc_column_text css=\u00a0\u00bb.vc_custom_1719908367829{padding-bottom: 50px !important;}\u00a0\u00bb item_animation=\u00a0\u00bbtransition.slideUpBigIn\u00a0\u00bb]En f\u00e9vrier 2023, les travaux d&rsquo;adaptation des gares du chemin de fer Vigezzina-Centovalli \u00e0 la LDis (loi sur les personnes handicap\u00e9es) ont commenc\u00e9. Une s\u00e9rie de chantiers permettra aux gares d&rsquo;accueillir au mieux les usagers handicap\u00e9s.<\/p>\n<p>Les principaux travaux concernent le rehaussement des quais par rapport au niveau actuel (avec l&rsquo;adaptation des objets d&rsquo;ameublement et l&rsquo;adaptation des bords des quais \u00e0 la forme g\u00e9n\u00e9rale du train), la cr\u00e9ation de rampes de raccordement avec une pente maximale de 6 %, la r\u00e9alisation d&rsquo;une signalisation horizontale (lignes tactiles-visuelles) et verticale, la modernisation et l&rsquo;extension des \u00e9crans d&rsquo;information et du syst\u00e8me d&rsquo;\u00e9clairage des quais, la r\u00e9novation des toilettes et l&rsquo;adaptation \u00e0 la LPHI.[\/vc_column_text][dfd_spacer screen_wide_spacer_size=\u00a0\u00bb10&Prime; screen_normal_resolution=\u00a0\u00bb1024&Prime; screen_tablet_resolution=\u00a0\u00bb800&Prime; screen_mobile_resolution=\u00a0\u00bb480&Prime;][dfd_button button_text=\u00a0\u00bbStatut des travaux\u00a0\u00bb main_style=\u00a0\u00bbstyle-2&Prime; buttom_link_src=\u00a0\u00bburl:http%3A%2F%2Ffartiamo.ch%2Fwp-content%2Fuploads%2F2026%2F03%2F13_Cartina_Riassuntiva_2026.pdf|target:_blank\u00a0\u00bb box_shadow=\u00a0\u00bbbox_shadow_enable:disable|shadow_horizontal:0|shadow_vertical:15|shadow_blur:50|shadow_spread:0|box_shadow_color:rgba(0%2C0%2C0%2C0.35)\u00a0\u00bb hover_box_shadow=\u00a0\u00bbbox_shadow_enable:disable|shadow_horizontal:0|shadow_vertical:15|shadow_blur:50|shadow_spread:0|box_shadow_color:rgba(0%2C0%2C0%2C0.35)\u00a0\u00bb tutorials=\u00a0\u00bb\u00a0\u00bb][dfd_spacer screen_wide_spacer_size=\u00a0\u00bb30&Prime; screen_normal_resolution=\u00a0\u00bb1024&Prime; screen_tablet_resolution=\u00a0\u00bb800&Prime; screen_mobile_resolution=\u00a0\u00bb480&Prime; screen_normal_spacer_size=\u00a0\u00bb30&Prime; screen_tablet_spacer_size=\u00a0\u00bb30&Prime; screen_mobile_spacer_size=\u00a0\u00bb30&Prime;][dfd_simple_image_gallery dfd_layer_image=\u00a0\u00bb37093,37097,37101,37105,37109,37113&Prime; items_offset=\u00a0\u00bb0&Prime; image_width=\u00a0\u00bb1500&Prime; image_height=\u00a0\u00bb800&Prime; slides_to_show=\u00a0\u00bb1&Prime; slides_to_scroll=\u00a0\u00bb1&Prime; carousel_slideshow_speed=\u00a0\u00bb3000&Prime; use_dots=\u00a0\u00bbshow\u00a0\u00bb images_style=\u00a0\u00bbcarousel\u00a0\u00bb][\/vc_column][vc_column width=\u00a0\u00bb1\/6&Prime;][\/vc_column][\/vc_row][vc_row][vc_column][dfd_spacer screen_wide_spacer_size=\u00a0\u00bb40&Prime; screen_normal_resolution=\u00a0\u00bb1024&Prime; screen_tablet_resolution=\u00a0\u00bb800&Prime; screen_mobile_resolution=\u00a0\u00bb480&Prime;][dfd_tta_tour active_section=\u00a0\u00bb1&Prime; font_size=\u00a0\u00bb18&Prime;][vc_tta_section title=\u00a0\u00bbGare de Ponte Brolla\u00a0\u00bb tab_id=\u00a0\u00bb1745397544664-07f6593e-1ba5&Prime;][vc_column_text css=\u00a0\u00bb\u00a0\u00bb]La FART vous informe que, dans le cadre des travaux d&rsquo;adaptation des gares \u00e0 la loi sur les personnes handicap\u00e9es (LDis), LA GARE DE PONTE BROLLA<br \/>\nSERA FERMEE AU PUBLIC A PARTIR DU LUNDI 28 AVRIL 2025, JUSQU&rsquo;A CE QUE LA NOTICE SOIT RECENTE.<\/p>\n<p>L&rsquo;arr\u00eat est desservi par la ligne 315 de l&rsquo;Autolinee FART. Plus d&rsquo;informations[\/vc_column_text][\/vc_tta_section][vc_tta_section title=\u00a0\u00bbGare de Palagnedra\u00a0\u00bb tab_id=\u00a0\u00bb1751622113425-f8fe1fc9-22af\u00a0\u00bb][vc_column_text css=\u00a0\u00bb\u00a0\u00bb]<\/p>\n<p data-start=\"565\" data-end=\"783\">Les FART informent leur aimable client\u00e8le que, dans le cadre des travaux d\u2019adaptation des gares \u00e0 la Loi sur les personnes handicap\u00e9es (LDis), <strong>la gare ferroviaire de Palagnedra est ferm\u00e9e au public jusqu\u2019\u00e0 nouvel avis<\/strong>.<\/p>\n<ul>\n<li data-start=\"785\" data-end=\"1082\">L\u2019arr\u00eat sera desservi par un service de bus de remplacement actif entre Intragna et Camedo. Les places sont limit\u00e9es et non r\u00e9servables. Des temps de parcours plus longs sont \u00e0 pr\u00e9voir. <a href=\"http:\/\/fartiamo.ch\/wp-content\/uploads\/2025\/05\/21_FART_Avvisi_Servizio.pdf\">Plus d\u2019informations<\/a><\/li>\n<li data-start=\"785\" data-end=\"1082\">Les trains circuleront normalement, desservant les arr\u00eats d\u2019Intragna, Verdasio et Camedo.<\/li>\n<\/ul>\n<p>[\/vc_column_text][\/vc_tta_section][vc_tta_section title=\u00a0\u00bbGare de Corcapolo\u00a0\u00bb tab_id=\u00a0\u00bb1751622163918-b27e490b-b71f\u00a0\u00bb][vc_column_text css=\u00a0\u00bb\u00a0\u00bb]<\/p>\n<p data-start=\"565\" data-end=\"783\">Les FART informent leur aimable client\u00e8le que, dans le cadre des travaux d\u2019adaptation des gares \u00e0 la Loi sur les personnes handicap\u00e9es (LDis), <strong>la gare ferroviaire de Corcapolo est ferm\u00e9e au public jusqu\u2019\u00e0 nouvel avis<\/strong>.<\/p>\n<ul>\n<li data-start=\"785\" data-end=\"1082\">L\u2019arr\u00eat sera desservi par un service de bus de remplacement actif entre Intragna et Camedo. Les places sont limit\u00e9es et non r\u00e9servables. Des temps de parcours plus longs sont \u00e0 pr\u00e9voir. <a href=\"http:\/\/fartiamo.ch\/wp-content\/uploads\/2025\/05\/21_FART_Avvisi_Servizio.pdf\">Plus d\u2019informations<\/a><\/li>\n<li data-start=\"785\" data-end=\"1082\">Les trains circuleront normalement, desservant les arr\u00eats d\u2019Intragna, Verdasio et Camedo.<\/li>\n<\/ul>\n<p>[\/vc_column_text][\/vc_tta_section][\/dfd_tta_tour][\/vc_column][\/vc_row]<\/p>\n<\/div>","protected":false},"excerpt":{"rendered":"<p>[vc_row][vc_column][dfd_spacer screen_wide_spacer_size=\u00a0\u00bb100&Prime; screen_normal_resolution=\u00a0\u00bb1024&Prime; screen_tablet_resolution=\u00a0\u00bb800&Prime; screen_mobile_resolution=\u00a0\u00bb480&Prime; screen_normal_spacer_size=\u00a0\u00bb80&Prime; screen_tablet_spacer_size=\u00a0\u00bb60&Prime; screen_mobile_spacer_size=\u00a0\u00bb40&Prime;][\/vc_column][\/vc_row][vc_row css=\u00a0\u00bb.vc_custom_1568638996273{padding-right: 25px !important;padding-left: 25px !important;}\u00a0\u00bb][vc_column width=\u00a0\u00bb1\/6&Prime; col_shadow=\u00a0\u00bbbox_shadow_enable:disable|shadow_horizontal:0|shadow_vertical:15|shadow_blur:50|shadow_spread:0|box_shadow_color:rgba(0%2C0%2C0%2C0.35)\u00a0\u00bb col_shadow_hover=\u00a0\u00bbbox_shadow_enable:disable|shadow_horizontal:0|shadow_vertical:15|shadow_blur:50|shadow_spread:0|box_shadow_color:rgba(0%2C0%2C0%2C0.35)\u00a0\u00bb][\/vc_column][vc_column width=\u00a0\u00bb2\/3&Prime;][dfd_heading style=\u00a0\u00bbstyle_06&Prime; subtitle=\u00a0\u00bbNous travaillons pour vous.\u00a0\u00bb module_animation=\u00a0\u00bbtransition.grow\u00a0\u00bb delimiter_settings=\u00a0\u00bbdelimiter_style:solid|delimiter_width:80|delimiter_height:1|delimiter_color:%23000000&Prime; delimiter_margin=\u00a0\u00bbmargin-top:10|margin-bottom:30&Prime; undefined=\u00a0\u00bb\u00a0\u00bb title_font_options=\u00a0\u00bbtag:h1&Prime; subtitle_font_options=\u00a0\u00bbtag:h3&Prime; title_responsive=\u00a0\u00bbfont_size_desktop:45|line_height_desktop:55|letter_spacing_desktop:0|font_size_tablet:40|line_height_tablet:50|letter_spacing_tablet:0|font_size_mobile:35|line_height_mobile:45|letter_spacing_mobile:0&Prime; heading_margin=\u00a0\u00bbmargin-bottom:30&Prime;<\/p>\n","protected":false},"author":1,"featured_media":0,"parent":0,"menu_order":0,"comment_status":"closed","ping_status":"closed","template":"tmp-page.php","meta":{"inline_featured_image":false,"_monsterinsights_skip_tracking":false,"_monsterinsights_sitenote_active":false,"_monsterinsights_sitenote_note":"","_monsterinsights_sitenote_category":0,"footnotes":""},"class_list":["post-37029","page","type-page","status-publish","hentry"],"yoast_head":"<!-- This site is optimized with the Yoast SEO plugin v26.1.1 - https:\/\/yoast.com\/wordpress\/plugins\/seo\/ -->\n<title>Gares - fartiamo<\/title>\n<meta name=\"robots\" content=\"index, follow, max-snippet:-1, max-image-preview:large, max-video-preview:-1\" \/>\n<link rel=\"canonical\" href=\"https:\/\/fartiamo.ch\/fr\/gares\/\" \/>\n<meta property=\"og:locale\" content=\"fr_FR\" \/>\n<meta property=\"og:type\" content=\"article\" \/>\n<meta property=\"og:title\" content=\"Gares - fartiamo\" \/>\n<meta property=\"og:description\" content=\"[vc_row][vc_column][dfd_spacer screen_wide_spacer_size=\u00a0\u00bb100&Prime; screen_normal_resolution=\u00a0\u00bb1024&Prime; screen_tablet_resolution=\u00a0\u00bb800&Prime; screen_mobile_resolution=\u00a0\u00bb480&Prime; screen_normal_spacer_size=\u00a0\u00bb80&Prime; screen_tablet_spacer_size=\u00a0\u00bb60&Prime; screen_mobile_spacer_size=\u00a0\u00bb40&Prime;][\/vc_column][\/vc_row][vc_row css=\u00a0\u00bb.vc_custom_1568638996273{padding-right: 25px !important;padding-left: 25px !important;}\u00a0\u00bb][vc_column width=\u00a0\u00bb1\/6&Prime; col_shadow=\u00a0\u00bbbox_shadow_enable:disable|shadow_horizontal:0|shadow_vertical:15|shadow_blur:50|shadow_spread:0|box_shadow_color:rgba(0%2C0%2C0%2C0.35)\u00a0\u00bb col_shadow_hover=\u00a0\u00bbbox_shadow_enable:disable|shadow_horizontal:0|shadow_vertical:15|shadow_blur:50|shadow_spread:0|box_shadow_color:rgba(0%2C0%2C0%2C0.35)\u00a0\u00bb][\/vc_column][vc_column width=\u00a0\u00bb2\/3&Prime;][dfd_heading style=\u00a0\u00bbstyle_06&Prime; subtitle=\u00a0\u00bbNous travaillons pour vous.\u00a0\u00bb module_animation=\u00a0\u00bbtransition.grow\u00a0\u00bb delimiter_settings=\u00a0\u00bbdelimiter_style:solid|delimiter_width:80|delimiter_height:1|delimiter_color:%23000000&Prime; delimiter_margin=\u00a0\u00bbmargin-top:10|margin-bottom:30&Prime; undefined=\u00a0\u00bb\u00a0\u00bb title_font_options=\u00a0\u00bbtag:h1&Prime; subtitle_font_options=\u00a0\u00bbtag:h3&Prime; title_responsive=\u00a0\u00bbfont_size_desktop:45|line_height_desktop:55|letter_spacing_desktop:0|font_size_tablet:40|line_height_tablet:50|letter_spacing_tablet:0|font_size_mobile:35|line_height_mobile:45|letter_spacing_mobile:0&Prime; heading_margin=\u00a0\u00bbmargin-bottom:30&Prime;\" \/>\n<meta property=\"og:url\" content=\"https:\/\/fartiamo.ch\/fr\/gares\/\" \/>\n<meta property=\"og:site_name\" content=\"fartiamo\" \/>\n<meta property=\"article:modified_time\" content=\"2026-03-25T10:14:34+00:00\" \/>\n<meta name=\"twitter:card\" content=\"summary_large_image\" \/>\n<meta name=\"twitter:label1\" content=\"Dur\u00e9e de lecture estim\u00e9e\" \/>\n\t<meta name=\"twitter:data1\" content=\"3 minutes\" \/>\n<script type=\"application\/ld+json\" class=\"yoast-schema-graph\">{\"@context\":\"https:\/\/schema.org\",\"@graph\":[{\"@type\":\"WebPage\",\"@id\":\"https:\/\/fartiamo.ch\/fr\/gares\/\",\"url\":\"https:\/\/fartiamo.ch\/fr\/gares\/\",\"name\":\"Gares - fartiamo\",\"isPartOf\":{\"@id\":\"https:\/\/fartiamo.ch\/fr\/#website\"},\"datePublished\":\"2023-01-20T13:21:27+00:00\",\"dateModified\":\"2026-03-25T10:14:34+00:00\",\"breadcrumb\":{\"@id\":\"https:\/\/fartiamo.ch\/fr\/gares\/#breadcrumb\"},\"inLanguage\":\"fr-FR\",\"potentialAction\":[{\"@type\":\"ReadAction\",\"target\":[\"https:\/\/fartiamo.ch\/fr\/gares\/\"]}]},{\"@type\":\"BreadcrumbList\",\"@id\":\"https:\/\/fartiamo.ch\/fr\/gares\/#breadcrumb\",\"itemListElement\":[{\"@type\":\"ListItem\",\"position\":1,\"name\":\"Home\",\"item\":\"https:\/\/fartiamo.ch\/fr\/\"},{\"@type\":\"ListItem\",\"position\":2,\"name\":\"Gares\"}]},{\"@type\":\"WebSite\",\"@id\":\"https:\/\/fartiamo.ch\/fr\/#website\",\"url\":\"https:\/\/fartiamo.ch\/fr\/\",\"name\":\"fartiamo\",\"description\":\"Il trasporto che unisce citt\u00e0 e valli\",\"publisher\":{\"@id\":\"https:\/\/fartiamo.ch\/fr\/#organization\"},\"potentialAction\":[{\"@type\":\"SearchAction\",\"target\":{\"@type\":\"EntryPoint\",\"urlTemplate\":\"https:\/\/fartiamo.ch\/fr\/?s={search_term_string}\"},\"query-input\":{\"@type\":\"PropertyValueSpecification\",\"valueRequired\":true,\"valueName\":\"search_term_string\"}}],\"inLanguage\":\"fr-FR\"},{\"@type\":\"Organization\",\"@id\":\"https:\/\/fartiamo.ch\/fr\/#organization\",\"name\":\"FART\",\"url\":\"https:\/\/fartiamo.ch\/fr\/\",\"logo\":{\"@type\":\"ImageObject\",\"inLanguage\":\"fr-FR\",\"@id\":\"https:\/\/fartiamo.ch\/fr\/#\/schema\/logo\/image\/\",\"url\":\"https:\/\/fartiamo.ch\/wp-content\/uploads\/2020\/11\/fart_logo_completo.svg\",\"contentUrl\":\"https:\/\/fartiamo.ch\/wp-content\/uploads\/2020\/11\/fart_logo_completo.svg\",\"width\":\"1024\",\"height\":\"1024\",\"caption\":\"FART\"},\"image\":{\"@id\":\"https:\/\/fartiamo.ch\/fr\/#\/schema\/logo\/image\/\"}}]}<\/script>\n<!-- \/ Yoast SEO plugin. -->","yoast_head_json":{"title":"Gares - fartiamo","robots":{"index":"index","follow":"follow","max-snippet":"max-snippet:-1","max-image-preview":"max-image-preview:large","max-video-preview":"max-video-preview:-1"},"canonical":"https:\/\/fartiamo.ch\/fr\/gares\/","og_locale":"fr_FR","og_type":"article","og_title":"Gares - fartiamo","og_description":"[vc_row][vc_column][dfd_spacer screen_wide_spacer_size=\u00a0\u00bb100&Prime; screen_normal_resolution=\u00a0\u00bb1024&Prime; screen_tablet_resolution=\u00a0\u00bb800&Prime; screen_mobile_resolution=\u00a0\u00bb480&Prime; screen_normal_spacer_size=\u00a0\u00bb80&Prime; screen_tablet_spacer_size=\u00a0\u00bb60&Prime; screen_mobile_spacer_size=\u00a0\u00bb40&Prime;][\/vc_column][\/vc_row][vc_row css=\u00a0\u00bb.vc_custom_1568638996273{padding-right: 25px !important;padding-left: 25px !important;}\u00a0\u00bb][vc_column width=\u00a0\u00bb1\/6&Prime; col_shadow=\u00a0\u00bbbox_shadow_enable:disable|shadow_horizontal:0|shadow_vertical:15|shadow_blur:50|shadow_spread:0|box_shadow_color:rgba(0%2C0%2C0%2C0.35)\u00a0\u00bb col_shadow_hover=\u00a0\u00bbbox_shadow_enable:disable|shadow_horizontal:0|shadow_vertical:15|shadow_blur:50|shadow_spread:0|box_shadow_color:rgba(0%2C0%2C0%2C0.35)\u00a0\u00bb][\/vc_column][vc_column width=\u00a0\u00bb2\/3&Prime;][dfd_heading style=\u00a0\u00bbstyle_06&Prime; subtitle=\u00a0\u00bbNous travaillons pour vous.\u00a0\u00bb module_animation=\u00a0\u00bbtransition.grow\u00a0\u00bb delimiter_settings=\u00a0\u00bbdelimiter_style:solid|delimiter_width:80|delimiter_height:1|delimiter_color:%23000000&Prime; delimiter_margin=\u00a0\u00bbmargin-top:10|margin-bottom:30&Prime; undefined=\u00a0\u00bb\u00a0\u00bb title_font_options=\u00a0\u00bbtag:h1&Prime; subtitle_font_options=\u00a0\u00bbtag:h3&Prime; title_responsive=\u00a0\u00bbfont_size_desktop:45|line_height_desktop:55|letter_spacing_desktop:0|font_size_tablet:40|line_height_tablet:50|letter_spacing_tablet:0|font_size_mobile:35|line_height_mobile:45|letter_spacing_mobile:0&Prime; heading_margin=\u00a0\u00bbmargin-bottom:30&Prime;","og_url":"https:\/\/fartiamo.ch\/fr\/gares\/","og_site_name":"fartiamo","article_modified_time":"2026-03-25T10:14:34+00:00","twitter_card":"summary_large_image","twitter_misc":{"Dur\u00e9e de lecture estim\u00e9e":"3 minutes"},"schema":{"@context":"https:\/\/schema.org","@graph":[{"@type":"WebPage","@id":"https:\/\/fartiamo.ch\/fr\/gares\/","url":"https:\/\/fartiamo.ch\/fr\/gares\/","name":"Gares - fartiamo","isPartOf":{"@id":"https:\/\/fartiamo.ch\/fr\/#website"},"datePublished":"2023-01-20T13:21:27+00:00","dateModified":"2026-03-25T10:14:34+00:00","breadcrumb":{"@id":"https:\/\/fartiamo.ch\/fr\/gares\/#breadcrumb"},"inLanguage":"fr-FR","potentialAction":[{"@type":"ReadAction","target":["https:\/\/fartiamo.ch\/fr\/gares\/"]}]},{"@type":"BreadcrumbList","@id":"https:\/\/fartiamo.ch\/fr\/gares\/#breadcrumb","itemListElement":[{"@type":"ListItem","position":1,"name":"Home","item":"https:\/\/fartiamo.ch\/fr\/"},{"@type":"ListItem","position":2,"name":"Gares"}]},{"@type":"WebSite","@id":"https:\/\/fartiamo.ch\/fr\/#website","url":"https:\/\/fartiamo.ch\/fr\/","name":"fartiamo","description":"Il trasporto che unisce citt\u00e0 e valli","publisher":{"@id":"https:\/\/fartiamo.ch\/fr\/#organization"},"potentialAction":[{"@type":"SearchAction","target":{"@type":"EntryPoint","urlTemplate":"https:\/\/fartiamo.ch\/fr\/?s={search_term_string}"},"query-input":{"@type":"PropertyValueSpecification","valueRequired":true,"valueName":"search_term_string"}}],"inLanguage":"fr-FR"},{"@type":"Organization","@id":"https:\/\/fartiamo.ch\/fr\/#organization","name":"FART","url":"https:\/\/fartiamo.ch\/fr\/","logo":{"@type":"ImageObject","inLanguage":"fr-FR","@id":"https:\/\/fartiamo.ch\/fr\/#\/schema\/logo\/image\/","url":"https:\/\/fartiamo.ch\/wp-content\/uploads\/2020\/11\/fart_logo_completo.svg","contentUrl":"https:\/\/fartiamo.ch\/wp-content\/uploads\/2020\/11\/fart_logo_completo.svg","width":"1024","height":"1024","caption":"FART"},"image":{"@id":"https:\/\/fartiamo.ch\/fr\/#\/schema\/logo\/image\/"}}]}},"_links":{"self":[{"href":"https:\/\/fartiamo.ch\/fr\/wp-json\/wp\/v2\/pages\/37029","targetHints":{"allow":["GET"]}}],"collection":[{"href":"https:\/\/fartiamo.ch\/fr\/wp-json\/wp\/v2\/pages"}],"about":[{"href":"https:\/\/fartiamo.ch\/fr\/wp-json\/wp\/v2\/types\/page"}],"author":[{"embeddable":true,"href":"https:\/\/fartiamo.ch\/fr\/wp-json\/wp\/v2\/users\/1"}],"replies":[{"embeddable":true,"href":"https:\/\/fartiamo.ch\/fr\/wp-json\/wp\/v2\/comments?post=37029"}],"version-history":[{"count":59,"href":"https:\/\/fartiamo.ch\/fr\/wp-json\/wp\/v2\/pages\/37029\/revisions"}],"predecessor-version":[{"id":45030,"href":"https:\/\/fartiamo.ch\/fr\/wp-json\/wp\/v2\/pages\/37029\/revisions\/45030"}],"wp:attachment":[{"href":"https:\/\/fartiamo.ch\/fr\/wp-json\/wp\/v2\/media?parent=37029"}],"curies":[{"name":"wp","href":"https:\/\/api.w.org\/{rel}","templated":true}]}}