{"id":38502,"date":"2023-08-28T14:41:41","date_gmt":"2023-08-28T12:41:41","guid":{"rendered":"https:\/\/fartiamo.ch\/?page_id=38502"},"modified":"2025-05-28T12:18:48","modified_gmt":"2025-05-28T10:18:48","slug":"100-ans-dhistoire","status":"publish","type":"page","link":"https:\/\/fartiamo.ch\/fr\/100-ans-dhistoire\/","title":{"rendered":"100 ans d&rsquo;histoire"},"content":{"rendered":"<div class=\"wpb-content-wrapper\"><p>[vc_row][vc_column][dfd_spacer screen_wide_spacer_size=\u00a0\u00bb100&Prime; screen_normal_resolution=\u00a0\u00bb1024&Prime; screen_tablet_resolution=\u00a0\u00bb800&Prime; screen_mobile_resolution=\u00a0\u00bb480&Prime; screen_normal_spacer_size=\u00a0\u00bb80&Prime; screen_tablet_spacer_size=\u00a0\u00bb60&Prime; screen_mobile_spacer_size=\u00a0\u00bb40&Prime;][\/vc_column][\/vc_row][vc_row css=\u00a0\u00bb.vc_custom_1568638996273{padding-right: 25px !important;padding-left: 25px !important;}\u00a0\u00bb][vc_column width=\u00a0\u00bb1\/6&Prime; col_shadow=\u00a0\u00bbbox_shadow_enable:disable|shadow_horizontal:0|shadow_vertical:15|shadow_blur:50|shadow_spread:0|box_shadow_color:rgba(0%2C0%2C0%2C0.35)\u00a0\u00bb col_shadow_hover=\u00a0\u00bbbox_shadow_enable:disable|shadow_horizontal:0|shadow_vertical:15|shadow_blur:50|shadow_spread:0|box_shadow_color:rgba(0%2C0%2C0%2C0.35)\u00a0\u00bb][\/vc_column][vc_column width=\u00a0\u00bb2\/3&Prime;][dfd_heading style=\u00a0\u00bbstyle_06&Prime; subtitle=\u00a0\u00bb1923 \u00e0 2023&Prime; module_animation=\u00a0\u00bbtransition.grow\u00a0\u00bb delimiter_settings=\u00a0\u00bbdelimiter_style:solid|delimiter_width:80|delimiter_height:1|delimiter_color:%23ffffff\u00a0\u00bb delimiter_margin=\u00a0\u00bbmargin-top:10|margin-bottom:30&Prime; undefined=\u00a0\u00bb\u00a0\u00bb title_font_options=\u00a0\u00bbtag:h1&Prime; subtitle_font_options=\u00a0\u00bbtag:h3&Prime; title_responsive=\u00a0\u00bbfont_size_desktop:45|line_height_desktop:55|letter_spacing_desktop:0|font_size_tablet:40|line_height_tablet:50|letter_spacing_tablet:0|font_size_mobile:35|line_height_mobile:45|letter_spacing_mobile:0&Prime; heading_margin=\u00a0\u00bbmargin-bottom:30&Prime; subtitle_responsive=\u00a0\u00bbfont_size_desktop:26|line_height_desktop:40|letter_spacing_desktop:0|font_size_tablet:24|line_height_tablet:38|letter_spacing_tablet:0|font_size_mobile:22|line_height_mobile:36|letter_spacing_mobile:0&Prime;]<strong>100 ans d&rsquo;histoire de la Centovallina<\/strong>[\/dfd_heading][dfd_spacer screen_wide_spacer_size=\u00a0\u00bb40&Prime; screen_normal_resolution=\u00a0\u00bb1024&Prime; screen_tablet_resolution=\u00a0\u00bb800&Prime; screen_mobile_resolution=\u00a0\u00bb480&Prime;][dfd_single_image image=\u00a0\u00bb39717&Prime;][dfd_spacer screen_wide_spacer_size=\u00a0\u00bb25&Prime; screen_normal_resolution=\u00a0\u00bb1024&Prime; screen_tablet_resolution=\u00a0\u00bb800&Prime; screen_mobile_resolution=\u00a0\u00bb480&Prime;][dfd_heading style=\u00a0\u00bbstyle_06&Prime; subtitle=\u00a0\u00bb\u00a0\u00bb content_alignment=\u00a0\u00bbtext-left\u00a0\u00bb module_animation=\u00a0\u00bbtransition.fadeIn\u00a0\u00bb enable_delimiter=\u00a0\u00bb\u00a0\u00bb undefined=\u00a0\u00bb\u00a0\u00bb title_font_options=\u00a0\u00bbtag:h3&Prime; subtitle_font_options=\u00a0\u00bbtag:h3&Prime; title_responsive=\u00a0\u00bbfont_size_desktop:26|line_height_desktop:40|letter_spacing_desktop:0|font_size_tablet:24|line_height_tablet:38|letter_spacing_tablet:0|font_size_mobile:22|line_height_mobile:36|letter_spacing_mobile:0&Prime; heading_margin=\u00a0\u00bbmargin-bottom:30&Prime;]En 1923, le chemin de fer Centovallina a \u00e9t\u00e9 inaugur\u00e9, premi\u00e8re liaison ferroviaire suisse \u00e0 briser le moule de l&rsquo;axe nord-sud.[\/dfd_heading][vc_column_text]<\/p>\n<div class=\"article-content\">\n<div class=\"article-content-block\">\n<p>L&rsquo;histoire du Chemin de fer Vigezzina-Centovalli commence en 1898, lorsque le maire de Locarno Francesco Balli soumet au Conseil f\u00e9d\u00e9ral une demande pour la construction d&rsquo;un chemin de fer qui servirait de liaison entre la Suisse et l&rsquo;Italie sur l&rsquo;axe est-ouest et qui pourrait id\u00e9alement rapprocher le Tessin de la Romandie en cr\u00e9ant une liaison entre le Saint-Gothard et le Simplon, les deux principales voies de communication \u00e0 travers les Alpes.<\/p>\n<p>Andrea Testore, professeur, lettr\u00e9 et \u00e9crivain qui s&rsquo;est beaucoup investi pour la mise en valeur de la Valle Vigezzo, fut le troisi\u00e8me \u00ab\u00a0p\u00e8re\u00a0\u00bb de la Ferrovia Vigezzina-Centovalli. Giacomo Sutter, ing\u00e9nieur du projet, fut le troisi\u00e8me \u00ab\u00a0p\u00e8re\u00a0\u00bb de la Ferrovia Vigezzina-Centovalli. Le chantier a d\u00e9marr\u00e9 \u00e0 la fin de 1912, avec l&rsquo;objectif de livrer les travaux en 1915. Mais l&rsquo;histoire a chang\u00e9: d&rsquo;abord \u00e0 cause de la faillite de la banque de financement, puis \u00e0 cause du d\u00e9clenchement de la Premi\u00e8re Guerre mondiale, les travaux sont rest\u00e9s pratiquement inactifs jusqu&rsquo;en 1920. En 1923, les deux \u00e9quipes de pose des rails se rencontr\u00e8rent \u00e0 la hauteur de Santa Maria Maggiore. Un chemin de fer \u00e9tait n\u00e9 qui allait changer le sort des Centovalli.<\/p>\n<p>Les paysages sc\u00e9nographiques \u00e0 couper le souffle ont attir\u00e9 \u2013 et continuent d&rsquo;attirer \u2013 de nombreux touristes, qui ont contribu\u00e9 \u00e0 sauver le Chemin de fer Vigezzina-Centovalli du sort de Valmaggina et (presque) tous les autres chemins de fer du Tessin pendant les ann\u00e9es de boom \u00e9conomique. Ce n&rsquo;est pas un hasard si aujourd&rsquo;hui cette ligne de chemin de fer figure parmi les 10 plus belles du monde, s\u00e9lectionn\u00e9es par le guide Lonely Planet. Un voyage \u00e0 savourer en toute saison, en admirant comment l&rsquo;atmosph\u00e8re change avec les couleurs de la nature.<\/p>\n<p>Depuis 1923, le chemin de fer n&rsquo;a cess\u00e9 de se renouveler. D&rsquo;ici la fin de 2024, huit nouveaux trains devraient \u00eatre mis en service pour remplacer le mat\u00e9riel roulant actuel. Les nouveaux trains offriront un niveau de construction \u00e9lev\u00e9 et un confort accru.<\/p>\n<\/div>\n<\/div>\n<p>[\/vc_column_text][dfd_spacer screen_wide_spacer_size=\u00a0\u00bb25&Prime; screen_normal_resolution=\u00a0\u00bb1024&Prime; screen_tablet_resolution=\u00a0\u00bb800&Prime; screen_mobile_resolution=\u00a0\u00bb480&Prime; tutorials=\u00a0\u00bb\u00a0\u00bb][dfd_button button_text=\u00a0\u00bbA travers cent vall\u00e9es et cent ans\u00a0\u00bb main_style=\u00a0\u00bbstyle-2&Prime; buttom_link_src=\u00a0\u00bburl:https%3A%2F%2Fwww.ascona-locarno.com%2Fit%2Fattualita%2Fstorie%2Fattraverso-cento-valli-e-cento-anni|target:_blank|\u00a0\u00bb tutorials=\u00a0\u00bb\u00a0\u00bb background=\u00a0\u00bb#000eff\u00a0\u00bb box_shadow=\u00a0\u00bbbox_shadow_enable:disable|shadow_horizontal:0|shadow_vertical:15|shadow_blur:50|shadow_spread:0|box_shadow_color:rgba(0%2C0%2C0%2C0.35)\u00a0\u00bb hover_box_shadow=\u00a0\u00bbbox_shadow_enable:disable|shadow_horizontal:0|shadow_vertical:15|shadow_blur:50|shadow_spread:0|box_shadow_color:rgba(0%2C0%2C0%2C0.35)\u00a0\u00bb][\/vc_column][vc_column width=\u00a0\u00bb1\/6&Prime;][\/vc_column][\/vc_row][vc_row][vc_column][dfd_spacer screen_wide_spacer_size=\u00a0\u00bb150&Prime; screen_normal_resolution=\u00a0\u00bb1024&Prime; screen_tablet_resolution=\u00a0\u00bb800&Prime; screen_mobile_resolution=\u00a0\u00bb480&Prime; screen_normal_spacer_size=\u00a0\u00bb150&Prime; screen_tablet_spacer_size=\u00a0\u00bb125&Prime; screen_mobile_spacer_size=\u00a0\u00bb125&Prime;][dfd_simple_image_gallery dfd_layer_image=\u00a0\u00bb39717,39596,39591,39220,39216,39212,39208,39204,39200,39196,39600,39604,39608,39228,39224&Prime; items_offset=\u00a0\u00bb0&Prime; image_width=\u00a0\u00bb900&Prime; image_height=\u00a0\u00bb600&Prime; slides_to_show=\u00a0\u00bb3&Prime; slides_to_scroll=\u00a0\u00bb1&Prime; carousel_slideshow_speed=\u00a0\u00bb3000&Prime; images_style=\u00a0\u00bbcarousel\u00a0\u00bb][dfd_spacer screen_wide_spacer_size=\u00a0\u00bb150&Prime; screen_normal_resolution=\u00a0\u00bb1024&Prime; screen_tablet_resolution=\u00a0\u00bb800&Prime; screen_mobile_resolution=\u00a0\u00bb480&Prime; screen_normal_spacer_size=\u00a0\u00bb150&Prime; screen_tablet_spacer_size=\u00a0\u00bb125&Prime; screen_mobile_spacer_size=\u00a0\u00bb125&Prime;][\/vc_column][\/vc_row]<\/p>\n<\/div>","protected":false},"excerpt":{"rendered":"<p>[vc_row][vc_column][dfd_spacer screen_wide_spacer_size=\u00a0\u00bb100&Prime; screen_normal_resolution=\u00a0\u00bb1024&Prime; screen_tablet_resolution=\u00a0\u00bb800&Prime; screen_mobile_resolution=\u00a0\u00bb480&Prime; screen_normal_spacer_size=\u00a0\u00bb80&Prime; screen_tablet_spacer_size=\u00a0\u00bb60&Prime; screen_mobile_spacer_size=\u00a0\u00bb40&Prime;][\/vc_column][\/vc_row][vc_row css=\u00a0\u00bb.vc_custom_1568638996273{padding-right: 25px !important;padding-left: 25px !important;}\u00a0\u00bb][vc_column width=\u00a0\u00bb1\/6&Prime; col_shadow=\u00a0\u00bbbox_shadow_enable:disable|shadow_horizontal:0|shadow_vertical:15|shadow_blur:50|shadow_spread:0|box_shadow_color:rgba(0%2C0%2C0%2C0.35)\u00a0\u00bb col_shadow_hover=\u00a0\u00bbbox_shadow_enable:disable|shadow_horizontal:0|shadow_vertical:15|shadow_blur:50|shadow_spread:0|box_shadow_color:rgba(0%2C0%2C0%2C0.35)\u00a0\u00bb][\/vc_column][vc_column width=\u00a0\u00bb2\/3&Prime;][dfd_heading style=\u00a0\u00bbstyle_06&Prime; subtitle=\u00a0\u00bb1923 \u00e0 2023&Prime; module_animation=\u00a0\u00bbtransition.grow\u00a0\u00bb delimiter_settings=\u00a0\u00bbdelimiter_style:solid|delimiter_width:80|delimiter_height:1|delimiter_color:%23ffffff\u00a0\u00bb delimiter_margin=\u00a0\u00bbmargin-top:10|margin-bottom:30&Prime; undefined=\u00a0\u00bb\u00a0\u00bb title_font_options=\u00a0\u00bbtag:h1&Prime; subtitle_font_options=\u00a0\u00bbtag:h3&Prime; title_responsive=\u00a0\u00bbfont_size_desktop:45|line_height_desktop:55|letter_spacing_desktop:0|font_size_tablet:40|line_height_tablet:50|letter_spacing_tablet:0|font_size_mobile:35|line_height_mobile:45|letter_spacing_mobile:0&Prime; heading_margin=\u00a0\u00bbmargin-bottom:30&Prime; subtitle_responsive=\u00a0\u00bbfont_size_desktop:26|line_height_desktop:40|letter_spacing_desktop:0|font_size_tablet:24|line_height_tablet:38|letter_spacing_tablet:0|font_size_mobile:22|line_height_mobile:36|letter_spacing_mobile:0&Prime;]100<\/p>\n","protected":false},"author":1,"featured_media":0,"parent":0,"menu_order":0,"comment_status":"closed","ping_status":"closed","template":"tmp-page.php","meta":{"inline_featured_image":false,"_monsterinsights_skip_tracking":false,"_monsterinsights_sitenote_active":false,"_monsterinsights_sitenote_note":"","_monsterinsights_sitenote_category":0,"footnotes":""},"class_list":["post-38502","page","type-page","status-publish","hentry"],"yoast_head":"<!-- This site is optimized with the Yoast SEO plugin v27.4 - https:\/\/yoast.com\/product\/yoast-seo-wordpress\/ -->\n<title>100 ans d&#039;histoire - fartiamo<\/title>\n<meta name=\"robots\" content=\"noindex, nofollow\" \/>\n<meta property=\"og:locale\" content=\"fr_FR\" \/>\n<meta property=\"og:type\" content=\"article\" \/>\n<meta property=\"og:title\" content=\"100 ans d&#039;histoire - fartiamo\" \/>\n<meta property=\"og:description\" content=\"[vc_row][vc_column][dfd_spacer screen_wide_spacer_size=\u00a0\u00bb100&Prime; screen_normal_resolution=\u00a0\u00bb1024&Prime; screen_tablet_resolution=\u00a0\u00bb800&Prime; screen_mobile_resolution=\u00a0\u00bb480&Prime; screen_normal_spacer_size=\u00a0\u00bb80&Prime; screen_tablet_spacer_size=\u00a0\u00bb60&Prime; screen_mobile_spacer_size=\u00a0\u00bb40&Prime;][\/vc_column][\/vc_row][vc_row css=\u00a0\u00bb.vc_custom_1568638996273{padding-right: 25px !important;padding-left: 25px !important;}\u00a0\u00bb][vc_column width=\u00a0\u00bb1\/6&Prime; col_shadow=\u00a0\u00bbbox_shadow_enable:disable|shadow_horizontal:0|shadow_vertical:15|shadow_blur:50|shadow_spread:0|box_shadow_color:rgba(0%2C0%2C0%2C0.35)\u00a0\u00bb col_shadow_hover=\u00a0\u00bbbox_shadow_enable:disable|shadow_horizontal:0|shadow_vertical:15|shadow_blur:50|shadow_spread:0|box_shadow_color:rgba(0%2C0%2C0%2C0.35)\u00a0\u00bb][\/vc_column][vc_column width=\u00a0\u00bb2\/3&Prime;][dfd_heading style=\u00a0\u00bbstyle_06&Prime; subtitle=\u00a0\u00bb1923 \u00e0 2023&Prime; module_animation=\u00a0\u00bbtransition.grow\u00a0\u00bb delimiter_settings=\u00a0\u00bbdelimiter_style:solid|delimiter_width:80|delimiter_height:1|delimiter_color:%23ffffff\u00a0\u00bb delimiter_margin=\u00a0\u00bbmargin-top:10|margin-bottom:30&Prime; undefined=\u00a0\u00bb\u00a0\u00bb title_font_options=\u00a0\u00bbtag:h1&Prime; subtitle_font_options=\u00a0\u00bbtag:h3&Prime; title_responsive=\u00a0\u00bbfont_size_desktop:45|line_height_desktop:55|letter_spacing_desktop:0|font_size_tablet:40|line_height_tablet:50|letter_spacing_tablet:0|font_size_mobile:35|line_height_mobile:45|letter_spacing_mobile:0&Prime; heading_margin=\u00a0\u00bbmargin-bottom:30&Prime; subtitle_responsive=\u00a0\u00bbfont_size_desktop:26|line_height_desktop:40|letter_spacing_desktop:0|font_size_tablet:24|line_height_tablet:38|letter_spacing_tablet:0|font_size_mobile:22|line_height_mobile:36|letter_spacing_mobile:0&Prime;]100\" \/>\n<meta property=\"og:url\" content=\"https:\/\/fartiamo.ch\/fr\/100-ans-dhistoire\/\" \/>\n<meta property=\"og:site_name\" content=\"fartiamo\" \/>\n<meta property=\"article:modified_time\" content=\"2025-05-28T10:18:48+00:00\" \/>\n<meta name=\"twitter:card\" content=\"summary_large_image\" \/>\n<meta name=\"twitter:label1\" content=\"Dur\u00e9e de lecture estim\u00e9e\" \/>\n\t<meta name=\"twitter:data1\" content=\"4 minutes\" \/>\n<script type=\"application\/ld+json\" class=\"yoast-schema-graph\">{\"@context\":\"https:\\\/\\\/schema.org\",\"@graph\":[{\"@type\":\"WebPage\",\"@id\":\"https:\\\/\\\/fartiamo.ch\\\/fr\\\/100-ans-dhistoire\\\/\",\"url\":\"https:\\\/\\\/fartiamo.ch\\\/fr\\\/100-ans-dhistoire\\\/\",\"name\":\"100 ans d'histoire - fartiamo\",\"isPartOf\":{\"@id\":\"https:\\\/\\\/fartiamo.ch\\\/fr\\\/#website\"},\"datePublished\":\"2023-08-28T12:41:41+00:00\",\"dateModified\":\"2025-05-28T10:18:48+00:00\",\"breadcrumb\":{\"@id\":\"https:\\\/\\\/fartiamo.ch\\\/fr\\\/100-ans-dhistoire\\\/#breadcrumb\"},\"inLanguage\":\"fr-FR\",\"potentialAction\":[{\"@type\":\"ReadAction\",\"target\":[\"https:\\\/\\\/fartiamo.ch\\\/fr\\\/100-ans-dhistoire\\\/\"]}]},{\"@type\":\"BreadcrumbList\",\"@id\":\"https:\\\/\\\/fartiamo.ch\\\/fr\\\/100-ans-dhistoire\\\/#breadcrumb\",\"itemListElement\":[{\"@type\":\"ListItem\",\"position\":1,\"name\":\"Home\",\"item\":\"https:\\\/\\\/fartiamo.ch\\\/fr\\\/\"},{\"@type\":\"ListItem\",\"position\":2,\"name\":\"100 ans d&rsquo;histoire\"}]},{\"@type\":\"WebSite\",\"@id\":\"https:\\\/\\\/fartiamo.ch\\\/fr\\\/#website\",\"url\":\"https:\\\/\\\/fartiamo.ch\\\/fr\\\/\",\"name\":\"fartiamo\",\"description\":\"Il trasporto che unisce citt\u00e0 e valli\",\"publisher\":{\"@id\":\"https:\\\/\\\/fartiamo.ch\\\/fr\\\/#organization\"},\"potentialAction\":[{\"@type\":\"SearchAction\",\"target\":{\"@type\":\"EntryPoint\",\"urlTemplate\":\"https:\\\/\\\/fartiamo.ch\\\/fr\\\/?s={search_term_string}\"},\"query-input\":{\"@type\":\"PropertyValueSpecification\",\"valueRequired\":true,\"valueName\":\"search_term_string\"}}],\"inLanguage\":\"fr-FR\"},{\"@type\":\"Organization\",\"@id\":\"https:\\\/\\\/fartiamo.ch\\\/fr\\\/#organization\",\"name\":\"FART\",\"url\":\"https:\\\/\\\/fartiamo.ch\\\/fr\\\/\",\"logo\":{\"@type\":\"ImageObject\",\"inLanguage\":\"fr-FR\",\"@id\":\"https:\\\/\\\/fartiamo.ch\\\/fr\\\/#\\\/schema\\\/logo\\\/image\\\/\",\"url\":\"https:\\\/\\\/fartiamo.ch\\\/wp-content\\\/uploads\\\/2020\\\/11\\\/fart_logo_completo.svg\",\"contentUrl\":\"https:\\\/\\\/fartiamo.ch\\\/wp-content\\\/uploads\\\/2020\\\/11\\\/fart_logo_completo.svg\",\"width\":\"1024\",\"height\":\"1024\",\"caption\":\"FART\"},\"image\":{\"@id\":\"https:\\\/\\\/fartiamo.ch\\\/fr\\\/#\\\/schema\\\/logo\\\/image\\\/\"}}]}<\/script>\n<!-- \/ Yoast SEO plugin. -->","yoast_head_json":{"title":"100 ans d'histoire - fartiamo","robots":{"index":"noindex","follow":"nofollow"},"og_locale":"fr_FR","og_type":"article","og_title":"100 ans d'histoire - fartiamo","og_description":"[vc_row][vc_column][dfd_spacer screen_wide_spacer_size=\u00a0\u00bb100&Prime; screen_normal_resolution=\u00a0\u00bb1024&Prime; screen_tablet_resolution=\u00a0\u00bb800&Prime; screen_mobile_resolution=\u00a0\u00bb480&Prime; screen_normal_spacer_size=\u00a0\u00bb80&Prime; screen_tablet_spacer_size=\u00a0\u00bb60&Prime; screen_mobile_spacer_size=\u00a0\u00bb40&Prime;][\/vc_column][\/vc_row][vc_row css=\u00a0\u00bb.vc_custom_1568638996273{padding-right: 25px !important;padding-left: 25px !important;}\u00a0\u00bb][vc_column width=\u00a0\u00bb1\/6&Prime; col_shadow=\u00a0\u00bbbox_shadow_enable:disable|shadow_horizontal:0|shadow_vertical:15|shadow_blur:50|shadow_spread:0|box_shadow_color:rgba(0%2C0%2C0%2C0.35)\u00a0\u00bb col_shadow_hover=\u00a0\u00bbbox_shadow_enable:disable|shadow_horizontal:0|shadow_vertical:15|shadow_blur:50|shadow_spread:0|box_shadow_color:rgba(0%2C0%2C0%2C0.35)\u00a0\u00bb][\/vc_column][vc_column width=\u00a0\u00bb2\/3&Prime;][dfd_heading style=\u00a0\u00bbstyle_06&Prime; subtitle=\u00a0\u00bb1923 \u00e0 2023&Prime; module_animation=\u00a0\u00bbtransition.grow\u00a0\u00bb delimiter_settings=\u00a0\u00bbdelimiter_style:solid|delimiter_width:80|delimiter_height:1|delimiter_color:%23ffffff\u00a0\u00bb delimiter_margin=\u00a0\u00bbmargin-top:10|margin-bottom:30&Prime; undefined=\u00a0\u00bb\u00a0\u00bb title_font_options=\u00a0\u00bbtag:h1&Prime; subtitle_font_options=\u00a0\u00bbtag:h3&Prime; title_responsive=\u00a0\u00bbfont_size_desktop:45|line_height_desktop:55|letter_spacing_desktop:0|font_size_tablet:40|line_height_tablet:50|letter_spacing_tablet:0|font_size_mobile:35|line_height_mobile:45|letter_spacing_mobile:0&Prime; heading_margin=\u00a0\u00bbmargin-bottom:30&Prime; subtitle_responsive=\u00a0\u00bbfont_size_desktop:26|line_height_desktop:40|letter_spacing_desktop:0|font_size_tablet:24|line_height_tablet:38|letter_spacing_tablet:0|font_size_mobile:22|line_height_mobile:36|letter_spacing_mobile:0&Prime;]100","og_url":"https:\/\/fartiamo.ch\/fr\/100-ans-dhistoire\/","og_site_name":"fartiamo","article_modified_time":"2025-05-28T10:18:48+00:00","twitter_card":"summary_large_image","twitter_misc":{"Dur\u00e9e de lecture estim\u00e9e":"4 minutes"},"schema":{"@context":"https:\/\/schema.org","@graph":[{"@type":"WebPage","@id":"https:\/\/fartiamo.ch\/fr\/100-ans-dhistoire\/","url":"https:\/\/fartiamo.ch\/fr\/100-ans-dhistoire\/","name":"100 ans d'histoire - fartiamo","isPartOf":{"@id":"https:\/\/fartiamo.ch\/fr\/#website"},"datePublished":"2023-08-28T12:41:41+00:00","dateModified":"2025-05-28T10:18:48+00:00","breadcrumb":{"@id":"https:\/\/fartiamo.ch\/fr\/100-ans-dhistoire\/#breadcrumb"},"inLanguage":"fr-FR","potentialAction":[{"@type":"ReadAction","target":["https:\/\/fartiamo.ch\/fr\/100-ans-dhistoire\/"]}]},{"@type":"BreadcrumbList","@id":"https:\/\/fartiamo.ch\/fr\/100-ans-dhistoire\/#breadcrumb","itemListElement":[{"@type":"ListItem","position":1,"name":"Home","item":"https:\/\/fartiamo.ch\/fr\/"},{"@type":"ListItem","position":2,"name":"100 ans d&rsquo;histoire"}]},{"@type":"WebSite","@id":"https:\/\/fartiamo.ch\/fr\/#website","url":"https:\/\/fartiamo.ch\/fr\/","name":"fartiamo","description":"Il trasporto che unisce citt\u00e0 e valli","publisher":{"@id":"https:\/\/fartiamo.ch\/fr\/#organization"},"potentialAction":[{"@type":"SearchAction","target":{"@type":"EntryPoint","urlTemplate":"https:\/\/fartiamo.ch\/fr\/?s={search_term_string}"},"query-input":{"@type":"PropertyValueSpecification","valueRequired":true,"valueName":"search_term_string"}}],"inLanguage":"fr-FR"},{"@type":"Organization","@id":"https:\/\/fartiamo.ch\/fr\/#organization","name":"FART","url":"https:\/\/fartiamo.ch\/fr\/","logo":{"@type":"ImageObject","inLanguage":"fr-FR","@id":"https:\/\/fartiamo.ch\/fr\/#\/schema\/logo\/image\/","url":"https:\/\/fartiamo.ch\/wp-content\/uploads\/2020\/11\/fart_logo_completo.svg","contentUrl":"https:\/\/fartiamo.ch\/wp-content\/uploads\/2020\/11\/fart_logo_completo.svg","width":"1024","height":"1024","caption":"FART"},"image":{"@id":"https:\/\/fartiamo.ch\/fr\/#\/schema\/logo\/image\/"}}]}},"_links":{"self":[{"href":"https:\/\/fartiamo.ch\/fr\/wp-json\/wp\/v2\/pages\/38502","targetHints":{"allow":["GET"]}}],"collection":[{"href":"https:\/\/fartiamo.ch\/fr\/wp-json\/wp\/v2\/pages"}],"about":[{"href":"https:\/\/fartiamo.ch\/fr\/wp-json\/wp\/v2\/types\/page"}],"author":[{"embeddable":true,"href":"https:\/\/fartiamo.ch\/fr\/wp-json\/wp\/v2\/users\/1"}],"replies":[{"embeddable":true,"href":"https:\/\/fartiamo.ch\/fr\/wp-json\/wp\/v2\/comments?post=38502"}],"version-history":[{"count":5,"href":"https:\/\/fartiamo.ch\/fr\/wp-json\/wp\/v2\/pages\/38502\/revisions"}],"predecessor-version":[{"id":40978,"href":"https:\/\/fartiamo.ch\/fr\/wp-json\/wp\/v2\/pages\/38502\/revisions\/40978"}],"wp:attachment":[{"href":"https:\/\/fartiamo.ch\/fr\/wp-json\/wp\/v2\/media?parent=38502"}],"curies":[{"name":"wp","href":"https:\/\/api.w.org\/{rel}","templated":true}]}}