{"id":40625,"date":"2024-03-05T14:26:21","date_gmt":"2024-03-05T13:26:21","guid":{"rendered":"https:\/\/fartiamo.ch\/?page_id=40625"},"modified":"2025-05-30T15:11:36","modified_gmt":"2025-05-30T13:11:36","slug":"voyageurs-handicapes","status":"publish","type":"page","link":"https:\/\/fartiamo.ch\/fr\/voyageurs-handicapes\/","title":{"rendered":"Voyageurs handicap\u00e9s"},"content":{"rendered":"<div class=\"wpb-content-wrapper\"><p>[vc_row][vc_column col_shadow=\u00a0\u00bbbox_shadow_enable:disable|shadow_horizontal:0|shadow_vertical:15|shadow_blur:50|shadow_spread:0|box_shadow_color:rgba(0%2C0%2C0%2C0.35)\u00a0\u00bb col_shadow_hover=\u00a0\u00bbbox_shadow_enable:disable|shadow_horizontal:0|shadow_vertical:15|shadow_blur:50|shadow_spread:0|box_shadow_color:rgba(0%2C0%2C0%2C0.35)\u00a0\u00bb][dfd_spacer screen_wide_spacer_size=\u00a0\u00bb80&Prime; screen_normal_resolution=\u00a0\u00bb1024&Prime; screen_tablet_resolution=\u00a0\u00bb800&Prime; screen_mobile_resolution=\u00a0\u00bb480&Prime; screen_normal_spacer_size=\u00a0\u00bb40&Prime; screen_tablet_spacer_size=\u00a0\u00bb40&Prime; screen_mobile_spacer_size=\u00a0\u00bb40&Prime; tutorials=\u00a0\u00bb\u00a0\u00bb][dfd_heading style=\u00a0\u00bbstyle_05&Prime; subtitle=\u00a0\u00bbLoi f\u00e9d\u00e9rale sur l&apos;\u00e9galit\u00e9 des chances pour les personnes handicap\u00e9es (LDis)\u00a0\u00bb content_alignment=\u00a0\u00bbtext-left\u00a0\u00bb delimiter_settings=\u00a0\u00bbdelimiter_style:solid|delimiter_width:80|delimiter_height:1&Prime; title_font_options=\u00a0\u00bbtag:h2&Prime; subtitle_font_options=\u00a0\u00bbtag:div\u00a0\u00bb]Voyageurs handicap\u00e9s[\/dfd_heading][dfd_spacer screen_wide_spacer_size=\u00a0\u00bb40&Prime; screen_normal_resolution=\u00a0\u00bb1024&Prime; screen_tablet_resolution=\u00a0\u00bb800&Prime; screen_mobile_resolution=\u00a0\u00bb480&Prime; screen_normal_spacer_size=\u00a0\u00bb40&Prime; screen_tablet_spacer_size=\u00a0\u00bb20&Prime; screen_mobile_spacer_size=\u00a0\u00bb20&Prime;][vc_column_text]La loi sur les personnes handicap\u00e9es (LDis) stipule qu&rsquo;\u00e0 partir de 2024, les transports publics devront \u00eatre accessibles sans barri\u00e8res et donc, en principe, utilisables de mani\u00e8re autonome par les personnes handicap\u00e9es. Ces derni\u00e8res ann\u00e9es, diverses installations et v\u00e9hicules ont \u00e9t\u00e9 adapt\u00e9s pour permettre aux utilisateurs handicap\u00e9s ou \u00e0 mobilit\u00e9 r\u00e9duite de voyager de mani\u00e8re autonome.<\/p>\n<p>Contact pour les voyageurs handicap\u00e9s<br \/>\nLes voyageurs handicap\u00e9s sont invit\u00e9s \u00e0 s&rsquo;adresser au Centre de contact CFF Handicap :<\/p>\n<p>Depuis la Suisse : T\u00e9l. 0800 007 102, gratuit (service disponible de 06h00 \u00e0 22h30)<br \/>\nDepuis l&rsquo;\u00e9tranger : T\u00e9l. +41 800 007 102<br \/>\n[\/vc_column_text][dfd_spacer screen_wide_spacer_size=\u00a0\u00bb40&Prime; screen_normal_resolution=\u00a0\u00bb1024&Prime; screen_tablet_resolution=\u00a0\u00bb800&Prime; screen_mobile_resolution=\u00a0\u00bb480&Prime; screen_normal_spacer_size=\u00a0\u00bb40&Prime; screen_tablet_spacer_size=\u00a0\u00bb20&Prime; screen_mobile_spacer_size=\u00a0\u00bb20&Prime;][vc_column_text]<strong>Chemin de fer Vigezzina-Centovalli<\/strong>[\/vc_column_text][dfd_single_image image=\u00a0\u00bb40629&Prime;][dfd_spacer screen_wide_spacer_size=\u00a0\u00bb40&Prime; screen_normal_resolution=\u00a0\u00bb1024&Prime; screen_tablet_resolution=\u00a0\u00bb800&Prime; screen_mobile_resolution=\u00a0\u00bb480&Prime; screen_normal_spacer_size=\u00a0\u00bb40&Prime; screen_tablet_spacer_size=\u00a0\u00bb20&Prime; screen_mobile_spacer_size=\u00a0\u00bb20&Prime;][vc_column_text]<strong>Autolinee FART SA<\/strong>[\/vc_column_text][dfd_single_image image=\u00a0\u00bb40636&Prime;][dfd_spacer screen_wide_spacer_size=\u00a0\u00bb40&Prime; screen_normal_resolution=\u00a0\u00bb1024&Prime; screen_tablet_resolution=\u00a0\u00bb800&Prime; screen_mobile_resolution=\u00a0\u00bb480&Prime; screen_normal_spacer_size=\u00a0\u00bb40&Prime; screen_tablet_spacer_size=\u00a0\u00bb20&Prime; screen_mobile_spacer_size=\u00a0\u00bb20&Prime;][\/vc_column][\/vc_row]<\/p>\n<\/div>","protected":false},"excerpt":{"rendered":"<p>[vc_row][vc_column col_shadow=\u00a0\u00bbbox_shadow_enable:disable|shadow_horizontal:0|shadow_vertical:15|shadow_blur:50|shadow_spread:0|box_shadow_color:rgba(0%2C0%2C0%2C0.35)\u00a0\u00bb col_shadow_hover=\u00a0\u00bbbox_shadow_enable:disable|shadow_horizontal:0|shadow_vertical:15|shadow_blur:50|shadow_spread:0|box_shadow_color:rgba(0%2C0%2C0%2C0.35)\u00a0\u00bb][dfd_spacer screen_wide_spacer_size=\u00a0\u00bb80&Prime; screen_normal_resolution=\u00a0\u00bb1024&Prime; screen_tablet_resolution=\u00a0\u00bb800&Prime; screen_mobile_resolution=\u00a0\u00bb480&Prime; screen_normal_spacer_size=\u00a0\u00bb40&Prime; screen_tablet_spacer_size=\u00a0\u00bb40&Prime; screen_mobile_spacer_size=\u00a0\u00bb40&Prime; tutorials=\u00a0\u00bb\u00a0\u00bb][dfd_heading style=\u00a0\u00bbstyle_05&Prime; subtitle=\u00a0\u00bbLoi f\u00e9d\u00e9rale sur l&apos;\u00e9galit\u00e9 des chances pour les personnes handicap\u00e9es (LDis)\u00a0\u00bb content_alignment=\u00a0\u00bbtext-left\u00a0\u00bb delimiter_settings=\u00a0\u00bbdelimiter_style:solid|delimiter_width:80|delimiter_height:1&Prime; title_font_options=\u00a0\u00bbtag:h2&Prime; subtitle_font_options=\u00a0\u00bbtag:div\u00a0\u00bb]Voyageurs handicap\u00e9s[\/dfd_heading][dfd_spacer screen_wide_spacer_size=\u00a0\u00bb40&Prime; screen_normal_resolution=\u00a0\u00bb1024&Prime;<\/p>\n","protected":false},"author":1,"featured_media":0,"parent":0,"menu_order":0,"comment_status":"closed","ping_status":"closed","template":"tmp-page.php","meta":{"inline_featured_image":false,"_monsterinsights_skip_tracking":false,"_monsterinsights_sitenote_active":false,"_monsterinsights_sitenote_note":"","_monsterinsights_sitenote_category":0,"footnotes":""},"class_list":["post-40625","page","type-page","status-publish","hentry"],"yoast_head":"<!-- This site is optimized with the Yoast SEO plugin v26.1.1 - https:\/\/yoast.com\/wordpress\/plugins\/seo\/ -->\n<title>Voyageurs handicap\u00e9s - fartiamo - FART - Changement d&#039;horaire<\/title>\n<meta name=\"description\" content=\"FART \u2013 Changement d&#039;horaire \u2013 Le d\u00e9veloppement des transports publics dans la r\u00e9gion de Locarno s&#039;inscrit dans le cadre plus large du programme d&#039;agglom\u00e9ration de Locarno...\" \/>\n<meta name=\"robots\" content=\"index, follow, max-snippet:-1, max-image-preview:large, max-video-preview:-1\" \/>\n<link rel=\"canonical\" href=\"https:\/\/fartiamo.ch\/fr\/voyageurs-handicapes\/\" \/>\n<meta property=\"og:locale\" content=\"fr_FR\" \/>\n<meta property=\"og:type\" content=\"article\" \/>\n<meta property=\"og:title\" content=\"Voyageurs handicap\u00e9s - fartiamo - FART - Changement d&#039;horaire\" \/>\n<meta property=\"og:description\" content=\"FART \u2013 Changement d&#039;horaire \u2013 Le d\u00e9veloppement des transports publics dans la r\u00e9gion de Locarno s&#039;inscrit dans le cadre plus large du programme d&#039;agglom\u00e9ration de Locarno...\" \/>\n<meta property=\"og:url\" content=\"https:\/\/fartiamo.ch\/fr\/voyageurs-handicapes\/\" \/>\n<meta property=\"og:site_name\" content=\"fartiamo\" \/>\n<meta property=\"article:modified_time\" content=\"2025-05-30T13:11:36+00:00\" \/>\n<meta name=\"twitter:card\" content=\"summary_large_image\" \/>\n<meta name=\"twitter:label1\" content=\"Dur\u00e9e de lecture estim\u00e9e\" \/>\n\t<meta name=\"twitter:data1\" content=\"2 minutes\" \/>\n<script type=\"application\/ld+json\" class=\"yoast-schema-graph\">{\"@context\":\"https:\/\/schema.org\",\"@graph\":[{\"@type\":\"WebPage\",\"@id\":\"https:\/\/fartiamo.ch\/fr\/voyageurs-handicapes\/\",\"url\":\"https:\/\/fartiamo.ch\/fr\/voyageurs-handicapes\/\",\"name\":\"Voyageurs handicap\u00e9s - fartiamo - FART - Changement d'horaire\",\"isPartOf\":{\"@id\":\"https:\/\/fartiamo.ch\/fr\/#website\"},\"datePublished\":\"2024-03-05T13:26:21+00:00\",\"dateModified\":\"2025-05-30T13:11:36+00:00\",\"description\":\"FART \u2013 Changement d'horaire \u2013 Le d\u00e9veloppement des transports publics dans la r\u00e9gion de Locarno s'inscrit dans le cadre plus large du programme d'agglom\u00e9ration de Locarno...\",\"breadcrumb\":{\"@id\":\"https:\/\/fartiamo.ch\/fr\/voyageurs-handicapes\/#breadcrumb\"},\"inLanguage\":\"fr-FR\",\"potentialAction\":[{\"@type\":\"ReadAction\",\"target\":[\"https:\/\/fartiamo.ch\/fr\/voyageurs-handicapes\/\"]}]},{\"@type\":\"BreadcrumbList\",\"@id\":\"https:\/\/fartiamo.ch\/fr\/voyageurs-handicapes\/#breadcrumb\",\"itemListElement\":[{\"@type\":\"ListItem\",\"position\":1,\"name\":\"Home\",\"item\":\"https:\/\/fartiamo.ch\/fr\/\"},{\"@type\":\"ListItem\",\"position\":2,\"name\":\"Voyageurs handicap\u00e9s\"}]},{\"@type\":\"WebSite\",\"@id\":\"https:\/\/fartiamo.ch\/fr\/#website\",\"url\":\"https:\/\/fartiamo.ch\/fr\/\",\"name\":\"fartiamo\",\"description\":\"Il trasporto che unisce citt\u00e0 e valli\",\"publisher\":{\"@id\":\"https:\/\/fartiamo.ch\/fr\/#organization\"},\"potentialAction\":[{\"@type\":\"SearchAction\",\"target\":{\"@type\":\"EntryPoint\",\"urlTemplate\":\"https:\/\/fartiamo.ch\/fr\/?s={search_term_string}\"},\"query-input\":{\"@type\":\"PropertyValueSpecification\",\"valueRequired\":true,\"valueName\":\"search_term_string\"}}],\"inLanguage\":\"fr-FR\"},{\"@type\":\"Organization\",\"@id\":\"https:\/\/fartiamo.ch\/fr\/#organization\",\"name\":\"FART\",\"url\":\"https:\/\/fartiamo.ch\/fr\/\",\"logo\":{\"@type\":\"ImageObject\",\"inLanguage\":\"fr-FR\",\"@id\":\"https:\/\/fartiamo.ch\/fr\/#\/schema\/logo\/image\/\",\"url\":\"https:\/\/fartiamo.ch\/wp-content\/uploads\/2020\/11\/fart_logo_completo.svg\",\"contentUrl\":\"https:\/\/fartiamo.ch\/wp-content\/uploads\/2020\/11\/fart_logo_completo.svg\",\"width\":\"1024\",\"height\":\"1024\",\"caption\":\"FART\"},\"image\":{\"@id\":\"https:\/\/fartiamo.ch\/fr\/#\/schema\/logo\/image\/\"}}]}<\/script>\n<!-- \/ Yoast SEO plugin. -->","yoast_head_json":{"title":"Voyageurs handicap\u00e9s - fartiamo - FART - Changement d'horaire","description":"FART \u2013 Changement d'horaire \u2013 Le d\u00e9veloppement des transports publics dans la r\u00e9gion de Locarno s'inscrit dans le cadre plus large du programme d'agglom\u00e9ration de Locarno...","robots":{"index":"index","follow":"follow","max-snippet":"max-snippet:-1","max-image-preview":"max-image-preview:large","max-video-preview":"max-video-preview:-1"},"canonical":"https:\/\/fartiamo.ch\/fr\/voyageurs-handicapes\/","og_locale":"fr_FR","og_type":"article","og_title":"Voyageurs handicap\u00e9s - fartiamo - FART - Changement d'horaire","og_description":"FART \u2013 Changement d'horaire \u2013 Le d\u00e9veloppement des transports publics dans la r\u00e9gion de Locarno s'inscrit dans le cadre plus large du programme d'agglom\u00e9ration de Locarno...","og_url":"https:\/\/fartiamo.ch\/fr\/voyageurs-handicapes\/","og_site_name":"fartiamo","article_modified_time":"2025-05-30T13:11:36+00:00","twitter_card":"summary_large_image","twitter_misc":{"Dur\u00e9e de lecture estim\u00e9e":"2 minutes"},"schema":{"@context":"https:\/\/schema.org","@graph":[{"@type":"WebPage","@id":"https:\/\/fartiamo.ch\/fr\/voyageurs-handicapes\/","url":"https:\/\/fartiamo.ch\/fr\/voyageurs-handicapes\/","name":"Voyageurs handicap\u00e9s - fartiamo - FART - Changement d'horaire","isPartOf":{"@id":"https:\/\/fartiamo.ch\/fr\/#website"},"datePublished":"2024-03-05T13:26:21+00:00","dateModified":"2025-05-30T13:11:36+00:00","description":"FART \u2013 Changement d'horaire \u2013 Le d\u00e9veloppement des transports publics dans la r\u00e9gion de Locarno s'inscrit dans le cadre plus large du programme d'agglom\u00e9ration de Locarno...","breadcrumb":{"@id":"https:\/\/fartiamo.ch\/fr\/voyageurs-handicapes\/#breadcrumb"},"inLanguage":"fr-FR","potentialAction":[{"@type":"ReadAction","target":["https:\/\/fartiamo.ch\/fr\/voyageurs-handicapes\/"]}]},{"@type":"BreadcrumbList","@id":"https:\/\/fartiamo.ch\/fr\/voyageurs-handicapes\/#breadcrumb","itemListElement":[{"@type":"ListItem","position":1,"name":"Home","item":"https:\/\/fartiamo.ch\/fr\/"},{"@type":"ListItem","position":2,"name":"Voyageurs handicap\u00e9s"}]},{"@type":"WebSite","@id":"https:\/\/fartiamo.ch\/fr\/#website","url":"https:\/\/fartiamo.ch\/fr\/","name":"fartiamo","description":"Il trasporto che unisce citt\u00e0 e valli","publisher":{"@id":"https:\/\/fartiamo.ch\/fr\/#organization"},"potentialAction":[{"@type":"SearchAction","target":{"@type":"EntryPoint","urlTemplate":"https:\/\/fartiamo.ch\/fr\/?s={search_term_string}"},"query-input":{"@type":"PropertyValueSpecification","valueRequired":true,"valueName":"search_term_string"}}],"inLanguage":"fr-FR"},{"@type":"Organization","@id":"https:\/\/fartiamo.ch\/fr\/#organization","name":"FART","url":"https:\/\/fartiamo.ch\/fr\/","logo":{"@type":"ImageObject","inLanguage":"fr-FR","@id":"https:\/\/fartiamo.ch\/fr\/#\/schema\/logo\/image\/","url":"https:\/\/fartiamo.ch\/wp-content\/uploads\/2020\/11\/fart_logo_completo.svg","contentUrl":"https:\/\/fartiamo.ch\/wp-content\/uploads\/2020\/11\/fart_logo_completo.svg","width":"1024","height":"1024","caption":"FART"},"image":{"@id":"https:\/\/fartiamo.ch\/fr\/#\/schema\/logo\/image\/"}}]}},"_links":{"self":[{"href":"https:\/\/fartiamo.ch\/fr\/wp-json\/wp\/v2\/pages\/40625","targetHints":{"allow":["GET"]}}],"collection":[{"href":"https:\/\/fartiamo.ch\/fr\/wp-json\/wp\/v2\/pages"}],"about":[{"href":"https:\/\/fartiamo.ch\/fr\/wp-json\/wp\/v2\/types\/page"}],"author":[{"embeddable":true,"href":"https:\/\/fartiamo.ch\/fr\/wp-json\/wp\/v2\/users\/1"}],"replies":[{"embeddable":true,"href":"https:\/\/fartiamo.ch\/fr\/wp-json\/wp\/v2\/comments?post=40625"}],"version-history":[{"count":3,"href":"https:\/\/fartiamo.ch\/fr\/wp-json\/wp\/v2\/pages\/40625\/revisions"}],"predecessor-version":[{"id":40693,"href":"https:\/\/fartiamo.ch\/fr\/wp-json\/wp\/v2\/pages\/40625\/revisions\/40693"}],"wp:attachment":[{"href":"https:\/\/fartiamo.ch\/fr\/wp-json\/wp\/v2\/media?parent=40625"}],"curies":[{"name":"wp","href":"https:\/\/api.w.org\/{rel}","templated":true}]}}