{"id":42290,"date":"2024-09-25T11:43:35","date_gmt":"2024-09-25T09:43:35","guid":{"rendered":"https:\/\/fartiamo.ch\/?page_id=42290"},"modified":"2025-05-30T15:10:57","modified_gmt":"2025-05-30T13:10:57","slug":"nettoyage","status":"publish","type":"page","link":"https:\/\/fartiamo.ch\/fr\/nettoyage\/","title":{"rendered":"Nettoyage"},"content":{"rendered":"<div class=\"wpb-content-wrapper\"><p>[vc_row][vc_column][dfd_spacer screen_wide_spacer_size=\u00a0\u00bb100&Prime; screen_normal_resolution=\u00a0\u00bb1024&Prime; screen_tablet_resolution=\u00a0\u00bb800&Prime; screen_mobile_resolution=\u00a0\u00bb480&Prime; screen_normal_spacer_size=\u00a0\u00bb80&Prime; screen_tablet_spacer_size=\u00a0\u00bb60&Prime; screen_mobile_spacer_size=\u00a0\u00bb40&Prime;][\/vc_column][\/vc_row][vc_row css=\u00a0\u00bb.vc_custom_1568638996273{padding-right: 25px !important;padding-left: 25px !important;}\u00a0\u00bb][vc_column width=\u00a0\u00bb1\/6&Prime; col_shadow=\u00a0\u00bbbox_shadow_enable:disable|shadow_horizontal:0|shadow_vertical:15|shadow_blur:50|shadow_spread:0|box_shadow_color:rgba(0%2C0%2C0%2C0.35)\u00a0\u00bb col_shadow_hover=\u00a0\u00bbbox_shadow_enable:disable|shadow_horizontal:0|shadow_vertical:15|shadow_blur:50|shadow_spread:0|box_shadow_color:rgba(0%2C0%2C0%2C0.35)\u00a0\u00bb][\/vc_column][vc_column width=\u00a0\u00bb2\/3&Prime;][dfd_heading style=\u00a0\u00bbstyle_06&Prime; subtitle=\u00a0\u00bbCampagne de sensibilisation FART\u00a0\u00bb module_animation=\u00a0\u00bbtransition.grow\u00a0\u00bb delimiter_settings=\u00a0\u00bbdelimiter_style:solid|delimiter_width:80|delimiter_height:1|delimiter_color:%23000000&Prime; delimiter_margin=\u00a0\u00bbmargin-top:10|margin-bottom:30&Prime; undefined=\u00a0\u00bb\u00a0\u00bb title_font_options=\u00a0\u00bbtag:h1&Prime; subtitle_font_options=\u00a0\u00bbtag:h3&Prime; title_responsive=\u00a0\u00bbfont_size_desktop:45|line_height_desktop:55|letter_spacing_desktop:0|font_size_tablet:40|line_height_tablet:50|letter_spacing_tablet:0|font_size_mobile:35|line_height_mobile:45|letter_spacing_mobile:0&Prime; heading_margin=\u00a0\u00bbmargin-bottom:30&Prime; subtitle_responsive=\u00a0\u00bbfont_size_desktop:26|line_height_desktop:40|letter_spacing_desktop:0|font_size_tablet:24|line_height_tablet:38|letter_spacing_tablet:0|font_size_mobile:22|line_height_mobile:36|letter_spacing_mobile:0&Prime;]Merci de nous aider \u00e0 garder l&rsquo;arr\u00eat propre.[\/dfd_heading][dfd_single_image image=\u00a0\u00bb42298&Prime;][dfd_spacer screen_wide_spacer_size=\u00a0\u00bb50&Prime; screen_normal_resolution=\u00a0\u00bb1024&Prime; screen_tablet_resolution=\u00a0\u00bb800&Prime; screen_mobile_resolution=\u00a0\u00bb480&Prime; screen_normal_spacer_size=\u00a0\u00bb50&Prime; screen_tablet_spacer_size=\u00a0\u00bb50&Prime; screen_mobile_spacer_size=\u00a0\u00bb50&Prime;][vc_column_text item_animation=\u00a0\u00bbtransition.slideUpBigIn\u00a0\u00bb css=\u00a0\u00bb.vc_custom_1727430035296{padding-bottom: 50px !important;}\u00a0\u00bb]<b><strong>Promouvoir la propret\u00e9 et le d\u00e9corum aux arr\u00eats des transports publics, au b\u00e9n\u00e9fice de la communaut\u00e9.<\/strong><\/b> <b><strong>Les Ferrovie Autolinee Regionali Ticinesi (FART) lancent aujourd&rsquo;hui une initiative qui vise \u00e0 impliquer activement tous les usagers des transports publics, en les invitant \u00e0 faire de petits gestes qui peuvent faire une grande diff\u00e9rence.<\/strong><\/b> <b><strong>La campagne se d\u00e9roulera jusqu&rsquo;\u00e0 la fin de l&rsquo;ann\u00e9e.<\/strong><\/b><\/p>\n<p>Les arr\u00eats de bus, qui accueillent chaque jour les voyageurs en partance et \u00e0 l&rsquo;arriv\u00e9e, repr\u00e9sentent non seulement des points de r\u00e9f\u00e9rence pour les usagers des transports publics, mais aussi des espaces qui contribuent \u00e0 la qualit\u00e9 de l&rsquo;exp\u00e9rience de voyage. Malheureusement, ils ne sont pas toujours dans un \u00e9tat optimal. C&rsquo;est l\u00e0 qu&rsquo;intervient la nouvelle campagne \u00ab L&rsquo;arr\u00eat vous ressemble \u00bb, qui vise \u00e0 sensibiliser \u00e0 l&rsquo;importance de maintenir ces espaces communs propres et ordonn\u00e9s.<\/p>\n<p>\u00ab Des gestes simples comme jeter les d\u00e9chets dans les poubelles ou \u00e9viter de laisser des traces ou des bosses sur les infrastructures sont essentiels pour que les arr\u00eats restent accueillants et fonctionnels \u00bb, explique <strong>Claudio Blotti<\/strong>, directeur de la FART. \u201cNous voulons que ces arr\u00eats soient per\u00e7us comme agr\u00e9ables pour tous les passagers, et c&rsquo;est avec la contribution de chacun que nous y parviendrons\u201d.<\/p>\n<p>La campagne comprend des affiches d&rsquo;information aux arr\u00eats, visibles sur les panneaux horaires, et s&rsquo;\u00e9tendra \u00e9galement aux canaux num\u00e9riques. Le message sera v\u00e9hicul\u00e9 par l&rsquo;image \u00e9vocatrice d&rsquo;un papier d\u00e9chir\u00e9 sur lequel est inscrit le mot \u00ab STOP \u00bb, un rappel visuel qui invite les gens \u00e0 r\u00e9fl\u00e9chir \u00e0 l&rsquo;importance des petits gestes quotidiens.<\/p>\n<p>FART exploite un vaste r\u00e9seau de transport qui comprend 4 lignes de bus urbaines, 5 lignes de bus r\u00e9gionales et la ligne ferroviaire Centovallina, avec un total de 270 arr\u00eats r\u00e9partis sur plus de 140 kilom\u00e8tres.[\/vc_column_text][\/vc_column][vc_column width=\u00a0\u00bb1\/6&Prime;][\/vc_column][\/vc_row][vc_row][vc_column][dfd_spacer screen_wide_spacer_size=\u00a0\u00bb100&Prime; screen_normal_resolution=\u00a0\u00bb1024&Prime; screen_tablet_resolution=\u00a0\u00bb800&Prime; screen_mobile_resolution=\u00a0\u00bb480&Prime; screen_normal_spacer_size=\u00a0\u00bb80&Prime; screen_tablet_spacer_size=\u00a0\u00bb60&Prime; screen_mobile_spacer_size=\u00a0\u00bb40&Prime;][dfd_tta_tour border_radius=\u00a0\u00bb50&Prime; active_section=\u00a0\u00bb1&Prime; font_size=\u00a0\u00bb18&Prime; icon_size=\u00a0\u00bb18&Prime; tab_background=\u00a0\u00bb#ffffff\u00a0\u00bb tab_hover_background=\u00a0\u00bb#331488&Prime; active_tab_background=\u00a0\u00bb#331488&Prime; border_color_radius=\u00a0\u00bb#331488&Prime; border_hover_color=\u00a0\u00bb#331488&Prime; border_color_active=\u00a0\u00bb#331488&Prime; tab_text_color=\u00a0\u00bb#331488&Prime; tab_active_color_text=\u00a0\u00bb#ffffff\u00a0\u00bb tab_hover_text_color=\u00a0\u00bb#ffffff\u00a0\u00bb icon_color=\u00a0\u00bb#331488&Prime; icon_hover_color=\u00a0\u00bb#ffffff\u00a0\u00bb icon_active_color=\u00a0\u00bb#ffffff\u00a0\u00bb][vc_tta_section title=\u00a0\u00bbEN G\u00c9N\u00c9RAL\u00a0\u00bb tab_id=\u00a0\u00bb1697704885423-27b38669-1d81&Prime;][vc_column_text css=\u00a0\u00bb.vc_custom_1727258649048{padding-right: 25px !important;padding-bottom: 25px !important;padding-left: 25px !important;}\u00a0\u00bb]Chaque jour, la FART s&rsquo;engage \u00e0 maintenir la propret\u00e9 des arr\u00eats et des gares de ses lignes. En outre, l&rsquo;entreprise s&rsquo;engage \u00e0 communiquer les perturbations pr\u00e9vues et les voyages sp\u00e9ciaux sur les panneaux horaires.[\/vc_column_text][\/vc_tta_section][vc_tta_section title=\u00a0\u00bbLES LIGNES DE BUS\u00a0\u00bb tab_id=\u00a0\u00bb1697704885443-48b1b890-7b03&Prime;][vc_column_text css=\u00a0\u00bb.vc_custom_1727258815315{padding-right: 25px !important;padding-bottom: 25px !important;padding-left: 25px !important;}\u00a0\u00bb]\u00c9tant donn\u00e9 qu&rsquo;ils sont situ\u00e9s sur le domaine public, les arr\u00eats des lignes de bus FART sont sous la responsabilit\u00e9 de la municipalit\u00e9. Le FART est responsable de la gestion de l&rsquo;information \u00e0 l&rsquo;arr\u00eat (panneaux horaires, annonces de service).<br \/>\nChaque arr\u00eat de bus FART dispose d&rsquo;un panneau d&rsquo;affichage contenant les horaires des lignes passant par cet arr\u00eat, le plan synoptique de ces lignes, ainsi qu&rsquo;un espace publicitaire utilis\u00e9, le cas \u00e9ch\u00e9ant, pour communiquer les perturbations ou les \u00e9v\u00e9nements sp\u00e9ciaux affectant l&rsquo;exploitation.[\/vc_column_text][\/vc_tta_section][vc_tta_section title=\u00a0\u00bbCHEMIN DE FER\u00a0\u00bb tab_id=\u00a0\u00bb1697705382674-3c9f3619-1ce2&Prime;][vc_column_text css=\u00a0\u00bb.vc_custom_1727259051415{padding-right: 25px !important;padding-bottom: 25px !important;padding-left: 25px !important;}\u00a0\u00bb]Ces derni\u00e8res ann\u00e9es, les gares ferroviaires de Centovallina ont subi d&rsquo;importants changements pour rester dans l&rsquo;air du temps. Au niveau de l&rsquo;infrastructure, plusieurs chantiers ont d\u00e9j\u00e0 \u00e9t\u00e9 men\u00e9s \u00e0 bien pour adapter ces gares \u00e0 la loi sur les personnes handicap\u00e9es (LDis) ; des travaux qui permettent aux usagers handicap\u00e9s d&rsquo;utiliser confortablement les gares.<br \/>\nEn termes d&rsquo;information, les gares Centovallina ont \u00e9t\u00e9 \u00e9quip\u00e9es d&rsquo;\u00e9crans qui ont remplac\u00e9 les vitrines d&rsquo;affichage des horaires. Le nouveau syst\u00e8me dynamique permet, en plus de l&rsquo;affichage actualis\u00e9 de l&rsquo;horaire ferroviaire, d&rsquo;afficher en temps r\u00e9el les avis de service, les courses de remplacement et les perturbations du trafic.[\/vc_column_text][\/vc_tta_section][\/dfd_tta_tour][dfd_spacer screen_wide_spacer_size=\u00a0\u00bb100&Prime; screen_normal_resolution=\u00a0\u00bb1024&Prime; screen_tablet_resolution=\u00a0\u00bb800&Prime; screen_mobile_resolution=\u00a0\u00bb480&Prime; screen_normal_spacer_size=\u00a0\u00bb80&Prime; screen_tablet_spacer_size=\u00a0\u00bb60&Prime; screen_mobile_spacer_size=\u00a0\u00bb40&Prime;][\/vc_column][\/vc_row]<\/p>\n<\/div>","protected":false},"excerpt":{"rendered":"<p>[vc_row][vc_column][dfd_spacer screen_wide_spacer_size=\u00a0\u00bb100&Prime; screen_normal_resolution=\u00a0\u00bb1024&Prime; screen_tablet_resolution=\u00a0\u00bb800&Prime; screen_mobile_resolution=\u00a0\u00bb480&Prime; screen_normal_spacer_size=\u00a0\u00bb80&Prime; screen_tablet_spacer_size=\u00a0\u00bb60&Prime; screen_mobile_spacer_size=\u00a0\u00bb40&Prime;][\/vc_column][\/vc_row][vc_row css=\u00a0\u00bb.vc_custom_1568638996273{padding-right: 25px !important;padding-left: 25px !important;}\u00a0\u00bb][vc_column width=\u00a0\u00bb1\/6&Prime; col_shadow=\u00a0\u00bbbox_shadow_enable:disable|shadow_horizontal:0|shadow_vertical:15|shadow_blur:50|shadow_spread:0|box_shadow_color:rgba(0%2C0%2C0%2C0.35)\u00a0\u00bb col_shadow_hover=\u00a0\u00bbbox_shadow_enable:disable|shadow_horizontal:0|shadow_vertical:15|shadow_blur:50|shadow_spread:0|box_shadow_color:rgba(0%2C0%2C0%2C0.35)\u00a0\u00bb][\/vc_column][vc_column width=\u00a0\u00bb2\/3&Prime;][dfd_heading style=\u00a0\u00bbstyle_06&Prime; subtitle=\u00a0\u00bbCampagne de sensibilisation FART\u00a0\u00bb module_animation=\u00a0\u00bbtransition.grow\u00a0\u00bb delimiter_settings=\u00a0\u00bbdelimiter_style:solid|delimiter_width:80|delimiter_height:1|delimiter_color:%23000000&Prime; delimiter_margin=\u00a0\u00bbmargin-top:10|margin-bottom:30&Prime; undefined=\u00a0\u00bb\u00a0\u00bb title_font_options=\u00a0\u00bbtag:h1&Prime; subtitle_font_options=\u00a0\u00bbtag:h3&Prime; title_responsive=\u00a0\u00bbfont_size_desktop:45|line_height_desktop:55|letter_spacing_desktop:0|font_size_tablet:40|line_height_tablet:50|letter_spacing_tablet:0|font_size_mobile:35|line_height_mobile:45|letter_spacing_mobile:0&Prime; heading_margin=\u00a0\u00bbmargin-bottom:30&Prime;<\/p>\n","protected":false},"author":1,"featured_media":0,"parent":0,"menu_order":0,"comment_status":"closed","ping_status":"closed","template":"tmp-page.php","meta":{"inline_featured_image":false,"_monsterinsights_skip_tracking":false,"_monsterinsights_sitenote_active":false,"_monsterinsights_sitenote_note":"","_monsterinsights_sitenote_category":0,"footnotes":""},"class_list":["post-42290","page","type-page","status-publish","hentry"],"yoast_head":"<!-- This site is optimized with the Yoast SEO plugin v27.4 - https:\/\/yoast.com\/product\/yoast-seo-wordpress\/ -->\n<title>Nettoyage - fartiamo<\/title>\n<meta name=\"robots\" content=\"index, follow, max-snippet:-1, max-image-preview:large, max-video-preview:-1\" \/>\n<link rel=\"canonical\" href=\"https:\/\/fartiamo.ch\/fr\/nettoyage\/\" \/>\n<meta property=\"og:locale\" content=\"fr_FR\" \/>\n<meta property=\"og:type\" content=\"article\" \/>\n<meta property=\"og:title\" content=\"Nettoyage - fartiamo\" \/>\n<meta property=\"og:description\" content=\"[vc_row][vc_column][dfd_spacer screen_wide_spacer_size=\u00a0\u00bb100&Prime; screen_normal_resolution=\u00a0\u00bb1024&Prime; screen_tablet_resolution=\u00a0\u00bb800&Prime; screen_mobile_resolution=\u00a0\u00bb480&Prime; screen_normal_spacer_size=\u00a0\u00bb80&Prime; screen_tablet_spacer_size=\u00a0\u00bb60&Prime; screen_mobile_spacer_size=\u00a0\u00bb40&Prime;][\/vc_column][\/vc_row][vc_row css=\u00a0\u00bb.vc_custom_1568638996273{padding-right: 25px !important;padding-left: 25px !important;}\u00a0\u00bb][vc_column width=\u00a0\u00bb1\/6&Prime; col_shadow=\u00a0\u00bbbox_shadow_enable:disable|shadow_horizontal:0|shadow_vertical:15|shadow_blur:50|shadow_spread:0|box_shadow_color:rgba(0%2C0%2C0%2C0.35)\u00a0\u00bb col_shadow_hover=\u00a0\u00bbbox_shadow_enable:disable|shadow_horizontal:0|shadow_vertical:15|shadow_blur:50|shadow_spread:0|box_shadow_color:rgba(0%2C0%2C0%2C0.35)\u00a0\u00bb][\/vc_column][vc_column width=\u00a0\u00bb2\/3&Prime;][dfd_heading style=\u00a0\u00bbstyle_06&Prime; subtitle=\u00a0\u00bbCampagne de sensibilisation FART\u00a0\u00bb module_animation=\u00a0\u00bbtransition.grow\u00a0\u00bb delimiter_settings=\u00a0\u00bbdelimiter_style:solid|delimiter_width:80|delimiter_height:1|delimiter_color:%23000000&Prime; delimiter_margin=\u00a0\u00bbmargin-top:10|margin-bottom:30&Prime; undefined=\u00a0\u00bb\u00a0\u00bb title_font_options=\u00a0\u00bbtag:h1&Prime; subtitle_font_options=\u00a0\u00bbtag:h3&Prime; title_responsive=\u00a0\u00bbfont_size_desktop:45|line_height_desktop:55|letter_spacing_desktop:0|font_size_tablet:40|line_height_tablet:50|letter_spacing_tablet:0|font_size_mobile:35|line_height_mobile:45|letter_spacing_mobile:0&Prime; heading_margin=\u00a0\u00bbmargin-bottom:30&Prime;\" \/>\n<meta property=\"og:url\" content=\"https:\/\/fartiamo.ch\/fr\/nettoyage\/\" \/>\n<meta property=\"og:site_name\" content=\"fartiamo\" \/>\n<meta property=\"article:modified_time\" content=\"2025-05-30T13:10:57+00:00\" \/>\n<meta name=\"twitter:card\" content=\"summary_large_image\" \/>\n<meta name=\"twitter:label1\" content=\"Dur\u00e9e de lecture estim\u00e9e\" \/>\n\t<meta name=\"twitter:data1\" content=\"5 minutes\" \/>\n<script type=\"application\/ld+json\" class=\"yoast-schema-graph\">{\"@context\":\"https:\\\/\\\/schema.org\",\"@graph\":[{\"@type\":\"WebPage\",\"@id\":\"https:\\\/\\\/fartiamo.ch\\\/fr\\\/nettoyage\\\/\",\"url\":\"https:\\\/\\\/fartiamo.ch\\\/fr\\\/nettoyage\\\/\",\"name\":\"Nettoyage - fartiamo\",\"isPartOf\":{\"@id\":\"http:\\\/\\\/fartiamo.ch\\\/fr\\\/#website\"},\"datePublished\":\"2024-09-25T09:43:35+00:00\",\"dateModified\":\"2025-05-30T13:10:57+00:00\",\"breadcrumb\":{\"@id\":\"https:\\\/\\\/fartiamo.ch\\\/fr\\\/nettoyage\\\/#breadcrumb\"},\"inLanguage\":\"fr-FR\",\"potentialAction\":[{\"@type\":\"ReadAction\",\"target\":[\"https:\\\/\\\/fartiamo.ch\\\/fr\\\/nettoyage\\\/\"]}]},{\"@type\":\"BreadcrumbList\",\"@id\":\"https:\\\/\\\/fartiamo.ch\\\/fr\\\/nettoyage\\\/#breadcrumb\",\"itemListElement\":[{\"@type\":\"ListItem\",\"position\":1,\"name\":\"Home\",\"item\":\"https:\\\/\\\/fartiamo.ch\\\/fr\\\/\"},{\"@type\":\"ListItem\",\"position\":2,\"name\":\"Nettoyage\"}]},{\"@type\":\"WebSite\",\"@id\":\"http:\\\/\\\/fartiamo.ch\\\/fr\\\/#website\",\"url\":\"http:\\\/\\\/fartiamo.ch\\\/fr\\\/\",\"name\":\"fartiamo\",\"description\":\"Il trasporto che unisce citt\u00e0 e valli\",\"publisher\":{\"@id\":\"http:\\\/\\\/fartiamo.ch\\\/fr\\\/#organization\"},\"potentialAction\":[{\"@type\":\"SearchAction\",\"target\":{\"@type\":\"EntryPoint\",\"urlTemplate\":\"http:\\\/\\\/fartiamo.ch\\\/fr\\\/?s={search_term_string}\"},\"query-input\":{\"@type\":\"PropertyValueSpecification\",\"valueRequired\":true,\"valueName\":\"search_term_string\"}}],\"inLanguage\":\"fr-FR\"},{\"@type\":\"Organization\",\"@id\":\"http:\\\/\\\/fartiamo.ch\\\/fr\\\/#organization\",\"name\":\"FART\",\"url\":\"http:\\\/\\\/fartiamo.ch\\\/fr\\\/\",\"logo\":{\"@type\":\"ImageObject\",\"inLanguage\":\"fr-FR\",\"@id\":\"http:\\\/\\\/fartiamo.ch\\\/fr\\\/#\\\/schema\\\/logo\\\/image\\\/\",\"url\":\"https:\\\/\\\/fartiamo.ch\\\/wp-content\\\/uploads\\\/2020\\\/11\\\/fart_logo_completo.svg\",\"contentUrl\":\"https:\\\/\\\/fartiamo.ch\\\/wp-content\\\/uploads\\\/2020\\\/11\\\/fart_logo_completo.svg\",\"width\":\"1024\",\"height\":\"1024\",\"caption\":\"FART\"},\"image\":{\"@id\":\"http:\\\/\\\/fartiamo.ch\\\/fr\\\/#\\\/schema\\\/logo\\\/image\\\/\"}}]}<\/script>\n<!-- \/ Yoast SEO plugin. -->","yoast_head_json":{"title":"Nettoyage - fartiamo","robots":{"index":"index","follow":"follow","max-snippet":"max-snippet:-1","max-image-preview":"max-image-preview:large","max-video-preview":"max-video-preview:-1"},"canonical":"https:\/\/fartiamo.ch\/fr\/nettoyage\/","og_locale":"fr_FR","og_type":"article","og_title":"Nettoyage - fartiamo","og_description":"[vc_row][vc_column][dfd_spacer screen_wide_spacer_size=\u00a0\u00bb100&Prime; screen_normal_resolution=\u00a0\u00bb1024&Prime; screen_tablet_resolution=\u00a0\u00bb800&Prime; screen_mobile_resolution=\u00a0\u00bb480&Prime; screen_normal_spacer_size=\u00a0\u00bb80&Prime; screen_tablet_spacer_size=\u00a0\u00bb60&Prime; screen_mobile_spacer_size=\u00a0\u00bb40&Prime;][\/vc_column][\/vc_row][vc_row css=\u00a0\u00bb.vc_custom_1568638996273{padding-right: 25px !important;padding-left: 25px !important;}\u00a0\u00bb][vc_column width=\u00a0\u00bb1\/6&Prime; col_shadow=\u00a0\u00bbbox_shadow_enable:disable|shadow_horizontal:0|shadow_vertical:15|shadow_blur:50|shadow_spread:0|box_shadow_color:rgba(0%2C0%2C0%2C0.35)\u00a0\u00bb col_shadow_hover=\u00a0\u00bbbox_shadow_enable:disable|shadow_horizontal:0|shadow_vertical:15|shadow_blur:50|shadow_spread:0|box_shadow_color:rgba(0%2C0%2C0%2C0.35)\u00a0\u00bb][\/vc_column][vc_column width=\u00a0\u00bb2\/3&Prime;][dfd_heading style=\u00a0\u00bbstyle_06&Prime; subtitle=\u00a0\u00bbCampagne de sensibilisation FART\u00a0\u00bb module_animation=\u00a0\u00bbtransition.grow\u00a0\u00bb delimiter_settings=\u00a0\u00bbdelimiter_style:solid|delimiter_width:80|delimiter_height:1|delimiter_color:%23000000&Prime; delimiter_margin=\u00a0\u00bbmargin-top:10|margin-bottom:30&Prime; undefined=\u00a0\u00bb\u00a0\u00bb title_font_options=\u00a0\u00bbtag:h1&Prime; subtitle_font_options=\u00a0\u00bbtag:h3&Prime; title_responsive=\u00a0\u00bbfont_size_desktop:45|line_height_desktop:55|letter_spacing_desktop:0|font_size_tablet:40|line_height_tablet:50|letter_spacing_tablet:0|font_size_mobile:35|line_height_mobile:45|letter_spacing_mobile:0&Prime; heading_margin=\u00a0\u00bbmargin-bottom:30&Prime;","og_url":"https:\/\/fartiamo.ch\/fr\/nettoyage\/","og_site_name":"fartiamo","article_modified_time":"2025-05-30T13:10:57+00:00","twitter_card":"summary_large_image","twitter_misc":{"Dur\u00e9e de lecture estim\u00e9e":"5 minutes"},"schema":{"@context":"https:\/\/schema.org","@graph":[{"@type":"WebPage","@id":"https:\/\/fartiamo.ch\/fr\/nettoyage\/","url":"https:\/\/fartiamo.ch\/fr\/nettoyage\/","name":"Nettoyage - fartiamo","isPartOf":{"@id":"http:\/\/fartiamo.ch\/fr\/#website"},"datePublished":"2024-09-25T09:43:35+00:00","dateModified":"2025-05-30T13:10:57+00:00","breadcrumb":{"@id":"https:\/\/fartiamo.ch\/fr\/nettoyage\/#breadcrumb"},"inLanguage":"fr-FR","potentialAction":[{"@type":"ReadAction","target":["https:\/\/fartiamo.ch\/fr\/nettoyage\/"]}]},{"@type":"BreadcrumbList","@id":"https:\/\/fartiamo.ch\/fr\/nettoyage\/#breadcrumb","itemListElement":[{"@type":"ListItem","position":1,"name":"Home","item":"https:\/\/fartiamo.ch\/fr\/"},{"@type":"ListItem","position":2,"name":"Nettoyage"}]},{"@type":"WebSite","@id":"http:\/\/fartiamo.ch\/fr\/#website","url":"http:\/\/fartiamo.ch\/fr\/","name":"fartiamo","description":"Il trasporto che unisce citt\u00e0 e valli","publisher":{"@id":"http:\/\/fartiamo.ch\/fr\/#organization"},"potentialAction":[{"@type":"SearchAction","target":{"@type":"EntryPoint","urlTemplate":"http:\/\/fartiamo.ch\/fr\/?s={search_term_string}"},"query-input":{"@type":"PropertyValueSpecification","valueRequired":true,"valueName":"search_term_string"}}],"inLanguage":"fr-FR"},{"@type":"Organization","@id":"http:\/\/fartiamo.ch\/fr\/#organization","name":"FART","url":"http:\/\/fartiamo.ch\/fr\/","logo":{"@type":"ImageObject","inLanguage":"fr-FR","@id":"http:\/\/fartiamo.ch\/fr\/#\/schema\/logo\/image\/","url":"https:\/\/fartiamo.ch\/wp-content\/uploads\/2020\/11\/fart_logo_completo.svg","contentUrl":"https:\/\/fartiamo.ch\/wp-content\/uploads\/2020\/11\/fart_logo_completo.svg","width":"1024","height":"1024","caption":"FART"},"image":{"@id":"http:\/\/fartiamo.ch\/fr\/#\/schema\/logo\/image\/"}}]}},"_links":{"self":[{"href":"https:\/\/fartiamo.ch\/fr\/wp-json\/wp\/v2\/pages\/42290","targetHints":{"allow":["GET"]}}],"collection":[{"href":"https:\/\/fartiamo.ch\/fr\/wp-json\/wp\/v2\/pages"}],"about":[{"href":"https:\/\/fartiamo.ch\/fr\/wp-json\/wp\/v2\/types\/page"}],"author":[{"embeddable":true,"href":"https:\/\/fartiamo.ch\/fr\/wp-json\/wp\/v2\/users\/1"}],"replies":[{"embeddable":true,"href":"https:\/\/fartiamo.ch\/fr\/wp-json\/wp\/v2\/comments?post=42290"}],"version-history":[{"count":5,"href":"https:\/\/fartiamo.ch\/fr\/wp-json\/wp\/v2\/pages\/42290\/revisions"}],"predecessor-version":[{"id":42717,"href":"https:\/\/fartiamo.ch\/fr\/wp-json\/wp\/v2\/pages\/42290\/revisions\/42717"}],"wp:attachment":[{"href":"https:\/\/fartiamo.ch\/fr\/wp-json\/wp\/v2\/media?parent=42290"}],"curies":[{"name":"wp","href":"https:\/\/api.w.org\/{rel}","templated":true}]}}