{"id":44397,"date":"2025-09-25T14:29:47","date_gmt":"2025-09-25T12:29:47","guid":{"rendered":"https:\/\/fartiamo.ch\/?page_id=44397"},"modified":"2025-09-26T17:33:52","modified_gmt":"2025-09-26T15:33:52","slug":"nouveaux-appareils-de-vente","status":"publish","type":"page","link":"https:\/\/fartiamo.ch\/fr\/nouveaux-appareils-de-vente\/","title":{"rendered":"Nouveaux appareils de vente"},"content":{"rendered":"<div class=\"wpb-content-wrapper\"><p>[vc_row][vc_column][dfd_spacer screen_wide_spacer_size=\u00a0\u00bb100&Prime; screen_normal_resolution=\u00a0\u00bb1024&Prime; screen_tablet_resolution=\u00a0\u00bb800&Prime; screen_mobile_resolution=\u00a0\u00bb480&Prime; screen_normal_spacer_size=\u00a0\u00bb80&Prime; screen_tablet_spacer_size=\u00a0\u00bb60&Prime; screen_mobile_spacer_size=\u00a0\u00bb40&Prime;][\/vc_column][\/vc_row][vc_row css=\u00a0\u00bb.vc_custom_1568638996273{padding-right: 25px !important;padding-left: 25px !important;}\u00a0\u00bb][vc_column width=\u00a0\u00bb1\/6&Prime; col_shadow=\u00a0\u00bbbox_shadow_enable:disable|shadow_horizontal:0|shadow_vertical:15|shadow_blur:50|shadow_spread:0|box_shadow_color:rgba(0%2C0%2C0%2C0.35)\u00a0\u00bb col_shadow_hover=\u00a0\u00bbbox_shadow_enable:disable|shadow_horizontal:0|shadow_vertical:15|shadow_blur:50|shadow_spread:0|box_shadow_color:rgba(0%2C0%2C0%2C0.35)\u00a0\u00bb][\/vc_column][vc_column width=\u00a0\u00bb2\/3&Prime;][dfd_heading style=\u00a0\u00bbstyle_06&Prime; subtitle=\u00a0\u00bbDes billets toujours \u00e0 port\u00e9e de clic : l&rsquo;avenir de la mobilit\u00e9 passe au num\u00e9rique\u00a0\u00bb module_animation=\u00a0\u00bbtransition.grow\u00a0\u00bb delimiter_settings=\u00a0\u00bbdelimiter_style:solid|delimiter_width:80|delimiter_height:1|delimiter_color:%23000000&Prime; delimiter_margin=\u00a0\u00bbmargin-top:10|margin-bottom:30&Prime; undefined=\u00a0\u00bb\u00a0\u00bb title_font_options=\u00a0\u00bbtag:h1&Prime; subtitle_font_options=\u00a0\u00bbtag:h3&Prime; title_responsive=\u00a0\u00bbfont_size_desktop:45|line_height_desktop:55|letter_spacing_desktop:0|font_size_tablet:40|line_height_tablet:50|letter_spacing_tablet:0|font_size_mobile:35|line_height_mobile:45|letter_spacing_mobile:0&Prime; heading_margin=\u00a0\u00bbmargin-bottom:30&Prime; subtitle_responsive=\u00a0\u00bbfont_size_desktop:26|line_height_desktop:40|letter_spacing_desktop:0|font_size_tablet:24|line_height_tablet:38|letter_spacing_tablet:0|font_size_mobile:22|line_height_mobile:36|letter_spacing_mobile:0&Prime; tutorials=\u00a0\u00bb\u00a0\u00bb]<\/p>\n<h1>Nouveaux distributeurs automatiques num\u00e9riques pour les transports publics au Tessin<\/h1>\n<p>[\/dfd_heading][dfd_simple_image_gallery dfd_layer_image=\u00a0\u00bb44390&Prime; items_offset=\u00a0\u00bb0&Prime; image_width=\u00a0\u00bb1500&Prime; image_height=\u00a0\u00bb800&Prime; slides_to_show=\u00a0\u00bb1&Prime; slides_to_scroll=\u00a0\u00bb1&Prime; carousel_slideshow_speed=\u00a0\u00bb3000&Prime; use_dots=\u00a0\u00bbshow\u00a0\u00bb images_style=\u00a0\u00bbcarousel\u00a0\u00bb tutorials=\u00a0\u00bb\u00a0\u00bb][dfd_spacer screen_wide_spacer_size=\u00a0\u00bb40&Prime; screen_normal_resolution=\u00a0\u00bb1024&Prime; screen_tablet_resolution=\u00a0\u00bb800&Prime; screen_mobile_resolution=\u00a0\u00bb480&Prime;][vc_column_text css=\u00a0\u00bb.vc_custom_1758900699115{padding-bottom: 50px !important;}\u00a0\u00bb item_animation=\u00a0\u00bbtransition.slideUpBigIn\u00a0\u00bb]<\/p>\n<div class=\"wpb_text_column wpb_content_element vc_custom_1758804296320 cr-animate-gen animation-done\" data-animate-type=\"transition.slideUpBigIn\">\n<div class=\"wpb_wrapper\">\n<h4><strong>Nouveaux mini distributeurs automatiques<\/strong><\/h4>\n<p><strong>\u00c0 partir de fin 2026 environ, les usagers des transports publics du Tessin pourront acheter leurs billets aupr\u00e8s de nouveaux mini-distributeurs automatiques, en utilisant exclusivement des moyens de paiement num\u00e9riques tels que les cartes de cr\u00e9dit, les cartes de d\u00e9bit ou les cartes pr\u00e9pay\u00e9es. Les entreprises de transport ABL, AMSA, ARL, AutoPostale, FART, FLP, SNL et TPL ach\u00e8tent conjointement ces nouveaux mini-distributeurs automatiques.<\/strong><\/p>\n<\/div>\n<\/div>\n<div class=\"dfd-spacer-module\" data-units=\"px\" data-wide_size=\"40\" data-normal_resolution=\"1024\" data-normal_size=\"\" data-tablet_resolution=\"800\" data-tablet_size=\"\" data-mobile_resolution=\"480\" data-mobile_size=\"\"><\/div>\n<div class=\"wpb_text_column wpb_content_element vc_custom_1758804128605 cr-animate-gen animation-done\" data-animate-type=\"transition.slideUpBigIn\">\n<div class=\"wpb_wrapper\">\n<h4><strong>Pourquoi les entreprises de transport ach\u00e8tent-elles des mini-distributeurs automatiques ?<\/strong><\/h4>\n<p>Les syst\u00e8mes actuels de vente de billets (distributeurs automatiques) ont atteint la fin de leur cycle de vie et doivent \u00eatre remplac\u00e9s. Parall\u00e8lement, plus de 74 % des clients utilisent actuellement les canaux num\u00e9riques pour acheter leurs billets. C&rsquo;est pourquoi il n&rsquo;est plus judicieux d&rsquo;installer des distributeurs automatiques co\u00fbteux et de moins en moins utilis\u00e9s, cofinanc\u00e9s par les contribuables. \u00c0 l&rsquo;avenir, les mini-distributeurs automatiques permettront de proposer une offre parfaitement adapt\u00e9e \u00e0 la situation actuelle.<\/p>\n<hr \/>\n<h4><strong>Quels types de billets peut-on acheter avec les nouveaux mini-distributeurs automatiques ? Y a-t-il uniquement des billets \u00e0 l&rsquo;unit\u00e9 ou \u00e9galement des abonnements ?<\/strong><\/h4>\n<p>Les mini-distributeurs automatiques proposent un assortiment r\u00e9duit (billet simple, 1re ou 2e classe, adulte ou tarif r\u00e9duit, chien, v\u00e9lo) allant des billets simples (g\u00e9n\u00e9ralement aller simple) aux cartes journali\u00e8res (aller-retour). Dans les bus, une s\u00e9lection optimis\u00e9e est pr\u00e9vue pour permettre un achat rapide et s\u00fbr des billets. L&rsquo;achat d&rsquo;abonnements ne peut \u00eatre effectu\u00e9 qu&rsquo;\u00e0 un guichet ou dans la boutique en ligne des CFF.<\/p>\n<hr \/>\n<h4><strong>Puis-je continuer \u00e0 acheter des billets aupr\u00e8s du personnel de conduite ?<\/strong><\/h4>\n<p>Non, les caisses actuellement utilis\u00e9es par le personnel de conduite et la plupart des distributeurs automatiques aux arr\u00eats seront d\u00e9mantel\u00e9s, seuls quelques appareils seront conserv\u00e9s dans les principaux n\u0153uds d&rsquo;\u00e9change.<\/p>\n<hr \/>\n<h4><strong>\u00c0 l&rsquo;avenir, je ne pourrai plus payer en esp\u00e8ces ?<\/strong><\/h4>\n<p>Il est toujours possible d&rsquo;acheter des billets en esp\u00e8ces aux guichets, o\u00f9 les clients b\u00e9n\u00e9ficient \u00e9galement d&rsquo;un conseil personnalis\u00e9.<br \/>\nIl sera \u00e9galement possible d&rsquo;utiliser des cartes pr\u00e9pay\u00e9es (dont le SwissPass) ; celles-ci peuvent \u00eatre achet\u00e9es en esp\u00e8ces aux guichets et\/ou aupr\u00e8s d&rsquo;autres revendeurs.<\/p>\n<hr \/>\n<h4><strong>Que font les personnes \u00e2g\u00e9es, les enfants ou les personnes qui n&rsquo;ont pas de carte de cr\u00e9dit ?<\/strong><\/h4>\n<p>L&rsquo;utilisation du mini-distributeur automatique est tr\u00e8s intuitive et quelques clics suffisent pour acheter un billet. Le paiement s&rsquo;effectue par carte de cr\u00e9dit, de d\u00e9bit ou pr\u00e9pay\u00e9e, ce qui est particuli\u00e8rement adapt\u00e9 aux enfants et aux personnes \u00e2g\u00e9es.<br \/>\nPour l&rsquo;achat de billets, il est \u00e9galement recommand\u00e9 d&rsquo;utiliser les applications Mobile CFF ou Fairtiq.<\/p>\n<p>Si n\u00e9cessaire, des formations seront \u00e9galement organis\u00e9es pour les passagers les plus \u00e2g\u00e9s.<\/p>\n<\/div>\n<\/div>\n<p>[\/vc_column_text][dfd_spacer screen_wide_spacer_size=\u00a0\u00bb10&Prime; screen_normal_resolution=\u00a0\u00bb1024&Prime; screen_tablet_resolution=\u00a0\u00bb800&Prime; screen_mobile_resolution=\u00a0\u00bb480&Prime;][vc_column_text css=\u00a0\u00bb.vc_custom_1758900728227{padding-bottom: 50px !important;}\u00a0\u00bb item_animation=\u00a0\u00bbtransition.slideUpBigIn\u00a0\u00bb]<\/p>\n<div class=\"wpb_text_column wpb_content_element vc_custom_1758804296320 cr-animate-gen animation-done\" data-animate-type=\"transition.slideUpBigIn\">\n<div class=\"wpb_wrapper\" style=\"text-align: center;\">Pour plus d&rsquo;informations ou pour toute demande, veuillez vous adresser \u00e0 un point de vente de la Communaut\u00e9 tarifaire Arcobaleno.<\/div>\n<\/div>\n<p>[\/vc_column_text][dfd_button button_text=\u00a0\u00bbARCOBALENO.CH\/CONTATTI\u00a0\u00bb main_style=\u00a0\u00bbstyle-2&Prime; buttom_link_src=\u00a0\u00bburl:https%3A%2F%2Farcobaleno.ch%2Fcontatti|target:_blank\u00a0\u00bb box_shadow=\u00a0\u00bbbox_shadow_enable:disable|shadow_horizontal:0|shadow_vertical:15|shadow_blur:50|shadow_spread:0|box_shadow_color:rgba(0%2C0%2C0%2C0.35)\u00a0\u00bb hover_box_shadow=\u00a0\u00bbbox_shadow_enable:disable|shadow_horizontal:0|shadow_vertical:15|shadow_blur:50|shadow_spread:0|box_shadow_color:rgba(0%2C0%2C0%2C0.35)\u00a0\u00bb tutorials=\u00a0\u00bb\u00a0\u00bb][dfd_spacer screen_wide_spacer_size=\u00a0\u00bb30&Prime; screen_normal_resolution=\u00a0\u00bb1024&Prime; screen_tablet_resolution=\u00a0\u00bb800&Prime; screen_mobile_resolution=\u00a0\u00bb480&Prime; screen_normal_spacer_size=\u00a0\u00bb30&Prime; screen_tablet_spacer_size=\u00a0\u00bb30&Prime; screen_mobile_spacer_size=\u00a0\u00bb30&Prime;][\/vc_column][vc_column width=\u00a0\u00bb1\/6&Prime;][\/vc_column][\/vc_row]<\/p>\n<\/div>","protected":false},"excerpt":{"rendered":"<p>[vc_row][vc_column][dfd_spacer screen_wide_spacer_size=\u00a0\u00bb100&Prime; screen_normal_resolution=\u00a0\u00bb1024&Prime; screen_tablet_resolution=\u00a0\u00bb800&Prime; screen_mobile_resolution=\u00a0\u00bb480&Prime; screen_normal_spacer_size=\u00a0\u00bb80&Prime; screen_tablet_spacer_size=\u00a0\u00bb60&Prime; screen_mobile_spacer_size=\u00a0\u00bb40&Prime;][\/vc_column][\/vc_row][vc_row css=\u00a0\u00bb.vc_custom_1568638996273{padding-right: 25px !important;padding-left: 25px !important;}\u00a0\u00bb][vc_column width=\u00a0\u00bb1\/6&Prime; col_shadow=\u00a0\u00bbbox_shadow_enable:disable|shadow_horizontal:0|shadow_vertical:15|shadow_blur:50|shadow_spread:0|box_shadow_color:rgba(0%2C0%2C0%2C0.35)\u00a0\u00bb col_shadow_hover=\u00a0\u00bbbox_shadow_enable:disable|shadow_horizontal:0|shadow_vertical:15|shadow_blur:50|shadow_spread:0|box_shadow_color:rgba(0%2C0%2C0%2C0.35)\u00a0\u00bb][\/vc_column][vc_column width=\u00a0\u00bb2\/3&Prime;][dfd_heading style=\u00a0\u00bbstyle_06&Prime; subtitle=\u00a0\u00bbDes billets toujours \u00e0 port\u00e9e de clic : l&rsquo;avenir de la mobilit\u00e9<\/p>\n","protected":false},"author":1,"featured_media":0,"parent":0,"menu_order":0,"comment_status":"closed","ping_status":"closed","template":"tmp-page.php","meta":{"inline_featured_image":false,"_monsterinsights_skip_tracking":false,"_monsterinsights_sitenote_active":false,"_monsterinsights_sitenote_note":"","_monsterinsights_sitenote_category":0,"footnotes":""},"class_list":["post-44397","page","type-page","status-publish","hentry"],"yoast_head":"<!-- This site is optimized with the Yoast SEO plugin v26.1.1 - https:\/\/yoast.com\/wordpress\/plugins\/seo\/ -->\n<title>Nouveaux appareils de vente - fartiamo<\/title>\n<meta name=\"robots\" content=\"index, follow, max-snippet:-1, max-image-preview:large, max-video-preview:-1\" \/>\n<link rel=\"canonical\" href=\"https:\/\/fartiamo.ch\/fr\/nouveaux-appareils-de-vente\/\" \/>\n<meta property=\"og:locale\" content=\"fr_FR\" \/>\n<meta property=\"og:type\" content=\"article\" \/>\n<meta property=\"og:title\" content=\"Nouveaux appareils de vente - fartiamo\" \/>\n<meta property=\"og:description\" content=\"[vc_row][vc_column][dfd_spacer screen_wide_spacer_size=\u00a0\u00bb100&Prime; screen_normal_resolution=\u00a0\u00bb1024&Prime; screen_tablet_resolution=\u00a0\u00bb800&Prime; screen_mobile_resolution=\u00a0\u00bb480&Prime; screen_normal_spacer_size=\u00a0\u00bb80&Prime; screen_tablet_spacer_size=\u00a0\u00bb60&Prime; screen_mobile_spacer_size=\u00a0\u00bb40&Prime;][\/vc_column][\/vc_row][vc_row css=\u00a0\u00bb.vc_custom_1568638996273{padding-right: 25px !important;padding-left: 25px !important;}\u00a0\u00bb][vc_column width=\u00a0\u00bb1\/6&Prime; col_shadow=\u00a0\u00bbbox_shadow_enable:disable|shadow_horizontal:0|shadow_vertical:15|shadow_blur:50|shadow_spread:0|box_shadow_color:rgba(0%2C0%2C0%2C0.35)\u00a0\u00bb col_shadow_hover=\u00a0\u00bbbox_shadow_enable:disable|shadow_horizontal:0|shadow_vertical:15|shadow_blur:50|shadow_spread:0|box_shadow_color:rgba(0%2C0%2C0%2C0.35)\u00a0\u00bb][\/vc_column][vc_column width=\u00a0\u00bb2\/3&Prime;][dfd_heading style=\u00a0\u00bbstyle_06&Prime; subtitle=\u00a0\u00bbDes billets toujours \u00e0 port\u00e9e de clic : l&rsquo;avenir de la mobilit\u00e9\" \/>\n<meta property=\"og:url\" content=\"https:\/\/fartiamo.ch\/fr\/nouveaux-appareils-de-vente\/\" \/>\n<meta property=\"og:site_name\" content=\"fartiamo\" \/>\n<meta property=\"article:modified_time\" content=\"2025-09-26T15:33:52+00:00\" \/>\n<meta name=\"twitter:card\" content=\"summary_large_image\" \/>\n<meta name=\"twitter:label1\" content=\"Dur\u00e9e de lecture estim\u00e9e\" \/>\n\t<meta name=\"twitter:data1\" content=\"6 minutes\" \/>\n<script type=\"application\/ld+json\" class=\"yoast-schema-graph\">{\"@context\":\"https:\/\/schema.org\",\"@graph\":[{\"@type\":\"WebPage\",\"@id\":\"https:\/\/fartiamo.ch\/fr\/nouveaux-appareils-de-vente\/\",\"url\":\"https:\/\/fartiamo.ch\/fr\/nouveaux-appareils-de-vente\/\",\"name\":\"Nouveaux appareils de vente - fartiamo\",\"isPartOf\":{\"@id\":\"https:\/\/fartiamo.ch\/fr\/#website\"},\"datePublished\":\"2025-09-25T12:29:47+00:00\",\"dateModified\":\"2025-09-26T15:33:52+00:00\",\"breadcrumb\":{\"@id\":\"https:\/\/fartiamo.ch\/fr\/nouveaux-appareils-de-vente\/#breadcrumb\"},\"inLanguage\":\"fr-FR\",\"potentialAction\":[{\"@type\":\"ReadAction\",\"target\":[\"https:\/\/fartiamo.ch\/fr\/nouveaux-appareils-de-vente\/\"]}]},{\"@type\":\"BreadcrumbList\",\"@id\":\"https:\/\/fartiamo.ch\/fr\/nouveaux-appareils-de-vente\/#breadcrumb\",\"itemListElement\":[{\"@type\":\"ListItem\",\"position\":1,\"name\":\"Home\",\"item\":\"http:\/\/fartiamo.ch\/fr\/\"},{\"@type\":\"ListItem\",\"position\":2,\"name\":\"Nouveaux appareils de vente\"}]},{\"@type\":\"WebSite\",\"@id\":\"https:\/\/fartiamo.ch\/fr\/#website\",\"url\":\"https:\/\/fartiamo.ch\/fr\/\",\"name\":\"fartiamo\",\"description\":\"Il trasporto che unisce citt\u00e0 e valli\",\"publisher\":{\"@id\":\"https:\/\/fartiamo.ch\/fr\/#organization\"},\"potentialAction\":[{\"@type\":\"SearchAction\",\"target\":{\"@type\":\"EntryPoint\",\"urlTemplate\":\"https:\/\/fartiamo.ch\/fr\/?s={search_term_string}\"},\"query-input\":{\"@type\":\"PropertyValueSpecification\",\"valueRequired\":true,\"valueName\":\"search_term_string\"}}],\"inLanguage\":\"fr-FR\"},{\"@type\":\"Organization\",\"@id\":\"https:\/\/fartiamo.ch\/fr\/#organization\",\"name\":\"FART\",\"url\":\"https:\/\/fartiamo.ch\/fr\/\",\"logo\":{\"@type\":\"ImageObject\",\"inLanguage\":\"fr-FR\",\"@id\":\"https:\/\/fartiamo.ch\/fr\/#\/schema\/logo\/image\/\",\"url\":\"https:\/\/fartiamo.ch\/wp-content\/uploads\/2020\/11\/fart_logo_completo.svg\",\"contentUrl\":\"https:\/\/fartiamo.ch\/wp-content\/uploads\/2020\/11\/fart_logo_completo.svg\",\"width\":\"1024\",\"height\":\"1024\",\"caption\":\"FART\"},\"image\":{\"@id\":\"https:\/\/fartiamo.ch\/fr\/#\/schema\/logo\/image\/\"}}]}<\/script>\n<!-- \/ Yoast SEO plugin. -->","yoast_head_json":{"title":"Nouveaux appareils de vente - fartiamo","robots":{"index":"index","follow":"follow","max-snippet":"max-snippet:-1","max-image-preview":"max-image-preview:large","max-video-preview":"max-video-preview:-1"},"canonical":"https:\/\/fartiamo.ch\/fr\/nouveaux-appareils-de-vente\/","og_locale":"fr_FR","og_type":"article","og_title":"Nouveaux appareils de vente - fartiamo","og_description":"[vc_row][vc_column][dfd_spacer screen_wide_spacer_size=\u00a0\u00bb100&Prime; screen_normal_resolution=\u00a0\u00bb1024&Prime; screen_tablet_resolution=\u00a0\u00bb800&Prime; screen_mobile_resolution=\u00a0\u00bb480&Prime; screen_normal_spacer_size=\u00a0\u00bb80&Prime; screen_tablet_spacer_size=\u00a0\u00bb60&Prime; screen_mobile_spacer_size=\u00a0\u00bb40&Prime;][\/vc_column][\/vc_row][vc_row css=\u00a0\u00bb.vc_custom_1568638996273{padding-right: 25px !important;padding-left: 25px !important;}\u00a0\u00bb][vc_column width=\u00a0\u00bb1\/6&Prime; col_shadow=\u00a0\u00bbbox_shadow_enable:disable|shadow_horizontal:0|shadow_vertical:15|shadow_blur:50|shadow_spread:0|box_shadow_color:rgba(0%2C0%2C0%2C0.35)\u00a0\u00bb col_shadow_hover=\u00a0\u00bbbox_shadow_enable:disable|shadow_horizontal:0|shadow_vertical:15|shadow_blur:50|shadow_spread:0|box_shadow_color:rgba(0%2C0%2C0%2C0.35)\u00a0\u00bb][\/vc_column][vc_column width=\u00a0\u00bb2\/3&Prime;][dfd_heading style=\u00a0\u00bbstyle_06&Prime; subtitle=\u00a0\u00bbDes billets toujours \u00e0 port\u00e9e de clic : l&rsquo;avenir de la mobilit\u00e9","og_url":"https:\/\/fartiamo.ch\/fr\/nouveaux-appareils-de-vente\/","og_site_name":"fartiamo","article_modified_time":"2025-09-26T15:33:52+00:00","twitter_card":"summary_large_image","twitter_misc":{"Dur\u00e9e de lecture estim\u00e9e":"6 minutes"},"schema":{"@context":"https:\/\/schema.org","@graph":[{"@type":"WebPage","@id":"https:\/\/fartiamo.ch\/fr\/nouveaux-appareils-de-vente\/","url":"https:\/\/fartiamo.ch\/fr\/nouveaux-appareils-de-vente\/","name":"Nouveaux appareils de vente - fartiamo","isPartOf":{"@id":"https:\/\/fartiamo.ch\/fr\/#website"},"datePublished":"2025-09-25T12:29:47+00:00","dateModified":"2025-09-26T15:33:52+00:00","breadcrumb":{"@id":"https:\/\/fartiamo.ch\/fr\/nouveaux-appareils-de-vente\/#breadcrumb"},"inLanguage":"fr-FR","potentialAction":[{"@type":"ReadAction","target":["https:\/\/fartiamo.ch\/fr\/nouveaux-appareils-de-vente\/"]}]},{"@type":"BreadcrumbList","@id":"https:\/\/fartiamo.ch\/fr\/nouveaux-appareils-de-vente\/#breadcrumb","itemListElement":[{"@type":"ListItem","position":1,"name":"Home","item":"http:\/\/fartiamo.ch\/fr\/"},{"@type":"ListItem","position":2,"name":"Nouveaux appareils de vente"}]},{"@type":"WebSite","@id":"https:\/\/fartiamo.ch\/fr\/#website","url":"https:\/\/fartiamo.ch\/fr\/","name":"fartiamo","description":"Il trasporto che unisce citt\u00e0 e valli","publisher":{"@id":"https:\/\/fartiamo.ch\/fr\/#organization"},"potentialAction":[{"@type":"SearchAction","target":{"@type":"EntryPoint","urlTemplate":"https:\/\/fartiamo.ch\/fr\/?s={search_term_string}"},"query-input":{"@type":"PropertyValueSpecification","valueRequired":true,"valueName":"search_term_string"}}],"inLanguage":"fr-FR"},{"@type":"Organization","@id":"https:\/\/fartiamo.ch\/fr\/#organization","name":"FART","url":"https:\/\/fartiamo.ch\/fr\/","logo":{"@type":"ImageObject","inLanguage":"fr-FR","@id":"https:\/\/fartiamo.ch\/fr\/#\/schema\/logo\/image\/","url":"https:\/\/fartiamo.ch\/wp-content\/uploads\/2020\/11\/fart_logo_completo.svg","contentUrl":"https:\/\/fartiamo.ch\/wp-content\/uploads\/2020\/11\/fart_logo_completo.svg","width":"1024","height":"1024","caption":"FART"},"image":{"@id":"https:\/\/fartiamo.ch\/fr\/#\/schema\/logo\/image\/"}}]}},"_links":{"self":[{"href":"https:\/\/fartiamo.ch\/fr\/wp-json\/wp\/v2\/pages\/44397","targetHints":{"allow":["GET"]}}],"collection":[{"href":"https:\/\/fartiamo.ch\/fr\/wp-json\/wp\/v2\/pages"}],"about":[{"href":"https:\/\/fartiamo.ch\/fr\/wp-json\/wp\/v2\/types\/page"}],"author":[{"embeddable":true,"href":"https:\/\/fartiamo.ch\/fr\/wp-json\/wp\/v2\/users\/1"}],"replies":[{"embeddable":true,"href":"https:\/\/fartiamo.ch\/fr\/wp-json\/wp\/v2\/comments?post=44397"}],"version-history":[{"count":4,"href":"https:\/\/fartiamo.ch\/fr\/wp-json\/wp\/v2\/pages\/44397\/revisions"}],"predecessor-version":[{"id":44425,"href":"https:\/\/fartiamo.ch\/fr\/wp-json\/wp\/v2\/pages\/44397\/revisions\/44425"}],"wp:attachment":[{"href":"https:\/\/fartiamo.ch\/fr\/wp-json\/wp\/v2\/media?parent=44397"}],"curies":[{"name":"wp","href":"https:\/\/api.w.org\/{rel}","templated":true}]}}